{"id":10967,"date":"2025-06-18T18:54:59","date_gmt":"2025-06-18T18:54:59","guid":{"rendered":"https:\/\/www.traveltogetherinmorocco.com\/product\/buggy-adventure-in-merzouga-desert\/"},"modified":"2025-06-19T21:24:44","modified_gmt":"2025-06-19T21:24:44","slug":"aventura-en-buggy-por-el-desierto-de-merzouga","status":"publish","type":"product","link":"https:\/\/www.traveltogetherinmorocco.com\/es\/producto\/aventura-en-buggy-por-el-desierto-de-merzouga\/","title":{"rendered":"Aventura en Buggy por el Desierto de Merzouga"},"content":{"rendered":"<h2>Descripci\u00f3n general:<\/h2>\n<p data-start=\"113\" data-end=\"375\">Descubre el <strong data-start=\"125\" data-end=\"144\">encanto salvaje<\/strong> de las <strong data-start=\"152\" data-end=\"172\">dunas Erg Chebbi<\/strong> en un potente tour en <strong data-start=\"195\" data-end=\"220\">buggy por el desierto<\/strong> dise\u00f1ado para la velocidad y los amantes de la adrenalina. Esta experiencia de alta adrenalina te lleva al coraz\u00f3n de las <strong data-start=\"343\" data-end=\"374\">arenas doradas de Marruecos<\/strong>.<\/p>\n<p data-start=\"377\" data-end=\"567\">Tanto si eres <strong data-start=\"391\" data-end=\"407\">principiante<\/strong> como un conductor <strong data-start=\"426\" data-end=\"443\">experimentado<\/strong>, nuestros tours guiados en buggy son <strong data-start=\"481\" data-end=\"492\">seguros<\/strong>, emocionantes y ofrecen <strong data-start=\"517\" data-end=\"542\">vistas impresionantes<\/strong> del desierto del Sahara.<\/p>\n<h2>Lo m\u00e1s destacado:<\/h2>\n<ul>\n<li data-start=\"597\" data-end=\"744\"><strong data-start=\"597\" data-end=\"622\">Diversi\u00f3n todoterreno<\/strong><br data-start=\"622\" data-end=\"625\" \/>Atraviesa terrenos accidentados, pendientes arenosas y caminos sinuosos en un buggy de alta potencia con control total.<\/li>\n<li data-start=\"746\" data-end=\"896\"><strong data-start=\"746\" data-end=\"764\">Gu\u00edas expertos<\/strong><br data-start=\"764\" data-end=\"767\" \/>Conduce con confianza junto a expertos locales que garantizan la seguridad y te gu\u00edan por las mejores rutas off-road de Merzouga.<\/li>\n<li data-start=\"898\" data-end=\"1033\"><strong data-start=\"898\" data-end=\"919\">Vistas del Sahara<\/strong><br data-start=\"919\" data-end=\"922\" \/>Disfruta de vistas panor\u00e1micas de las dunas Erg Chebbi, paisajes dram\u00e1ticos y la belleza infinita del desierto.<\/li>\n<li data-start=\"1035\" data-end=\"1192\"><strong data-start=\"1035\" data-end=\"1060\">Subid\u00f3n de adrenalina<\/strong><br data-start=\"1060\" data-end=\"1063\" \/>Experimenta velocidad intensa, curvas cerradas y momentos emocionantes que hacen del buggy la aventura definitiva en el desierto.<\/li>\n<li data-start=\"1194\" data-end=\"1343\"><strong data-start=\"1194\" data-end=\"1216\">Paradas para fotos<\/strong><br data-start=\"1216\" data-end=\"1219\" \/>Haz pausas en puntos esc\u00e9nicos del desierto para capturar fotos inolvidables y empaparte de la belleza del sur de Marruecos.<\/li>\n<\/ul>\n<h2>Qu\u00e9 llevar:<\/h2>\n<ul>\n<li data-start=\"1367\" data-end=\"1425\">\n<p data-start=\"1369\" data-end=\"1425\"><strong data-start=\"1369\" data-end=\"1385\">Gafas de sol<\/strong> para protegerte de la arena y el sol.<\/p>\n<\/li>\n<li data-start=\"1426\" data-end=\"1494\">\n<p data-start=\"1428\" data-end=\"1494\"><strong data-start=\"1428\" data-end=\"1450\">Pa\u00f1uelo o turbante<\/strong> para cubrir la cara durante el recorrido.<\/p>\n<\/li>\n<li data-start=\"1495\" data-end=\"1551\">\n<p data-start=\"1497\" data-end=\"1551\"><strong data-start=\"1497\" data-end=\"1516\">Protector solar<\/strong> para protegerte de los rayos UV.<\/p>\n<\/li>\n<li data-start=\"1552\" data-end=\"1609\">\n<p data-start=\"1554\" data-end=\"1609\"><strong data-start=\"1554\" data-end=\"1572\">Calzado c\u00f3modo<\/strong> apto para actividades todoterreno.<\/p>\n<\/li>\n<li data-start=\"1610\" data-end=\"1663\">\n<p data-start=\"1612\" data-end=\"1663\"><strong data-start=\"1612\" data-end=\"1620\">Agua<\/strong> para mantenerte hidratado durante el tour.<\/p>\n<\/li>\n<\/ul>\n<h2>Antes de ir:<\/h2>\n<ul>\n<li data-start=\"1690\" data-end=\"1775\">No se requiere experiencia previa en buggy ni licencia de conducir para participar.<\/li>\n<li data-start=\"1778\" data-end=\"1863\">Se proporciona <strong data-start=\"1793\" data-end=\"1816\">equipo de seguridad<\/strong>, incluyendo casco y gafas, antes de la salida.<\/li>\n<\/ul>\n","protected":false},"excerpt":{"rendered":"<p>Descripci\u00f3n general: Descubre el encanto salvaje de las dunas Erg Chebbi en un potente tour en buggy por el desierto dise\u00f1ado para la velocidad y los amantes de la adrenalina. Esta experiencia de alta adrenalina te lleva al coraz\u00f3n de las arenas doradas de Marruecos. Tanto si eres principiante como un conductor experimentado, nuestros tours [&hellip;]<\/p>\n","protected":false},"featured_media":2870,"comment_status":"open","ping_status":"closed","template":"","meta":[],"product_brand":[],"product_cat":[217,219],"product_tag":[],"class_list":{"0":"post-10967","1":"product","2":"type-product","3":"status-publish","4":"has-post-thumbnail","6":"product_cat-activities-es","7":"product_cat-merzouga-es","9":"first","10":"instock","11":"shipping-taxable","12":"product-type-ovabrw_car_rental"},"yoast_head":"<!-- This site is optimized with the Yoast SEO plugin v27.4 - https:\/\/yoast.com\/product\/yoast-seo-wordpress\/ -->\n<title>Aventura en Buggy por el Desierto de Merzouga - travel together in morocco<\/title>\n<meta name=\"robots\" content=\"index, follow, max-snippet:-1, max-image-preview:large, max-video-preview:-1\" \/>\n<link rel=\"canonical\" href=\"https:\/\/www.traveltogetherinmorocco.com\/producto\/buggy-adventure-in-merzouga-desert\/\" \/>\n<meta property=\"og:locale\" content=\"es_ES\" \/>\n<meta property=\"og:type\" content=\"article\" \/>\n<meta property=\"og:title\" content=\"Aventura en Buggy por el Desierto de Merzouga - travel together in morocco\" \/>\n<meta property=\"og:description\" content=\"Descripci\u00f3n general: Descubre el encanto salvaje de las dunas Erg Chebbi en un potente tour en buggy por el desierto dise\u00f1ado para la velocidad y los amantes de la adrenalina. Esta experiencia de alta adrenalina te lleva al coraz\u00f3n de las arenas doradas de Marruecos. Tanto si eres principiante como un conductor experimentado, nuestros tours [&hellip;]\" \/>\n<meta property=\"og:url\" content=\"https:\/\/www.traveltogetherinmorocco.com\/producto\/buggy-adventure-in-merzouga-desert\/\" \/>\n<meta property=\"og:site_name\" content=\"travel together in morocco\" \/>\n<meta property=\"article:publisher\" content=\"https:\/\/www.facebook.com\/azizindesert?rdid=AM85IAprjCTIUGCP&amp;share_url=httpswww.facebook.comshare16PbxaT6ga\" \/>\n<meta property=\"article:modified_time\" content=\"2025-06-19T21:24:44+00:00\" \/>\n<meta property=\"og:image\" content=\"https:\/\/www.traveltogetherinmorocco.com\/wp-content\/uploads\/2025\/06\/6-1-scaled.webp\" \/>\n\t<meta property=\"og:image:width\" content=\"2560\" \/>\n\t<meta property=\"og:image:height\" content=\"1798\" \/>\n\t<meta property=\"og:image:type\" content=\"image\/webp\" \/>\n<meta name=\"twitter:card\" content=\"summary_large_image\" \/>\n<meta name=\"twitter:label1\" content=\"Tiempo de lectura\" \/>\n\t<meta name=\"twitter:data1\" content=\"1 minuto\" \/>\n<script type=\"application\/ld+json\" class=\"yoast-schema-graph\">{\"@context\":\"https:\\\/\\\/schema.org\",\"@graph\":[{\"@type\":\"WebPage\",\"@id\":\"https:\\\/\\\/www.traveltogetherinmorocco.com\\\/producto\\\/buggy-adventure-in-merzouga-desert\\\/\",\"url\":\"https:\\\/\\\/www.traveltogetherinmorocco.com\\\/producto\\\/buggy-adventure-in-merzouga-desert\\\/\",\"name\":\"Aventura en Buggy por el Desierto de Merzouga - travel together in morocco\",\"isPartOf\":{\"@id\":\"https:\\\/\\\/www.traveltogetherinmorocco.com\\\/#website\"},\"primaryImageOfPage\":{\"@id\":\"https:\\\/\\\/www.traveltogetherinmorocco.com\\\/producto\\\/buggy-adventure-in-merzouga-desert\\\/#primaryimage\"},\"image\":{\"@id\":\"https:\\\/\\\/www.traveltogetherinmorocco.com\\\/producto\\\/buggy-adventure-in-merzouga-desert\\\/#primaryimage\"},\"thumbnailUrl\":\"https:\\\/\\\/www.traveltogetherinmorocco.com\\\/wp-content\\\/uploads\\\/2025\\\/06\\\/6-1-scaled.webp\",\"datePublished\":\"2025-06-18T18:54:59+00:00\",\"dateModified\":\"2025-06-19T21:24:44+00:00\",\"breadcrumb\":{\"@id\":\"https:\\\/\\\/www.traveltogetherinmorocco.com\\\/producto\\\/buggy-adventure-in-merzouga-desert\\\/#breadcrumb\"},\"inLanguage\":\"es\",\"potentialAction\":[{\"@type\":\"ReadAction\",\"target\":[\"https:\\\/\\\/www.traveltogetherinmorocco.com\\\/producto\\\/buggy-adventure-in-merzouga-desert\\\/\"]}]},{\"@type\":\"ImageObject\",\"inLanguage\":\"es\",\"@id\":\"https:\\\/\\\/www.traveltogetherinmorocco.com\\\/producto\\\/buggy-adventure-in-merzouga-desert\\\/#primaryimage\",\"url\":\"https:\\\/\\\/www.traveltogetherinmorocco.com\\\/wp-content\\\/uploads\\\/2025\\\/06\\\/6-1-scaled.webp\",\"contentUrl\":\"https:\\\/\\\/www.traveltogetherinmorocco.com\\\/wp-content\\\/uploads\\\/2025\\\/06\\\/6-1-scaled.webp\",\"width\":2560,\"height\":1798},{\"@type\":\"BreadcrumbList\",\"@id\":\"https:\\\/\\\/www.traveltogetherinmorocco.com\\\/producto\\\/buggy-adventure-in-merzouga-desert\\\/#breadcrumb\",\"itemListElement\":[{\"@type\":\"ListItem\",\"position\":1,\"name\":\"Home\",\"item\":\"https:\\\/\\\/www.traveltogetherinmorocco.com\\\/es\\\/\"},{\"@type\":\"ListItem\",\"position\":2,\"name\":\"Products\",\"item\":\"https:\\\/\\\/www.traveltogetherinmorocco.com\\\/shop\\\/\"},{\"@type\":\"ListItem\",\"position\":3,\"name\":\"Aventura en Buggy por el Desierto de Merzouga\"}]},{\"@type\":\"WebSite\",\"@id\":\"https:\\\/\\\/www.traveltogetherinmorocco.com\\\/#website\",\"url\":\"https:\\\/\\\/www.traveltogetherinmorocco.com\\\/\",\"name\":\"travel together in morocco\",\"description\":\"Authentic Tours Across Morocco, Together with Local Experts\",\"publisher\":{\"@id\":\"https:\\\/\\\/www.traveltogetherinmorocco.com\\\/#organization\"},\"potentialAction\":[{\"@type\":\"SearchAction\",\"target\":{\"@type\":\"EntryPoint\",\"urlTemplate\":\"https:\\\/\\\/www.traveltogetherinmorocco.com\\\/?s={search_term_string}\"},\"query-input\":{\"@type\":\"PropertyValueSpecification\",\"valueRequired\":true,\"valueName\":\"search_term_string\"}}],\"inLanguage\":\"es\"},{\"@type\":\"Organization\",\"@id\":\"https:\\\/\\\/www.traveltogetherinmorocco.com\\\/#organization\",\"name\":\"travel together in morocco\",\"url\":\"https:\\\/\\\/www.traveltogetherinmorocco.com\\\/\",\"logo\":{\"@type\":\"ImageObject\",\"inLanguage\":\"es\",\"@id\":\"https:\\\/\\\/www.traveltogetherinmorocco.com\\\/#\\\/schema\\\/logo\\\/image\\\/\",\"url\":\"https:\\\/\\\/www.traveltogetherinmorocco.com\\\/wp-content\\\/uploads\\\/2025\\\/06\\\/cropped-favicon.png\",\"contentUrl\":\"https:\\\/\\\/www.traveltogetherinmorocco.com\\\/wp-content\\\/uploads\\\/2025\\\/06\\\/cropped-favicon.png\",\"width\":512,\"height\":512,\"caption\":\"travel together in morocco\"},\"image\":{\"@id\":\"https:\\\/\\\/www.traveltogetherinmorocco.com\\\/#\\\/schema\\\/logo\\\/image\\\/\"},\"sameAs\":[\"https:\\\/\\\/www.facebook.com\\\/azizindesert?rdid=AM85IAprjCTIUGCP&share_url=httpswww.facebook.comshare16PbxaT6ga\",\"https:\\\/\\\/www.instagram.com\\\/travel_together_in_morocco\\\/\"]}]}<\/script>\n<!-- \/ Yoast SEO plugin. -->","yoast_head_json":{"title":"Aventura en Buggy por el Desierto de Merzouga - travel together in morocco","robots":{"index":"index","follow":"follow","max-snippet":"max-snippet:-1","max-image-preview":"max-image-preview:large","max-video-preview":"max-video-preview:-1"},"canonical":"https:\/\/www.traveltogetherinmorocco.com\/producto\/buggy-adventure-in-merzouga-desert\/","og_locale":"es_ES","og_type":"article","og_title":"Aventura en Buggy por el Desierto de Merzouga - travel together in morocco","og_description":"Descripci\u00f3n general: Descubre el encanto salvaje de las dunas Erg Chebbi en un potente tour en buggy por el desierto dise\u00f1ado para la velocidad y los amantes de la adrenalina. Esta experiencia de alta adrenalina te lleva al coraz\u00f3n de las arenas doradas de Marruecos. Tanto si eres principiante como un conductor experimentado, nuestros tours [&hellip;]","og_url":"https:\/\/www.traveltogetherinmorocco.com\/producto\/buggy-adventure-in-merzouga-desert\/","og_site_name":"travel together in morocco","article_publisher":"https:\/\/www.facebook.com\/azizindesert?rdid=AM85IAprjCTIUGCP&share_url=httpswww.facebook.comshare16PbxaT6ga","article_modified_time":"2025-06-19T21:24:44+00:00","og_image":[{"width":2560,"height":1798,"url":"https:\/\/www.traveltogetherinmorocco.com\/wp-content\/uploads\/2025\/06\/6-1-scaled.webp","type":"image\/webp"}],"twitter_card":"summary_large_image","twitter_misc":{"Tiempo de lectura":"1 minuto"},"schema":{"@context":"https:\/\/schema.org","@graph":[{"@type":"WebPage","@id":"https:\/\/www.traveltogetherinmorocco.com\/producto\/buggy-adventure-in-merzouga-desert\/","url":"https:\/\/www.traveltogetherinmorocco.com\/producto\/buggy-adventure-in-merzouga-desert\/","name":"Aventura en Buggy por el Desierto de Merzouga - travel together in morocco","isPartOf":{"@id":"https:\/\/www.traveltogetherinmorocco.com\/#website"},"primaryImageOfPage":{"@id":"https:\/\/www.traveltogetherinmorocco.com\/producto\/buggy-adventure-in-merzouga-desert\/#primaryimage"},"image":{"@id":"https:\/\/www.traveltogetherinmorocco.com\/producto\/buggy-adventure-in-merzouga-desert\/#primaryimage"},"thumbnailUrl":"https:\/\/www.traveltogetherinmorocco.com\/wp-content\/uploads\/2025\/06\/6-1-scaled.webp","datePublished":"2025-06-18T18:54:59+00:00","dateModified":"2025-06-19T21:24:44+00:00","breadcrumb":{"@id":"https:\/\/www.traveltogetherinmorocco.com\/producto\/buggy-adventure-in-merzouga-desert\/#breadcrumb"},"inLanguage":"es","potentialAction":[{"@type":"ReadAction","target":["https:\/\/www.traveltogetherinmorocco.com\/producto\/buggy-adventure-in-merzouga-desert\/"]}]},{"@type":"ImageObject","inLanguage":"es","@id":"https:\/\/www.traveltogetherinmorocco.com\/producto\/buggy-adventure-in-merzouga-desert\/#primaryimage","url":"https:\/\/www.traveltogetherinmorocco.com\/wp-content\/uploads\/2025\/06\/6-1-scaled.webp","contentUrl":"https:\/\/www.traveltogetherinmorocco.com\/wp-content\/uploads\/2025\/06\/6-1-scaled.webp","width":2560,"height":1798},{"@type":"BreadcrumbList","@id":"https:\/\/www.traveltogetherinmorocco.com\/producto\/buggy-adventure-in-merzouga-desert\/#breadcrumb","itemListElement":[{"@type":"ListItem","position":1,"name":"Home","item":"https:\/\/www.traveltogetherinmorocco.com\/es\/"},{"@type":"ListItem","position":2,"name":"Products","item":"https:\/\/www.traveltogetherinmorocco.com\/shop\/"},{"@type":"ListItem","position":3,"name":"Aventura en Buggy por el Desierto de Merzouga"}]},{"@type":"WebSite","@id":"https:\/\/www.traveltogetherinmorocco.com\/#website","url":"https:\/\/www.traveltogetherinmorocco.com\/","name":"travel together in morocco","description":"Authentic Tours Across Morocco, Together with Local Experts","publisher":{"@id":"https:\/\/www.traveltogetherinmorocco.com\/#organization"},"potentialAction":[{"@type":"SearchAction","target":{"@type":"EntryPoint","urlTemplate":"https:\/\/www.traveltogetherinmorocco.com\/?s={search_term_string}"},"query-input":{"@type":"PropertyValueSpecification","valueRequired":true,"valueName":"search_term_string"}}],"inLanguage":"es"},{"@type":"Organization","@id":"https:\/\/www.traveltogetherinmorocco.com\/#organization","name":"travel together in morocco","url":"https:\/\/www.traveltogetherinmorocco.com\/","logo":{"@type":"ImageObject","inLanguage":"es","@id":"https:\/\/www.traveltogetherinmorocco.com\/#\/schema\/logo\/image\/","url":"https:\/\/www.traveltogetherinmorocco.com\/wp-content\/uploads\/2025\/06\/cropped-favicon.png","contentUrl":"https:\/\/www.traveltogetherinmorocco.com\/wp-content\/uploads\/2025\/06\/cropped-favicon.png","width":512,"height":512,"caption":"travel together in morocco"},"image":{"@id":"https:\/\/www.traveltogetherinmorocco.com\/#\/schema\/logo\/image\/"},"sameAs":["https:\/\/www.facebook.com\/azizindesert?rdid=AM85IAprjCTIUGCP&share_url=httpswww.facebook.comshare16PbxaT6ga","https:\/\/www.instagram.com\/travel_together_in_morocco\/"]}]}},"_links":{"self":[{"href":"https:\/\/www.traveltogetherinmorocco.com\/es\/wp-json\/wp\/v2\/product\/10967","targetHints":{"allow":["GET"]}}],"collection":[{"href":"https:\/\/www.traveltogetherinmorocco.com\/es\/wp-json\/wp\/v2\/product"}],"about":[{"href":"https:\/\/www.traveltogetherinmorocco.com\/es\/wp-json\/wp\/v2\/types\/product"}],"replies":[{"embeddable":true,"href":"https:\/\/www.traveltogetherinmorocco.com\/es\/wp-json\/wp\/v2\/comments?post=10967"}],"wp:featuredmedia":[{"embeddable":true,"href":"https:\/\/www.traveltogetherinmorocco.com\/es\/wp-json\/wp\/v2\/media\/2870"}],"wp:attachment":[{"href":"https:\/\/www.traveltogetherinmorocco.com\/es\/wp-json\/wp\/v2\/media?parent=10967"}],"wp:term":[{"taxonomy":"product_brand","embeddable":true,"href":"https:\/\/www.traveltogetherinmorocco.com\/es\/wp-json\/wp\/v2\/product_brand?post=10967"},{"taxonomy":"product_cat","embeddable":true,"href":"https:\/\/www.traveltogetherinmorocco.com\/es\/wp-json\/wp\/v2\/product_cat?post=10967"},{"taxonomy":"product_tag","embeddable":true,"href":"https:\/\/www.traveltogetherinmorocco.com\/es\/wp-json\/wp\/v2\/product_tag?post=10967"}],"curies":[{"name":"wp","href":"https:\/\/api.w.org\/{rel}","templated":true}]}}