{"id":10969,"date":"2025-06-18T18:49:16","date_gmt":"2025-06-18T18:49:16","guid":{"rendered":"https:\/\/www.traveltogetherinmorocco.com\/product\/discover-erg-chebbi-desert-in-a-4x4\/"},"modified":"2025-06-19T21:25:09","modified_gmt":"2025-06-19T21:25:09","slug":"descubre-el-desierto-de-erg-chebbi-en-un-4x4","status":"publish","type":"product","link":"https:\/\/www.traveltogetherinmorocco.com\/es\/producto\/descubre-el-desierto-de-erg-chebbi-en-un-4x4\/","title":{"rendered":"Descubre el Desierto de Erg Chebbi en un 4\u00d74"},"content":{"rendered":"<h2>Descripci\u00f3n general:<\/h2>\n<p data-start=\"74\" data-end=\"321\"><strong data-start=\"74\" data-end=\"114\">Emprende un emocionante viaje en 4\u00d74<\/strong> a trav\u00e9s de las <strong data-start=\"131\" data-end=\"166\">majestuosas dunas de Erg Chebbi<\/strong>, donde la <strong data-start=\"177\" data-end=\"189\">aventura<\/strong> se une con los <strong data-start=\"205\" data-end=\"239\">aut\u00e9nticos paisajes saharianos<\/strong>. Recorre <strong data-start=\"249\" data-end=\"267\">arenas doradas<\/strong>, terrenos escarpados y <strong data-start=\"291\" data-end=\"320\" data-is-only-node=\"\">pueblos bereberes ocultos<\/strong>.<\/p>\n<p data-start=\"323\" data-end=\"516\">Nuestros <strong data-start=\"332\" data-end=\"356\">conductores expertos<\/strong> te llevan al coraz\u00f3n del <strong data-start=\"382\" data-end=\"405\">desierto del Sahara<\/strong>, ofreciendo una experiencia \u00fanica <strong data-start=\"440\" data-end=\"452\">off-road<\/strong> llena de <strong data-start=\"462\" data-end=\"473\">cultura<\/strong>, <strong data-start=\"475\" data-end=\"489\">naturaleza<\/strong> y <strong data-start=\"492\" data-end=\"515\">vistas inolvidables<\/strong>.<\/p>\n<h2>Lo m\u00e1s destacado:<\/h2>\n<ul>\n<li data-start=\"103\" data-end=\"262\"><strong data-start=\"103\" data-end=\"128\">Conducci\u00f3n panor\u00e1mica<\/strong><br data-start=\"128\" data-end=\"131\" \/>Recorre paisajes cambiantes del desierto, desde <strong data-start=\"179\" data-end=\"199\">dunas ondulantes<\/strong> hasta <strong data-start=\"206\" data-end=\"233\">rocas volc\u00e1nicas negras<\/strong> y <strong data-start=\"236\" data-end=\"261\">miradores panor\u00e1micos<\/strong>.<\/li>\n<li data-start=\"264\" data-end=\"436\"><strong data-start=\"264\" data-end=\"286\">Paradas culturales<\/strong><br data-start=\"286\" data-end=\"289\" \/>Visita <strong data-start=\"296\" data-end=\"340\">familias n\u00f3madas bereberes tradicionales<\/strong>, aprende sobre su <strong data-start=\"359\" data-end=\"377\">estilo de vida<\/strong>, <strong data-start=\"379\" data-end=\"395\">hospitalidad<\/strong> y su <strong data-start=\"401\" data-end=\"435\">conexi\u00f3n \u00fanica con el desierto<\/strong>.<\/li>\n<li data-start=\"438\" data-end=\"583\"><strong data-start=\"438\" data-end=\"463\">Silencio del desierto<\/strong><br data-start=\"463\" data-end=\"466\" \/>Experimenta la <strong data-start=\"481\" data-end=\"497\">tranquilidad<\/strong> y la <strong data-start=\"503\" data-end=\"522\">belleza abierta<\/strong> del Sahara, lejos de las multitudes y el ruido de la ciudad.<\/li>\n<li data-start=\"585\" data-end=\"726\"><strong data-start=\"585\" data-end=\"604\">Rutas flexibles<\/strong><br data-start=\"604\" data-end=\"607\" \/>Elige entre exploraciones de <strong data-start=\"636\" data-end=\"649\">medio d\u00eda<\/strong> o <strong data-start=\"652\" data-end=\"668\">d\u00eda completo<\/strong>, personalizadas seg\u00fan tus intereses y tiempo en Merzouga.<\/li>\n<li data-start=\"728\" data-end=\"868\"><strong data-start=\"728\" data-end=\"751\">Opci\u00f3n al atardecer<\/strong><br data-start=\"751\" data-end=\"754\" \/>Termina tu tour en 4\u00d74 contemplando el <strong data-start=\"793\" data-end=\"822\">atardecer sobre las dunas<\/strong>, un momento <strong data-start=\"835\" data-end=\"845\">m\u00e1gico<\/strong> y perfecto para fotos.<\/li>\n<\/ul>\n<h2 data-start=\"875\" data-end=\"890\">Qu\u00e9 llevar:<\/h2>\n<ul>\n<li data-start=\"892\" data-end=\"942\">\n<p data-start=\"894\" data-end=\"942\"><strong data-start=\"894\" data-end=\"909\">Ropa c\u00f3moda<\/strong> adecuada para el clima c\u00e1lido.<\/p>\n<\/li>\n<li data-start=\"943\" data-end=\"1024\">\n<p data-start=\"945\" data-end=\"1024\"><strong data-start=\"945\" data-end=\"961\">Gafas de sol<\/strong> y <strong data-start=\"964\" data-end=\"976\">sombrero<\/strong> para protegerse del sol y el deslumbramiento.<\/p>\n<\/li>\n<li data-start=\"1025\" data-end=\"1075\">\n<p data-start=\"1027\" data-end=\"1075\"><strong data-start=\"1027\" data-end=\"1046\">Botella de agua<\/strong> para mantenerse hidratado.<\/p>\n<\/li>\n<li data-start=\"1076\" data-end=\"1140\">\n<p data-start=\"1078\" data-end=\"1140\"><strong data-start=\"1078\" data-end=\"1088\">C\u00e1mara<\/strong> para capturar los paisajes y momentos culturales.<\/p>\n<\/li>\n<li data-start=\"1141\" data-end=\"1208\">\n<p data-start=\"1143\" data-end=\"1208\"><strong data-start=\"1143\" data-end=\"1154\">Pa\u00f1uelo<\/strong> o <strong data-start=\"1157\" data-end=\"1169\">turbante<\/strong> para protegerse del viento y el polvo.<\/p>\n<\/li>\n<\/ul>\n<h2 data-start=\"1215\" data-end=\"1231\">Antes de ir:<\/h2>\n<ul>\n<li data-start=\"1235\" data-end=\"1369\">No se requiere experiencia en conducci\u00f3n fuera de carretera \u2014 todos los tours son guiados por <strong data-start=\"1329\" data-end=\"1366\">conductores locales profesionales<\/strong>.<\/li>\n<li data-start=\"1372\" data-end=\"1466\">La ruta puede variar seg\u00fan el clima, las condiciones de las dunas o las visitas a los n\u00f3madas.<\/li>\n<\/ul>\n","protected":false},"excerpt":{"rendered":"<p>Descripci\u00f3n general: Emprende un emocionante viaje en 4\u00d74 a trav\u00e9s de las majestuosas dunas de Erg Chebbi, donde la aventura se une con los aut\u00e9nticos paisajes saharianos. Recorre arenas doradas, terrenos escarpados y pueblos bereberes ocultos. Nuestros conductores expertos te llevan al coraz\u00f3n del desierto del Sahara, ofreciendo una experiencia \u00fanica off-road llena de cultura, [&hellip;]<\/p>\n","protected":false},"featured_media":2883,"comment_status":"open","ping_status":"closed","template":"","meta":[],"product_brand":[],"product_cat":[217,219],"product_tag":[],"class_list":{"0":"post-10969","1":"product","2":"type-product","3":"status-publish","4":"has-post-thumbnail","6":"product_cat-activities-es","7":"product_cat-merzouga-es","9":"first","10":"instock","11":"shipping-taxable","12":"product-type-ovabrw_car_rental"},"yoast_head":"<!-- This site is optimized with the Yoast SEO plugin v27.4 - https:\/\/yoast.com\/product\/yoast-seo-wordpress\/ -->\n<title>Descubre el Desierto de Erg Chebbi en un 4\u00d74 - travel together in morocco<\/title>\n<meta name=\"robots\" content=\"index, follow, max-snippet:-1, max-image-preview:large, max-video-preview:-1\" \/>\n<link rel=\"canonical\" href=\"https:\/\/www.traveltogetherinmorocco.com\/producto\/discover-erg-chebbi-desert-in-a-4x4\/\" \/>\n<meta property=\"og:locale\" content=\"es_ES\" \/>\n<meta property=\"og:type\" content=\"article\" \/>\n<meta property=\"og:title\" content=\"Descubre el Desierto de Erg Chebbi en un 4\u00d74 - travel together in morocco\" \/>\n<meta property=\"og:description\" content=\"Descripci\u00f3n general: Emprende un emocionante viaje en 4\u00d74 a trav\u00e9s de las majestuosas dunas de Erg Chebbi, donde la aventura se une con los aut\u00e9nticos paisajes saharianos. Recorre arenas doradas, terrenos escarpados y pueblos bereberes ocultos. Nuestros conductores expertos te llevan al coraz\u00f3n del desierto del Sahara, ofreciendo una experiencia \u00fanica off-road llena de cultura, [&hellip;]\" \/>\n<meta property=\"og:url\" content=\"https:\/\/www.traveltogetherinmorocco.com\/producto\/discover-erg-chebbi-desert-in-a-4x4\/\" \/>\n<meta property=\"og:site_name\" content=\"travel together in morocco\" \/>\n<meta property=\"article:publisher\" content=\"https:\/\/www.facebook.com\/azizindesert?rdid=AM85IAprjCTIUGCP&amp;share_url=httpswww.facebook.comshare16PbxaT6ga\" \/>\n<meta property=\"article:modified_time\" content=\"2025-06-19T21:25:09+00:00\" \/>\n<meta property=\"og:image\" content=\"https:\/\/www.traveltogetherinmorocco.com\/wp-content\/uploads\/2025\/06\/7-2-scaled.webp\" \/>\n\t<meta property=\"og:image:width\" content=\"2560\" \/>\n\t<meta property=\"og:image:height\" content=\"1798\" \/>\n\t<meta property=\"og:image:type\" content=\"image\/webp\" \/>\n<meta name=\"twitter:card\" content=\"summary_large_image\" \/>\n<meta name=\"twitter:label1\" content=\"Tiempo de lectura\" \/>\n\t<meta name=\"twitter:data1\" content=\"1 minuto\" \/>\n<script type=\"application\/ld+json\" class=\"yoast-schema-graph\">{\"@context\":\"https:\\\/\\\/schema.org\",\"@graph\":[{\"@type\":\"WebPage\",\"@id\":\"https:\\\/\\\/www.traveltogetherinmorocco.com\\\/producto\\\/discover-erg-chebbi-desert-in-a-4x4\\\/\",\"url\":\"https:\\\/\\\/www.traveltogetherinmorocco.com\\\/producto\\\/discover-erg-chebbi-desert-in-a-4x4\\\/\",\"name\":\"Descubre el Desierto de Erg Chebbi en un 4\u00d74 - travel together in morocco\",\"isPartOf\":{\"@id\":\"https:\\\/\\\/www.traveltogetherinmorocco.com\\\/#website\"},\"primaryImageOfPage\":{\"@id\":\"https:\\\/\\\/www.traveltogetherinmorocco.com\\\/producto\\\/discover-erg-chebbi-desert-in-a-4x4\\\/#primaryimage\"},\"image\":{\"@id\":\"https:\\\/\\\/www.traveltogetherinmorocco.com\\\/producto\\\/discover-erg-chebbi-desert-in-a-4x4\\\/#primaryimage\"},\"thumbnailUrl\":\"https:\\\/\\\/www.traveltogetherinmorocco.com\\\/wp-content\\\/uploads\\\/2025\\\/06\\\/7-2-scaled.webp\",\"datePublished\":\"2025-06-18T18:49:16+00:00\",\"dateModified\":\"2025-06-19T21:25:09+00:00\",\"breadcrumb\":{\"@id\":\"https:\\\/\\\/www.traveltogetherinmorocco.com\\\/producto\\\/discover-erg-chebbi-desert-in-a-4x4\\\/#breadcrumb\"},\"inLanguage\":\"es\",\"potentialAction\":[{\"@type\":\"ReadAction\",\"target\":[\"https:\\\/\\\/www.traveltogetherinmorocco.com\\\/producto\\\/discover-erg-chebbi-desert-in-a-4x4\\\/\"]}]},{\"@type\":\"ImageObject\",\"inLanguage\":\"es\",\"@id\":\"https:\\\/\\\/www.traveltogetherinmorocco.com\\\/producto\\\/discover-erg-chebbi-desert-in-a-4x4\\\/#primaryimage\",\"url\":\"https:\\\/\\\/www.traveltogetherinmorocco.com\\\/wp-content\\\/uploads\\\/2025\\\/06\\\/7-2-scaled.webp\",\"contentUrl\":\"https:\\\/\\\/www.traveltogetherinmorocco.com\\\/wp-content\\\/uploads\\\/2025\\\/06\\\/7-2-scaled.webp\",\"width\":2560,\"height\":1798},{\"@type\":\"BreadcrumbList\",\"@id\":\"https:\\\/\\\/www.traveltogetherinmorocco.com\\\/producto\\\/discover-erg-chebbi-desert-in-a-4x4\\\/#breadcrumb\",\"itemListElement\":[{\"@type\":\"ListItem\",\"position\":1,\"name\":\"Home\",\"item\":\"https:\\\/\\\/www.traveltogetherinmorocco.com\\\/es\\\/\"},{\"@type\":\"ListItem\",\"position\":2,\"name\":\"Products\",\"item\":\"https:\\\/\\\/www.traveltogetherinmorocco.com\\\/shop\\\/\"},{\"@type\":\"ListItem\",\"position\":3,\"name\":\"Descubre el Desierto de Erg Chebbi en un 4\u00d74\"}]},{\"@type\":\"WebSite\",\"@id\":\"https:\\\/\\\/www.traveltogetherinmorocco.com\\\/#website\",\"url\":\"https:\\\/\\\/www.traveltogetherinmorocco.com\\\/\",\"name\":\"travel together in morocco\",\"description\":\"Authentic Tours Across Morocco, Together with Local Experts\",\"publisher\":{\"@id\":\"https:\\\/\\\/www.traveltogetherinmorocco.com\\\/#organization\"},\"potentialAction\":[{\"@type\":\"SearchAction\",\"target\":{\"@type\":\"EntryPoint\",\"urlTemplate\":\"https:\\\/\\\/www.traveltogetherinmorocco.com\\\/?s={search_term_string}\"},\"query-input\":{\"@type\":\"PropertyValueSpecification\",\"valueRequired\":true,\"valueName\":\"search_term_string\"}}],\"inLanguage\":\"es\"},{\"@type\":\"Organization\",\"@id\":\"https:\\\/\\\/www.traveltogetherinmorocco.com\\\/#organization\",\"name\":\"travel together in morocco\",\"url\":\"https:\\\/\\\/www.traveltogetherinmorocco.com\\\/\",\"logo\":{\"@type\":\"ImageObject\",\"inLanguage\":\"es\",\"@id\":\"https:\\\/\\\/www.traveltogetherinmorocco.com\\\/#\\\/schema\\\/logo\\\/image\\\/\",\"url\":\"https:\\\/\\\/www.traveltogetherinmorocco.com\\\/wp-content\\\/uploads\\\/2025\\\/06\\\/cropped-favicon.png\",\"contentUrl\":\"https:\\\/\\\/www.traveltogetherinmorocco.com\\\/wp-content\\\/uploads\\\/2025\\\/06\\\/cropped-favicon.png\",\"width\":512,\"height\":512,\"caption\":\"travel together in morocco\"},\"image\":{\"@id\":\"https:\\\/\\\/www.traveltogetherinmorocco.com\\\/#\\\/schema\\\/logo\\\/image\\\/\"},\"sameAs\":[\"https:\\\/\\\/www.facebook.com\\\/azizindesert?rdid=AM85IAprjCTIUGCP&share_url=httpswww.facebook.comshare16PbxaT6ga\",\"https:\\\/\\\/www.instagram.com\\\/travel_together_in_morocco\\\/\"]}]}<\/script>\n<!-- \/ Yoast SEO plugin. -->","yoast_head_json":{"title":"Descubre el Desierto de Erg Chebbi en un 4\u00d74 - travel together in morocco","robots":{"index":"index","follow":"follow","max-snippet":"max-snippet:-1","max-image-preview":"max-image-preview:large","max-video-preview":"max-video-preview:-1"},"canonical":"https:\/\/www.traveltogetherinmorocco.com\/producto\/discover-erg-chebbi-desert-in-a-4x4\/","og_locale":"es_ES","og_type":"article","og_title":"Descubre el Desierto de Erg Chebbi en un 4\u00d74 - travel together in morocco","og_description":"Descripci\u00f3n general: Emprende un emocionante viaje en 4\u00d74 a trav\u00e9s de las majestuosas dunas de Erg Chebbi, donde la aventura se une con los aut\u00e9nticos paisajes saharianos. Recorre arenas doradas, terrenos escarpados y pueblos bereberes ocultos. Nuestros conductores expertos te llevan al coraz\u00f3n del desierto del Sahara, ofreciendo una experiencia \u00fanica off-road llena de cultura, [&hellip;]","og_url":"https:\/\/www.traveltogetherinmorocco.com\/producto\/discover-erg-chebbi-desert-in-a-4x4\/","og_site_name":"travel together in morocco","article_publisher":"https:\/\/www.facebook.com\/azizindesert?rdid=AM85IAprjCTIUGCP&share_url=httpswww.facebook.comshare16PbxaT6ga","article_modified_time":"2025-06-19T21:25:09+00:00","og_image":[{"width":2560,"height":1798,"url":"https:\/\/www.traveltogetherinmorocco.com\/wp-content\/uploads\/2025\/06\/7-2-scaled.webp","type":"image\/webp"}],"twitter_card":"summary_large_image","twitter_misc":{"Tiempo de lectura":"1 minuto"},"schema":{"@context":"https:\/\/schema.org","@graph":[{"@type":"WebPage","@id":"https:\/\/www.traveltogetherinmorocco.com\/producto\/discover-erg-chebbi-desert-in-a-4x4\/","url":"https:\/\/www.traveltogetherinmorocco.com\/producto\/discover-erg-chebbi-desert-in-a-4x4\/","name":"Descubre el Desierto de Erg Chebbi en un 4\u00d74 - travel together in morocco","isPartOf":{"@id":"https:\/\/www.traveltogetherinmorocco.com\/#website"},"primaryImageOfPage":{"@id":"https:\/\/www.traveltogetherinmorocco.com\/producto\/discover-erg-chebbi-desert-in-a-4x4\/#primaryimage"},"image":{"@id":"https:\/\/www.traveltogetherinmorocco.com\/producto\/discover-erg-chebbi-desert-in-a-4x4\/#primaryimage"},"thumbnailUrl":"https:\/\/www.traveltogetherinmorocco.com\/wp-content\/uploads\/2025\/06\/7-2-scaled.webp","datePublished":"2025-06-18T18:49:16+00:00","dateModified":"2025-06-19T21:25:09+00:00","breadcrumb":{"@id":"https:\/\/www.traveltogetherinmorocco.com\/producto\/discover-erg-chebbi-desert-in-a-4x4\/#breadcrumb"},"inLanguage":"es","potentialAction":[{"@type":"ReadAction","target":["https:\/\/www.traveltogetherinmorocco.com\/producto\/discover-erg-chebbi-desert-in-a-4x4\/"]}]},{"@type":"ImageObject","inLanguage":"es","@id":"https:\/\/www.traveltogetherinmorocco.com\/producto\/discover-erg-chebbi-desert-in-a-4x4\/#primaryimage","url":"https:\/\/www.traveltogetherinmorocco.com\/wp-content\/uploads\/2025\/06\/7-2-scaled.webp","contentUrl":"https:\/\/www.traveltogetherinmorocco.com\/wp-content\/uploads\/2025\/06\/7-2-scaled.webp","width":2560,"height":1798},{"@type":"BreadcrumbList","@id":"https:\/\/www.traveltogetherinmorocco.com\/producto\/discover-erg-chebbi-desert-in-a-4x4\/#breadcrumb","itemListElement":[{"@type":"ListItem","position":1,"name":"Home","item":"https:\/\/www.traveltogetherinmorocco.com\/es\/"},{"@type":"ListItem","position":2,"name":"Products","item":"https:\/\/www.traveltogetherinmorocco.com\/shop\/"},{"@type":"ListItem","position":3,"name":"Descubre el Desierto de Erg Chebbi en un 4\u00d74"}]},{"@type":"WebSite","@id":"https:\/\/www.traveltogetherinmorocco.com\/#website","url":"https:\/\/www.traveltogetherinmorocco.com\/","name":"travel together in morocco","description":"Authentic Tours Across Morocco, Together with Local Experts","publisher":{"@id":"https:\/\/www.traveltogetherinmorocco.com\/#organization"},"potentialAction":[{"@type":"SearchAction","target":{"@type":"EntryPoint","urlTemplate":"https:\/\/www.traveltogetherinmorocco.com\/?s={search_term_string}"},"query-input":{"@type":"PropertyValueSpecification","valueRequired":true,"valueName":"search_term_string"}}],"inLanguage":"es"},{"@type":"Organization","@id":"https:\/\/www.traveltogetherinmorocco.com\/#organization","name":"travel together in morocco","url":"https:\/\/www.traveltogetherinmorocco.com\/","logo":{"@type":"ImageObject","inLanguage":"es","@id":"https:\/\/www.traveltogetherinmorocco.com\/#\/schema\/logo\/image\/","url":"https:\/\/www.traveltogetherinmorocco.com\/wp-content\/uploads\/2025\/06\/cropped-favicon.png","contentUrl":"https:\/\/www.traveltogetherinmorocco.com\/wp-content\/uploads\/2025\/06\/cropped-favicon.png","width":512,"height":512,"caption":"travel together in morocco"},"image":{"@id":"https:\/\/www.traveltogetherinmorocco.com\/#\/schema\/logo\/image\/"},"sameAs":["https:\/\/www.facebook.com\/azizindesert?rdid=AM85IAprjCTIUGCP&share_url=httpswww.facebook.comshare16PbxaT6ga","https:\/\/www.instagram.com\/travel_together_in_morocco\/"]}]}},"_links":{"self":[{"href":"https:\/\/www.traveltogetherinmorocco.com\/es\/wp-json\/wp\/v2\/product\/10969","targetHints":{"allow":["GET"]}}],"collection":[{"href":"https:\/\/www.traveltogetherinmorocco.com\/es\/wp-json\/wp\/v2\/product"}],"about":[{"href":"https:\/\/www.traveltogetherinmorocco.com\/es\/wp-json\/wp\/v2\/types\/product"}],"replies":[{"embeddable":true,"href":"https:\/\/www.traveltogetherinmorocco.com\/es\/wp-json\/wp\/v2\/comments?post=10969"}],"wp:featuredmedia":[{"embeddable":true,"href":"https:\/\/www.traveltogetherinmorocco.com\/es\/wp-json\/wp\/v2\/media\/2883"}],"wp:attachment":[{"href":"https:\/\/www.traveltogetherinmorocco.com\/es\/wp-json\/wp\/v2\/media?parent=10969"}],"wp:term":[{"taxonomy":"product_brand","embeddable":true,"href":"https:\/\/www.traveltogetherinmorocco.com\/es\/wp-json\/wp\/v2\/product_brand?post=10969"},{"taxonomy":"product_cat","embeddable":true,"href":"https:\/\/www.traveltogetherinmorocco.com\/es\/wp-json\/wp\/v2\/product_cat?post=10969"},{"taxonomy":"product_tag","embeddable":true,"href":"https:\/\/www.traveltogetherinmorocco.com\/es\/wp-json\/wp\/v2\/product_tag?post=10969"}],"curies":[{"name":"wp","href":"https:\/\/api.w.org\/{rel}","templated":true}]}}