{"id":10971,"date":"2025-06-18T18:46:06","date_gmt":"2025-06-18T18:46:06","guid":{"rendered":"https:\/\/www.traveltogetherinmorocco.com\/product\/9-day-morocco-itinerary-from-casablanca-to-marrakech\/"},"modified":"2025-06-19T20:08:55","modified_gmt":"2025-06-19T20:08:55","slug":"itinerario-de-9-dias-por-marruecos-desde-casablanca-hasta-marrakech","status":"publish","type":"product","link":"https:\/\/www.traveltogetherinmorocco.com\/es\/producto\/itinerario-de-9-dias-por-marruecos-desde-casablanca-hasta-marrakech\/","title":{"rendered":"Itinerario de 9 d\u00edas por Marruecos desde Casablanca hasta Marrakech"},"content":{"rendered":"<h2>Descripci\u00f3n general:<\/h2>\n<p data-start=\"70\" data-end=\"385\">Emprende un <strong data-start=\"82\" data-end=\"130\">viaje extraordinario de 9 d\u00edas por Marruecos<\/strong>, comenzando en la <strong data-start=\"149\" data-end=\"182\">vibrante ciudad de Casablanca<\/strong> y terminando en el <strong data-start=\"202\" data-end=\"235\">coraz\u00f3n din\u00e1mico de Marrakech<\/strong>. Este <strong data-start=\"242\" data-end=\"266\">itinerario inmersivo<\/strong> es tu puerta de entrada a la <strong data-start=\"296\" data-end=\"312\">rica cultura<\/strong>, los <strong data-start=\"318\" data-end=\"341\">paisajes dram\u00e1ticos<\/strong> y las <strong data-start=\"348\" data-end=\"375\">tradiciones atemporales<\/strong> del pa\u00eds.<\/p>\n<p data-start=\"387\" data-end=\"858\">Explora las <strong data-start=\"399\" data-end=\"435\">ciudades imperiales de Marruecos<\/strong>, recorre las <strong data-start=\"449\" data-end=\"469\">antiguas medinas<\/strong>, admira las <strong data-start=\"482\" data-end=\"500\">ruinas romanas<\/strong> y vive la experiencia del <strong data-start=\"527\" data-end=\"550\">desierto del Sahara<\/strong> con un <strong data-start=\"558\" data-end=\"578\">paseo en camello<\/strong> y una <strong data-start=\"585\" data-end=\"613\">noche bajo las estrellas<\/strong>. Desde los <strong data-start=\"625\" data-end=\"671\">callejones pintados de azul de Chefchaouen<\/strong> hasta las <strong data-start=\"682\" data-end=\"719\">maravillas arquitect\u00f3nicas de Fez<\/strong> y la <strong data-start=\"725\" data-end=\"770\">belleza cinematogr\u00e1fica de Ait Ben Haddou<\/strong>, cada parada ofrece una <strong data-start=\"795\" data-end=\"830\">perspectiva nueva e inolvidable<\/strong> de esta tierra encantadora.<\/p>\n<p data-start=\"860\" data-end=\"1066\">Perfecto para viajeros que buscan un <strong data-start=\"897\" data-end=\"959\">equilibrio entre historia, naturaleza y encuentros locales<\/strong>, este itinerario de 9 d\u00edas en Marruecos garantiza <strong data-start=\"1010\" data-end=\"1037\">experiencias aut\u00e9nticas<\/strong> y <strong data-start=\"1040\" data-end=\"1065\">momentos inolvidables<\/strong>.<\/p>\n<h2 data-start=\"139\" data-end=\"422\">Aspectos destacados del tour:<\/h2>\n<ul>\n<li data-start=\"136\" data-end=\"221\">Visita la <strong data-start=\"146\" data-end=\"168\">Mezquita Hassan II<\/strong> y pasea por las <strong data-start=\"185\" data-end=\"218\">animadas calles de Casablanca<\/strong>.<\/li>\n<li data-start=\"224\" data-end=\"335\">Explora los <strong data-start=\"236\" data-end=\"270\">monumentos hist\u00f3ricos de Rabat<\/strong>, incluyendo la <strong data-start=\"286\" data-end=\"310\">Kasbah de los Udayas<\/strong> y la <strong data-start=\"316\" data-end=\"332\">Torre Hassan<\/strong>.<\/li>\n<li data-start=\"338\" data-end=\"408\">Recorre las <strong data-start=\"350\" data-end=\"405\">encantadoras calles pintadas de azul de Chefchaouen<\/strong>.<\/li>\n<li data-start=\"411\" data-end=\"467\">Descubre las <strong data-start=\"424\" data-end=\"464\">antiguas ruinas romanas de Volubilis<\/strong>.<\/li>\n<li data-start=\"470\" data-end=\"625\">Navega por la <strong data-start=\"484\" data-end=\"501\">medina de Fez<\/strong>, declarada <strong data-start=\"513\" data-end=\"557\">Patrimonio de la Humanidad por la UNESCO<\/strong>, hogar de las <strong data-start=\"572\" data-end=\"587\">curtidur\u00edas<\/strong> y la <strong data-start=\"593\" data-end=\"622\">Universidad Al-Qarawiyyin<\/strong>.<\/li>\n<li data-start=\"628\" data-end=\"738\">Monta en camello a trav\u00e9s de las <strong data-start=\"661\" data-end=\"684\">dunas de Erg Chebbi<\/strong> y contempla un <strong data-start=\"700\" data-end=\"735\">m\u00e1gico atardecer en el desierto<\/strong>.<\/li>\n<li data-start=\"741\" data-end=\"830\">Disfruta de una <strong data-start=\"757\" data-end=\"803\">pac\u00edfica noche en un campamento del Sahara<\/strong> bajo cielos estrellados.<\/li>\n<li data-start=\"833\" data-end=\"923\">Visita una <strong data-start=\"844\" data-end=\"870\">familia bereber n\u00f3mada<\/strong> y experimenta la <strong data-start=\"888\" data-end=\"920\">aut\u00e9ntica hospitalidad local<\/strong>.<\/li>\n<li data-start=\"926\" data-end=\"1017\">Marav\u00edllate con los <strong data-start=\"946\" data-end=\"972\">imponentes acantilados<\/strong> y la belleza de la <strong data-start=\"992\" data-end=\"1014\">Garganta del Todra<\/strong>.<\/li>\n<li data-start=\"1020\" data-end=\"1102\">Explora la famosa <strong data-start=\"1038\" data-end=\"1066\">Kasbah de Ait Ben Haddou<\/strong>, Patrimonio Mundial de la UNESCO.<\/li>\n<li data-start=\"1105\" data-end=\"1207\">Disfruta de vistas <strong data-start=\"1124\" data-end=\"1142\">impresionantes<\/strong> mientras cruzas las <strong data-start=\"1163\" data-end=\"1190\">Monta\u00f1as del Alto Atlas<\/strong> hacia Marrakech.<\/li>\n<\/ul>\n","protected":false},"excerpt":{"rendered":"<p>Descripci\u00f3n general: Emprende un viaje extraordinario de 9 d\u00edas por Marruecos, comenzando en la vibrante ciudad de Casablanca y terminando en el coraz\u00f3n din\u00e1mico de Marrakech. Este itinerario inmersivo es tu puerta de entrada a la rica cultura, los paisajes dram\u00e1ticos y las tradiciones atemporales del pa\u00eds. Explora las ciudades imperiales de Marruecos, recorre las [&hellip;]<\/p>\n","protected":false},"featured_media":2712,"comment_status":"open","ping_status":"closed","template":"","meta":[],"product_brand":[],"product_cat":[213,214,215],"product_tag":[],"class_list":{"0":"post-10971","1":"product","2":"type-product","3":"status-publish","4":"has-post-thumbnail","6":"product_cat-casablanca-es","7":"product_cat-luxury-tours-es","8":"product_cat-morocco-desert-tours-es","10":"first","11":"instock","12":"shipping-taxable","13":"product-type-ovabrw_car_rental"},"yoast_head":"<!-- This site is optimized with the Yoast SEO plugin v27.4 - https:\/\/yoast.com\/product\/yoast-seo-wordpress\/ -->\n<title>Itinerario de 9 d\u00edas por Marruecos desde Casablanca hasta Marrakech - travel together in morocco<\/title>\n<meta name=\"robots\" content=\"index, follow, max-snippet:-1, max-image-preview:large, max-video-preview:-1\" \/>\n<link rel=\"canonical\" href=\"https:\/\/www.traveltogetherinmorocco.com\/producto\/9-day-morocco-itinerary-from-casablanca-to-marrakech\/\" \/>\n<meta property=\"og:locale\" content=\"es_ES\" \/>\n<meta property=\"og:type\" content=\"article\" \/>\n<meta property=\"og:title\" content=\"Itinerario de 9 d\u00edas por Marruecos desde Casablanca hasta Marrakech - travel together in morocco\" \/>\n<meta property=\"og:description\" content=\"Descripci\u00f3n general: Emprende un viaje extraordinario de 9 d\u00edas por Marruecos, comenzando en la vibrante ciudad de Casablanca y terminando en el coraz\u00f3n din\u00e1mico de Marrakech. Este itinerario inmersivo es tu puerta de entrada a la rica cultura, los paisajes dram\u00e1ticos y las tradiciones atemporales del pa\u00eds. Explora las ciudades imperiales de Marruecos, recorre las [&hellip;]\" \/>\n<meta property=\"og:url\" content=\"https:\/\/www.traveltogetherinmorocco.com\/producto\/9-day-morocco-itinerary-from-casablanca-to-marrakech\/\" \/>\n<meta property=\"og:site_name\" content=\"travel together in morocco\" \/>\n<meta property=\"article:publisher\" content=\"https:\/\/www.facebook.com\/azizindesert?rdid=AM85IAprjCTIUGCP&amp;share_url=httpswww.facebook.comshare16PbxaT6ga\" \/>\n<meta property=\"article:modified_time\" content=\"2025-06-19T20:08:55+00:00\" \/>\n<meta property=\"og:image\" content=\"https:\/\/www.traveltogetherinmorocco.com\/wp-content\/uploads\/2025\/05\/11-5-scaled.webp\" \/>\n\t<meta property=\"og:image:width\" content=\"2560\" \/>\n\t<meta property=\"og:image:height\" content=\"1798\" \/>\n\t<meta property=\"og:image:type\" content=\"image\/webp\" \/>\n<meta name=\"twitter:card\" content=\"summary_large_image\" \/>\n<meta name=\"twitter:label1\" content=\"Tiempo de lectura\" \/>\n\t<meta name=\"twitter:data1\" content=\"2 minutos\" \/>\n<script type=\"application\/ld+json\" class=\"yoast-schema-graph\">{\"@context\":\"https:\\\/\\\/schema.org\",\"@graph\":[{\"@type\":\"WebPage\",\"@id\":\"https:\\\/\\\/www.traveltogetherinmorocco.com\\\/producto\\\/9-day-morocco-itinerary-from-casablanca-to-marrakech\\\/\",\"url\":\"https:\\\/\\\/www.traveltogetherinmorocco.com\\\/producto\\\/9-day-morocco-itinerary-from-casablanca-to-marrakech\\\/\",\"name\":\"Itinerario de 9 d\u00edas por Marruecos desde Casablanca hasta Marrakech - travel together in morocco\",\"isPartOf\":{\"@id\":\"https:\\\/\\\/www.traveltogetherinmorocco.com\\\/#website\"},\"primaryImageOfPage\":{\"@id\":\"https:\\\/\\\/www.traveltogetherinmorocco.com\\\/producto\\\/9-day-morocco-itinerary-from-casablanca-to-marrakech\\\/#primaryimage\"},\"image\":{\"@id\":\"https:\\\/\\\/www.traveltogetherinmorocco.com\\\/producto\\\/9-day-morocco-itinerary-from-casablanca-to-marrakech\\\/#primaryimage\"},\"thumbnailUrl\":\"https:\\\/\\\/www.traveltogetherinmorocco.com\\\/wp-content\\\/uploads\\\/2025\\\/05\\\/11-5-scaled.webp\",\"datePublished\":\"2025-06-18T18:46:06+00:00\",\"dateModified\":\"2025-06-19T20:08:55+00:00\",\"breadcrumb\":{\"@id\":\"https:\\\/\\\/www.traveltogetherinmorocco.com\\\/producto\\\/9-day-morocco-itinerary-from-casablanca-to-marrakech\\\/#breadcrumb\"},\"inLanguage\":\"es\",\"potentialAction\":[{\"@type\":\"ReadAction\",\"target\":[\"https:\\\/\\\/www.traveltogetherinmorocco.com\\\/producto\\\/9-day-morocco-itinerary-from-casablanca-to-marrakech\\\/\"]}]},{\"@type\":\"ImageObject\",\"inLanguage\":\"es\",\"@id\":\"https:\\\/\\\/www.traveltogetherinmorocco.com\\\/producto\\\/9-day-morocco-itinerary-from-casablanca-to-marrakech\\\/#primaryimage\",\"url\":\"https:\\\/\\\/www.traveltogetherinmorocco.com\\\/wp-content\\\/uploads\\\/2025\\\/05\\\/11-5-scaled.webp\",\"contentUrl\":\"https:\\\/\\\/www.traveltogetherinmorocco.com\\\/wp-content\\\/uploads\\\/2025\\\/05\\\/11-5-scaled.webp\",\"width\":2560,\"height\":1798},{\"@type\":\"BreadcrumbList\",\"@id\":\"https:\\\/\\\/www.traveltogetherinmorocco.com\\\/producto\\\/9-day-morocco-itinerary-from-casablanca-to-marrakech\\\/#breadcrumb\",\"itemListElement\":[{\"@type\":\"ListItem\",\"position\":1,\"name\":\"Home\",\"item\":\"https:\\\/\\\/www.traveltogetherinmorocco.com\\\/es\\\/\"},{\"@type\":\"ListItem\",\"position\":2,\"name\":\"Products\",\"item\":\"https:\\\/\\\/www.traveltogetherinmorocco.com\\\/shop\\\/\"},{\"@type\":\"ListItem\",\"position\":3,\"name\":\"Itinerario de 9 d\u00edas por Marruecos desde Casablanca hasta Marrakech\"}]},{\"@type\":\"WebSite\",\"@id\":\"https:\\\/\\\/www.traveltogetherinmorocco.com\\\/#website\",\"url\":\"https:\\\/\\\/www.traveltogetherinmorocco.com\\\/\",\"name\":\"travel together in morocco\",\"description\":\"Authentic Tours Across Morocco, Together with Local Experts\",\"publisher\":{\"@id\":\"https:\\\/\\\/www.traveltogetherinmorocco.com\\\/#organization\"},\"potentialAction\":[{\"@type\":\"SearchAction\",\"target\":{\"@type\":\"EntryPoint\",\"urlTemplate\":\"https:\\\/\\\/www.traveltogetherinmorocco.com\\\/?s={search_term_string}\"},\"query-input\":{\"@type\":\"PropertyValueSpecification\",\"valueRequired\":true,\"valueName\":\"search_term_string\"}}],\"inLanguage\":\"es\"},{\"@type\":\"Organization\",\"@id\":\"https:\\\/\\\/www.traveltogetherinmorocco.com\\\/#organization\",\"name\":\"travel together in morocco\",\"url\":\"https:\\\/\\\/www.traveltogetherinmorocco.com\\\/\",\"logo\":{\"@type\":\"ImageObject\",\"inLanguage\":\"es\",\"@id\":\"https:\\\/\\\/www.traveltogetherinmorocco.com\\\/#\\\/schema\\\/logo\\\/image\\\/\",\"url\":\"https:\\\/\\\/www.traveltogetherinmorocco.com\\\/wp-content\\\/uploads\\\/2025\\\/06\\\/cropped-favicon.png\",\"contentUrl\":\"https:\\\/\\\/www.traveltogetherinmorocco.com\\\/wp-content\\\/uploads\\\/2025\\\/06\\\/cropped-favicon.png\",\"width\":512,\"height\":512,\"caption\":\"travel together in morocco\"},\"image\":{\"@id\":\"https:\\\/\\\/www.traveltogetherinmorocco.com\\\/#\\\/schema\\\/logo\\\/image\\\/\"},\"sameAs\":[\"https:\\\/\\\/www.facebook.com\\\/azizindesert?rdid=AM85IAprjCTIUGCP&share_url=httpswww.facebook.comshare16PbxaT6ga\",\"https:\\\/\\\/www.instagram.com\\\/travel_together_in_morocco\\\/\"]}]}<\/script>\n<!-- \/ Yoast SEO plugin. -->","yoast_head_json":{"title":"Itinerario de 9 d\u00edas por Marruecos desde Casablanca hasta Marrakech - travel together in morocco","robots":{"index":"index","follow":"follow","max-snippet":"max-snippet:-1","max-image-preview":"max-image-preview:large","max-video-preview":"max-video-preview:-1"},"canonical":"https:\/\/www.traveltogetherinmorocco.com\/producto\/9-day-morocco-itinerary-from-casablanca-to-marrakech\/","og_locale":"es_ES","og_type":"article","og_title":"Itinerario de 9 d\u00edas por Marruecos desde Casablanca hasta Marrakech - travel together in morocco","og_description":"Descripci\u00f3n general: Emprende un viaje extraordinario de 9 d\u00edas por Marruecos, comenzando en la vibrante ciudad de Casablanca y terminando en el coraz\u00f3n din\u00e1mico de Marrakech. Este itinerario inmersivo es tu puerta de entrada a la rica cultura, los paisajes dram\u00e1ticos y las tradiciones atemporales del pa\u00eds. Explora las ciudades imperiales de Marruecos, recorre las [&hellip;]","og_url":"https:\/\/www.traveltogetherinmorocco.com\/producto\/9-day-morocco-itinerary-from-casablanca-to-marrakech\/","og_site_name":"travel together in morocco","article_publisher":"https:\/\/www.facebook.com\/azizindesert?rdid=AM85IAprjCTIUGCP&share_url=httpswww.facebook.comshare16PbxaT6ga","article_modified_time":"2025-06-19T20:08:55+00:00","og_image":[{"width":2560,"height":1798,"url":"https:\/\/www.traveltogetherinmorocco.com\/wp-content\/uploads\/2025\/05\/11-5-scaled.webp","type":"image\/webp"}],"twitter_card":"summary_large_image","twitter_misc":{"Tiempo de lectura":"2 minutos"},"schema":{"@context":"https:\/\/schema.org","@graph":[{"@type":"WebPage","@id":"https:\/\/www.traveltogetherinmorocco.com\/producto\/9-day-morocco-itinerary-from-casablanca-to-marrakech\/","url":"https:\/\/www.traveltogetherinmorocco.com\/producto\/9-day-morocco-itinerary-from-casablanca-to-marrakech\/","name":"Itinerario de 9 d\u00edas por Marruecos desde Casablanca hasta Marrakech - travel together in morocco","isPartOf":{"@id":"https:\/\/www.traveltogetherinmorocco.com\/#website"},"primaryImageOfPage":{"@id":"https:\/\/www.traveltogetherinmorocco.com\/producto\/9-day-morocco-itinerary-from-casablanca-to-marrakech\/#primaryimage"},"image":{"@id":"https:\/\/www.traveltogetherinmorocco.com\/producto\/9-day-morocco-itinerary-from-casablanca-to-marrakech\/#primaryimage"},"thumbnailUrl":"https:\/\/www.traveltogetherinmorocco.com\/wp-content\/uploads\/2025\/05\/11-5-scaled.webp","datePublished":"2025-06-18T18:46:06+00:00","dateModified":"2025-06-19T20:08:55+00:00","breadcrumb":{"@id":"https:\/\/www.traveltogetherinmorocco.com\/producto\/9-day-morocco-itinerary-from-casablanca-to-marrakech\/#breadcrumb"},"inLanguage":"es","potentialAction":[{"@type":"ReadAction","target":["https:\/\/www.traveltogetherinmorocco.com\/producto\/9-day-morocco-itinerary-from-casablanca-to-marrakech\/"]}]},{"@type":"ImageObject","inLanguage":"es","@id":"https:\/\/www.traveltogetherinmorocco.com\/producto\/9-day-morocco-itinerary-from-casablanca-to-marrakech\/#primaryimage","url":"https:\/\/www.traveltogetherinmorocco.com\/wp-content\/uploads\/2025\/05\/11-5-scaled.webp","contentUrl":"https:\/\/www.traveltogetherinmorocco.com\/wp-content\/uploads\/2025\/05\/11-5-scaled.webp","width":2560,"height":1798},{"@type":"BreadcrumbList","@id":"https:\/\/www.traveltogetherinmorocco.com\/producto\/9-day-morocco-itinerary-from-casablanca-to-marrakech\/#breadcrumb","itemListElement":[{"@type":"ListItem","position":1,"name":"Home","item":"https:\/\/www.traveltogetherinmorocco.com\/es\/"},{"@type":"ListItem","position":2,"name":"Products","item":"https:\/\/www.traveltogetherinmorocco.com\/shop\/"},{"@type":"ListItem","position":3,"name":"Itinerario de 9 d\u00edas por Marruecos desde Casablanca hasta Marrakech"}]},{"@type":"WebSite","@id":"https:\/\/www.traveltogetherinmorocco.com\/#website","url":"https:\/\/www.traveltogetherinmorocco.com\/","name":"travel together in morocco","description":"Authentic Tours Across Morocco, Together with Local Experts","publisher":{"@id":"https:\/\/www.traveltogetherinmorocco.com\/#organization"},"potentialAction":[{"@type":"SearchAction","target":{"@type":"EntryPoint","urlTemplate":"https:\/\/www.traveltogetherinmorocco.com\/?s={search_term_string}"},"query-input":{"@type":"PropertyValueSpecification","valueRequired":true,"valueName":"search_term_string"}}],"inLanguage":"es"},{"@type":"Organization","@id":"https:\/\/www.traveltogetherinmorocco.com\/#organization","name":"travel together in morocco","url":"https:\/\/www.traveltogetherinmorocco.com\/","logo":{"@type":"ImageObject","inLanguage":"es","@id":"https:\/\/www.traveltogetherinmorocco.com\/#\/schema\/logo\/image\/","url":"https:\/\/www.traveltogetherinmorocco.com\/wp-content\/uploads\/2025\/06\/cropped-favicon.png","contentUrl":"https:\/\/www.traveltogetherinmorocco.com\/wp-content\/uploads\/2025\/06\/cropped-favicon.png","width":512,"height":512,"caption":"travel together in morocco"},"image":{"@id":"https:\/\/www.traveltogetherinmorocco.com\/#\/schema\/logo\/image\/"},"sameAs":["https:\/\/www.facebook.com\/azizindesert?rdid=AM85IAprjCTIUGCP&share_url=httpswww.facebook.comshare16PbxaT6ga","https:\/\/www.instagram.com\/travel_together_in_morocco\/"]}]}},"_links":{"self":[{"href":"https:\/\/www.traveltogetherinmorocco.com\/es\/wp-json\/wp\/v2\/product\/10971","targetHints":{"allow":["GET"]}}],"collection":[{"href":"https:\/\/www.traveltogetherinmorocco.com\/es\/wp-json\/wp\/v2\/product"}],"about":[{"href":"https:\/\/www.traveltogetherinmorocco.com\/es\/wp-json\/wp\/v2\/types\/product"}],"replies":[{"embeddable":true,"href":"https:\/\/www.traveltogetherinmorocco.com\/es\/wp-json\/wp\/v2\/comments?post=10971"}],"wp:featuredmedia":[{"embeddable":true,"href":"https:\/\/www.traveltogetherinmorocco.com\/es\/wp-json\/wp\/v2\/media\/2712"}],"wp:attachment":[{"href":"https:\/\/www.traveltogetherinmorocco.com\/es\/wp-json\/wp\/v2\/media?parent=10971"}],"wp:term":[{"taxonomy":"product_brand","embeddable":true,"href":"https:\/\/www.traveltogetherinmorocco.com\/es\/wp-json\/wp\/v2\/product_brand?post=10971"},{"taxonomy":"product_cat","embeddable":true,"href":"https:\/\/www.traveltogetherinmorocco.com\/es\/wp-json\/wp\/v2\/product_cat?post=10971"},{"taxonomy":"product_tag","embeddable":true,"href":"https:\/\/www.traveltogetherinmorocco.com\/es\/wp-json\/wp\/v2\/product_tag?post=10971"}],"curies":[{"name":"wp","href":"https:\/\/api.w.org\/{rel}","templated":true}]}}