{"id":10973,"date":"2025-06-18T18:30:15","date_gmt":"2025-06-18T18:30:15","guid":{"rendered":"https:\/\/www.traveltogetherinmorocco.com\/product\/8-day-morocco-tour-from-casablanca-to-marrakech\/"},"modified":"2025-06-19T20:33:34","modified_gmt":"2025-06-19T20:33:34","slug":"tour-de-8-dias-por-marruecos-desde-casablanca-hasta-marrakech","status":"publish","type":"product","link":"https:\/\/www.traveltogetherinmorocco.com\/es\/producto\/tour-de-8-dias-por-marruecos-desde-casablanca-hasta-marrakech\/","title":{"rendered":"Tour de 8 d\u00edas por Marruecos desde Casablanca hasta Marrakech"},"content":{"rendered":"<h2>Descripci\u00f3n general:<\/h2>\n<p data-start=\"70\" data-end=\"568\">Emprende un <strong data-start=\"82\" data-end=\"127\">viaje inolvidable de 8 d\u00edas por Marruecos<\/strong>, desde <strong data-start=\"135\" data-end=\"165\">Casablanca hasta Marrakech<\/strong>, explorando las <strong data-start=\"182\" data-end=\"204\">vibrantes ciudades<\/strong>, los <strong data-start=\"210\" data-end=\"229\">sitios antiguos<\/strong> y la <strong data-start=\"235\" data-end=\"268\">impresionante belleza natural<\/strong> del pa\u00eds. Este <strong data-start=\"284\" data-end=\"322\">itinerario cuidadosamente dise\u00f1ado<\/strong> combina <strong data-start=\"331\" data-end=\"342\">cultura<\/strong>, <strong data-start=\"344\" data-end=\"356\">aventura<\/strong> y <strong data-start=\"359\" data-end=\"373\">relajaci\u00f3n<\/strong>, d\u00e1ndote la oportunidad de recorrer las <strong data-start=\"414\" data-end=\"459\">encantadoras calles azules de Chefchaouen<\/strong>, descubrir los <strong data-start=\"475\" data-end=\"504\">tesoros culturales de Fez<\/strong> y admirar las <strong data-start=\"519\" data-end=\"567\">impresionantes dunas del desierto del Sahara<\/strong>.<\/p>\n<p data-start=\"570\" data-end=\"976\">Saborea los <strong data-start=\"582\" data-end=\"625\">sabores de la aut\u00e9ntica cocina marroqu\u00ed<\/strong>, pi\u00e9rdete en los <strong data-start=\"643\" data-end=\"661\">animados souks<\/strong> y marav\u00edllate con la <strong data-start=\"683\" data-end=\"709\">exquisita arquitectura<\/strong> que cuenta la historia de la <strong data-start=\"739\" data-end=\"772\">diversa herencia de Marruecos<\/strong>. Desde observar las <strong data-start=\"793\" data-end=\"821\">estrellas en el desierto<\/strong> hasta recorrer los <strong data-start=\"841\" data-end=\"879\">callejones hist\u00f3ricos de Marrakech<\/strong>, cada d\u00eda de este viaje revela un nuevo cap\u00edtulo en el <strong data-start=\"935\" data-end=\"975\">vibrante tapiz cultural de Marruecos<\/strong>.<\/p>\n<p data-start=\"978\" data-end=\"1262\">Ya sea que explores las <strong data-start=\"1002\" data-end=\"1033\">ruinas romanas de Volubilis<\/strong>, montes en camello por las <strong data-start=\"1061\" data-end=\"1090\">dunas doradas de Merzouga<\/strong> o te relajes entre los <strong data-start=\"1114\" data-end=\"1163\">dram\u00e1ticos paisajes de las Monta\u00f1as del Atlas<\/strong>, este tour promete <strong data-start=\"1183\" data-end=\"1261\">8 d\u00edas de maravillas, descubrimientos y experiencias aut\u00e9nticas marroqu\u00edes<\/strong>.<\/p>\n<h2 data-start=\"139\" data-end=\"422\">Aspectos destacados del tour:<\/h2>\n<ul>\n<li data-start=\"80\" data-end=\"148\">Marav\u00edllate con la <strong data-start=\"99\" data-end=\"132\">majestuosa Mezquita Hassan II<\/strong> en Casablanca<\/li>\n<li data-start=\"151\" data-end=\"213\">Pasea por los <strong data-start=\"165\" data-end=\"196\">callejones m\u00e1gicos y azules<\/strong> de Chefchaouen<\/li>\n<li data-start=\"216\" data-end=\"270\">Explora las <strong data-start=\"228\" data-end=\"268\">antiguas ruinas romanas de Volubilis<\/strong><\/li>\n<li data-start=\"273\" data-end=\"353\">Pi\u00e9rdete en la <strong data-start=\"288\" data-end=\"317\">medina laber\u00edntica de Fez<\/strong>, rica en <strong data-start=\"327\" data-end=\"351\">historia y tradici\u00f3n<\/strong><\/li>\n<li data-start=\"356\" data-end=\"432\">Vive un <strong data-start=\"364\" data-end=\"384\">paseo en camello<\/strong> por las <strong data-start=\"393\" data-end=\"417\">dunas del Erg Chebbi<\/strong> en el Sahara<\/li>\n<li data-start=\"435\" data-end=\"516\">Disfruta del <strong data-start=\"448\" data-end=\"486\">impresionante amanecer y atardecer<\/strong> sobre las <strong data-start=\"497\" data-end=\"514\">dunas doradas<\/strong><\/li>\n<li data-start=\"519\" data-end=\"616\">Pasa una <strong data-start=\"528\" data-end=\"568\">noche inolvidable bajo las estrellas<\/strong> en un <strong data-start=\"575\" data-end=\"614\">campamento del desierto de Merzouga<\/strong><\/li>\n<li data-start=\"619\" data-end=\"674\">Descubre la <strong data-start=\"631\" data-end=\"672\">belleza dram\u00e1tica del Ca\u00f1\u00f3n del Todra<\/strong><\/li>\n<li data-start=\"677\" data-end=\"749\">Contempla las <strong data-start=\"691\" data-end=\"747\">vistas impresionantes de las Monta\u00f1as del Alto Atlas<\/strong><\/li>\n<li data-start=\"752\" data-end=\"835\">Sum\u00e9rgete en la <strong data-start=\"768\" data-end=\"788\">vibrante cultura<\/strong>, los <strong data-start=\"794\" data-end=\"803\">souks<\/strong> y los <strong data-start=\"810\" data-end=\"835\">palacios de Marrakech<\/strong><\/li>\n<\/ul>\n","protected":false},"excerpt":{"rendered":"<p>Descripci\u00f3n general: Emprende un viaje inolvidable de 8 d\u00edas por Marruecos, desde Casablanca hasta Marrakech, explorando las vibrantes ciudades, los sitios antiguos y la impresionante belleza natural del pa\u00eds. Este itinerario cuidadosamente dise\u00f1ado combina cultura, aventura y relajaci\u00f3n, d\u00e1ndote la oportunidad de recorrer las encantadoras calles azules de Chefchaouen, descubrir los tesoros culturales de Fez [&hellip;]<\/p>\n","protected":false},"featured_media":2799,"comment_status":"open","ping_status":"closed","template":"","meta":[],"product_brand":[],"product_cat":[213,215],"product_tag":[],"class_list":{"0":"post-10973","1":"product","2":"type-product","3":"status-publish","4":"has-post-thumbnail","6":"product_cat-casablanca-es","7":"product_cat-morocco-desert-tours-es","9":"first","10":"instock","11":"shipping-taxable","12":"product-type-ovabrw_car_rental"},"yoast_head":"<!-- This site is optimized with the Yoast SEO plugin v27.4 - https:\/\/yoast.com\/product\/yoast-seo-wordpress\/ -->\n<title>Tour de 8 d\u00edas por Marruecos desde Casablanca hasta Marrakech - travel together in morocco<\/title>\n<meta name=\"robots\" content=\"index, follow, max-snippet:-1, max-image-preview:large, max-video-preview:-1\" \/>\n<link rel=\"canonical\" href=\"https:\/\/www.traveltogetherinmorocco.com\/producto\/8-day-morocco-tour-from-casablanca-to-marrakech\/\" \/>\n<meta property=\"og:locale\" content=\"es_ES\" \/>\n<meta property=\"og:type\" content=\"article\" \/>\n<meta property=\"og:title\" content=\"Tour de 8 d\u00edas por Marruecos desde Casablanca hasta Marrakech - travel together in morocco\" \/>\n<meta property=\"og:description\" content=\"Descripci\u00f3n general: Emprende un viaje inolvidable de 8 d\u00edas por Marruecos, desde Casablanca hasta Marrakech, explorando las vibrantes ciudades, los sitios antiguos y la impresionante belleza natural del pa\u00eds. Este itinerario cuidadosamente dise\u00f1ado combina cultura, aventura y relajaci\u00f3n, d\u00e1ndote la oportunidad de recorrer las encantadoras calles azules de Chefchaouen, descubrir los tesoros culturales de Fez [&hellip;]\" \/>\n<meta property=\"og:url\" content=\"https:\/\/www.traveltogetherinmorocco.com\/producto\/8-day-morocco-tour-from-casablanca-to-marrakech\/\" \/>\n<meta property=\"og:site_name\" content=\"travel together in morocco\" \/>\n<meta property=\"article:publisher\" content=\"https:\/\/www.facebook.com\/azizindesert?rdid=AM85IAprjCTIUGCP&amp;share_url=httpswww.facebook.comshare16PbxaT6ga\" \/>\n<meta property=\"article:modified_time\" content=\"2025-06-19T20:33:34+00:00\" \/>\n<meta property=\"og:image\" content=\"https:\/\/www.traveltogetherinmorocco.com\/wp-content\/uploads\/2025\/05\/3-26-scaled.webp\" \/>\n\t<meta property=\"og:image:width\" content=\"2560\" \/>\n\t<meta property=\"og:image:height\" content=\"1798\" \/>\n\t<meta property=\"og:image:type\" content=\"image\/webp\" \/>\n<meta name=\"twitter:card\" content=\"summary_large_image\" \/>\n<meta name=\"twitter:label1\" content=\"Tiempo de lectura\" \/>\n\t<meta name=\"twitter:data1\" content=\"1 minuto\" \/>\n<script type=\"application\/ld+json\" class=\"yoast-schema-graph\">{\"@context\":\"https:\\\/\\\/schema.org\",\"@graph\":[{\"@type\":\"WebPage\",\"@id\":\"https:\\\/\\\/www.traveltogetherinmorocco.com\\\/producto\\\/8-day-morocco-tour-from-casablanca-to-marrakech\\\/\",\"url\":\"https:\\\/\\\/www.traveltogetherinmorocco.com\\\/producto\\\/8-day-morocco-tour-from-casablanca-to-marrakech\\\/\",\"name\":\"Tour de 8 d\u00edas por Marruecos desde Casablanca hasta Marrakech - travel together in morocco\",\"isPartOf\":{\"@id\":\"https:\\\/\\\/www.traveltogetherinmorocco.com\\\/#website\"},\"primaryImageOfPage\":{\"@id\":\"https:\\\/\\\/www.traveltogetherinmorocco.com\\\/producto\\\/8-day-morocco-tour-from-casablanca-to-marrakech\\\/#primaryimage\"},\"image\":{\"@id\":\"https:\\\/\\\/www.traveltogetherinmorocco.com\\\/producto\\\/8-day-morocco-tour-from-casablanca-to-marrakech\\\/#primaryimage\"},\"thumbnailUrl\":\"https:\\\/\\\/www.traveltogetherinmorocco.com\\\/wp-content\\\/uploads\\\/2025\\\/05\\\/3-26-scaled.webp\",\"datePublished\":\"2025-06-18T18:30:15+00:00\",\"dateModified\":\"2025-06-19T20:33:34+00:00\",\"breadcrumb\":{\"@id\":\"https:\\\/\\\/www.traveltogetherinmorocco.com\\\/producto\\\/8-day-morocco-tour-from-casablanca-to-marrakech\\\/#breadcrumb\"},\"inLanguage\":\"es\",\"potentialAction\":[{\"@type\":\"ReadAction\",\"target\":[\"https:\\\/\\\/www.traveltogetherinmorocco.com\\\/producto\\\/8-day-morocco-tour-from-casablanca-to-marrakech\\\/\"]}]},{\"@type\":\"ImageObject\",\"inLanguage\":\"es\",\"@id\":\"https:\\\/\\\/www.traveltogetherinmorocco.com\\\/producto\\\/8-day-morocco-tour-from-casablanca-to-marrakech\\\/#primaryimage\",\"url\":\"https:\\\/\\\/www.traveltogetherinmorocco.com\\\/wp-content\\\/uploads\\\/2025\\\/05\\\/3-26-scaled.webp\",\"contentUrl\":\"https:\\\/\\\/www.traveltogetherinmorocco.com\\\/wp-content\\\/uploads\\\/2025\\\/05\\\/3-26-scaled.webp\",\"width\":2560,\"height\":1798},{\"@type\":\"BreadcrumbList\",\"@id\":\"https:\\\/\\\/www.traveltogetherinmorocco.com\\\/producto\\\/8-day-morocco-tour-from-casablanca-to-marrakech\\\/#breadcrumb\",\"itemListElement\":[{\"@type\":\"ListItem\",\"position\":1,\"name\":\"Home\",\"item\":\"https:\\\/\\\/www.traveltogetherinmorocco.com\\\/es\\\/\"},{\"@type\":\"ListItem\",\"position\":2,\"name\":\"Products\",\"item\":\"https:\\\/\\\/www.traveltogetherinmorocco.com\\\/shop\\\/\"},{\"@type\":\"ListItem\",\"position\":3,\"name\":\"Tour de 8 d\u00edas por Marruecos desde Casablanca hasta Marrakech\"}]},{\"@type\":\"WebSite\",\"@id\":\"https:\\\/\\\/www.traveltogetherinmorocco.com\\\/#website\",\"url\":\"https:\\\/\\\/www.traveltogetherinmorocco.com\\\/\",\"name\":\"travel together in morocco\",\"description\":\"Authentic Tours Across Morocco, Together with Local Experts\",\"publisher\":{\"@id\":\"https:\\\/\\\/www.traveltogetherinmorocco.com\\\/#organization\"},\"potentialAction\":[{\"@type\":\"SearchAction\",\"target\":{\"@type\":\"EntryPoint\",\"urlTemplate\":\"https:\\\/\\\/www.traveltogetherinmorocco.com\\\/?s={search_term_string}\"},\"query-input\":{\"@type\":\"PropertyValueSpecification\",\"valueRequired\":true,\"valueName\":\"search_term_string\"}}],\"inLanguage\":\"es\"},{\"@type\":\"Organization\",\"@id\":\"https:\\\/\\\/www.traveltogetherinmorocco.com\\\/#organization\",\"name\":\"travel together in morocco\",\"url\":\"https:\\\/\\\/www.traveltogetherinmorocco.com\\\/\",\"logo\":{\"@type\":\"ImageObject\",\"inLanguage\":\"es\",\"@id\":\"https:\\\/\\\/www.traveltogetherinmorocco.com\\\/#\\\/schema\\\/logo\\\/image\\\/\",\"url\":\"https:\\\/\\\/www.traveltogetherinmorocco.com\\\/wp-content\\\/uploads\\\/2025\\\/06\\\/cropped-favicon.png\",\"contentUrl\":\"https:\\\/\\\/www.traveltogetherinmorocco.com\\\/wp-content\\\/uploads\\\/2025\\\/06\\\/cropped-favicon.png\",\"width\":512,\"height\":512,\"caption\":\"travel together in morocco\"},\"image\":{\"@id\":\"https:\\\/\\\/www.traveltogetherinmorocco.com\\\/#\\\/schema\\\/logo\\\/image\\\/\"},\"sameAs\":[\"https:\\\/\\\/www.facebook.com\\\/azizindesert?rdid=AM85IAprjCTIUGCP&share_url=httpswww.facebook.comshare16PbxaT6ga\",\"https:\\\/\\\/www.instagram.com\\\/travel_together_in_morocco\\\/\"]}]}<\/script>\n<!-- \/ Yoast SEO plugin. -->","yoast_head_json":{"title":"Tour de 8 d\u00edas por Marruecos desde Casablanca hasta Marrakech - travel together in morocco","robots":{"index":"index","follow":"follow","max-snippet":"max-snippet:-1","max-image-preview":"max-image-preview:large","max-video-preview":"max-video-preview:-1"},"canonical":"https:\/\/www.traveltogetherinmorocco.com\/producto\/8-day-morocco-tour-from-casablanca-to-marrakech\/","og_locale":"es_ES","og_type":"article","og_title":"Tour de 8 d\u00edas por Marruecos desde Casablanca hasta Marrakech - travel together in morocco","og_description":"Descripci\u00f3n general: Emprende un viaje inolvidable de 8 d\u00edas por Marruecos, desde Casablanca hasta Marrakech, explorando las vibrantes ciudades, los sitios antiguos y la impresionante belleza natural del pa\u00eds. Este itinerario cuidadosamente dise\u00f1ado combina cultura, aventura y relajaci\u00f3n, d\u00e1ndote la oportunidad de recorrer las encantadoras calles azules de Chefchaouen, descubrir los tesoros culturales de Fez [&hellip;]","og_url":"https:\/\/www.traveltogetherinmorocco.com\/producto\/8-day-morocco-tour-from-casablanca-to-marrakech\/","og_site_name":"travel together in morocco","article_publisher":"https:\/\/www.facebook.com\/azizindesert?rdid=AM85IAprjCTIUGCP&share_url=httpswww.facebook.comshare16PbxaT6ga","article_modified_time":"2025-06-19T20:33:34+00:00","og_image":[{"width":2560,"height":1798,"url":"https:\/\/www.traveltogetherinmorocco.com\/wp-content\/uploads\/2025\/05\/3-26-scaled.webp","type":"image\/webp"}],"twitter_card":"summary_large_image","twitter_misc":{"Tiempo de lectura":"1 minuto"},"schema":{"@context":"https:\/\/schema.org","@graph":[{"@type":"WebPage","@id":"https:\/\/www.traveltogetherinmorocco.com\/producto\/8-day-morocco-tour-from-casablanca-to-marrakech\/","url":"https:\/\/www.traveltogetherinmorocco.com\/producto\/8-day-morocco-tour-from-casablanca-to-marrakech\/","name":"Tour de 8 d\u00edas por Marruecos desde Casablanca hasta Marrakech - travel together in morocco","isPartOf":{"@id":"https:\/\/www.traveltogetherinmorocco.com\/#website"},"primaryImageOfPage":{"@id":"https:\/\/www.traveltogetherinmorocco.com\/producto\/8-day-morocco-tour-from-casablanca-to-marrakech\/#primaryimage"},"image":{"@id":"https:\/\/www.traveltogetherinmorocco.com\/producto\/8-day-morocco-tour-from-casablanca-to-marrakech\/#primaryimage"},"thumbnailUrl":"https:\/\/www.traveltogetherinmorocco.com\/wp-content\/uploads\/2025\/05\/3-26-scaled.webp","datePublished":"2025-06-18T18:30:15+00:00","dateModified":"2025-06-19T20:33:34+00:00","breadcrumb":{"@id":"https:\/\/www.traveltogetherinmorocco.com\/producto\/8-day-morocco-tour-from-casablanca-to-marrakech\/#breadcrumb"},"inLanguage":"es","potentialAction":[{"@type":"ReadAction","target":["https:\/\/www.traveltogetherinmorocco.com\/producto\/8-day-morocco-tour-from-casablanca-to-marrakech\/"]}]},{"@type":"ImageObject","inLanguage":"es","@id":"https:\/\/www.traveltogetherinmorocco.com\/producto\/8-day-morocco-tour-from-casablanca-to-marrakech\/#primaryimage","url":"https:\/\/www.traveltogetherinmorocco.com\/wp-content\/uploads\/2025\/05\/3-26-scaled.webp","contentUrl":"https:\/\/www.traveltogetherinmorocco.com\/wp-content\/uploads\/2025\/05\/3-26-scaled.webp","width":2560,"height":1798},{"@type":"BreadcrumbList","@id":"https:\/\/www.traveltogetherinmorocco.com\/producto\/8-day-morocco-tour-from-casablanca-to-marrakech\/#breadcrumb","itemListElement":[{"@type":"ListItem","position":1,"name":"Home","item":"https:\/\/www.traveltogetherinmorocco.com\/es\/"},{"@type":"ListItem","position":2,"name":"Products","item":"https:\/\/www.traveltogetherinmorocco.com\/shop\/"},{"@type":"ListItem","position":3,"name":"Tour de 8 d\u00edas por Marruecos desde Casablanca hasta Marrakech"}]},{"@type":"WebSite","@id":"https:\/\/www.traveltogetherinmorocco.com\/#website","url":"https:\/\/www.traveltogetherinmorocco.com\/","name":"travel together in morocco","description":"Authentic Tours Across Morocco, Together with Local Experts","publisher":{"@id":"https:\/\/www.traveltogetherinmorocco.com\/#organization"},"potentialAction":[{"@type":"SearchAction","target":{"@type":"EntryPoint","urlTemplate":"https:\/\/www.traveltogetherinmorocco.com\/?s={search_term_string}"},"query-input":{"@type":"PropertyValueSpecification","valueRequired":true,"valueName":"search_term_string"}}],"inLanguage":"es"},{"@type":"Organization","@id":"https:\/\/www.traveltogetherinmorocco.com\/#organization","name":"travel together in morocco","url":"https:\/\/www.traveltogetherinmorocco.com\/","logo":{"@type":"ImageObject","inLanguage":"es","@id":"https:\/\/www.traveltogetherinmorocco.com\/#\/schema\/logo\/image\/","url":"https:\/\/www.traveltogetherinmorocco.com\/wp-content\/uploads\/2025\/06\/cropped-favicon.png","contentUrl":"https:\/\/www.traveltogetherinmorocco.com\/wp-content\/uploads\/2025\/06\/cropped-favicon.png","width":512,"height":512,"caption":"travel together in morocco"},"image":{"@id":"https:\/\/www.traveltogetherinmorocco.com\/#\/schema\/logo\/image\/"},"sameAs":["https:\/\/www.facebook.com\/azizindesert?rdid=AM85IAprjCTIUGCP&share_url=httpswww.facebook.comshare16PbxaT6ga","https:\/\/www.instagram.com\/travel_together_in_morocco\/"]}]}},"_links":{"self":[{"href":"https:\/\/www.traveltogetherinmorocco.com\/es\/wp-json\/wp\/v2\/product\/10973","targetHints":{"allow":["GET"]}}],"collection":[{"href":"https:\/\/www.traveltogetherinmorocco.com\/es\/wp-json\/wp\/v2\/product"}],"about":[{"href":"https:\/\/www.traveltogetherinmorocco.com\/es\/wp-json\/wp\/v2\/types\/product"}],"replies":[{"embeddable":true,"href":"https:\/\/www.traveltogetherinmorocco.com\/es\/wp-json\/wp\/v2\/comments?post=10973"}],"wp:featuredmedia":[{"embeddable":true,"href":"https:\/\/www.traveltogetherinmorocco.com\/es\/wp-json\/wp\/v2\/media\/2799"}],"wp:attachment":[{"href":"https:\/\/www.traveltogetherinmorocco.com\/es\/wp-json\/wp\/v2\/media?parent=10973"}],"wp:term":[{"taxonomy":"product_brand","embeddable":true,"href":"https:\/\/www.traveltogetherinmorocco.com\/es\/wp-json\/wp\/v2\/product_brand?post=10973"},{"taxonomy":"product_cat","embeddable":true,"href":"https:\/\/www.traveltogetherinmorocco.com\/es\/wp-json\/wp\/v2\/product_cat?post=10973"},{"taxonomy":"product_tag","embeddable":true,"href":"https:\/\/www.traveltogetherinmorocco.com\/es\/wp-json\/wp\/v2\/product_tag?post=10973"}],"curies":[{"name":"wp","href":"https:\/\/api.w.org\/{rel}","templated":true}]}}