{"id":10975,"date":"2025-06-18T18:17:59","date_gmt":"2025-06-18T18:17:59","guid":{"rendered":"https:\/\/www.traveltogetherinmorocco.com\/product\/8-day-morocco-itinerary-from-tangier-to-marrakech\/"},"modified":"2025-06-19T20:42:43","modified_gmt":"2025-06-19T20:42:43","slug":"itinerario-de-8-dias-por-marruecos-desde-tanger-hasta-marrakech","status":"publish","type":"product","link":"https:\/\/www.traveltogetherinmorocco.com\/es\/producto\/itinerario-de-8-dias-por-marruecos-desde-tanger-hasta-marrakech\/","title":{"rendered":"Itinerario de 8 d\u00edas por Marruecos desde T\u00e1nger hasta Marrakech"},"content":{"rendered":"<h2>Descripci\u00f3n general:<\/h2>\n<p data-start=\"94\" data-end=\"582\">Descubre lo mejor de <strong data-start=\"115\" data-end=\"128\">Marruecos<\/strong> en este <strong data-start=\"137\" data-end=\"158\">inolvidable viaje<\/strong> desde <strong data-start=\"165\" data-end=\"191\">T\u00e1nger hasta Marrakech<\/strong>, con una <strong data-start=\"201\" data-end=\"236\">excursi\u00f3n de un d\u00eda a Essaouira<\/strong>. Comienza tu aventura en <strong data-start=\"262\" data-end=\"272\">T\u00e1nger<\/strong>, una <strong data-start=\"278\" data-end=\"305\">vibrante ciudad costera<\/strong> donde se encuentran las culturas <strong data-start=\"339\" data-end=\"361\">africana y europea<\/strong>. Pasea por la hist\u00f3rica <strong data-start=\"386\" data-end=\"396\">Kasbah<\/strong>, disfruta de las <strong data-start=\"414\" data-end=\"434\">vistas al oc\u00e9ano<\/strong> y saborea la <strong data-start=\"448\" data-end=\"477\">aut\u00e9ntica cocina marroqu\u00ed<\/strong>. Contin\u00faa hacia <strong data-start=\"494\" data-end=\"509\">Chefchaouen<\/strong>, famosa por sus <strong data-start=\"526\" data-end=\"554\">llamativas calles azules<\/strong> y su entorno <strong data-start=\"568\" data-end=\"581\">monta\u00f1oso<\/strong>.<\/p>\n<p data-start=\"584\" data-end=\"997\">En <strong data-start=\"587\" data-end=\"594\">Fez<\/strong>, retrocede en el tiempo mientras exploras la <strong data-start=\"640\" data-end=\"701\">medina declarada Patrimonio de la Humanidad por la UNESCO<\/strong>, los <strong data-start=\"707\" data-end=\"725\">souks animados<\/strong> y joyas arquitect\u00f3nicas como la <strong data-start=\"758\" data-end=\"780\">Madrasa Bou Inania<\/strong>. Luego dir\u00edgete al borde del <strong data-start=\"810\" data-end=\"833\">Desierto del Sahara<\/strong> para una experiencia m\u00e1gica: <strong data-start=\"863\" data-end=\"883\">monta en camello<\/strong> sobre <strong data-start=\"890\" data-end=\"907\">dunas doradas<\/strong>, contempla <strong data-start=\"919\" data-end=\"941\">atardeceres \u00e9picos<\/strong> y pasa la noche en un <strong data-start=\"964\" data-end=\"996\">aut\u00e9ntico campamento bereber<\/strong>.<\/p>\n<p data-start=\"999\" data-end=\"1358\">Tu viaje contin\u00faa en <strong data-start=\"1020\" data-end=\"1033\">Marrakech<\/strong>, donde descubrir\u00e1s lugares legendarios como la <strong data-start=\"1081\" data-end=\"1103\">Plaza Jemaa el-Fna<\/strong>, la <strong data-start=\"1108\" data-end=\"1130\">Mezquita Koutoubia<\/strong> y el exuberante <strong data-start=\"1147\" data-end=\"1167\">Jard\u00edn Majorelle<\/strong>. Finaliza tu tour con un d\u00eda de relax en la <strong data-start=\"1212\" data-end=\"1243\">ciudad costera de Essaouira<\/strong>, conocida por su <strong data-start=\"1261\" data-end=\"1283\">medina fortificada<\/strong>, su <strong data-start=\"1288\" data-end=\"1306\">alma art\u00edstica<\/strong>, sus <strong data-start=\"1312\" data-end=\"1333\">playas atl\u00e1nticas<\/strong> y su <strong data-start=\"1339\" data-end=\"1357\">marisco fresco<\/strong>.<\/p>\n<h2 data-start=\"139\" data-end=\"422\">Aspectos destacados del tour:<\/h2>\n<ul>\n<li data-start=\"95\" data-end=\"159\">Visita <strong data-start=\"102\" data-end=\"112\">T\u00e1nger<\/strong>, un <strong data-start=\"117\" data-end=\"157\">cruce cultural entre Europa y \u00c1frica<\/strong><\/li>\n<li data-start=\"162\" data-end=\"248\">Camina por las <strong data-start=\"177\" data-end=\"218\">ic\u00f3nicas calles azules de Chefchaouen<\/strong> en las <strong data-start=\"226\" data-end=\"246\">Monta\u00f1as del Rif<\/strong><\/li>\n<li data-start=\"251\" data-end=\"362\">Explora la <strong data-start=\"262\" data-end=\"279\">Medina de Fez<\/strong>, <strong data-start=\"281\" data-end=\"325\">Patrimonio de la Humanidad por la UNESCO<\/strong>, llena de <strong data-start=\"336\" data-end=\"360\">historia y tradici\u00f3n<\/strong><\/li>\n<li data-start=\"365\" data-end=\"426\">Admira monumentos hist\u00f3ricos como la <strong data-start=\"402\" data-end=\"424\">Madrasa Bou Inania<\/strong><\/li>\n<li data-start=\"429\" data-end=\"525\">Disfruta de un <strong data-start=\"444\" data-end=\"491\">paseo en camello por el Desierto del Sahara<\/strong> y acampa <strong data-start=\"501\" data-end=\"523\">bajo las estrellas<\/strong><\/li>\n<li data-start=\"528\" data-end=\"600\">Contempla <strong data-start=\"538\" data-end=\"566\">atardeceres inolvidables<\/strong> sobre las <strong data-start=\"577\" data-end=\"598\">dunas de Merzouga<\/strong><\/li>\n<li data-start=\"603\" data-end=\"736\">Descubre los principales atractivos de <strong data-start=\"642\" data-end=\"655\">Marrakech<\/strong>, como la <strong data-start=\"665\" data-end=\"681\">Jemaa el-Fna<\/strong>, la <strong data-start=\"686\" data-end=\"708\">Mezquita Koutoubia<\/strong> y el <strong data-start=\"714\" data-end=\"734\">Jard\u00edn Majorelle<\/strong><\/li>\n<li data-start=\"739\" data-end=\"854\">Esc\u00e1pate a la costa con una visita a <strong data-start=\"776\" data-end=\"789\">Essaouira<\/strong>, una <strong data-start=\"795\" data-end=\"830\">encantadora ciudad junto al mar<\/strong> con <strong data-start=\"835\" data-end=\"852\">rica historia<\/strong><\/li>\n<li data-start=\"857\" data-end=\"951\">Pasea por las <strong data-start=\"871\" data-end=\"894\">playas de Essaouira<\/strong> y disfruta de <strong data-start=\"909\" data-end=\"929\">mariscos frescos<\/strong> en caf\u00e9s junto al mar<\/li>\n<\/ul>\n","protected":false},"excerpt":{"rendered":"<p>Descripci\u00f3n general: Descubre lo mejor de Marruecos en este inolvidable viaje desde T\u00e1nger hasta Marrakech, con una excursi\u00f3n de un d\u00eda a Essaouira. Comienza tu aventura en T\u00e1nger, una vibrante ciudad costera donde se encuentran las culturas africana y europea. Pasea por la hist\u00f3rica Kasbah, disfruta de las vistas al oc\u00e9ano y saborea la aut\u00e9ntica [&hellip;]<\/p>\n","protected":false},"featured_media":2720,"comment_status":"open","ping_status":"closed","template":"","meta":[],"product_brand":[],"product_cat":[214,215,216],"product_tag":[],"class_list":{"0":"post-10975","1":"product","2":"type-product","3":"status-publish","4":"has-post-thumbnail","6":"product_cat-luxury-tours-es","7":"product_cat-morocco-desert-tours-es","8":"product_cat-tangier-es","10":"first","11":"instock","12":"shipping-taxable","13":"product-type-ovabrw_car_rental"},"yoast_head":"<!-- This site is optimized with the Yoast SEO plugin v27.4 - https:\/\/yoast.com\/product\/yoast-seo-wordpress\/ -->\n<title>Itinerario de 8 d\u00edas por Marruecos desde T\u00e1nger hasta Marrakech - travel together in morocco<\/title>\n<meta name=\"robots\" content=\"index, follow, max-snippet:-1, max-image-preview:large, max-video-preview:-1\" \/>\n<link rel=\"canonical\" href=\"https:\/\/www.traveltogetherinmorocco.com\/producto\/8-day-morocco-itinerary-from-tangier-to-marrakech\/\" \/>\n<meta property=\"og:locale\" content=\"es_ES\" \/>\n<meta property=\"og:type\" content=\"article\" \/>\n<meta property=\"og:title\" content=\"Itinerario de 8 d\u00edas por Marruecos desde T\u00e1nger hasta Marrakech - travel together in morocco\" \/>\n<meta property=\"og:description\" content=\"Descripci\u00f3n general: Descubre lo mejor de Marruecos en este inolvidable viaje desde T\u00e1nger hasta Marrakech, con una excursi\u00f3n de un d\u00eda a Essaouira. Comienza tu aventura en T\u00e1nger, una vibrante ciudad costera donde se encuentran las culturas africana y europea. Pasea por la hist\u00f3rica Kasbah, disfruta de las vistas al oc\u00e9ano y saborea la aut\u00e9ntica [&hellip;]\" \/>\n<meta property=\"og:url\" content=\"https:\/\/www.traveltogetherinmorocco.com\/producto\/8-day-morocco-itinerary-from-tangier-to-marrakech\/\" \/>\n<meta property=\"og:site_name\" content=\"travel together in morocco\" \/>\n<meta property=\"article:publisher\" content=\"https:\/\/www.facebook.com\/azizindesert?rdid=AM85IAprjCTIUGCP&amp;share_url=httpswww.facebook.comshare16PbxaT6ga\" \/>\n<meta property=\"article:modified_time\" content=\"2025-06-19T20:42:43+00:00\" \/>\n<meta property=\"og:image\" content=\"https:\/\/www.traveltogetherinmorocco.com\/wp-content\/uploads\/2025\/05\/3-19-scaled.webp\" \/>\n\t<meta property=\"og:image:width\" content=\"2560\" \/>\n\t<meta property=\"og:image:height\" content=\"1798\" \/>\n\t<meta property=\"og:image:type\" content=\"image\/webp\" \/>\n<meta name=\"twitter:card\" content=\"summary_large_image\" \/>\n<meta name=\"twitter:label1\" content=\"Tiempo de lectura\" \/>\n\t<meta name=\"twitter:data1\" content=\"2 minutos\" \/>\n<script type=\"application\/ld+json\" class=\"yoast-schema-graph\">{\"@context\":\"https:\\\/\\\/schema.org\",\"@graph\":[{\"@type\":\"WebPage\",\"@id\":\"https:\\\/\\\/www.traveltogetherinmorocco.com\\\/producto\\\/8-day-morocco-itinerary-from-tangier-to-marrakech\\\/\",\"url\":\"https:\\\/\\\/www.traveltogetherinmorocco.com\\\/producto\\\/8-day-morocco-itinerary-from-tangier-to-marrakech\\\/\",\"name\":\"Itinerario de 8 d\u00edas por Marruecos desde T\u00e1nger hasta Marrakech - travel together in morocco\",\"isPartOf\":{\"@id\":\"https:\\\/\\\/www.traveltogetherinmorocco.com\\\/#website\"},\"primaryImageOfPage\":{\"@id\":\"https:\\\/\\\/www.traveltogetherinmorocco.com\\\/producto\\\/8-day-morocco-itinerary-from-tangier-to-marrakech\\\/#primaryimage\"},\"image\":{\"@id\":\"https:\\\/\\\/www.traveltogetherinmorocco.com\\\/producto\\\/8-day-morocco-itinerary-from-tangier-to-marrakech\\\/#primaryimage\"},\"thumbnailUrl\":\"https:\\\/\\\/www.traveltogetherinmorocco.com\\\/wp-content\\\/uploads\\\/2025\\\/05\\\/3-19-scaled.webp\",\"datePublished\":\"2025-06-18T18:17:59+00:00\",\"dateModified\":\"2025-06-19T20:42:43+00:00\",\"breadcrumb\":{\"@id\":\"https:\\\/\\\/www.traveltogetherinmorocco.com\\\/producto\\\/8-day-morocco-itinerary-from-tangier-to-marrakech\\\/#breadcrumb\"},\"inLanguage\":\"es\",\"potentialAction\":[{\"@type\":\"ReadAction\",\"target\":[\"https:\\\/\\\/www.traveltogetherinmorocco.com\\\/producto\\\/8-day-morocco-itinerary-from-tangier-to-marrakech\\\/\"]}]},{\"@type\":\"ImageObject\",\"inLanguage\":\"es\",\"@id\":\"https:\\\/\\\/www.traveltogetherinmorocco.com\\\/producto\\\/8-day-morocco-itinerary-from-tangier-to-marrakech\\\/#primaryimage\",\"url\":\"https:\\\/\\\/www.traveltogetherinmorocco.com\\\/wp-content\\\/uploads\\\/2025\\\/05\\\/3-19-scaled.webp\",\"contentUrl\":\"https:\\\/\\\/www.traveltogetherinmorocco.com\\\/wp-content\\\/uploads\\\/2025\\\/05\\\/3-19-scaled.webp\",\"width\":2560,\"height\":1798},{\"@type\":\"BreadcrumbList\",\"@id\":\"https:\\\/\\\/www.traveltogetherinmorocco.com\\\/producto\\\/8-day-morocco-itinerary-from-tangier-to-marrakech\\\/#breadcrumb\",\"itemListElement\":[{\"@type\":\"ListItem\",\"position\":1,\"name\":\"Home\",\"item\":\"https:\\\/\\\/www.traveltogetherinmorocco.com\\\/es\\\/\"},{\"@type\":\"ListItem\",\"position\":2,\"name\":\"Products\",\"item\":\"https:\\\/\\\/www.traveltogetherinmorocco.com\\\/shop\\\/\"},{\"@type\":\"ListItem\",\"position\":3,\"name\":\"Itinerario de 8 d\u00edas por Marruecos desde T\u00e1nger hasta Marrakech\"}]},{\"@type\":\"WebSite\",\"@id\":\"https:\\\/\\\/www.traveltogetherinmorocco.com\\\/#website\",\"url\":\"https:\\\/\\\/www.traveltogetherinmorocco.com\\\/\",\"name\":\"travel together in morocco\",\"description\":\"Authentic Tours Across Morocco, Together with Local Experts\",\"publisher\":{\"@id\":\"https:\\\/\\\/www.traveltogetherinmorocco.com\\\/#organization\"},\"potentialAction\":[{\"@type\":\"SearchAction\",\"target\":{\"@type\":\"EntryPoint\",\"urlTemplate\":\"https:\\\/\\\/www.traveltogetherinmorocco.com\\\/?s={search_term_string}\"},\"query-input\":{\"@type\":\"PropertyValueSpecification\",\"valueRequired\":true,\"valueName\":\"search_term_string\"}}],\"inLanguage\":\"es\"},{\"@type\":\"Organization\",\"@id\":\"https:\\\/\\\/www.traveltogetherinmorocco.com\\\/#organization\",\"name\":\"travel together in morocco\",\"url\":\"https:\\\/\\\/www.traveltogetherinmorocco.com\\\/\",\"logo\":{\"@type\":\"ImageObject\",\"inLanguage\":\"es\",\"@id\":\"https:\\\/\\\/www.traveltogetherinmorocco.com\\\/#\\\/schema\\\/logo\\\/image\\\/\",\"url\":\"https:\\\/\\\/www.traveltogetherinmorocco.com\\\/wp-content\\\/uploads\\\/2025\\\/06\\\/cropped-favicon.png\",\"contentUrl\":\"https:\\\/\\\/www.traveltogetherinmorocco.com\\\/wp-content\\\/uploads\\\/2025\\\/06\\\/cropped-favicon.png\",\"width\":512,\"height\":512,\"caption\":\"travel together in morocco\"},\"image\":{\"@id\":\"https:\\\/\\\/www.traveltogetherinmorocco.com\\\/#\\\/schema\\\/logo\\\/image\\\/\"},\"sameAs\":[\"https:\\\/\\\/www.facebook.com\\\/azizindesert?rdid=AM85IAprjCTIUGCP&share_url=httpswww.facebook.comshare16PbxaT6ga\",\"https:\\\/\\\/www.instagram.com\\\/travel_together_in_morocco\\\/\"]}]}<\/script>\n<!-- \/ Yoast SEO plugin. -->","yoast_head_json":{"title":"Itinerario de 8 d\u00edas por Marruecos desde T\u00e1nger hasta Marrakech - travel together in morocco","robots":{"index":"index","follow":"follow","max-snippet":"max-snippet:-1","max-image-preview":"max-image-preview:large","max-video-preview":"max-video-preview:-1"},"canonical":"https:\/\/www.traveltogetherinmorocco.com\/producto\/8-day-morocco-itinerary-from-tangier-to-marrakech\/","og_locale":"es_ES","og_type":"article","og_title":"Itinerario de 8 d\u00edas por Marruecos desde T\u00e1nger hasta Marrakech - travel together in morocco","og_description":"Descripci\u00f3n general: Descubre lo mejor de Marruecos en este inolvidable viaje desde T\u00e1nger hasta Marrakech, con una excursi\u00f3n de un d\u00eda a Essaouira. Comienza tu aventura en T\u00e1nger, una vibrante ciudad costera donde se encuentran las culturas africana y europea. Pasea por la hist\u00f3rica Kasbah, disfruta de las vistas al oc\u00e9ano y saborea la aut\u00e9ntica [&hellip;]","og_url":"https:\/\/www.traveltogetherinmorocco.com\/producto\/8-day-morocco-itinerary-from-tangier-to-marrakech\/","og_site_name":"travel together in morocco","article_publisher":"https:\/\/www.facebook.com\/azizindesert?rdid=AM85IAprjCTIUGCP&share_url=httpswww.facebook.comshare16PbxaT6ga","article_modified_time":"2025-06-19T20:42:43+00:00","og_image":[{"width":2560,"height":1798,"url":"https:\/\/www.traveltogetherinmorocco.com\/wp-content\/uploads\/2025\/05\/3-19-scaled.webp","type":"image\/webp"}],"twitter_card":"summary_large_image","twitter_misc":{"Tiempo de lectura":"2 minutos"},"schema":{"@context":"https:\/\/schema.org","@graph":[{"@type":"WebPage","@id":"https:\/\/www.traveltogetherinmorocco.com\/producto\/8-day-morocco-itinerary-from-tangier-to-marrakech\/","url":"https:\/\/www.traveltogetherinmorocco.com\/producto\/8-day-morocco-itinerary-from-tangier-to-marrakech\/","name":"Itinerario de 8 d\u00edas por Marruecos desde T\u00e1nger hasta Marrakech - travel together in morocco","isPartOf":{"@id":"https:\/\/www.traveltogetherinmorocco.com\/#website"},"primaryImageOfPage":{"@id":"https:\/\/www.traveltogetherinmorocco.com\/producto\/8-day-morocco-itinerary-from-tangier-to-marrakech\/#primaryimage"},"image":{"@id":"https:\/\/www.traveltogetherinmorocco.com\/producto\/8-day-morocco-itinerary-from-tangier-to-marrakech\/#primaryimage"},"thumbnailUrl":"https:\/\/www.traveltogetherinmorocco.com\/wp-content\/uploads\/2025\/05\/3-19-scaled.webp","datePublished":"2025-06-18T18:17:59+00:00","dateModified":"2025-06-19T20:42:43+00:00","breadcrumb":{"@id":"https:\/\/www.traveltogetherinmorocco.com\/producto\/8-day-morocco-itinerary-from-tangier-to-marrakech\/#breadcrumb"},"inLanguage":"es","potentialAction":[{"@type":"ReadAction","target":["https:\/\/www.traveltogetherinmorocco.com\/producto\/8-day-morocco-itinerary-from-tangier-to-marrakech\/"]}]},{"@type":"ImageObject","inLanguage":"es","@id":"https:\/\/www.traveltogetherinmorocco.com\/producto\/8-day-morocco-itinerary-from-tangier-to-marrakech\/#primaryimage","url":"https:\/\/www.traveltogetherinmorocco.com\/wp-content\/uploads\/2025\/05\/3-19-scaled.webp","contentUrl":"https:\/\/www.traveltogetherinmorocco.com\/wp-content\/uploads\/2025\/05\/3-19-scaled.webp","width":2560,"height":1798},{"@type":"BreadcrumbList","@id":"https:\/\/www.traveltogetherinmorocco.com\/producto\/8-day-morocco-itinerary-from-tangier-to-marrakech\/#breadcrumb","itemListElement":[{"@type":"ListItem","position":1,"name":"Home","item":"https:\/\/www.traveltogetherinmorocco.com\/es\/"},{"@type":"ListItem","position":2,"name":"Products","item":"https:\/\/www.traveltogetherinmorocco.com\/shop\/"},{"@type":"ListItem","position":3,"name":"Itinerario de 8 d\u00edas por Marruecos desde T\u00e1nger hasta Marrakech"}]},{"@type":"WebSite","@id":"https:\/\/www.traveltogetherinmorocco.com\/#website","url":"https:\/\/www.traveltogetherinmorocco.com\/","name":"travel together in morocco","description":"Authentic Tours Across Morocco, Together with Local Experts","publisher":{"@id":"https:\/\/www.traveltogetherinmorocco.com\/#organization"},"potentialAction":[{"@type":"SearchAction","target":{"@type":"EntryPoint","urlTemplate":"https:\/\/www.traveltogetherinmorocco.com\/?s={search_term_string}"},"query-input":{"@type":"PropertyValueSpecification","valueRequired":true,"valueName":"search_term_string"}}],"inLanguage":"es"},{"@type":"Organization","@id":"https:\/\/www.traveltogetherinmorocco.com\/#organization","name":"travel together in morocco","url":"https:\/\/www.traveltogetherinmorocco.com\/","logo":{"@type":"ImageObject","inLanguage":"es","@id":"https:\/\/www.traveltogetherinmorocco.com\/#\/schema\/logo\/image\/","url":"https:\/\/www.traveltogetherinmorocco.com\/wp-content\/uploads\/2025\/06\/cropped-favicon.png","contentUrl":"https:\/\/www.traveltogetherinmorocco.com\/wp-content\/uploads\/2025\/06\/cropped-favicon.png","width":512,"height":512,"caption":"travel together in morocco"},"image":{"@id":"https:\/\/www.traveltogetherinmorocco.com\/#\/schema\/logo\/image\/"},"sameAs":["https:\/\/www.facebook.com\/azizindesert?rdid=AM85IAprjCTIUGCP&share_url=httpswww.facebook.comshare16PbxaT6ga","https:\/\/www.instagram.com\/travel_together_in_morocco\/"]}]}},"_links":{"self":[{"href":"https:\/\/www.traveltogetherinmorocco.com\/es\/wp-json\/wp\/v2\/product\/10975","targetHints":{"allow":["GET"]}}],"collection":[{"href":"https:\/\/www.traveltogetherinmorocco.com\/es\/wp-json\/wp\/v2\/product"}],"about":[{"href":"https:\/\/www.traveltogetherinmorocco.com\/es\/wp-json\/wp\/v2\/types\/product"}],"replies":[{"embeddable":true,"href":"https:\/\/www.traveltogetherinmorocco.com\/es\/wp-json\/wp\/v2\/comments?post=10975"}],"wp:featuredmedia":[{"embeddable":true,"href":"https:\/\/www.traveltogetherinmorocco.com\/es\/wp-json\/wp\/v2\/media\/2720"}],"wp:attachment":[{"href":"https:\/\/www.traveltogetherinmorocco.com\/es\/wp-json\/wp\/v2\/media?parent=10975"}],"wp:term":[{"taxonomy":"product_brand","embeddable":true,"href":"https:\/\/www.traveltogetherinmorocco.com\/es\/wp-json\/wp\/v2\/product_brand?post=10975"},{"taxonomy":"product_cat","embeddable":true,"href":"https:\/\/www.traveltogetherinmorocco.com\/es\/wp-json\/wp\/v2\/product_cat?post=10975"},{"taxonomy":"product_tag","embeddable":true,"href":"https:\/\/www.traveltogetherinmorocco.com\/es\/wp-json\/wp\/v2\/product_tag?post=10975"}],"curies":[{"name":"wp","href":"https:\/\/api.w.org\/{rel}","templated":true}]}}