{"id":10977,"date":"2025-06-18T18:05:53","date_gmt":"2025-06-18T18:05:53","guid":{"rendered":"https:\/\/www.traveltogetherinmorocco.com\/product\/7-day-morocco-itinerary-from-casablanca\/"},"modified":"2025-06-19T20:51:41","modified_gmt":"2025-06-19T20:51:41","slug":"itinerario-de-7-dias-por-marruecos-desde-casablanca","status":"publish","type":"product","link":"https:\/\/www.traveltogetherinmorocco.com\/es\/producto\/itinerario-de-7-dias-por-marruecos-desde-casablanca\/","title":{"rendered":"Itinerario de 7 d\u00edas por Marruecos desde Casablanca"},"content":{"rendered":"<h2>Descripci\u00f3n general:<\/h2>\n<p data-start=\"98\" data-end=\"339\">Solo tienes una semana para explorar Marruecos? No te preocupes \u2014 este <strong data-start=\"171\" data-end=\"212\">itinerario de 7 d\u00edas desde Casablanca<\/strong> est\u00e1 dise\u00f1ado para ofrecerte una <strong data-start=\"246\" data-end=\"280\">experiencia rica e inolvidable<\/strong> de este <strong data-start=\"289\" data-end=\"338\">diverso y encantador pa\u00eds del norte de \u00c1frica<\/strong>.<\/p>\n<p data-start=\"341\" data-end=\"781\">Desde <strong data-start=\"347\" data-end=\"369\">ciudades vibrantes<\/strong> hasta <strong data-start=\"376\" data-end=\"395\">ruinas antiguas<\/strong> y <strong data-start=\"398\" data-end=\"428\">vastos paisajes des\u00e9rticos<\/strong>, este recorrido lo tiene todo. Viajar\u00e1s desde el <strong data-start=\"478\" data-end=\"511\">encanto moderno de Casablanca<\/strong> hasta los <strong data-start=\"522\" data-end=\"563\">callejones pintorescos de Chefchaouen<\/strong>, te sumergir\u00e1s en la <strong data-start=\"585\" data-end=\"616\">profundidad cultural de Fez<\/strong>, montar\u00e1s en camello por el <strong data-start=\"645\" data-end=\"678\">hipn\u00f3tico desierto del Sahara<\/strong> y cruzar\u00e1s las <strong data-start=\"694\" data-end=\"733\">majestuosas Monta\u00f1as del Alto Atlas<\/strong> antes de terminar en la <strong data-start=\"758\" data-end=\"780\">colorida Marrakech<\/strong>.<\/p>\n<p data-start=\"783\" data-end=\"1061\">Prep\u00e1rate para una semana inmersiva llena de <strong data-start=\"828\" data-end=\"840\">historia<\/strong>, <strong data-start=\"842\" data-end=\"853\">cultura<\/strong>, <strong data-start=\"855\" data-end=\"867\">aventura<\/strong> y <strong data-start=\"870\" data-end=\"900\">belleza natural impactante<\/strong>. Ya sea explorando <strong data-start=\"920\" data-end=\"943\">bulliciosas medinas<\/strong> o durmiendo <strong data-start=\"956\" data-end=\"993\">bajo las estrellas en el desierto<\/strong>, este <strong data-start=\"1000\" data-end=\"1036\">tour de una semana por Marruecos<\/strong> es la escapada perfecta.<\/p>\n<h2 data-start=\"139\" data-end=\"422\">Aspectos destacados del tour:<\/h2>\n<ul>\n<li data-start=\"95\" data-end=\"157\">Visita la <strong data-start=\"105\" data-end=\"141\">impresionante Mezquita Hassan II<\/strong> en Casablanca<\/li>\n<li data-start=\"160\" data-end=\"243\">Descubre la <strong data-start=\"172\" data-end=\"209\">m\u00e1gica Ciudad Azul de Chefchaouen<\/strong> y sus <strong data-start=\"216\" data-end=\"241\">callejones escondidos<\/strong><\/li>\n<li data-start=\"246\" data-end=\"300\">Explora las <strong data-start=\"258\" data-end=\"298\">antiguas ruinas romanas de Volubilis<\/strong><\/li>\n<li data-start=\"303\" data-end=\"393\">Pi\u00e9rdete en la <strong data-start=\"318\" data-end=\"345\">hist\u00f3rica medina de Fez<\/strong>, <strong data-start=\"347\" data-end=\"391\">Patrimonio de la Humanidad por la UNESCO<\/strong><\/li>\n<li data-start=\"396\" data-end=\"461\">Monta en <strong data-start=\"405\" data-end=\"459\">camello por las impresionantes dunas de Erg Chebbi<\/strong><\/li>\n<li data-start=\"464\" data-end=\"523\">Contempla un <strong data-start=\"477\" data-end=\"521\">amanecer o atardecer m\u00e1gico en el Sahara<\/strong><\/li>\n<li data-start=\"526\" data-end=\"607\">Pasa una <strong data-start=\"535\" data-end=\"605\">noche bajo las estrellas en un campamento del desierto en Merzouga<\/strong><\/li>\n<li data-start=\"610\" data-end=\"671\">Haz una <strong data-start=\"618\" data-end=\"669\">caminata por la espectacular Garganta del Todra<\/strong><\/li>\n<li data-start=\"674\" data-end=\"746\">Disfruta de <strong data-start=\"686\" data-end=\"705\">rutas esc\u00e9nicas<\/strong> cruzando las <strong data-start=\"719\" data-end=\"746\">Monta\u00f1as del Alto Atlas<\/strong><\/li>\n<\/ul>\n","protected":false},"excerpt":{"rendered":"<p>Descripci\u00f3n general: Solo tienes una semana para explorar Marruecos? No te preocupes \u2014 este itinerario de 7 d\u00edas desde Casablanca est\u00e1 dise\u00f1ado para ofrecerte una experiencia rica e inolvidable de este diverso y encantador pa\u00eds del norte de \u00c1frica. Desde ciudades vibrantes hasta ruinas antiguas y vastos paisajes des\u00e9rticos, este recorrido lo tiene todo. Viajar\u00e1s [&hellip;]<\/p>\n","protected":false},"featured_media":2688,"comment_status":"open","ping_status":"closed","template":"","meta":[],"product_brand":[],"product_cat":[213,215],"product_tag":[],"class_list":{"0":"post-10977","1":"product","2":"type-product","3":"status-publish","4":"has-post-thumbnail","6":"product_cat-casablanca-es","7":"product_cat-morocco-desert-tours-es","9":"first","10":"instock","11":"shipping-taxable","12":"product-type-ovabrw_car_rental"},"yoast_head":"<!-- This site is optimized with the Yoast SEO plugin v27.4 - https:\/\/yoast.com\/product\/yoast-seo-wordpress\/ -->\n<title>Itinerario de 7 d\u00edas por Marruecos desde Casablanca - travel together in morocco<\/title>\n<meta name=\"robots\" content=\"index, follow, max-snippet:-1, max-image-preview:large, max-video-preview:-1\" \/>\n<link rel=\"canonical\" href=\"https:\/\/www.traveltogetherinmorocco.com\/producto\/7-day-morocco-itinerary-from-casablanca\/\" \/>\n<meta property=\"og:locale\" content=\"es_ES\" \/>\n<meta property=\"og:type\" content=\"article\" \/>\n<meta property=\"og:title\" content=\"Itinerario de 7 d\u00edas por Marruecos desde Casablanca - travel together in morocco\" \/>\n<meta property=\"og:description\" content=\"Descripci\u00f3n general: Solo tienes una semana para explorar Marruecos? No te preocupes \u2014 este itinerario de 7 d\u00edas desde Casablanca est\u00e1 dise\u00f1ado para ofrecerte una experiencia rica e inolvidable de este diverso y encantador pa\u00eds del norte de \u00c1frica. Desde ciudades vibrantes hasta ruinas antiguas y vastos paisajes des\u00e9rticos, este recorrido lo tiene todo. Viajar\u00e1s [&hellip;]\" \/>\n<meta property=\"og:url\" content=\"https:\/\/www.traveltogetherinmorocco.com\/producto\/7-day-morocco-itinerary-from-casablanca\/\" \/>\n<meta property=\"og:site_name\" content=\"travel together in morocco\" \/>\n<meta property=\"article:publisher\" content=\"https:\/\/www.facebook.com\/azizindesert?rdid=AM85IAprjCTIUGCP&amp;share_url=httpswww.facebook.comshare16PbxaT6ga\" \/>\n<meta property=\"article:modified_time\" content=\"2025-06-19T20:51:41+00:00\" \/>\n<meta property=\"og:image\" content=\"https:\/\/www.traveltogetherinmorocco.com\/wp-content\/uploads\/2025\/05\/11-3-scaled.webp\" \/>\n\t<meta property=\"og:image:width\" content=\"2560\" \/>\n\t<meta property=\"og:image:height\" content=\"1798\" \/>\n\t<meta property=\"og:image:type\" content=\"image\/webp\" \/>\n<meta name=\"twitter:card\" content=\"summary_large_image\" \/>\n<meta name=\"twitter:label1\" content=\"Tiempo de lectura\" \/>\n\t<meta name=\"twitter:data1\" content=\"1 minuto\" \/>\n<script type=\"application\/ld+json\" class=\"yoast-schema-graph\">{\"@context\":\"https:\\\/\\\/schema.org\",\"@graph\":[{\"@type\":\"WebPage\",\"@id\":\"https:\\\/\\\/www.traveltogetherinmorocco.com\\\/producto\\\/7-day-morocco-itinerary-from-casablanca\\\/\",\"url\":\"https:\\\/\\\/www.traveltogetherinmorocco.com\\\/producto\\\/7-day-morocco-itinerary-from-casablanca\\\/\",\"name\":\"Itinerario de 7 d\u00edas por Marruecos desde Casablanca - travel together in morocco\",\"isPartOf\":{\"@id\":\"https:\\\/\\\/www.traveltogetherinmorocco.com\\\/#website\"},\"primaryImageOfPage\":{\"@id\":\"https:\\\/\\\/www.traveltogetherinmorocco.com\\\/producto\\\/7-day-morocco-itinerary-from-casablanca\\\/#primaryimage\"},\"image\":{\"@id\":\"https:\\\/\\\/www.traveltogetherinmorocco.com\\\/producto\\\/7-day-morocco-itinerary-from-casablanca\\\/#primaryimage\"},\"thumbnailUrl\":\"https:\\\/\\\/www.traveltogetherinmorocco.com\\\/wp-content\\\/uploads\\\/2025\\\/05\\\/11-3-scaled.webp\",\"datePublished\":\"2025-06-18T18:05:53+00:00\",\"dateModified\":\"2025-06-19T20:51:41+00:00\",\"breadcrumb\":{\"@id\":\"https:\\\/\\\/www.traveltogetherinmorocco.com\\\/producto\\\/7-day-morocco-itinerary-from-casablanca\\\/#breadcrumb\"},\"inLanguage\":\"es\",\"potentialAction\":[{\"@type\":\"ReadAction\",\"target\":[\"https:\\\/\\\/www.traveltogetherinmorocco.com\\\/producto\\\/7-day-morocco-itinerary-from-casablanca\\\/\"]}]},{\"@type\":\"ImageObject\",\"inLanguage\":\"es\",\"@id\":\"https:\\\/\\\/www.traveltogetherinmorocco.com\\\/producto\\\/7-day-morocco-itinerary-from-casablanca\\\/#primaryimage\",\"url\":\"https:\\\/\\\/www.traveltogetherinmorocco.com\\\/wp-content\\\/uploads\\\/2025\\\/05\\\/11-3-scaled.webp\",\"contentUrl\":\"https:\\\/\\\/www.traveltogetherinmorocco.com\\\/wp-content\\\/uploads\\\/2025\\\/05\\\/11-3-scaled.webp\",\"width\":2560,\"height\":1798},{\"@type\":\"BreadcrumbList\",\"@id\":\"https:\\\/\\\/www.traveltogetherinmorocco.com\\\/producto\\\/7-day-morocco-itinerary-from-casablanca\\\/#breadcrumb\",\"itemListElement\":[{\"@type\":\"ListItem\",\"position\":1,\"name\":\"Home\",\"item\":\"https:\\\/\\\/www.traveltogetherinmorocco.com\\\/es\\\/\"},{\"@type\":\"ListItem\",\"position\":2,\"name\":\"Products\",\"item\":\"https:\\\/\\\/www.traveltogetherinmorocco.com\\\/shop\\\/\"},{\"@type\":\"ListItem\",\"position\":3,\"name\":\"Itinerario de 7 d\u00edas por Marruecos desde Casablanca\"}]},{\"@type\":\"WebSite\",\"@id\":\"https:\\\/\\\/www.traveltogetherinmorocco.com\\\/#website\",\"url\":\"https:\\\/\\\/www.traveltogetherinmorocco.com\\\/\",\"name\":\"travel together in morocco\",\"description\":\"Authentic Tours Across Morocco, Together with Local Experts\",\"publisher\":{\"@id\":\"https:\\\/\\\/www.traveltogetherinmorocco.com\\\/#organization\"},\"potentialAction\":[{\"@type\":\"SearchAction\",\"target\":{\"@type\":\"EntryPoint\",\"urlTemplate\":\"https:\\\/\\\/www.traveltogetherinmorocco.com\\\/?s={search_term_string}\"},\"query-input\":{\"@type\":\"PropertyValueSpecification\",\"valueRequired\":true,\"valueName\":\"search_term_string\"}}],\"inLanguage\":\"es\"},{\"@type\":\"Organization\",\"@id\":\"https:\\\/\\\/www.traveltogetherinmorocco.com\\\/#organization\",\"name\":\"travel together in morocco\",\"url\":\"https:\\\/\\\/www.traveltogetherinmorocco.com\\\/\",\"logo\":{\"@type\":\"ImageObject\",\"inLanguage\":\"es\",\"@id\":\"https:\\\/\\\/www.traveltogetherinmorocco.com\\\/#\\\/schema\\\/logo\\\/image\\\/\",\"url\":\"https:\\\/\\\/www.traveltogetherinmorocco.com\\\/wp-content\\\/uploads\\\/2025\\\/06\\\/cropped-favicon.png\",\"contentUrl\":\"https:\\\/\\\/www.traveltogetherinmorocco.com\\\/wp-content\\\/uploads\\\/2025\\\/06\\\/cropped-favicon.png\",\"width\":512,\"height\":512,\"caption\":\"travel together in morocco\"},\"image\":{\"@id\":\"https:\\\/\\\/www.traveltogetherinmorocco.com\\\/#\\\/schema\\\/logo\\\/image\\\/\"},\"sameAs\":[\"https:\\\/\\\/www.facebook.com\\\/azizindesert?rdid=AM85IAprjCTIUGCP&share_url=httpswww.facebook.comshare16PbxaT6ga\",\"https:\\\/\\\/www.instagram.com\\\/travel_together_in_morocco\\\/\"]}]}<\/script>\n<!-- \/ Yoast SEO plugin. -->","yoast_head_json":{"title":"Itinerario de 7 d\u00edas por Marruecos desde Casablanca - travel together in morocco","robots":{"index":"index","follow":"follow","max-snippet":"max-snippet:-1","max-image-preview":"max-image-preview:large","max-video-preview":"max-video-preview:-1"},"canonical":"https:\/\/www.traveltogetherinmorocco.com\/producto\/7-day-morocco-itinerary-from-casablanca\/","og_locale":"es_ES","og_type":"article","og_title":"Itinerario de 7 d\u00edas por Marruecos desde Casablanca - travel together in morocco","og_description":"Descripci\u00f3n general: Solo tienes una semana para explorar Marruecos? No te preocupes \u2014 este itinerario de 7 d\u00edas desde Casablanca est\u00e1 dise\u00f1ado para ofrecerte una experiencia rica e inolvidable de este diverso y encantador pa\u00eds del norte de \u00c1frica. Desde ciudades vibrantes hasta ruinas antiguas y vastos paisajes des\u00e9rticos, este recorrido lo tiene todo. Viajar\u00e1s [&hellip;]","og_url":"https:\/\/www.traveltogetherinmorocco.com\/producto\/7-day-morocco-itinerary-from-casablanca\/","og_site_name":"travel together in morocco","article_publisher":"https:\/\/www.facebook.com\/azizindesert?rdid=AM85IAprjCTIUGCP&share_url=httpswww.facebook.comshare16PbxaT6ga","article_modified_time":"2025-06-19T20:51:41+00:00","og_image":[{"width":2560,"height":1798,"url":"https:\/\/www.traveltogetherinmorocco.com\/wp-content\/uploads\/2025\/05\/11-3-scaled.webp","type":"image\/webp"}],"twitter_card":"summary_large_image","twitter_misc":{"Tiempo de lectura":"1 minuto"},"schema":{"@context":"https:\/\/schema.org","@graph":[{"@type":"WebPage","@id":"https:\/\/www.traveltogetherinmorocco.com\/producto\/7-day-morocco-itinerary-from-casablanca\/","url":"https:\/\/www.traveltogetherinmorocco.com\/producto\/7-day-morocco-itinerary-from-casablanca\/","name":"Itinerario de 7 d\u00edas por Marruecos desde Casablanca - travel together in morocco","isPartOf":{"@id":"https:\/\/www.traveltogetherinmorocco.com\/#website"},"primaryImageOfPage":{"@id":"https:\/\/www.traveltogetherinmorocco.com\/producto\/7-day-morocco-itinerary-from-casablanca\/#primaryimage"},"image":{"@id":"https:\/\/www.traveltogetherinmorocco.com\/producto\/7-day-morocco-itinerary-from-casablanca\/#primaryimage"},"thumbnailUrl":"https:\/\/www.traveltogetherinmorocco.com\/wp-content\/uploads\/2025\/05\/11-3-scaled.webp","datePublished":"2025-06-18T18:05:53+00:00","dateModified":"2025-06-19T20:51:41+00:00","breadcrumb":{"@id":"https:\/\/www.traveltogetherinmorocco.com\/producto\/7-day-morocco-itinerary-from-casablanca\/#breadcrumb"},"inLanguage":"es","potentialAction":[{"@type":"ReadAction","target":["https:\/\/www.traveltogetherinmorocco.com\/producto\/7-day-morocco-itinerary-from-casablanca\/"]}]},{"@type":"ImageObject","inLanguage":"es","@id":"https:\/\/www.traveltogetherinmorocco.com\/producto\/7-day-morocco-itinerary-from-casablanca\/#primaryimage","url":"https:\/\/www.traveltogetherinmorocco.com\/wp-content\/uploads\/2025\/05\/11-3-scaled.webp","contentUrl":"https:\/\/www.traveltogetherinmorocco.com\/wp-content\/uploads\/2025\/05\/11-3-scaled.webp","width":2560,"height":1798},{"@type":"BreadcrumbList","@id":"https:\/\/www.traveltogetherinmorocco.com\/producto\/7-day-morocco-itinerary-from-casablanca\/#breadcrumb","itemListElement":[{"@type":"ListItem","position":1,"name":"Home","item":"https:\/\/www.traveltogetherinmorocco.com\/es\/"},{"@type":"ListItem","position":2,"name":"Products","item":"https:\/\/www.traveltogetherinmorocco.com\/shop\/"},{"@type":"ListItem","position":3,"name":"Itinerario de 7 d\u00edas por Marruecos desde Casablanca"}]},{"@type":"WebSite","@id":"https:\/\/www.traveltogetherinmorocco.com\/#website","url":"https:\/\/www.traveltogetherinmorocco.com\/","name":"travel together in morocco","description":"Authentic Tours Across Morocco, Together with Local Experts","publisher":{"@id":"https:\/\/www.traveltogetherinmorocco.com\/#organization"},"potentialAction":[{"@type":"SearchAction","target":{"@type":"EntryPoint","urlTemplate":"https:\/\/www.traveltogetherinmorocco.com\/?s={search_term_string}"},"query-input":{"@type":"PropertyValueSpecification","valueRequired":true,"valueName":"search_term_string"}}],"inLanguage":"es"},{"@type":"Organization","@id":"https:\/\/www.traveltogetherinmorocco.com\/#organization","name":"travel together in morocco","url":"https:\/\/www.traveltogetherinmorocco.com\/","logo":{"@type":"ImageObject","inLanguage":"es","@id":"https:\/\/www.traveltogetherinmorocco.com\/#\/schema\/logo\/image\/","url":"https:\/\/www.traveltogetherinmorocco.com\/wp-content\/uploads\/2025\/06\/cropped-favicon.png","contentUrl":"https:\/\/www.traveltogetherinmorocco.com\/wp-content\/uploads\/2025\/06\/cropped-favicon.png","width":512,"height":512,"caption":"travel together in morocco"},"image":{"@id":"https:\/\/www.traveltogetherinmorocco.com\/#\/schema\/logo\/image\/"},"sameAs":["https:\/\/www.facebook.com\/azizindesert?rdid=AM85IAprjCTIUGCP&share_url=httpswww.facebook.comshare16PbxaT6ga","https:\/\/www.instagram.com\/travel_together_in_morocco\/"]}]}},"_links":{"self":[{"href":"https:\/\/www.traveltogetherinmorocco.com\/es\/wp-json\/wp\/v2\/product\/10977","targetHints":{"allow":["GET"]}}],"collection":[{"href":"https:\/\/www.traveltogetherinmorocco.com\/es\/wp-json\/wp\/v2\/product"}],"about":[{"href":"https:\/\/www.traveltogetherinmorocco.com\/es\/wp-json\/wp\/v2\/types\/product"}],"replies":[{"embeddable":true,"href":"https:\/\/www.traveltogetherinmorocco.com\/es\/wp-json\/wp\/v2\/comments?post=10977"}],"wp:featuredmedia":[{"embeddable":true,"href":"https:\/\/www.traveltogetherinmorocco.com\/es\/wp-json\/wp\/v2\/media\/2688"}],"wp:attachment":[{"href":"https:\/\/www.traveltogetherinmorocco.com\/es\/wp-json\/wp\/v2\/media?parent=10977"}],"wp:term":[{"taxonomy":"product_brand","embeddable":true,"href":"https:\/\/www.traveltogetherinmorocco.com\/es\/wp-json\/wp\/v2\/product_brand?post=10977"},{"taxonomy":"product_cat","embeddable":true,"href":"https:\/\/www.traveltogetherinmorocco.com\/es\/wp-json\/wp\/v2\/product_cat?post=10977"},{"taxonomy":"product_tag","embeddable":true,"href":"https:\/\/www.traveltogetherinmorocco.com\/es\/wp-json\/wp\/v2\/product_tag?post=10977"}],"curies":[{"name":"wp","href":"https:\/\/api.w.org\/{rel}","templated":true}]}}