{"id":10979,"date":"2025-06-18T17:51:04","date_gmt":"2025-06-18T17:51:04","guid":{"rendered":"https:\/\/www.traveltogetherinmorocco.com\/product\/7-day-morocco-desert-adventure-from-tangier-to-marrakech\/"},"modified":"2025-06-19T21:04:32","modified_gmt":"2025-06-19T21:04:32","slug":"aventura-de-7-dias-por-el-desierto-de-marruecos-desde-tanger-hasta-marrakech","status":"publish","type":"product","link":"https:\/\/www.traveltogetherinmorocco.com\/es\/producto\/aventura-de-7-dias-por-el-desierto-de-marruecos-desde-tanger-hasta-marrakech\/","title":{"rendered":"Aventura de 7 d\u00edas por el desierto de Marruecos desde T\u00e1nger hasta Marrakech"},"content":{"rendered":"<h2>Descripci\u00f3n general:<\/h2>\n<p data-start=\"115\" data-end=\"406\">Vive lo mejor de <strong data-start=\"132\" data-end=\"145\">Marruecos<\/strong> en este tour de <strong data-start=\"162\" data-end=\"183\">7 d\u00edas y 6 noches<\/strong> con salida desde <strong data-start=\"201\" data-end=\"211\">T\u00e1nger<\/strong>. Comienza con los <strong data-start=\"230\" data-end=\"274\">dram\u00e1ticos acantilados del Cabo Espartel<\/strong> y la legendaria <strong data-start=\"291\" data-end=\"312\">Cueva de H\u00e9rcules<\/strong>, luego cruza las <strong data-start=\"330\" data-end=\"350\">Monta\u00f1as del Rif<\/strong> para recorrer los <strong data-start=\"369\" data-end=\"405\">callejones azules de Chefchaouen<\/strong>.<\/p>\n<p data-start=\"408\" data-end=\"546\">Contin\u00faa hacia las <strong data-start=\"427\" data-end=\"467\">antiguas ruinas romanas de Volubilis<\/strong>, seguido de visitas tur\u00edsticas en las <strong data-start=\"506\" data-end=\"545\">ciudades imperiales de Meknes y Fez<\/strong>.<\/p>\n<p data-start=\"548\" data-end=\"892\">Ad\u00e9ntrate en el <strong data-start=\"564\" data-end=\"579\">Atlas Medio<\/strong> para visitar la ciudad alpina de <strong data-start=\"613\" data-end=\"623\">Ifrane<\/strong>, conocida como la <strong data-start=\"642\" data-end=\"664\">Suiza de Marruecos<\/strong>, y pasea entre los <strong data-start=\"684\" data-end=\"705\">bosques de cedros<\/strong> hogar de los <strong data-start=\"719\" data-end=\"742\">macacos de Berber\u00eda<\/strong>. Luego, dir\u00edgete a <strong data-start=\"762\" data-end=\"774\">Merzouga<\/strong>, donde montar\u00e1s en <strong data-start=\"794\" data-end=\"833\">camello por las dunas de Erg Chebbi<\/strong>, disfrutando de <strong data-start=\"850\" data-end=\"891\">atardeceres y amaneceres inolvidables<\/strong>.<\/p>\n<p data-start=\"894\" data-end=\"1167\">Descubre las <strong data-start=\"907\" data-end=\"957\">impresionantes gargantas del Todra y del Dades<\/strong>, explora <strong data-start=\"967\" data-end=\"989\">kasbahs hist\u00f3ricas<\/strong> y cruza las <strong data-start=\"1002\" data-end=\"1029\">Monta\u00f1as del Alto Atlas<\/strong> por el <strong data-start=\"1037\" data-end=\"1071\">esc\u00e9nico paso de Tizi n\u2019Tichka<\/strong>. Tu viaje concluye en la <strong data-start=\"1097\" data-end=\"1119\">vibrante Marrakech<\/strong>, dej\u00e1ndote con <strong data-start=\"1135\" data-end=\"1166\">recuerdos para toda la vida<\/strong>.<\/p>\n<h2 data-start=\"139\" data-end=\"422\">Aspectos destacados del tour:<\/h2>\n<ul>\n<li data-start=\"130\" data-end=\"194\">Visita el <strong data-start=\"140\" data-end=\"157\">Cabo Espartel<\/strong> y la ic\u00f3nica <strong data-start=\"171\" data-end=\"192\">Cueva de H\u00e9rcules<\/strong><\/li>\n<li data-start=\"197\" data-end=\"270\">Cruza las <strong data-start=\"207\" data-end=\"237\">esc\u00e9nicas Monta\u00f1as del Rif<\/strong> hasta llegar a <strong data-start=\"253\" data-end=\"268\">Chefchaouen<\/strong><\/li>\n<li data-start=\"273\" data-end=\"353\">Recorre las <strong data-start=\"285\" data-end=\"317\">calles azules de Chefchaouen<\/strong>, la <strong data-start=\"322\" data-end=\"351\">&#8220;Perla Azul&#8221; de Marruecos<\/strong><\/li>\n<li data-start=\"356\" data-end=\"443\">Explora las <strong data-start=\"368\" data-end=\"399\">ruinas romanas de Volubilis<\/strong>, un <strong data-start=\"404\" data-end=\"441\">testimonio de la historia antigua<\/strong><\/li>\n<li data-start=\"446\" data-end=\"508\">Haz turismo en las <strong data-start=\"465\" data-end=\"506\">ciudades imperiales de Mequinez y Fez<\/strong><\/li>\n<li data-start=\"511\" data-end=\"596\">Descubre <strong data-start=\"520\" data-end=\"530\">Ifrane<\/strong> y su <strong data-start=\"536\" data-end=\"556\">bosque de cedros<\/strong>, hogar de los <strong data-start=\"571\" data-end=\"594\">macacos de Berber\u00eda<\/strong><\/li>\n<li data-start=\"599\" data-end=\"673\">Monta en <strong data-start=\"608\" data-end=\"655\">camello por las doradas dunas de Erg Chebbi<\/strong> en <strong data-start=\"659\" data-end=\"671\">Merzouga<\/strong><\/li>\n<li data-start=\"676\" data-end=\"754\">Contempla un <strong data-start=\"689\" data-end=\"752\">espectacular atardecer y amanecer en el desierto del Sahara<\/strong><\/li>\n<li data-start=\"757\" data-end=\"844\">Realiza una caminata por la <strong data-start=\"785\" data-end=\"842\">impresionante Garganta del Todra y el Valle del Dades<\/strong><\/li>\n<li data-start=\"847\" data-end=\"925\">Visita <strong data-start=\"854\" data-end=\"876\">kasbahs hist\u00f3ricas<\/strong> a lo largo de la <strong data-start=\"894\" data-end=\"923\">&#8220;Ruta de las Mil Kasbahs&#8221;<\/strong><\/li>\n<li data-start=\"928\" data-end=\"1000\">Cruza las <strong data-start=\"938\" data-end=\"965\">Monta\u00f1as del Alto Atlas<\/strong> por el <strong data-start=\"973\" data-end=\"998\">Paso de Tizi n\u2019Tichka<\/strong><\/li>\n<li data-start=\"1003\" data-end=\"1062\">Finaliza tu aventura en la <strong data-start=\"1030\" data-end=\"1062\">vibrante ciudad de Marrakech<\/strong><\/li>\n<\/ul>\n","protected":false},"excerpt":{"rendered":"<p>Descripci\u00f3n general: Vive lo mejor de Marruecos en este tour de 7 d\u00edas y 6 noches con salida desde T\u00e1nger. Comienza con los dram\u00e1ticos acantilados del Cabo Espartel y la legendaria Cueva de H\u00e9rcules, luego cruza las Monta\u00f1as del Rif para recorrer los callejones azules de Chefchaouen. Contin\u00faa hacia las antiguas ruinas romanas de Volubilis, [&hellip;]<\/p>\n","protected":false},"featured_media":2700,"comment_status":"open","ping_status":"closed","template":"","meta":[],"product_brand":[],"product_cat":[215,216],"product_tag":[],"class_list":{"0":"post-10979","1":"product","2":"type-product","3":"status-publish","4":"has-post-thumbnail","6":"product_cat-morocco-desert-tours-es","7":"product_cat-tangier-es","9":"first","10":"instock","11":"shipping-taxable","12":"product-type-ovabrw_car_rental"},"yoast_head":"<!-- This site is optimized with the Yoast SEO plugin v27.4 - https:\/\/yoast.com\/product\/yoast-seo-wordpress\/ -->\n<title>Aventura de 7 d\u00edas por el desierto de Marruecos desde T\u00e1nger hasta Marrakech - travel together in morocco<\/title>\n<meta name=\"robots\" content=\"index, follow, max-snippet:-1, max-image-preview:large, max-video-preview:-1\" \/>\n<link rel=\"canonical\" href=\"https:\/\/www.traveltogetherinmorocco.com\/producto\/7-day-morocco-desert-adventure-from-tangier-to-marrakech\/\" \/>\n<meta property=\"og:locale\" content=\"es_ES\" \/>\n<meta property=\"og:type\" content=\"article\" \/>\n<meta property=\"og:title\" content=\"Aventura de 7 d\u00edas por el desierto de Marruecos desde T\u00e1nger hasta Marrakech - travel together in morocco\" \/>\n<meta property=\"og:description\" content=\"Descripci\u00f3n general: Vive lo mejor de Marruecos en este tour de 7 d\u00edas y 6 noches con salida desde T\u00e1nger. Comienza con los dram\u00e1ticos acantilados del Cabo Espartel y la legendaria Cueva de H\u00e9rcules, luego cruza las Monta\u00f1as del Rif para recorrer los callejones azules de Chefchaouen. Contin\u00faa hacia las antiguas ruinas romanas de Volubilis, [&hellip;]\" \/>\n<meta property=\"og:url\" content=\"https:\/\/www.traveltogetherinmorocco.com\/producto\/7-day-morocco-desert-adventure-from-tangier-to-marrakech\/\" \/>\n<meta property=\"og:site_name\" content=\"travel together in morocco\" \/>\n<meta property=\"article:publisher\" content=\"https:\/\/www.facebook.com\/azizindesert?rdid=AM85IAprjCTIUGCP&amp;share_url=httpswww.facebook.comshare16PbxaT6ga\" \/>\n<meta property=\"article:modified_time\" content=\"2025-06-19T21:04:32+00:00\" \/>\n<meta property=\"og:image\" content=\"https:\/\/www.traveltogetherinmorocco.com\/wp-content\/uploads\/2025\/05\/11-4-scaled.webp\" \/>\n\t<meta property=\"og:image:width\" content=\"2560\" \/>\n\t<meta property=\"og:image:height\" content=\"1798\" \/>\n\t<meta property=\"og:image:type\" content=\"image\/webp\" \/>\n<meta name=\"twitter:card\" content=\"summary_large_image\" \/>\n<meta name=\"twitter:label1\" content=\"Tiempo de lectura\" \/>\n\t<meta name=\"twitter:data1\" content=\"2 minutos\" \/>\n<script type=\"application\/ld+json\" class=\"yoast-schema-graph\">{\"@context\":\"https:\\\/\\\/schema.org\",\"@graph\":[{\"@type\":\"WebPage\",\"@id\":\"https:\\\/\\\/www.traveltogetherinmorocco.com\\\/producto\\\/7-day-morocco-desert-adventure-from-tangier-to-marrakech\\\/\",\"url\":\"https:\\\/\\\/www.traveltogetherinmorocco.com\\\/producto\\\/7-day-morocco-desert-adventure-from-tangier-to-marrakech\\\/\",\"name\":\"Aventura de 7 d\u00edas por el desierto de Marruecos desde T\u00e1nger hasta Marrakech - travel together in morocco\",\"isPartOf\":{\"@id\":\"https:\\\/\\\/www.traveltogetherinmorocco.com\\\/#website\"},\"primaryImageOfPage\":{\"@id\":\"https:\\\/\\\/www.traveltogetherinmorocco.com\\\/producto\\\/7-day-morocco-desert-adventure-from-tangier-to-marrakech\\\/#primaryimage\"},\"image\":{\"@id\":\"https:\\\/\\\/www.traveltogetherinmorocco.com\\\/producto\\\/7-day-morocco-desert-adventure-from-tangier-to-marrakech\\\/#primaryimage\"},\"thumbnailUrl\":\"https:\\\/\\\/www.traveltogetherinmorocco.com\\\/wp-content\\\/uploads\\\/2025\\\/05\\\/11-4-scaled.webp\",\"datePublished\":\"2025-06-18T17:51:04+00:00\",\"dateModified\":\"2025-06-19T21:04:32+00:00\",\"breadcrumb\":{\"@id\":\"https:\\\/\\\/www.traveltogetherinmorocco.com\\\/producto\\\/7-day-morocco-desert-adventure-from-tangier-to-marrakech\\\/#breadcrumb\"},\"inLanguage\":\"es\",\"potentialAction\":[{\"@type\":\"ReadAction\",\"target\":[\"https:\\\/\\\/www.traveltogetherinmorocco.com\\\/producto\\\/7-day-morocco-desert-adventure-from-tangier-to-marrakech\\\/\"]}]},{\"@type\":\"ImageObject\",\"inLanguage\":\"es\",\"@id\":\"https:\\\/\\\/www.traveltogetherinmorocco.com\\\/producto\\\/7-day-morocco-desert-adventure-from-tangier-to-marrakech\\\/#primaryimage\",\"url\":\"https:\\\/\\\/www.traveltogetherinmorocco.com\\\/wp-content\\\/uploads\\\/2025\\\/05\\\/11-4-scaled.webp\",\"contentUrl\":\"https:\\\/\\\/www.traveltogetherinmorocco.com\\\/wp-content\\\/uploads\\\/2025\\\/05\\\/11-4-scaled.webp\",\"width\":2560,\"height\":1798},{\"@type\":\"BreadcrumbList\",\"@id\":\"https:\\\/\\\/www.traveltogetherinmorocco.com\\\/producto\\\/7-day-morocco-desert-adventure-from-tangier-to-marrakech\\\/#breadcrumb\",\"itemListElement\":[{\"@type\":\"ListItem\",\"position\":1,\"name\":\"Home\",\"item\":\"https:\\\/\\\/www.traveltogetherinmorocco.com\\\/es\\\/\"},{\"@type\":\"ListItem\",\"position\":2,\"name\":\"Products\",\"item\":\"https:\\\/\\\/www.traveltogetherinmorocco.com\\\/shop\\\/\"},{\"@type\":\"ListItem\",\"position\":3,\"name\":\"Aventura de 7 d\u00edas por el desierto de Marruecos desde T\u00e1nger hasta Marrakech\"}]},{\"@type\":\"WebSite\",\"@id\":\"https:\\\/\\\/www.traveltogetherinmorocco.com\\\/#website\",\"url\":\"https:\\\/\\\/www.traveltogetherinmorocco.com\\\/\",\"name\":\"travel together in morocco\",\"description\":\"Authentic Tours Across Morocco, Together with Local Experts\",\"publisher\":{\"@id\":\"https:\\\/\\\/www.traveltogetherinmorocco.com\\\/#organization\"},\"potentialAction\":[{\"@type\":\"SearchAction\",\"target\":{\"@type\":\"EntryPoint\",\"urlTemplate\":\"https:\\\/\\\/www.traveltogetherinmorocco.com\\\/?s={search_term_string}\"},\"query-input\":{\"@type\":\"PropertyValueSpecification\",\"valueRequired\":true,\"valueName\":\"search_term_string\"}}],\"inLanguage\":\"es\"},{\"@type\":\"Organization\",\"@id\":\"https:\\\/\\\/www.traveltogetherinmorocco.com\\\/#organization\",\"name\":\"travel together in morocco\",\"url\":\"https:\\\/\\\/www.traveltogetherinmorocco.com\\\/\",\"logo\":{\"@type\":\"ImageObject\",\"inLanguage\":\"es\",\"@id\":\"https:\\\/\\\/www.traveltogetherinmorocco.com\\\/#\\\/schema\\\/logo\\\/image\\\/\",\"url\":\"https:\\\/\\\/www.traveltogetherinmorocco.com\\\/wp-content\\\/uploads\\\/2025\\\/06\\\/cropped-favicon.png\",\"contentUrl\":\"https:\\\/\\\/www.traveltogetherinmorocco.com\\\/wp-content\\\/uploads\\\/2025\\\/06\\\/cropped-favicon.png\",\"width\":512,\"height\":512,\"caption\":\"travel together in morocco\"},\"image\":{\"@id\":\"https:\\\/\\\/www.traveltogetherinmorocco.com\\\/#\\\/schema\\\/logo\\\/image\\\/\"},\"sameAs\":[\"https:\\\/\\\/www.facebook.com\\\/azizindesert?rdid=AM85IAprjCTIUGCP&share_url=httpswww.facebook.comshare16PbxaT6ga\",\"https:\\\/\\\/www.instagram.com\\\/travel_together_in_morocco\\\/\"]}]}<\/script>\n<!-- \/ Yoast SEO plugin. -->","yoast_head_json":{"title":"Aventura de 7 d\u00edas por el desierto de Marruecos desde T\u00e1nger hasta Marrakech - travel together in morocco","robots":{"index":"index","follow":"follow","max-snippet":"max-snippet:-1","max-image-preview":"max-image-preview:large","max-video-preview":"max-video-preview:-1"},"canonical":"https:\/\/www.traveltogetherinmorocco.com\/producto\/7-day-morocco-desert-adventure-from-tangier-to-marrakech\/","og_locale":"es_ES","og_type":"article","og_title":"Aventura de 7 d\u00edas por el desierto de Marruecos desde T\u00e1nger hasta Marrakech - travel together in morocco","og_description":"Descripci\u00f3n general: Vive lo mejor de Marruecos en este tour de 7 d\u00edas y 6 noches con salida desde T\u00e1nger. Comienza con los dram\u00e1ticos acantilados del Cabo Espartel y la legendaria Cueva de H\u00e9rcules, luego cruza las Monta\u00f1as del Rif para recorrer los callejones azules de Chefchaouen. Contin\u00faa hacia las antiguas ruinas romanas de Volubilis, [&hellip;]","og_url":"https:\/\/www.traveltogetherinmorocco.com\/producto\/7-day-morocco-desert-adventure-from-tangier-to-marrakech\/","og_site_name":"travel together in morocco","article_publisher":"https:\/\/www.facebook.com\/azizindesert?rdid=AM85IAprjCTIUGCP&share_url=httpswww.facebook.comshare16PbxaT6ga","article_modified_time":"2025-06-19T21:04:32+00:00","og_image":[{"width":2560,"height":1798,"url":"https:\/\/www.traveltogetherinmorocco.com\/wp-content\/uploads\/2025\/05\/11-4-scaled.webp","type":"image\/webp"}],"twitter_card":"summary_large_image","twitter_misc":{"Tiempo de lectura":"2 minutos"},"schema":{"@context":"https:\/\/schema.org","@graph":[{"@type":"WebPage","@id":"https:\/\/www.traveltogetherinmorocco.com\/producto\/7-day-morocco-desert-adventure-from-tangier-to-marrakech\/","url":"https:\/\/www.traveltogetherinmorocco.com\/producto\/7-day-morocco-desert-adventure-from-tangier-to-marrakech\/","name":"Aventura de 7 d\u00edas por el desierto de Marruecos desde T\u00e1nger hasta Marrakech - travel together in morocco","isPartOf":{"@id":"https:\/\/www.traveltogetherinmorocco.com\/#website"},"primaryImageOfPage":{"@id":"https:\/\/www.traveltogetherinmorocco.com\/producto\/7-day-morocco-desert-adventure-from-tangier-to-marrakech\/#primaryimage"},"image":{"@id":"https:\/\/www.traveltogetherinmorocco.com\/producto\/7-day-morocco-desert-adventure-from-tangier-to-marrakech\/#primaryimage"},"thumbnailUrl":"https:\/\/www.traveltogetherinmorocco.com\/wp-content\/uploads\/2025\/05\/11-4-scaled.webp","datePublished":"2025-06-18T17:51:04+00:00","dateModified":"2025-06-19T21:04:32+00:00","breadcrumb":{"@id":"https:\/\/www.traveltogetherinmorocco.com\/producto\/7-day-morocco-desert-adventure-from-tangier-to-marrakech\/#breadcrumb"},"inLanguage":"es","potentialAction":[{"@type":"ReadAction","target":["https:\/\/www.traveltogetherinmorocco.com\/producto\/7-day-morocco-desert-adventure-from-tangier-to-marrakech\/"]}]},{"@type":"ImageObject","inLanguage":"es","@id":"https:\/\/www.traveltogetherinmorocco.com\/producto\/7-day-morocco-desert-adventure-from-tangier-to-marrakech\/#primaryimage","url":"https:\/\/www.traveltogetherinmorocco.com\/wp-content\/uploads\/2025\/05\/11-4-scaled.webp","contentUrl":"https:\/\/www.traveltogetherinmorocco.com\/wp-content\/uploads\/2025\/05\/11-4-scaled.webp","width":2560,"height":1798},{"@type":"BreadcrumbList","@id":"https:\/\/www.traveltogetherinmorocco.com\/producto\/7-day-morocco-desert-adventure-from-tangier-to-marrakech\/#breadcrumb","itemListElement":[{"@type":"ListItem","position":1,"name":"Home","item":"https:\/\/www.traveltogetherinmorocco.com\/es\/"},{"@type":"ListItem","position":2,"name":"Products","item":"https:\/\/www.traveltogetherinmorocco.com\/shop\/"},{"@type":"ListItem","position":3,"name":"Aventura de 7 d\u00edas por el desierto de Marruecos desde T\u00e1nger hasta Marrakech"}]},{"@type":"WebSite","@id":"https:\/\/www.traveltogetherinmorocco.com\/#website","url":"https:\/\/www.traveltogetherinmorocco.com\/","name":"travel together in morocco","description":"Authentic Tours Across Morocco, Together with Local Experts","publisher":{"@id":"https:\/\/www.traveltogetherinmorocco.com\/#organization"},"potentialAction":[{"@type":"SearchAction","target":{"@type":"EntryPoint","urlTemplate":"https:\/\/www.traveltogetherinmorocco.com\/?s={search_term_string}"},"query-input":{"@type":"PropertyValueSpecification","valueRequired":true,"valueName":"search_term_string"}}],"inLanguage":"es"},{"@type":"Organization","@id":"https:\/\/www.traveltogetherinmorocco.com\/#organization","name":"travel together in morocco","url":"https:\/\/www.traveltogetherinmorocco.com\/","logo":{"@type":"ImageObject","inLanguage":"es","@id":"https:\/\/www.traveltogetherinmorocco.com\/#\/schema\/logo\/image\/","url":"https:\/\/www.traveltogetherinmorocco.com\/wp-content\/uploads\/2025\/06\/cropped-favicon.png","contentUrl":"https:\/\/www.traveltogetherinmorocco.com\/wp-content\/uploads\/2025\/06\/cropped-favicon.png","width":512,"height":512,"caption":"travel together in morocco"},"image":{"@id":"https:\/\/www.traveltogetherinmorocco.com\/#\/schema\/logo\/image\/"},"sameAs":["https:\/\/www.facebook.com\/azizindesert?rdid=AM85IAprjCTIUGCP&share_url=httpswww.facebook.comshare16PbxaT6ga","https:\/\/www.instagram.com\/travel_together_in_morocco\/"]}]}},"_links":{"self":[{"href":"https:\/\/www.traveltogetherinmorocco.com\/es\/wp-json\/wp\/v2\/product\/10979","targetHints":{"allow":["GET"]}}],"collection":[{"href":"https:\/\/www.traveltogetherinmorocco.com\/es\/wp-json\/wp\/v2\/product"}],"about":[{"href":"https:\/\/www.traveltogetherinmorocco.com\/es\/wp-json\/wp\/v2\/types\/product"}],"replies":[{"embeddable":true,"href":"https:\/\/www.traveltogetherinmorocco.com\/es\/wp-json\/wp\/v2\/comments?post=10979"}],"wp:featuredmedia":[{"embeddable":true,"href":"https:\/\/www.traveltogetherinmorocco.com\/es\/wp-json\/wp\/v2\/media\/2700"}],"wp:attachment":[{"href":"https:\/\/www.traveltogetherinmorocco.com\/es\/wp-json\/wp\/v2\/media?parent=10979"}],"wp:term":[{"taxonomy":"product_brand","embeddable":true,"href":"https:\/\/www.traveltogetherinmorocco.com\/es\/wp-json\/wp\/v2\/product_brand?post=10979"},{"taxonomy":"product_cat","embeddable":true,"href":"https:\/\/www.traveltogetherinmorocco.com\/es\/wp-json\/wp\/v2\/product_cat?post=10979"},{"taxonomy":"product_tag","embeddable":true,"href":"https:\/\/www.traveltogetherinmorocco.com\/es\/wp-json\/wp\/v2\/product_tag?post=10979"}],"curies":[{"name":"wp","href":"https:\/\/api.w.org\/{rel}","templated":true}]}}