{"id":10981,"date":"2025-06-18T17:40:14","date_gmt":"2025-06-18T17:40:14","guid":{"rendered":"https:\/\/www.traveltogetherinmorocco.com\/product\/6-day-desert-tour-from-marrakech-to-casablanca\/"},"modified":"2025-06-19T21:11:31","modified_gmt":"2025-06-19T21:11:31","slug":"tour-de-6-dias-por-el-desierto-desde-marrakech-hasta-casablanca","status":"publish","type":"product","link":"https:\/\/www.traveltogetherinmorocco.com\/es\/producto\/tour-de-6-dias-por-el-desierto-desde-marrakech-hasta-casablanca\/","title":{"rendered":"Tour de 6 d\u00edas por el desierto desde Marrakech hasta Casablanca"},"content":{"rendered":"<h2>Descripci\u00f3n general:<\/h2>\n<p data-start=\"77\" data-end=\"511\">Descubre el <strong data-start=\"89\" data-end=\"120\">coraz\u00f3n y alma de Marruecos<\/strong> en este <strong data-start=\"129\" data-end=\"158\">viaje inmersivo de 6 d\u00edas<\/strong> desde <strong data-start=\"165\" data-end=\"195\">Marrakech hasta Casablanca<\/strong>. Explora <strong data-start=\"205\" data-end=\"225\">antiguas kasbahs<\/strong>, <strong data-start=\"227\" data-end=\"249\">ciudades vibrantes<\/strong>, <strong data-start=\"251\" data-end=\"273\">ca\u00f1ones dram\u00e1ticos<\/strong> y el vasto <strong data-start=\"285\" data-end=\"308\">desierto del Sahara<\/strong>. Comienza tu aventura en <strong data-start=\"334\" data-end=\"347\">Marrakech<\/strong> y viaja a trav\u00e9s de las <strong data-start=\"372\" data-end=\"399\">Monta\u00f1as del Alto Atlas<\/strong> para visitar el cinematogr\u00e1fico <strong data-start=\"432\" data-end=\"450\">Ait Ben Haddou<\/strong> y los paisajes oasis de las <strong data-start=\"479\" data-end=\"510\">Gargantas del Dades y Todra<\/strong>.<\/p>\n<p data-start=\"513\" data-end=\"970\">Monta en <strong data-start=\"522\" data-end=\"572\">camello sobre las dunas doradas del Erg Chebbi<\/strong>, vive una <strong data-start=\"583\" data-end=\"653\">noche inolvidable en un campamento del desierto bajo las estrellas<\/strong>, y viaja hacia el norte hasta la <strong data-start=\"687\" data-end=\"715\">ciudad espiritual de Fez<\/strong>. Concluye tu tour en <strong data-start=\"737\" data-end=\"751\">Casablanca<\/strong> con una visita a la majestuosa <strong data-start=\"783\" data-end=\"805\">Mezquita Hassan II<\/strong> junto al Oc\u00e9ano Atl\u00e1ntico. Este tour combina la <strong data-start=\"854\" data-end=\"873\">belleza natural<\/strong>, el <strong data-start=\"878\" data-end=\"901\">patrimonio cultural<\/strong> y los <strong data-start=\"908\" data-end=\"930\">encuentros locales<\/strong> para una escapada marroqu\u00ed inolvidable.<\/p>\n<h2 data-start=\"139\" data-end=\"422\">Aspectos destacados del tour:<\/h2>\n<ul>\n<li data-start=\"70\" data-end=\"229\"><strong data-start=\"70\" data-end=\"126\">Paso de las Monta\u00f1as del Alto Atlas (Tizi n\u2019Tichka):<\/strong> Conduce por la <strong data-start=\"142\" data-end=\"186\">columna vertebral monta\u00f1osa de Marruecos<\/strong> con <strong data-start=\"191\" data-end=\"228\">vistas panor\u00e1micas impresionantes<\/strong>.<\/li>\n<li data-start=\"231\" data-end=\"375\"><strong data-start=\"231\" data-end=\"263\">Gargantas del Dades y Todra:<\/strong> Explora <strong data-start=\"272\" data-end=\"306\">paisajes dram\u00e1ticos de ca\u00f1ones<\/strong>, <strong data-start=\"308\" data-end=\"337\">valles llenos de palmeras<\/strong> y <strong data-start=\"340\" data-end=\"374\">encantadores pueblos bereberes<\/strong>.<\/li>\n<li data-start=\"377\" data-end=\"545\"><strong data-start=\"377\" data-end=\"425\">Paseo en camello por el Desierto del Sahara:<\/strong> Recorre las <strong data-start=\"438\" data-end=\"461\">dunas de Erg Chebbi<\/strong> durante un <strong data-start=\"473\" data-end=\"502\">atardecer resplandeciente<\/strong> y vive la <strong data-start=\"513\" data-end=\"544\">aut\u00e9ntica vida del desierto<\/strong>.<\/li>\n<li data-start=\"547\" data-end=\"721\"><strong data-start=\"547\" data-end=\"582\">Noche estrellada en Erg Chebbi:<\/strong> Duerme en un <strong data-start=\"596\" data-end=\"635\">campamento tradicional del desierto<\/strong>, disfruta de la <strong data-start=\"652\" data-end=\"676\">hospitalidad bereber<\/strong> y contempla un <strong data-start=\"692\" data-end=\"720\">cielo lleno de estrellas<\/strong>.<\/li>\n<li data-start=\"723\" data-end=\"863\"><strong data-start=\"723\" data-end=\"758\">Descubrimiento cultural en Fez:<\/strong> Recorre la <strong data-start=\"770\" data-end=\"795\">antigua medina de Fez<\/strong> con un <strong data-start=\"803\" data-end=\"817\">gu\u00eda local<\/strong> y descubre siglos de <strong data-start=\"839\" data-end=\"862\">historia fascinante<\/strong>.<\/li>\n<li data-start=\"865\" data-end=\"1034\"><strong data-start=\"865\" data-end=\"902\">Mezquita Hassan II de Casablanca:<\/strong> Visita la <strong data-start=\"913\" data-end=\"946\">mezquita m\u00e1s grande de \u00c1frica<\/strong>, situada orgullosamente en la <strong data-start=\"977\" data-end=\"996\">costa atl\u00e1ntica<\/strong>, con una <strong data-start=\"1006\" data-end=\"1033\">arquitectura intrincada<\/strong>.<\/li>\n<\/ul>\n","protected":false},"excerpt":{"rendered":"<p>Descripci\u00f3n general: Descubre el coraz\u00f3n y alma de Marruecos en este viaje inmersivo de 6 d\u00edas desde Marrakech hasta Casablanca. Explora antiguas kasbahs, ciudades vibrantes, ca\u00f1ones dram\u00e1ticos y el vasto desierto del Sahara. Comienza tu aventura en Marrakech y viaja a trav\u00e9s de las Monta\u00f1as del Alto Atlas para visitar el cinematogr\u00e1fico Ait Ben Haddou [&hellip;]<\/p>\n","protected":false},"featured_media":2593,"comment_status":"open","ping_status":"closed","template":"","meta":[],"product_brand":[],"product_cat":[218,215],"product_tag":[],"class_list":{"0":"post-10981","1":"product","2":"type-product","3":"status-publish","4":"has-post-thumbnail","6":"product_cat-marrakech-es","7":"product_cat-morocco-desert-tours-es","9":"first","10":"instock","11":"shipping-taxable","12":"product-type-ovabrw_car_rental"},"yoast_head":"<!-- This site is optimized with the Yoast SEO plugin v27.4 - https:\/\/yoast.com\/product\/yoast-seo-wordpress\/ -->\n<title>Tour de 6 d\u00edas por el desierto desde Marrakech hasta Casablanca - travel together in morocco<\/title>\n<meta name=\"robots\" content=\"index, follow, max-snippet:-1, max-image-preview:large, max-video-preview:-1\" \/>\n<link rel=\"canonical\" href=\"https:\/\/www.traveltogetherinmorocco.com\/producto\/6-day-desert-tour-from-marrakech-to-casablanca\/\" \/>\n<meta property=\"og:locale\" content=\"es_ES\" \/>\n<meta property=\"og:type\" content=\"article\" \/>\n<meta property=\"og:title\" content=\"Tour de 6 d\u00edas por el desierto desde Marrakech hasta Casablanca - travel together in morocco\" \/>\n<meta property=\"og:description\" content=\"Descripci\u00f3n general: Descubre el coraz\u00f3n y alma de Marruecos en este viaje inmersivo de 6 d\u00edas desde Marrakech hasta Casablanca. Explora antiguas kasbahs, ciudades vibrantes, ca\u00f1ones dram\u00e1ticos y el vasto desierto del Sahara. Comienza tu aventura en Marrakech y viaja a trav\u00e9s de las Monta\u00f1as del Alto Atlas para visitar el cinematogr\u00e1fico Ait Ben Haddou [&hellip;]\" \/>\n<meta property=\"og:url\" content=\"https:\/\/www.traveltogetherinmorocco.com\/producto\/6-day-desert-tour-from-marrakech-to-casablanca\/\" \/>\n<meta property=\"og:site_name\" content=\"travel together in morocco\" \/>\n<meta property=\"article:publisher\" content=\"https:\/\/www.facebook.com\/azizindesert?rdid=AM85IAprjCTIUGCP&amp;share_url=httpswww.facebook.comshare16PbxaT6ga\" \/>\n<meta property=\"article:modified_time\" content=\"2025-06-19T21:11:31+00:00\" \/>\n<meta property=\"og:image\" content=\"https:\/\/www.traveltogetherinmorocco.com\/wp-content\/uploads\/2025\/05\/4-8-scaled.webp\" \/>\n\t<meta property=\"og:image:width\" content=\"2560\" \/>\n\t<meta property=\"og:image:height\" content=\"1798\" \/>\n\t<meta property=\"og:image:type\" content=\"image\/webp\" \/>\n<meta name=\"twitter:card\" content=\"summary_large_image\" \/>\n<meta name=\"twitter:label1\" content=\"Tiempo de lectura\" \/>\n\t<meta name=\"twitter:data1\" content=\"1 minuto\" \/>\n<script type=\"application\/ld+json\" class=\"yoast-schema-graph\">{\"@context\":\"https:\\\/\\\/schema.org\",\"@graph\":[{\"@type\":\"WebPage\",\"@id\":\"https:\\\/\\\/www.traveltogetherinmorocco.com\\\/producto\\\/6-day-desert-tour-from-marrakech-to-casablanca\\\/\",\"url\":\"https:\\\/\\\/www.traveltogetherinmorocco.com\\\/producto\\\/6-day-desert-tour-from-marrakech-to-casablanca\\\/\",\"name\":\"Tour de 6 d\u00edas por el desierto desde Marrakech hasta Casablanca - travel together in morocco\",\"isPartOf\":{\"@id\":\"https:\\\/\\\/www.traveltogetherinmorocco.com\\\/#website\"},\"primaryImageOfPage\":{\"@id\":\"https:\\\/\\\/www.traveltogetherinmorocco.com\\\/producto\\\/6-day-desert-tour-from-marrakech-to-casablanca\\\/#primaryimage\"},\"image\":{\"@id\":\"https:\\\/\\\/www.traveltogetherinmorocco.com\\\/producto\\\/6-day-desert-tour-from-marrakech-to-casablanca\\\/#primaryimage\"},\"thumbnailUrl\":\"https:\\\/\\\/www.traveltogetherinmorocco.com\\\/wp-content\\\/uploads\\\/2025\\\/05\\\/4-8-scaled.webp\",\"datePublished\":\"2025-06-18T17:40:14+00:00\",\"dateModified\":\"2025-06-19T21:11:31+00:00\",\"breadcrumb\":{\"@id\":\"https:\\\/\\\/www.traveltogetherinmorocco.com\\\/producto\\\/6-day-desert-tour-from-marrakech-to-casablanca\\\/#breadcrumb\"},\"inLanguage\":\"es\",\"potentialAction\":[{\"@type\":\"ReadAction\",\"target\":[\"https:\\\/\\\/www.traveltogetherinmorocco.com\\\/producto\\\/6-day-desert-tour-from-marrakech-to-casablanca\\\/\"]}]},{\"@type\":\"ImageObject\",\"inLanguage\":\"es\",\"@id\":\"https:\\\/\\\/www.traveltogetherinmorocco.com\\\/producto\\\/6-day-desert-tour-from-marrakech-to-casablanca\\\/#primaryimage\",\"url\":\"https:\\\/\\\/www.traveltogetherinmorocco.com\\\/wp-content\\\/uploads\\\/2025\\\/05\\\/4-8-scaled.webp\",\"contentUrl\":\"https:\\\/\\\/www.traveltogetherinmorocco.com\\\/wp-content\\\/uploads\\\/2025\\\/05\\\/4-8-scaled.webp\",\"width\":2560,\"height\":1798},{\"@type\":\"BreadcrumbList\",\"@id\":\"https:\\\/\\\/www.traveltogetherinmorocco.com\\\/producto\\\/6-day-desert-tour-from-marrakech-to-casablanca\\\/#breadcrumb\",\"itemListElement\":[{\"@type\":\"ListItem\",\"position\":1,\"name\":\"Home\",\"item\":\"https:\\\/\\\/www.traveltogetherinmorocco.com\\\/es\\\/\"},{\"@type\":\"ListItem\",\"position\":2,\"name\":\"Products\",\"item\":\"https:\\\/\\\/www.traveltogetherinmorocco.com\\\/shop\\\/\"},{\"@type\":\"ListItem\",\"position\":3,\"name\":\"Tour de 6 d\u00edas por el desierto desde Marrakech hasta Casablanca\"}]},{\"@type\":\"WebSite\",\"@id\":\"https:\\\/\\\/www.traveltogetherinmorocco.com\\\/#website\",\"url\":\"https:\\\/\\\/www.traveltogetherinmorocco.com\\\/\",\"name\":\"travel together in morocco\",\"description\":\"Authentic Tours Across Morocco, Together with Local Experts\",\"publisher\":{\"@id\":\"https:\\\/\\\/www.traveltogetherinmorocco.com\\\/#organization\"},\"potentialAction\":[{\"@type\":\"SearchAction\",\"target\":{\"@type\":\"EntryPoint\",\"urlTemplate\":\"https:\\\/\\\/www.traveltogetherinmorocco.com\\\/?s={search_term_string}\"},\"query-input\":{\"@type\":\"PropertyValueSpecification\",\"valueRequired\":true,\"valueName\":\"search_term_string\"}}],\"inLanguage\":\"es\"},{\"@type\":\"Organization\",\"@id\":\"https:\\\/\\\/www.traveltogetherinmorocco.com\\\/#organization\",\"name\":\"travel together in morocco\",\"url\":\"https:\\\/\\\/www.traveltogetherinmorocco.com\\\/\",\"logo\":{\"@type\":\"ImageObject\",\"inLanguage\":\"es\",\"@id\":\"https:\\\/\\\/www.traveltogetherinmorocco.com\\\/#\\\/schema\\\/logo\\\/image\\\/\",\"url\":\"https:\\\/\\\/www.traveltogetherinmorocco.com\\\/wp-content\\\/uploads\\\/2025\\\/06\\\/cropped-favicon.png\",\"contentUrl\":\"https:\\\/\\\/www.traveltogetherinmorocco.com\\\/wp-content\\\/uploads\\\/2025\\\/06\\\/cropped-favicon.png\",\"width\":512,\"height\":512,\"caption\":\"travel together in morocco\"},\"image\":{\"@id\":\"https:\\\/\\\/www.traveltogetherinmorocco.com\\\/#\\\/schema\\\/logo\\\/image\\\/\"},\"sameAs\":[\"https:\\\/\\\/www.facebook.com\\\/azizindesert?rdid=AM85IAprjCTIUGCP&share_url=httpswww.facebook.comshare16PbxaT6ga\",\"https:\\\/\\\/www.instagram.com\\\/travel_together_in_morocco\\\/\"]}]}<\/script>\n<!-- \/ Yoast SEO plugin. -->","yoast_head_json":{"title":"Tour de 6 d\u00edas por el desierto desde Marrakech hasta Casablanca - travel together in morocco","robots":{"index":"index","follow":"follow","max-snippet":"max-snippet:-1","max-image-preview":"max-image-preview:large","max-video-preview":"max-video-preview:-1"},"canonical":"https:\/\/www.traveltogetherinmorocco.com\/producto\/6-day-desert-tour-from-marrakech-to-casablanca\/","og_locale":"es_ES","og_type":"article","og_title":"Tour de 6 d\u00edas por el desierto desde Marrakech hasta Casablanca - travel together in morocco","og_description":"Descripci\u00f3n general: Descubre el coraz\u00f3n y alma de Marruecos en este viaje inmersivo de 6 d\u00edas desde Marrakech hasta Casablanca. Explora antiguas kasbahs, ciudades vibrantes, ca\u00f1ones dram\u00e1ticos y el vasto desierto del Sahara. Comienza tu aventura en Marrakech y viaja a trav\u00e9s de las Monta\u00f1as del Alto Atlas para visitar el cinematogr\u00e1fico Ait Ben Haddou [&hellip;]","og_url":"https:\/\/www.traveltogetherinmorocco.com\/producto\/6-day-desert-tour-from-marrakech-to-casablanca\/","og_site_name":"travel together in morocco","article_publisher":"https:\/\/www.facebook.com\/azizindesert?rdid=AM85IAprjCTIUGCP&share_url=httpswww.facebook.comshare16PbxaT6ga","article_modified_time":"2025-06-19T21:11:31+00:00","og_image":[{"width":2560,"height":1798,"url":"https:\/\/www.traveltogetherinmorocco.com\/wp-content\/uploads\/2025\/05\/4-8-scaled.webp","type":"image\/webp"}],"twitter_card":"summary_large_image","twitter_misc":{"Tiempo de lectura":"1 minuto"},"schema":{"@context":"https:\/\/schema.org","@graph":[{"@type":"WebPage","@id":"https:\/\/www.traveltogetherinmorocco.com\/producto\/6-day-desert-tour-from-marrakech-to-casablanca\/","url":"https:\/\/www.traveltogetherinmorocco.com\/producto\/6-day-desert-tour-from-marrakech-to-casablanca\/","name":"Tour de 6 d\u00edas por el desierto desde Marrakech hasta Casablanca - travel together in morocco","isPartOf":{"@id":"https:\/\/www.traveltogetherinmorocco.com\/#website"},"primaryImageOfPage":{"@id":"https:\/\/www.traveltogetherinmorocco.com\/producto\/6-day-desert-tour-from-marrakech-to-casablanca\/#primaryimage"},"image":{"@id":"https:\/\/www.traveltogetherinmorocco.com\/producto\/6-day-desert-tour-from-marrakech-to-casablanca\/#primaryimage"},"thumbnailUrl":"https:\/\/www.traveltogetherinmorocco.com\/wp-content\/uploads\/2025\/05\/4-8-scaled.webp","datePublished":"2025-06-18T17:40:14+00:00","dateModified":"2025-06-19T21:11:31+00:00","breadcrumb":{"@id":"https:\/\/www.traveltogetherinmorocco.com\/producto\/6-day-desert-tour-from-marrakech-to-casablanca\/#breadcrumb"},"inLanguage":"es","potentialAction":[{"@type":"ReadAction","target":["https:\/\/www.traveltogetherinmorocco.com\/producto\/6-day-desert-tour-from-marrakech-to-casablanca\/"]}]},{"@type":"ImageObject","inLanguage":"es","@id":"https:\/\/www.traveltogetherinmorocco.com\/producto\/6-day-desert-tour-from-marrakech-to-casablanca\/#primaryimage","url":"https:\/\/www.traveltogetherinmorocco.com\/wp-content\/uploads\/2025\/05\/4-8-scaled.webp","contentUrl":"https:\/\/www.traveltogetherinmorocco.com\/wp-content\/uploads\/2025\/05\/4-8-scaled.webp","width":2560,"height":1798},{"@type":"BreadcrumbList","@id":"https:\/\/www.traveltogetherinmorocco.com\/producto\/6-day-desert-tour-from-marrakech-to-casablanca\/#breadcrumb","itemListElement":[{"@type":"ListItem","position":1,"name":"Home","item":"https:\/\/www.traveltogetherinmorocco.com\/es\/"},{"@type":"ListItem","position":2,"name":"Products","item":"https:\/\/www.traveltogetherinmorocco.com\/shop\/"},{"@type":"ListItem","position":3,"name":"Tour de 6 d\u00edas por el desierto desde Marrakech hasta Casablanca"}]},{"@type":"WebSite","@id":"https:\/\/www.traveltogetherinmorocco.com\/#website","url":"https:\/\/www.traveltogetherinmorocco.com\/","name":"travel together in morocco","description":"Authentic Tours Across Morocco, Together with Local Experts","publisher":{"@id":"https:\/\/www.traveltogetherinmorocco.com\/#organization"},"potentialAction":[{"@type":"SearchAction","target":{"@type":"EntryPoint","urlTemplate":"https:\/\/www.traveltogetherinmorocco.com\/?s={search_term_string}"},"query-input":{"@type":"PropertyValueSpecification","valueRequired":true,"valueName":"search_term_string"}}],"inLanguage":"es"},{"@type":"Organization","@id":"https:\/\/www.traveltogetherinmorocco.com\/#organization","name":"travel together in morocco","url":"https:\/\/www.traveltogetherinmorocco.com\/","logo":{"@type":"ImageObject","inLanguage":"es","@id":"https:\/\/www.traveltogetherinmorocco.com\/#\/schema\/logo\/image\/","url":"https:\/\/www.traveltogetherinmorocco.com\/wp-content\/uploads\/2025\/06\/cropped-favicon.png","contentUrl":"https:\/\/www.traveltogetherinmorocco.com\/wp-content\/uploads\/2025\/06\/cropped-favicon.png","width":512,"height":512,"caption":"travel together in morocco"},"image":{"@id":"https:\/\/www.traveltogetherinmorocco.com\/#\/schema\/logo\/image\/"},"sameAs":["https:\/\/www.facebook.com\/azizindesert?rdid=AM85IAprjCTIUGCP&share_url=httpswww.facebook.comshare16PbxaT6ga","https:\/\/www.instagram.com\/travel_together_in_morocco\/"]}]}},"_links":{"self":[{"href":"https:\/\/www.traveltogetherinmorocco.com\/es\/wp-json\/wp\/v2\/product\/10981","targetHints":{"allow":["GET"]}}],"collection":[{"href":"https:\/\/www.traveltogetherinmorocco.com\/es\/wp-json\/wp\/v2\/product"}],"about":[{"href":"https:\/\/www.traveltogetherinmorocco.com\/es\/wp-json\/wp\/v2\/types\/product"}],"replies":[{"embeddable":true,"href":"https:\/\/www.traveltogetherinmorocco.com\/es\/wp-json\/wp\/v2\/comments?post=10981"}],"wp:featuredmedia":[{"embeddable":true,"href":"https:\/\/www.traveltogetherinmorocco.com\/es\/wp-json\/wp\/v2\/media\/2593"}],"wp:attachment":[{"href":"https:\/\/www.traveltogetherinmorocco.com\/es\/wp-json\/wp\/v2\/media?parent=10981"}],"wp:term":[{"taxonomy":"product_brand","embeddable":true,"href":"https:\/\/www.traveltogetherinmorocco.com\/es\/wp-json\/wp\/v2\/product_brand?post=10981"},{"taxonomy":"product_cat","embeddable":true,"href":"https:\/\/www.traveltogetherinmorocco.com\/es\/wp-json\/wp\/v2\/product_cat?post=10981"},{"taxonomy":"product_tag","embeddable":true,"href":"https:\/\/www.traveltogetherinmorocco.com\/es\/wp-json\/wp\/v2\/product_tag?post=10981"}],"curies":[{"name":"wp","href":"https:\/\/api.w.org\/{rel}","templated":true}]}}