{"id":10983,"date":"2025-06-18T14:32:24","date_gmt":"2025-06-18T14:32:24","guid":{"rendered":"https:\/\/www.traveltogetherinmorocco.com\/product\/5-day-morocco-sahara-tour-from-tangier-to-marrakech\/"},"modified":"2025-06-19T21:17:27","modified_gmt":"2025-06-19T21:17:27","slug":"tour-de-5-dias-por-el-sahara-de-marruecos-desde-tanger-hasta-marrakech","status":"publish","type":"product","link":"https:\/\/www.traveltogetherinmorocco.com\/es\/producto\/tour-de-5-dias-por-el-sahara-de-marruecos-desde-tanger-hasta-marrakech\/","title":{"rendered":"Tour de 5 d\u00edas por el Sahara de Marruecos desde T\u00e1nger hasta Marrakech"},"content":{"rendered":"<h2>Descripci\u00f3n general:<\/h2>\n<p data-start=\"109\" data-end=\"655\">Emprende un <strong data-start=\"121\" data-end=\"181\">extraordinario tour de 5 d\u00edas por el Sahara de Marruecos<\/strong>, comenzando en <strong data-start=\"197\" data-end=\"207\">T\u00e1nger<\/strong> y terminando en la vibrante ciudad de <strong data-start=\"246\" data-end=\"259\">Marrakech<\/strong>. Inicia tu viaje en la pintoresca localidad de <strong data-start=\"307\" data-end=\"322\">Chefchaouen<\/strong>, conocida como la <strong data-start=\"341\" data-end=\"357\">\u201cPerla Azul\u201d<\/strong>, donde podr\u00e1s explorar su encantadora <strong data-start=\"396\" data-end=\"406\">medina<\/strong> y hacer senderismo en las esc\u00e9nicas <strong data-start=\"443\" data-end=\"463\">Monta\u00f1as del Rif<\/strong>. Contin\u00faa hacia <strong data-start=\"480\" data-end=\"487\">Fez<\/strong>, un centro cultural donde recorrer\u00e1s la antigua <strong data-start=\"536\" data-end=\"546\">medina<\/strong>, admirar\u00e1s la arquitectura de la <strong data-start=\"580\" data-end=\"602\">Madrasa Bou Inania<\/strong> y disfrutar\u00e1s de la <strong data-start=\"623\" data-end=\"654\">cocina tradicional marroqu\u00ed<\/strong>.<\/p>\n<p data-start=\"657\" data-end=\"1248\">Tu aventura sigue en el coraz\u00f3n del <strong data-start=\"693\" data-end=\"716\">desierto del Sahara<\/strong>. Monta en <strong data-start=\"727\" data-end=\"738\">camello<\/strong> a trav\u00e9s de las <strong data-start=\"755\" data-end=\"772\">dunas doradas<\/strong>, acampa bajo un cielo lleno de estrellas y disfruta de los ritmos de la <strong data-start=\"845\" data-end=\"863\">m\u00fasica bereber<\/strong> alrededor del fuego. Descubre los paisajes cinematogr\u00e1ficos de <strong data-start=\"927\" data-end=\"941\">Ouarzazate<\/strong>, incluyendo la ic\u00f3nica <strong data-start=\"965\" data-end=\"993\">kasbah de Ait Ben Haddou<\/strong> y los famosos <strong data-start=\"1008\" data-end=\"1028\">estudios de cine<\/strong>. Finalmente, llega a <strong data-start=\"1050\" data-end=\"1063\">Marrakech<\/strong>, donde experimentar\u00e1s la energ\u00eda vibrante de la <strong data-start=\"1112\" data-end=\"1134\">Plaza Jemaa el-Fna<\/strong>, explorar\u00e1s el <strong data-start=\"1150\" data-end=\"1173\">Palacio de la Bah\u00eda<\/strong>, visitar\u00e1s la <strong data-start=\"1188\" data-end=\"1210\">Mezquita Koutoubia<\/strong> y recorrer\u00e1s los coloridos <strong data-start=\"1238\" data-end=\"1247\">souks<\/strong>.<\/p>\n<p data-start=\"1250\" data-end=\"1382\">Este itinerario de 5 d\u00edas combina la <strong data-start=\"1287\" data-end=\"1311\">exploraci\u00f3n cultural<\/strong>, la <strong data-start=\"1316\" data-end=\"1335\">belleza natural<\/strong> y una <strong data-start=\"1342\" data-end=\"1381\">aventura inolvidable en el desierto<\/strong>.<\/p>\n<h2 data-start=\"139\" data-end=\"422\">Aspectos destacados del tour:<\/h2>\n<ul>\n<li data-start=\"66\" data-end=\"165\">Recorre la <strong data-start=\"77\" data-end=\"118\">medina pintada de azul de Chefchaouen<\/strong> y haz senderismo en las <strong data-start=\"143\" data-end=\"163\">Monta\u00f1as del Rif<\/strong><\/li>\n<li data-start=\"168\" data-end=\"276\">Descubre el <strong data-start=\"180\" data-end=\"220\">coraz\u00f3n espiritual y cultural de Fez<\/strong>, incluyendo la <strong data-start=\"236\" data-end=\"246\">medina<\/strong> y la <strong data-start=\"252\" data-end=\"274\">Madrasa Bou Inania<\/strong><\/li>\n<li data-start=\"279\" data-end=\"383\">Monta en <strong data-start=\"288\" data-end=\"328\">camello hacia el desierto del Sahara<\/strong> y pasa una <strong data-start=\"340\" data-end=\"381\">noche m\u00e1gica en un campamento bereber<\/strong><\/li>\n<li data-start=\"386\" data-end=\"488\">Disfruta de la <strong data-start=\"401\" data-end=\"431\">m\u00fasica tradicional bereber<\/strong> y contempla las <strong data-start=\"448\" data-end=\"486\">estrellas en el cielo del desierto<\/strong><\/li>\n<li data-start=\"491\" data-end=\"580\">Explora la famosa <strong data-start=\"509\" data-end=\"537\">kasbah de Ait Ben Haddou<\/strong> y los <strong data-start=\"544\" data-end=\"578\">estudios de cine de Ouarzazate<\/strong><\/li>\n<li data-start=\"583\" data-end=\"703\">Visita los principales atractivos de <strong data-start=\"620\" data-end=\"633\">Marrakech<\/strong>: <strong data-start=\"635\" data-end=\"651\">Jemaa el-Fna<\/strong>, <strong data-start=\"653\" data-end=\"676\">Palacio de la Bah\u00eda<\/strong> y <strong data-start=\"679\" data-end=\"701\">Mezquita Koutoubia<\/strong><\/li>\n<li data-start=\"706\" data-end=\"815\">Saborea la <strong data-start=\"717\" data-end=\"746\">aut\u00e9ntica cocina marroqu\u00ed<\/strong> y experimenta la <strong data-start=\"764\" data-end=\"793\">c\u00e1lida hospitalidad local<\/strong> durante todo tu viaje<\/li>\n<\/ul>\n","protected":false},"excerpt":{"rendered":"<p>Descripci\u00f3n general: Emprende un extraordinario tour de 5 d\u00edas por el Sahara de Marruecos, comenzando en T\u00e1nger y terminando en la vibrante ciudad de Marrakech. Inicia tu viaje en la pintoresca localidad de Chefchaouen, conocida como la \u201cPerla Azul\u201d, donde podr\u00e1s explorar su encantadora medina y hacer senderismo en las esc\u00e9nicas Monta\u00f1as del Rif. Contin\u00faa [&hellip;]<\/p>\n","protected":false},"featured_media":2674,"comment_status":"open","ping_status":"closed","template":"","meta":[],"product_brand":[],"product_cat":[215,216],"product_tag":[],"class_list":{"0":"post-10983","1":"product","2":"type-product","3":"status-publish","4":"has-post-thumbnail","6":"product_cat-morocco-desert-tours-es","7":"product_cat-tangier-es","9":"first","10":"instock","11":"shipping-taxable","12":"product-type-ovabrw_car_rental"},"yoast_head":"<!-- This site is optimized with the Yoast SEO plugin v27.4 - https:\/\/yoast.com\/product\/yoast-seo-wordpress\/ -->\n<title>Tour de 5 d\u00edas por el Sahara de Marruecos desde T\u00e1nger hasta Marrakech - travel together in morocco<\/title>\n<meta name=\"robots\" content=\"index, follow, max-snippet:-1, max-image-preview:large, max-video-preview:-1\" \/>\n<link rel=\"canonical\" href=\"https:\/\/www.traveltogetherinmorocco.com\/producto\/5-day-morocco-sahara-tour-from-tangier-to-marrakech\/\" \/>\n<meta property=\"og:locale\" content=\"es_ES\" \/>\n<meta property=\"og:type\" content=\"article\" \/>\n<meta property=\"og:title\" content=\"Tour de 5 d\u00edas por el Sahara de Marruecos desde T\u00e1nger hasta Marrakech - travel together in morocco\" \/>\n<meta property=\"og:description\" content=\"Descripci\u00f3n general: Emprende un extraordinario tour de 5 d\u00edas por el Sahara de Marruecos, comenzando en T\u00e1nger y terminando en la vibrante ciudad de Marrakech. Inicia tu viaje en la pintoresca localidad de Chefchaouen, conocida como la \u201cPerla Azul\u201d, donde podr\u00e1s explorar su encantadora medina y hacer senderismo en las esc\u00e9nicas Monta\u00f1as del Rif. Contin\u00faa [&hellip;]\" \/>\n<meta property=\"og:url\" content=\"https:\/\/www.traveltogetherinmorocco.com\/producto\/5-day-morocco-sahara-tour-from-tangier-to-marrakech\/\" \/>\n<meta property=\"og:site_name\" content=\"travel together in morocco\" \/>\n<meta property=\"article:publisher\" content=\"https:\/\/www.facebook.com\/azizindesert?rdid=AM85IAprjCTIUGCP&amp;share_url=httpswww.facebook.comshare16PbxaT6ga\" \/>\n<meta property=\"article:modified_time\" content=\"2025-06-19T21:17:27+00:00\" \/>\n<meta property=\"og:image\" content=\"https:\/\/www.traveltogetherinmorocco.com\/wp-content\/uploads\/2025\/05\/9-9-scaled.webp\" \/>\n\t<meta property=\"og:image:width\" content=\"2560\" \/>\n\t<meta property=\"og:image:height\" content=\"1798\" \/>\n\t<meta property=\"og:image:type\" content=\"image\/webp\" \/>\n<meta name=\"twitter:card\" content=\"summary_large_image\" \/>\n<meta name=\"twitter:label1\" content=\"Tiempo de lectura\" \/>\n\t<meta name=\"twitter:data1\" content=\"2 minutos\" \/>\n<script type=\"application\/ld+json\" class=\"yoast-schema-graph\">{\"@context\":\"https:\\\/\\\/schema.org\",\"@graph\":[{\"@type\":\"WebPage\",\"@id\":\"https:\\\/\\\/www.traveltogetherinmorocco.com\\\/producto\\\/5-day-morocco-sahara-tour-from-tangier-to-marrakech\\\/\",\"url\":\"https:\\\/\\\/www.traveltogetherinmorocco.com\\\/producto\\\/5-day-morocco-sahara-tour-from-tangier-to-marrakech\\\/\",\"name\":\"Tour de 5 d\u00edas por el Sahara de Marruecos desde T\u00e1nger hasta Marrakech - travel together in morocco\",\"isPartOf\":{\"@id\":\"https:\\\/\\\/www.traveltogetherinmorocco.com\\\/#website\"},\"primaryImageOfPage\":{\"@id\":\"https:\\\/\\\/www.traveltogetherinmorocco.com\\\/producto\\\/5-day-morocco-sahara-tour-from-tangier-to-marrakech\\\/#primaryimage\"},\"image\":{\"@id\":\"https:\\\/\\\/www.traveltogetherinmorocco.com\\\/producto\\\/5-day-morocco-sahara-tour-from-tangier-to-marrakech\\\/#primaryimage\"},\"thumbnailUrl\":\"https:\\\/\\\/www.traveltogetherinmorocco.com\\\/wp-content\\\/uploads\\\/2025\\\/05\\\/9-9-scaled.webp\",\"datePublished\":\"2025-06-18T14:32:24+00:00\",\"dateModified\":\"2025-06-19T21:17:27+00:00\",\"breadcrumb\":{\"@id\":\"https:\\\/\\\/www.traveltogetherinmorocco.com\\\/producto\\\/5-day-morocco-sahara-tour-from-tangier-to-marrakech\\\/#breadcrumb\"},\"inLanguage\":\"es\",\"potentialAction\":[{\"@type\":\"ReadAction\",\"target\":[\"https:\\\/\\\/www.traveltogetherinmorocco.com\\\/producto\\\/5-day-morocco-sahara-tour-from-tangier-to-marrakech\\\/\"]}]},{\"@type\":\"ImageObject\",\"inLanguage\":\"es\",\"@id\":\"https:\\\/\\\/www.traveltogetherinmorocco.com\\\/producto\\\/5-day-morocco-sahara-tour-from-tangier-to-marrakech\\\/#primaryimage\",\"url\":\"https:\\\/\\\/www.traveltogetherinmorocco.com\\\/wp-content\\\/uploads\\\/2025\\\/05\\\/9-9-scaled.webp\",\"contentUrl\":\"https:\\\/\\\/www.traveltogetherinmorocco.com\\\/wp-content\\\/uploads\\\/2025\\\/05\\\/9-9-scaled.webp\",\"width\":2560,\"height\":1798},{\"@type\":\"BreadcrumbList\",\"@id\":\"https:\\\/\\\/www.traveltogetherinmorocco.com\\\/producto\\\/5-day-morocco-sahara-tour-from-tangier-to-marrakech\\\/#breadcrumb\",\"itemListElement\":[{\"@type\":\"ListItem\",\"position\":1,\"name\":\"Home\",\"item\":\"https:\\\/\\\/www.traveltogetherinmorocco.com\\\/es\\\/\"},{\"@type\":\"ListItem\",\"position\":2,\"name\":\"Products\",\"item\":\"https:\\\/\\\/www.traveltogetherinmorocco.com\\\/shop\\\/\"},{\"@type\":\"ListItem\",\"position\":3,\"name\":\"Tour de 5 d\u00edas por el Sahara de Marruecos desde T\u00e1nger hasta Marrakech\"}]},{\"@type\":\"WebSite\",\"@id\":\"https:\\\/\\\/www.traveltogetherinmorocco.com\\\/#website\",\"url\":\"https:\\\/\\\/www.traveltogetherinmorocco.com\\\/\",\"name\":\"travel together in morocco\",\"description\":\"Authentic Tours Across Morocco, Together with Local Experts\",\"publisher\":{\"@id\":\"https:\\\/\\\/www.traveltogetherinmorocco.com\\\/#organization\"},\"potentialAction\":[{\"@type\":\"SearchAction\",\"target\":{\"@type\":\"EntryPoint\",\"urlTemplate\":\"https:\\\/\\\/www.traveltogetherinmorocco.com\\\/?s={search_term_string}\"},\"query-input\":{\"@type\":\"PropertyValueSpecification\",\"valueRequired\":true,\"valueName\":\"search_term_string\"}}],\"inLanguage\":\"es\"},{\"@type\":\"Organization\",\"@id\":\"https:\\\/\\\/www.traveltogetherinmorocco.com\\\/#organization\",\"name\":\"travel together in morocco\",\"url\":\"https:\\\/\\\/www.traveltogetherinmorocco.com\\\/\",\"logo\":{\"@type\":\"ImageObject\",\"inLanguage\":\"es\",\"@id\":\"https:\\\/\\\/www.traveltogetherinmorocco.com\\\/#\\\/schema\\\/logo\\\/image\\\/\",\"url\":\"https:\\\/\\\/www.traveltogetherinmorocco.com\\\/wp-content\\\/uploads\\\/2025\\\/06\\\/cropped-favicon.png\",\"contentUrl\":\"https:\\\/\\\/www.traveltogetherinmorocco.com\\\/wp-content\\\/uploads\\\/2025\\\/06\\\/cropped-favicon.png\",\"width\":512,\"height\":512,\"caption\":\"travel together in morocco\"},\"image\":{\"@id\":\"https:\\\/\\\/www.traveltogetherinmorocco.com\\\/#\\\/schema\\\/logo\\\/image\\\/\"},\"sameAs\":[\"https:\\\/\\\/www.facebook.com\\\/azizindesert?rdid=AM85IAprjCTIUGCP&share_url=httpswww.facebook.comshare16PbxaT6ga\",\"https:\\\/\\\/www.instagram.com\\\/travel_together_in_morocco\\\/\"]}]}<\/script>\n<!-- \/ Yoast SEO plugin. -->","yoast_head_json":{"title":"Tour de 5 d\u00edas por el Sahara de Marruecos desde T\u00e1nger hasta Marrakech - travel together in morocco","robots":{"index":"index","follow":"follow","max-snippet":"max-snippet:-1","max-image-preview":"max-image-preview:large","max-video-preview":"max-video-preview:-1"},"canonical":"https:\/\/www.traveltogetherinmorocco.com\/producto\/5-day-morocco-sahara-tour-from-tangier-to-marrakech\/","og_locale":"es_ES","og_type":"article","og_title":"Tour de 5 d\u00edas por el Sahara de Marruecos desde T\u00e1nger hasta Marrakech - travel together in morocco","og_description":"Descripci\u00f3n general: Emprende un extraordinario tour de 5 d\u00edas por el Sahara de Marruecos, comenzando en T\u00e1nger y terminando en la vibrante ciudad de Marrakech. Inicia tu viaje en la pintoresca localidad de Chefchaouen, conocida como la \u201cPerla Azul\u201d, donde podr\u00e1s explorar su encantadora medina y hacer senderismo en las esc\u00e9nicas Monta\u00f1as del Rif. Contin\u00faa [&hellip;]","og_url":"https:\/\/www.traveltogetherinmorocco.com\/producto\/5-day-morocco-sahara-tour-from-tangier-to-marrakech\/","og_site_name":"travel together in morocco","article_publisher":"https:\/\/www.facebook.com\/azizindesert?rdid=AM85IAprjCTIUGCP&share_url=httpswww.facebook.comshare16PbxaT6ga","article_modified_time":"2025-06-19T21:17:27+00:00","og_image":[{"width":2560,"height":1798,"url":"https:\/\/www.traveltogetherinmorocco.com\/wp-content\/uploads\/2025\/05\/9-9-scaled.webp","type":"image\/webp"}],"twitter_card":"summary_large_image","twitter_misc":{"Tiempo de lectura":"2 minutos"},"schema":{"@context":"https:\/\/schema.org","@graph":[{"@type":"WebPage","@id":"https:\/\/www.traveltogetherinmorocco.com\/producto\/5-day-morocco-sahara-tour-from-tangier-to-marrakech\/","url":"https:\/\/www.traveltogetherinmorocco.com\/producto\/5-day-morocco-sahara-tour-from-tangier-to-marrakech\/","name":"Tour de 5 d\u00edas por el Sahara de Marruecos desde T\u00e1nger hasta Marrakech - travel together in morocco","isPartOf":{"@id":"https:\/\/www.traveltogetherinmorocco.com\/#website"},"primaryImageOfPage":{"@id":"https:\/\/www.traveltogetherinmorocco.com\/producto\/5-day-morocco-sahara-tour-from-tangier-to-marrakech\/#primaryimage"},"image":{"@id":"https:\/\/www.traveltogetherinmorocco.com\/producto\/5-day-morocco-sahara-tour-from-tangier-to-marrakech\/#primaryimage"},"thumbnailUrl":"https:\/\/www.traveltogetherinmorocco.com\/wp-content\/uploads\/2025\/05\/9-9-scaled.webp","datePublished":"2025-06-18T14:32:24+00:00","dateModified":"2025-06-19T21:17:27+00:00","breadcrumb":{"@id":"https:\/\/www.traveltogetherinmorocco.com\/producto\/5-day-morocco-sahara-tour-from-tangier-to-marrakech\/#breadcrumb"},"inLanguage":"es","potentialAction":[{"@type":"ReadAction","target":["https:\/\/www.traveltogetherinmorocco.com\/producto\/5-day-morocco-sahara-tour-from-tangier-to-marrakech\/"]}]},{"@type":"ImageObject","inLanguage":"es","@id":"https:\/\/www.traveltogetherinmorocco.com\/producto\/5-day-morocco-sahara-tour-from-tangier-to-marrakech\/#primaryimage","url":"https:\/\/www.traveltogetherinmorocco.com\/wp-content\/uploads\/2025\/05\/9-9-scaled.webp","contentUrl":"https:\/\/www.traveltogetherinmorocco.com\/wp-content\/uploads\/2025\/05\/9-9-scaled.webp","width":2560,"height":1798},{"@type":"BreadcrumbList","@id":"https:\/\/www.traveltogetherinmorocco.com\/producto\/5-day-morocco-sahara-tour-from-tangier-to-marrakech\/#breadcrumb","itemListElement":[{"@type":"ListItem","position":1,"name":"Home","item":"https:\/\/www.traveltogetherinmorocco.com\/es\/"},{"@type":"ListItem","position":2,"name":"Products","item":"https:\/\/www.traveltogetherinmorocco.com\/shop\/"},{"@type":"ListItem","position":3,"name":"Tour de 5 d\u00edas por el Sahara de Marruecos desde T\u00e1nger hasta Marrakech"}]},{"@type":"WebSite","@id":"https:\/\/www.traveltogetherinmorocco.com\/#website","url":"https:\/\/www.traveltogetherinmorocco.com\/","name":"travel together in morocco","description":"Authentic Tours Across Morocco, Together with Local Experts","publisher":{"@id":"https:\/\/www.traveltogetherinmorocco.com\/#organization"},"potentialAction":[{"@type":"SearchAction","target":{"@type":"EntryPoint","urlTemplate":"https:\/\/www.traveltogetherinmorocco.com\/?s={search_term_string}"},"query-input":{"@type":"PropertyValueSpecification","valueRequired":true,"valueName":"search_term_string"}}],"inLanguage":"es"},{"@type":"Organization","@id":"https:\/\/www.traveltogetherinmorocco.com\/#organization","name":"travel together in morocco","url":"https:\/\/www.traveltogetherinmorocco.com\/","logo":{"@type":"ImageObject","inLanguage":"es","@id":"https:\/\/www.traveltogetherinmorocco.com\/#\/schema\/logo\/image\/","url":"https:\/\/www.traveltogetherinmorocco.com\/wp-content\/uploads\/2025\/06\/cropped-favicon.png","contentUrl":"https:\/\/www.traveltogetherinmorocco.com\/wp-content\/uploads\/2025\/06\/cropped-favicon.png","width":512,"height":512,"caption":"travel together in morocco"},"image":{"@id":"https:\/\/www.traveltogetherinmorocco.com\/#\/schema\/logo\/image\/"},"sameAs":["https:\/\/www.facebook.com\/azizindesert?rdid=AM85IAprjCTIUGCP&share_url=httpswww.facebook.comshare16PbxaT6ga","https:\/\/www.instagram.com\/travel_together_in_morocco\/"]}]}},"_links":{"self":[{"href":"https:\/\/www.traveltogetherinmorocco.com\/es\/wp-json\/wp\/v2\/product\/10983","targetHints":{"allow":["GET"]}}],"collection":[{"href":"https:\/\/www.traveltogetherinmorocco.com\/es\/wp-json\/wp\/v2\/product"}],"about":[{"href":"https:\/\/www.traveltogetherinmorocco.com\/es\/wp-json\/wp\/v2\/types\/product"}],"replies":[{"embeddable":true,"href":"https:\/\/www.traveltogetherinmorocco.com\/es\/wp-json\/wp\/v2\/comments?post=10983"}],"wp:featuredmedia":[{"embeddable":true,"href":"https:\/\/www.traveltogetherinmorocco.com\/es\/wp-json\/wp\/v2\/media\/2674"}],"wp:attachment":[{"href":"https:\/\/www.traveltogetherinmorocco.com\/es\/wp-json\/wp\/v2\/media?parent=10983"}],"wp:term":[{"taxonomy":"product_brand","embeddable":true,"href":"https:\/\/www.traveltogetherinmorocco.com\/es\/wp-json\/wp\/v2\/product_brand?post=10983"},{"taxonomy":"product_cat","embeddable":true,"href":"https:\/\/www.traveltogetherinmorocco.com\/es\/wp-json\/wp\/v2\/product_cat?post=10983"},{"taxonomy":"product_tag","embeddable":true,"href":"https:\/\/www.traveltogetherinmorocco.com\/es\/wp-json\/wp\/v2\/product_tag?post=10983"}],"curies":[{"name":"wp","href":"https:\/\/api.w.org\/{rel}","templated":true}]}}