{"id":10985,"date":"2025-06-18T14:14:57","date_gmt":"2025-06-18T14:14:57","guid":{"rendered":"https:\/\/www.traveltogetherinmorocco.com\/product\/5-day-morocco-desert-tour-from-ouarzazate-to-merzouga\/"},"modified":"2025-06-19T21:23:31","modified_gmt":"2025-06-19T21:23:31","slug":"tour-de-5-dias-por-el-desierto-de-marruecos-desde-ouarzazate-hasta-merzouga","status":"publish","type":"product","link":"https:\/\/www.traveltogetherinmorocco.com\/es\/producto\/tour-de-5-dias-por-el-desierto-de-marruecos-desde-ouarzazate-hasta-merzouga\/","title":{"rendered":"Tour de 5 d\u00edas por el desierto de Marruecos desde Ouarzazate hasta Merzouga"},"content":{"rendered":"<h2>Descripci\u00f3n general:<\/h2>\n<p data-start=\"70\" data-end=\"381\">Emprende un <strong data-start=\"82\" data-end=\"140\">fascinante tour de 5 d\u00edas por el desierto de Marruecos<\/strong> desde <strong data-start=\"147\" data-end=\"176\">Ouarzazate hasta Merzouga<\/strong>, explorando la <strong data-start=\"192\" data-end=\"212\">magia del Sahara<\/strong> y el <strong data-start=\"218\" data-end=\"238\">sur de Marruecos<\/strong>. Este <strong data-start=\"245\" data-end=\"266\">viaje inolvidable<\/strong> incluye visitas a <strong data-start=\"285\" data-end=\"305\">antiguas kasbahs<\/strong>, <strong data-start=\"307\" data-end=\"342\">pueblos bereberes tradicionales<\/strong> y <strong data-start=\"345\" data-end=\"379\">paisajes des\u00e9rticos dram\u00e1ticos<\/strong>.<\/p>\n<p data-start=\"383\" data-end=\"798\">Monta en <strong data-start=\"392\" data-end=\"403\">camello<\/strong> a trav\u00e9s de las imponentes <strong data-start=\"431\" data-end=\"454\">dunas de Erg Chebbi<\/strong>, pasa noches bajo un cielo lleno de <strong data-start=\"491\" data-end=\"504\">estrellas<\/strong> en un <strong data-start=\"511\" data-end=\"538\">campamento del desierto<\/strong>, y descubre la <strong data-start=\"554\" data-end=\"581\">rica historia y cultura<\/strong> a lo largo del <strong data-start=\"597\" data-end=\"615\">Valle del Draa<\/strong>. Desde el <strong data-start=\"626\" data-end=\"667\">encanto cinematogr\u00e1fico de Ouarzazate<\/strong> hasta las <strong data-start=\"678\" data-end=\"708\">arenas doradas de Merzouga<\/strong>, este tour ofrece una mezcla perfecta de <strong data-start=\"750\" data-end=\"762\">aventura<\/strong>, <strong data-start=\"764\" data-end=\"775\">cultura<\/strong> y <strong data-start=\"778\" data-end=\"797\">belleza natural<\/strong>.<\/p>\n<h2 data-start=\"139\" data-end=\"422\">Aspectos destacados del tour:<\/h2>\n<ul>\n<li data-start=\"80\" data-end=\"138\">Visita la <strong data-start=\"90\" data-end=\"122\">hist\u00f3rica Kasbah de Taourirt<\/strong> en Ouarzazate<\/li>\n<li data-start=\"141\" data-end=\"220\">Conduce por el <strong data-start=\"156\" data-end=\"187\">esc\u00e9nico Valle de las Rosas<\/strong> y los <strong data-start=\"194\" data-end=\"218\">palmerales de Skoura<\/strong><\/li>\n<li data-start=\"223\" data-end=\"283\">Explora las <strong data-start=\"235\" data-end=\"281\">dram\u00e1ticas Gargantas del Dades y del Todra<\/strong><\/li>\n<li data-start=\"286\" data-end=\"364\">Experimenta un <strong data-start=\"301\" data-end=\"349\">paseo en camello por las dunas de Erg Chebbi<\/strong> al atardecer<\/li>\n<li data-start=\"367\" data-end=\"451\">Duerme en un <strong data-start=\"380\" data-end=\"430\">campamento tradicional del desierto del Sahara<\/strong> bajo las estrellas<\/li>\n<li data-start=\"454\" data-end=\"551\">Disfruta de la <strong data-start=\"469\" data-end=\"485\">m\u00fasica local<\/strong> y la <strong data-start=\"491\" data-end=\"507\">hospitalidad<\/strong> en un pueblo <strong data-start=\"521\" data-end=\"531\">Gnaoua<\/strong> cerca de Merzouga<\/li>\n<li data-start=\"554\" data-end=\"646\">Viaja a lo largo del <strong data-start=\"575\" data-end=\"593\">Valle del Draa<\/strong>, salpicado de <strong data-start=\"608\" data-end=\"630\">palmeras datileras<\/strong> y <strong data-start=\"633\" data-end=\"644\">kasbahs<\/strong><\/li>\n<li data-start=\"649\" data-end=\"730\">Descubre la <strong data-start=\"661\" data-end=\"680\">cultura bereber<\/strong> y las <strong data-start=\"687\" data-end=\"715\">tradiciones del desierto<\/strong> en el camino<\/li>\n<\/ul>\n","protected":false},"excerpt":{"rendered":"<p>Descripci\u00f3n general: Emprende un fascinante tour de 5 d\u00edas por el desierto de Marruecos desde Ouarzazate hasta Merzouga, explorando la magia del Sahara y el sur de Marruecos. Este viaje inolvidable incluye visitas a antiguas kasbahs, pueblos bereberes tradicionales y paisajes des\u00e9rticos dram\u00e1ticos. Monta en camello a trav\u00e9s de las imponentes dunas de Erg Chebbi, [&hellip;]<\/p>\n","protected":false},"featured_media":2801,"comment_status":"open","ping_status":"closed","template":"","meta":[],"product_brand":[],"product_cat":[219,215],"product_tag":[],"class_list":{"0":"post-10985","1":"product","2":"type-product","3":"status-publish","4":"has-post-thumbnail","6":"product_cat-merzouga-es","7":"product_cat-morocco-desert-tours-es","9":"first","10":"instock","11":"shipping-taxable","12":"product-type-ovabrw_car_rental"},"yoast_head":"<!-- This site is optimized with the Yoast SEO plugin v27.4 - https:\/\/yoast.com\/product\/yoast-seo-wordpress\/ -->\n<title>Tour de 5 d\u00edas por el desierto de Marruecos desde Ouarzazate hasta Merzouga - travel together in morocco<\/title>\n<meta name=\"robots\" content=\"index, follow, max-snippet:-1, max-image-preview:large, max-video-preview:-1\" \/>\n<link rel=\"canonical\" href=\"https:\/\/www.traveltogetherinmorocco.com\/producto\/5-day-morocco-desert-tour-from-ouarzazate-to-merzouga\/\" \/>\n<meta property=\"og:locale\" content=\"es_ES\" \/>\n<meta property=\"og:type\" content=\"article\" \/>\n<meta property=\"og:title\" content=\"Tour de 5 d\u00edas por el desierto de Marruecos desde Ouarzazate hasta Merzouga - travel together in morocco\" \/>\n<meta property=\"og:description\" content=\"Descripci\u00f3n general: Emprende un fascinante tour de 5 d\u00edas por el desierto de Marruecos desde Ouarzazate hasta Merzouga, explorando la magia del Sahara y el sur de Marruecos. Este viaje inolvidable incluye visitas a antiguas kasbahs, pueblos bereberes tradicionales y paisajes des\u00e9rticos dram\u00e1ticos. Monta en camello a trav\u00e9s de las imponentes dunas de Erg Chebbi, [&hellip;]\" \/>\n<meta property=\"og:url\" content=\"https:\/\/www.traveltogetherinmorocco.com\/producto\/5-day-morocco-desert-tour-from-ouarzazate-to-merzouga\/\" \/>\n<meta property=\"og:site_name\" content=\"travel together in morocco\" \/>\n<meta property=\"article:publisher\" content=\"https:\/\/www.facebook.com\/azizindesert?rdid=AM85IAprjCTIUGCP&amp;share_url=httpswww.facebook.comshare16PbxaT6ga\" \/>\n<meta property=\"article:modified_time\" content=\"2025-06-19T21:23:31+00:00\" \/>\n<meta property=\"og:image\" content=\"https:\/\/www.traveltogetherinmorocco.com\/wp-content\/uploads\/2025\/05\/5-22-scaled.webp\" \/>\n\t<meta property=\"og:image:width\" content=\"2560\" \/>\n\t<meta property=\"og:image:height\" content=\"1798\" \/>\n\t<meta property=\"og:image:type\" content=\"image\/webp\" \/>\n<meta name=\"twitter:card\" content=\"summary_large_image\" \/>\n<meta name=\"twitter:label1\" content=\"Tiempo de lectura\" \/>\n\t<meta name=\"twitter:data1\" content=\"1 minuto\" \/>\n<script type=\"application\/ld+json\" class=\"yoast-schema-graph\">{\"@context\":\"https:\\\/\\\/schema.org\",\"@graph\":[{\"@type\":\"WebPage\",\"@id\":\"https:\\\/\\\/www.traveltogetherinmorocco.com\\\/producto\\\/5-day-morocco-desert-tour-from-ouarzazate-to-merzouga\\\/\",\"url\":\"https:\\\/\\\/www.traveltogetherinmorocco.com\\\/producto\\\/5-day-morocco-desert-tour-from-ouarzazate-to-merzouga\\\/\",\"name\":\"Tour de 5 d\u00edas por el desierto de Marruecos desde Ouarzazate hasta Merzouga - travel together in morocco\",\"isPartOf\":{\"@id\":\"https:\\\/\\\/www.traveltogetherinmorocco.com\\\/#website\"},\"primaryImageOfPage\":{\"@id\":\"https:\\\/\\\/www.traveltogetherinmorocco.com\\\/producto\\\/5-day-morocco-desert-tour-from-ouarzazate-to-merzouga\\\/#primaryimage\"},\"image\":{\"@id\":\"https:\\\/\\\/www.traveltogetherinmorocco.com\\\/producto\\\/5-day-morocco-desert-tour-from-ouarzazate-to-merzouga\\\/#primaryimage\"},\"thumbnailUrl\":\"https:\\\/\\\/www.traveltogetherinmorocco.com\\\/wp-content\\\/uploads\\\/2025\\\/05\\\/5-22-scaled.webp\",\"datePublished\":\"2025-06-18T14:14:57+00:00\",\"dateModified\":\"2025-06-19T21:23:31+00:00\",\"breadcrumb\":{\"@id\":\"https:\\\/\\\/www.traveltogetherinmorocco.com\\\/producto\\\/5-day-morocco-desert-tour-from-ouarzazate-to-merzouga\\\/#breadcrumb\"},\"inLanguage\":\"es\",\"potentialAction\":[{\"@type\":\"ReadAction\",\"target\":[\"https:\\\/\\\/www.traveltogetherinmorocco.com\\\/producto\\\/5-day-morocco-desert-tour-from-ouarzazate-to-merzouga\\\/\"]}]},{\"@type\":\"ImageObject\",\"inLanguage\":\"es\",\"@id\":\"https:\\\/\\\/www.traveltogetherinmorocco.com\\\/producto\\\/5-day-morocco-desert-tour-from-ouarzazate-to-merzouga\\\/#primaryimage\",\"url\":\"https:\\\/\\\/www.traveltogetherinmorocco.com\\\/wp-content\\\/uploads\\\/2025\\\/05\\\/5-22-scaled.webp\",\"contentUrl\":\"https:\\\/\\\/www.traveltogetherinmorocco.com\\\/wp-content\\\/uploads\\\/2025\\\/05\\\/5-22-scaled.webp\",\"width\":2560,\"height\":1798},{\"@type\":\"BreadcrumbList\",\"@id\":\"https:\\\/\\\/www.traveltogetherinmorocco.com\\\/producto\\\/5-day-morocco-desert-tour-from-ouarzazate-to-merzouga\\\/#breadcrumb\",\"itemListElement\":[{\"@type\":\"ListItem\",\"position\":1,\"name\":\"Home\",\"item\":\"https:\\\/\\\/www.traveltogetherinmorocco.com\\\/es\\\/\"},{\"@type\":\"ListItem\",\"position\":2,\"name\":\"Products\",\"item\":\"https:\\\/\\\/www.traveltogetherinmorocco.com\\\/shop\\\/\"},{\"@type\":\"ListItem\",\"position\":3,\"name\":\"Tour de 5 d\u00edas por el desierto de Marruecos desde Ouarzazate hasta Merzouga\"}]},{\"@type\":\"WebSite\",\"@id\":\"https:\\\/\\\/www.traveltogetherinmorocco.com\\\/#website\",\"url\":\"https:\\\/\\\/www.traveltogetherinmorocco.com\\\/\",\"name\":\"travel together in morocco\",\"description\":\"Authentic Tours Across Morocco, Together with Local Experts\",\"publisher\":{\"@id\":\"https:\\\/\\\/www.traveltogetherinmorocco.com\\\/#organization\"},\"potentialAction\":[{\"@type\":\"SearchAction\",\"target\":{\"@type\":\"EntryPoint\",\"urlTemplate\":\"https:\\\/\\\/www.traveltogetherinmorocco.com\\\/?s={search_term_string}\"},\"query-input\":{\"@type\":\"PropertyValueSpecification\",\"valueRequired\":true,\"valueName\":\"search_term_string\"}}],\"inLanguage\":\"es\"},{\"@type\":\"Organization\",\"@id\":\"https:\\\/\\\/www.traveltogetherinmorocco.com\\\/#organization\",\"name\":\"travel together in morocco\",\"url\":\"https:\\\/\\\/www.traveltogetherinmorocco.com\\\/\",\"logo\":{\"@type\":\"ImageObject\",\"inLanguage\":\"es\",\"@id\":\"https:\\\/\\\/www.traveltogetherinmorocco.com\\\/#\\\/schema\\\/logo\\\/image\\\/\",\"url\":\"https:\\\/\\\/www.traveltogetherinmorocco.com\\\/wp-content\\\/uploads\\\/2025\\\/06\\\/cropped-favicon.png\",\"contentUrl\":\"https:\\\/\\\/www.traveltogetherinmorocco.com\\\/wp-content\\\/uploads\\\/2025\\\/06\\\/cropped-favicon.png\",\"width\":512,\"height\":512,\"caption\":\"travel together in morocco\"},\"image\":{\"@id\":\"https:\\\/\\\/www.traveltogetherinmorocco.com\\\/#\\\/schema\\\/logo\\\/image\\\/\"},\"sameAs\":[\"https:\\\/\\\/www.facebook.com\\\/azizindesert?rdid=AM85IAprjCTIUGCP&share_url=httpswww.facebook.comshare16PbxaT6ga\",\"https:\\\/\\\/www.instagram.com\\\/travel_together_in_morocco\\\/\"]}]}<\/script>\n<!-- \/ Yoast SEO plugin. -->","yoast_head_json":{"title":"Tour de 5 d\u00edas por el desierto de Marruecos desde Ouarzazate hasta Merzouga - travel together in morocco","robots":{"index":"index","follow":"follow","max-snippet":"max-snippet:-1","max-image-preview":"max-image-preview:large","max-video-preview":"max-video-preview:-1"},"canonical":"https:\/\/www.traveltogetherinmorocco.com\/producto\/5-day-morocco-desert-tour-from-ouarzazate-to-merzouga\/","og_locale":"es_ES","og_type":"article","og_title":"Tour de 5 d\u00edas por el desierto de Marruecos desde Ouarzazate hasta Merzouga - travel together in morocco","og_description":"Descripci\u00f3n general: Emprende un fascinante tour de 5 d\u00edas por el desierto de Marruecos desde Ouarzazate hasta Merzouga, explorando la magia del Sahara y el sur de Marruecos. Este viaje inolvidable incluye visitas a antiguas kasbahs, pueblos bereberes tradicionales y paisajes des\u00e9rticos dram\u00e1ticos. Monta en camello a trav\u00e9s de las imponentes dunas de Erg Chebbi, [&hellip;]","og_url":"https:\/\/www.traveltogetherinmorocco.com\/producto\/5-day-morocco-desert-tour-from-ouarzazate-to-merzouga\/","og_site_name":"travel together in morocco","article_publisher":"https:\/\/www.facebook.com\/azizindesert?rdid=AM85IAprjCTIUGCP&share_url=httpswww.facebook.comshare16PbxaT6ga","article_modified_time":"2025-06-19T21:23:31+00:00","og_image":[{"width":2560,"height":1798,"url":"https:\/\/www.traveltogetherinmorocco.com\/wp-content\/uploads\/2025\/05\/5-22-scaled.webp","type":"image\/webp"}],"twitter_card":"summary_large_image","twitter_misc":{"Tiempo de lectura":"1 minuto"},"schema":{"@context":"https:\/\/schema.org","@graph":[{"@type":"WebPage","@id":"https:\/\/www.traveltogetherinmorocco.com\/producto\/5-day-morocco-desert-tour-from-ouarzazate-to-merzouga\/","url":"https:\/\/www.traveltogetherinmorocco.com\/producto\/5-day-morocco-desert-tour-from-ouarzazate-to-merzouga\/","name":"Tour de 5 d\u00edas por el desierto de Marruecos desde Ouarzazate hasta Merzouga - travel together in morocco","isPartOf":{"@id":"https:\/\/www.traveltogetherinmorocco.com\/#website"},"primaryImageOfPage":{"@id":"https:\/\/www.traveltogetherinmorocco.com\/producto\/5-day-morocco-desert-tour-from-ouarzazate-to-merzouga\/#primaryimage"},"image":{"@id":"https:\/\/www.traveltogetherinmorocco.com\/producto\/5-day-morocco-desert-tour-from-ouarzazate-to-merzouga\/#primaryimage"},"thumbnailUrl":"https:\/\/www.traveltogetherinmorocco.com\/wp-content\/uploads\/2025\/05\/5-22-scaled.webp","datePublished":"2025-06-18T14:14:57+00:00","dateModified":"2025-06-19T21:23:31+00:00","breadcrumb":{"@id":"https:\/\/www.traveltogetherinmorocco.com\/producto\/5-day-morocco-desert-tour-from-ouarzazate-to-merzouga\/#breadcrumb"},"inLanguage":"es","potentialAction":[{"@type":"ReadAction","target":["https:\/\/www.traveltogetherinmorocco.com\/producto\/5-day-morocco-desert-tour-from-ouarzazate-to-merzouga\/"]}]},{"@type":"ImageObject","inLanguage":"es","@id":"https:\/\/www.traveltogetherinmorocco.com\/producto\/5-day-morocco-desert-tour-from-ouarzazate-to-merzouga\/#primaryimage","url":"https:\/\/www.traveltogetherinmorocco.com\/wp-content\/uploads\/2025\/05\/5-22-scaled.webp","contentUrl":"https:\/\/www.traveltogetherinmorocco.com\/wp-content\/uploads\/2025\/05\/5-22-scaled.webp","width":2560,"height":1798},{"@type":"BreadcrumbList","@id":"https:\/\/www.traveltogetherinmorocco.com\/producto\/5-day-morocco-desert-tour-from-ouarzazate-to-merzouga\/#breadcrumb","itemListElement":[{"@type":"ListItem","position":1,"name":"Home","item":"https:\/\/www.traveltogetherinmorocco.com\/es\/"},{"@type":"ListItem","position":2,"name":"Products","item":"https:\/\/www.traveltogetherinmorocco.com\/shop\/"},{"@type":"ListItem","position":3,"name":"Tour de 5 d\u00edas por el desierto de Marruecos desde Ouarzazate hasta Merzouga"}]},{"@type":"WebSite","@id":"https:\/\/www.traveltogetherinmorocco.com\/#website","url":"https:\/\/www.traveltogetherinmorocco.com\/","name":"travel together in morocco","description":"Authentic Tours Across Morocco, Together with Local Experts","publisher":{"@id":"https:\/\/www.traveltogetherinmorocco.com\/#organization"},"potentialAction":[{"@type":"SearchAction","target":{"@type":"EntryPoint","urlTemplate":"https:\/\/www.traveltogetherinmorocco.com\/?s={search_term_string}"},"query-input":{"@type":"PropertyValueSpecification","valueRequired":true,"valueName":"search_term_string"}}],"inLanguage":"es"},{"@type":"Organization","@id":"https:\/\/www.traveltogetherinmorocco.com\/#organization","name":"travel together in morocco","url":"https:\/\/www.traveltogetherinmorocco.com\/","logo":{"@type":"ImageObject","inLanguage":"es","@id":"https:\/\/www.traveltogetherinmorocco.com\/#\/schema\/logo\/image\/","url":"https:\/\/www.traveltogetherinmorocco.com\/wp-content\/uploads\/2025\/06\/cropped-favicon.png","contentUrl":"https:\/\/www.traveltogetherinmorocco.com\/wp-content\/uploads\/2025\/06\/cropped-favicon.png","width":512,"height":512,"caption":"travel together in morocco"},"image":{"@id":"https:\/\/www.traveltogetherinmorocco.com\/#\/schema\/logo\/image\/"},"sameAs":["https:\/\/www.facebook.com\/azizindesert?rdid=AM85IAprjCTIUGCP&share_url=httpswww.facebook.comshare16PbxaT6ga","https:\/\/www.instagram.com\/travel_together_in_morocco\/"]}]}},"_links":{"self":[{"href":"https:\/\/www.traveltogetherinmorocco.com\/es\/wp-json\/wp\/v2\/product\/10985","targetHints":{"allow":["GET"]}}],"collection":[{"href":"https:\/\/www.traveltogetherinmorocco.com\/es\/wp-json\/wp\/v2\/product"}],"about":[{"href":"https:\/\/www.traveltogetherinmorocco.com\/es\/wp-json\/wp\/v2\/types\/product"}],"replies":[{"embeddable":true,"href":"https:\/\/www.traveltogetherinmorocco.com\/es\/wp-json\/wp\/v2\/comments?post=10985"}],"wp:featuredmedia":[{"embeddable":true,"href":"https:\/\/www.traveltogetherinmorocco.com\/es\/wp-json\/wp\/v2\/media\/2801"}],"wp:attachment":[{"href":"https:\/\/www.traveltogetherinmorocco.com\/es\/wp-json\/wp\/v2\/media?parent=10985"}],"wp:term":[{"taxonomy":"product_brand","embeddable":true,"href":"https:\/\/www.traveltogetherinmorocco.com\/es\/wp-json\/wp\/v2\/product_brand?post=10985"},{"taxonomy":"product_cat","embeddable":true,"href":"https:\/\/www.traveltogetherinmorocco.com\/es\/wp-json\/wp\/v2\/product_cat?post=10985"},{"taxonomy":"product_tag","embeddable":true,"href":"https:\/\/www.traveltogetherinmorocco.com\/es\/wp-json\/wp\/v2\/product_tag?post=10985"}],"curies":[{"name":"wp","href":"https:\/\/api.w.org\/{rel}","templated":true}]}}