{"id":10987,"date":"2025-06-18T14:08:33","date_gmt":"2025-06-18T14:08:33","guid":{"rendered":"https:\/\/www.traveltogetherinmorocco.com\/product\/5-day-desert-tour-from-marrakech-to-fes\/"},"modified":"2025-06-19T21:37:15","modified_gmt":"2025-06-19T21:37:15","slug":"tour-de-5-dias-por-el-desierto-desde-marrakech-hasta-fez","status":"publish","type":"product","link":"https:\/\/www.traveltogetherinmorocco.com\/es\/producto\/tour-de-5-dias-por-el-desierto-desde-marrakech-hasta-fez\/","title":{"rendered":"Tour de 5 d\u00edas por el desierto desde Marrakech hasta Fez"},"content":{"rendered":"<h2>Descripci\u00f3n general:<\/h2>\n<p data-start=\"64\" data-end=\"383\">Emprende una <strong data-start=\"77\" data-end=\"127\">aventura inolvidable de 5 d\u00edas por el desierto<\/strong> desde <strong data-start=\"134\" data-end=\"157\">Marrakech hasta Fez<\/strong>, recorriendo los <strong data-start=\"175\" data-end=\"213\">paisajes m\u00e1s ic\u00f3nicos de Marruecos<\/strong>. Cruza las majestuosas <strong data-start=\"237\" data-end=\"264\">Monta\u00f1as del Alto Atlas<\/strong>, explora <strong data-start=\"274\" data-end=\"297\">kasbahs centenarias<\/strong> e inm\u00e9rgete en la <strong data-start=\"316\" data-end=\"352\">cultura de los pueblos bereberes<\/strong> situados en <strong data-start=\"365\" data-end=\"382\">valles verdes<\/strong>.<\/p>\n<p data-start=\"385\" data-end=\"876\">Este enriquecedor itinerario te lleva a trav\u00e9s de las dram\u00e1ticas <strong data-start=\"450\" data-end=\"485\">Gargantas del Dades y del Todra<\/strong> antes de llegar al m\u00e1gico <strong data-start=\"512\" data-end=\"535\">desierto del Sahara<\/strong>. Monta en <strong data-start=\"546\" data-end=\"598\">camello entre las imponentes dunas de Erg Chebbi<\/strong>, contempla <strong data-start=\"610\" data-end=\"640\">atardeceres impresionantes<\/strong> y pasa la noche bajo las estrellas en un <strong data-start=\"682\" data-end=\"721\">campamento tradicional del desierto<\/strong>. Desde ciudades hist\u00f3ricas hasta la belleza virgen del desierto, este tour ofrece el equilibrio perfecto entre <strong data-start=\"833\" data-end=\"845\">aventura<\/strong>, <strong data-start=\"847\" data-end=\"858\">cultura<\/strong> y <strong data-start=\"861\" data-end=\"875\">relajaci\u00f3n<\/strong>.<\/p>\n<h2 data-start=\"139\" data-end=\"422\">Aspectos destacados del tour:<\/h2>\n<ul>\n<li data-start=\"64\" data-end=\"203\"><strong data-start=\"64\" data-end=\"105\">Cruce de las Monta\u00f1as del Alto Atlas:<\/strong> Conduce por el <strong data-start=\"121\" data-end=\"152\">esc\u00e9nico paso Tizi n&#8217;Tichka<\/strong> y admira las <strong data-start=\"166\" data-end=\"202\">impresionantes vistas monta\u00f1osas<\/strong>.<\/li>\n<li data-start=\"205\" data-end=\"358\"><strong data-start=\"205\" data-end=\"234\">Kasbah de Ait Ben Haddou:<\/strong> Visita este <strong data-start=\"247\" data-end=\"298\">icono declarado Patrimonio Mundial de la UNESCO<\/strong>, famoso por su <strong data-start=\"314\" data-end=\"357\">importancia hist\u00f3rica y cinematogr\u00e1fica<\/strong>.<\/li>\n<li data-start=\"360\" data-end=\"511\"><strong data-start=\"360\" data-end=\"392\">Gargantas del Dades y Todra:<\/strong> Explora los <strong data-start=\"405\" data-end=\"448\">ca\u00f1ones m\u00e1s espectaculares de Marruecos<\/strong>, moldeados por la naturaleza y ricos en <strong data-start=\"489\" data-end=\"510\">tradici\u00f3n bereber<\/strong>.<\/li>\n<li data-start=\"513\" data-end=\"638\"><strong data-start=\"513\" data-end=\"549\">Paseo en camello por Erg Chebbi:<\/strong> Recorre las <strong data-start=\"562\" data-end=\"590\">dunas doradas del Sahara<\/strong> durante un <strong data-start=\"602\" data-end=\"637\">m\u00e1gico atardecer en el desierto<\/strong>.<\/li>\n<li data-start=\"640\" data-end=\"795\"><strong data-start=\"640\" data-end=\"683\">Experiencia en campamento del desierto:<\/strong> Pasa una noche en un campamento en Merzouga, disfrutando de la <strong data-start=\"747\" data-end=\"765\">m\u00fasica bereber<\/strong> bajo un <strong data-start=\"774\" data-end=\"794\">cielo estrellado<\/strong>.<\/li>\n<li data-start=\"797\" data-end=\"956\"><strong data-start=\"797\" data-end=\"825\">Valle del Ziz hacia Fez:<\/strong> Conduce por los <strong data-start=\"842\" data-end=\"874\">frondosos valles de palmeras<\/strong> y explora la <strong data-start=\"888\" data-end=\"916\">ciudad espiritual de Fez<\/strong>, un tesoro del <strong data-start=\"932\" data-end=\"955\">patrimonio marroqu\u00ed<\/strong>.<\/li>\n<\/ul>\n","protected":false},"excerpt":{"rendered":"<p>Descripci\u00f3n general: Emprende una aventura inolvidable de 5 d\u00edas por el desierto desde Marrakech hasta Fez, recorriendo los paisajes m\u00e1s ic\u00f3nicos de Marruecos. Cruza las majestuosas Monta\u00f1as del Alto Atlas, explora kasbahs centenarias e inm\u00e9rgete en la cultura de los pueblos bereberes situados en valles verdes. Este enriquecedor itinerario te lleva a trav\u00e9s de las [&hellip;]<\/p>\n","protected":false},"featured_media":2614,"comment_status":"open","ping_status":"closed","template":"","meta":[],"product_brand":[],"product_cat":[218,215],"product_tag":[],"class_list":{"0":"post-10987","1":"product","2":"type-product","3":"status-publish","4":"has-post-thumbnail","6":"product_cat-marrakech-es","7":"product_cat-morocco-desert-tours-es","9":"first","10":"instock","11":"shipping-taxable","12":"product-type-ovabrw_car_rental"},"yoast_head":"<!-- This site is optimized with the Yoast SEO plugin v27.4 - https:\/\/yoast.com\/product\/yoast-seo-wordpress\/ -->\n<title>Tour de 5 d\u00edas por el desierto desde Marrakech hasta Fez - travel together in morocco<\/title>\n<meta name=\"robots\" content=\"index, follow, max-snippet:-1, max-image-preview:large, max-video-preview:-1\" \/>\n<link rel=\"canonical\" href=\"https:\/\/www.traveltogetherinmorocco.com\/producto\/5-day-desert-tour-from-marrakech-to-fes\/\" \/>\n<meta property=\"og:locale\" content=\"es_ES\" \/>\n<meta property=\"og:type\" content=\"article\" \/>\n<meta property=\"og:title\" content=\"Tour de 5 d\u00edas por el desierto desde Marrakech hasta Fez - travel together in morocco\" \/>\n<meta property=\"og:description\" content=\"Descripci\u00f3n general: Emprende una aventura inolvidable de 5 d\u00edas por el desierto desde Marrakech hasta Fez, recorriendo los paisajes m\u00e1s ic\u00f3nicos de Marruecos. Cruza las majestuosas Monta\u00f1as del Alto Atlas, explora kasbahs centenarias e inm\u00e9rgete en la cultura de los pueblos bereberes situados en valles verdes. Este enriquecedor itinerario te lleva a trav\u00e9s de las [&hellip;]\" \/>\n<meta property=\"og:url\" content=\"https:\/\/www.traveltogetherinmorocco.com\/producto\/5-day-desert-tour-from-marrakech-to-fes\/\" \/>\n<meta property=\"og:site_name\" content=\"travel together in morocco\" \/>\n<meta property=\"article:publisher\" content=\"https:\/\/www.facebook.com\/azizindesert?rdid=AM85IAprjCTIUGCP&amp;share_url=httpswww.facebook.comshare16PbxaT6ga\" \/>\n<meta property=\"article:modified_time\" content=\"2025-06-19T21:37:15+00:00\" \/>\n<meta property=\"og:image\" content=\"https:\/\/www.traveltogetherinmorocco.com\/wp-content\/uploads\/2025\/05\/5-6-scaled.webp\" \/>\n\t<meta property=\"og:image:width\" content=\"2560\" \/>\n\t<meta property=\"og:image:height\" content=\"1798\" \/>\n\t<meta property=\"og:image:type\" content=\"image\/webp\" \/>\n<meta name=\"twitter:card\" content=\"summary_large_image\" \/>\n<meta name=\"twitter:label1\" content=\"Tiempo de lectura\" \/>\n\t<meta name=\"twitter:data1\" content=\"1 minuto\" \/>\n<script type=\"application\/ld+json\" class=\"yoast-schema-graph\">{\"@context\":\"https:\\\/\\\/schema.org\",\"@graph\":[{\"@type\":\"WebPage\",\"@id\":\"https:\\\/\\\/www.traveltogetherinmorocco.com\\\/producto\\\/5-day-desert-tour-from-marrakech-to-fes\\\/\",\"url\":\"https:\\\/\\\/www.traveltogetherinmorocco.com\\\/producto\\\/5-day-desert-tour-from-marrakech-to-fes\\\/\",\"name\":\"Tour de 5 d\u00edas por el desierto desde Marrakech hasta Fez - travel together in morocco\",\"isPartOf\":{\"@id\":\"https:\\\/\\\/www.traveltogetherinmorocco.com\\\/#website\"},\"primaryImageOfPage\":{\"@id\":\"https:\\\/\\\/www.traveltogetherinmorocco.com\\\/producto\\\/5-day-desert-tour-from-marrakech-to-fes\\\/#primaryimage\"},\"image\":{\"@id\":\"https:\\\/\\\/www.traveltogetherinmorocco.com\\\/producto\\\/5-day-desert-tour-from-marrakech-to-fes\\\/#primaryimage\"},\"thumbnailUrl\":\"https:\\\/\\\/www.traveltogetherinmorocco.com\\\/wp-content\\\/uploads\\\/2025\\\/05\\\/5-6-scaled.webp\",\"datePublished\":\"2025-06-18T14:08:33+00:00\",\"dateModified\":\"2025-06-19T21:37:15+00:00\",\"breadcrumb\":{\"@id\":\"https:\\\/\\\/www.traveltogetherinmorocco.com\\\/producto\\\/5-day-desert-tour-from-marrakech-to-fes\\\/#breadcrumb\"},\"inLanguage\":\"es\",\"potentialAction\":[{\"@type\":\"ReadAction\",\"target\":[\"https:\\\/\\\/www.traveltogetherinmorocco.com\\\/producto\\\/5-day-desert-tour-from-marrakech-to-fes\\\/\"]}]},{\"@type\":\"ImageObject\",\"inLanguage\":\"es\",\"@id\":\"https:\\\/\\\/www.traveltogetherinmorocco.com\\\/producto\\\/5-day-desert-tour-from-marrakech-to-fes\\\/#primaryimage\",\"url\":\"https:\\\/\\\/www.traveltogetherinmorocco.com\\\/wp-content\\\/uploads\\\/2025\\\/05\\\/5-6-scaled.webp\",\"contentUrl\":\"https:\\\/\\\/www.traveltogetherinmorocco.com\\\/wp-content\\\/uploads\\\/2025\\\/05\\\/5-6-scaled.webp\",\"width\":2560,\"height\":1798},{\"@type\":\"BreadcrumbList\",\"@id\":\"https:\\\/\\\/www.traveltogetherinmorocco.com\\\/producto\\\/5-day-desert-tour-from-marrakech-to-fes\\\/#breadcrumb\",\"itemListElement\":[{\"@type\":\"ListItem\",\"position\":1,\"name\":\"Home\",\"item\":\"https:\\\/\\\/www.traveltogetherinmorocco.com\\\/es\\\/\"},{\"@type\":\"ListItem\",\"position\":2,\"name\":\"Products\",\"item\":\"https:\\\/\\\/www.traveltogetherinmorocco.com\\\/shop\\\/\"},{\"@type\":\"ListItem\",\"position\":3,\"name\":\"Tour de 5 d\u00edas por el desierto desde Marrakech hasta Fez\"}]},{\"@type\":\"WebSite\",\"@id\":\"https:\\\/\\\/www.traveltogetherinmorocco.com\\\/#website\",\"url\":\"https:\\\/\\\/www.traveltogetherinmorocco.com\\\/\",\"name\":\"travel together in morocco\",\"description\":\"Authentic Tours Across Morocco, Together with Local Experts\",\"publisher\":{\"@id\":\"https:\\\/\\\/www.traveltogetherinmorocco.com\\\/#organization\"},\"potentialAction\":[{\"@type\":\"SearchAction\",\"target\":{\"@type\":\"EntryPoint\",\"urlTemplate\":\"https:\\\/\\\/www.traveltogetherinmorocco.com\\\/?s={search_term_string}\"},\"query-input\":{\"@type\":\"PropertyValueSpecification\",\"valueRequired\":true,\"valueName\":\"search_term_string\"}}],\"inLanguage\":\"es\"},{\"@type\":\"Organization\",\"@id\":\"https:\\\/\\\/www.traveltogetherinmorocco.com\\\/#organization\",\"name\":\"travel together in morocco\",\"url\":\"https:\\\/\\\/www.traveltogetherinmorocco.com\\\/\",\"logo\":{\"@type\":\"ImageObject\",\"inLanguage\":\"es\",\"@id\":\"https:\\\/\\\/www.traveltogetherinmorocco.com\\\/#\\\/schema\\\/logo\\\/image\\\/\",\"url\":\"https:\\\/\\\/www.traveltogetherinmorocco.com\\\/wp-content\\\/uploads\\\/2025\\\/06\\\/cropped-favicon.png\",\"contentUrl\":\"https:\\\/\\\/www.traveltogetherinmorocco.com\\\/wp-content\\\/uploads\\\/2025\\\/06\\\/cropped-favicon.png\",\"width\":512,\"height\":512,\"caption\":\"travel together in morocco\"},\"image\":{\"@id\":\"https:\\\/\\\/www.traveltogetherinmorocco.com\\\/#\\\/schema\\\/logo\\\/image\\\/\"},\"sameAs\":[\"https:\\\/\\\/www.facebook.com\\\/azizindesert?rdid=AM85IAprjCTIUGCP&share_url=httpswww.facebook.comshare16PbxaT6ga\",\"https:\\\/\\\/www.instagram.com\\\/travel_together_in_morocco\\\/\"]}]}<\/script>\n<!-- \/ Yoast SEO plugin. -->","yoast_head_json":{"title":"Tour de 5 d\u00edas por el desierto desde Marrakech hasta Fez - travel together in morocco","robots":{"index":"index","follow":"follow","max-snippet":"max-snippet:-1","max-image-preview":"max-image-preview:large","max-video-preview":"max-video-preview:-1"},"canonical":"https:\/\/www.traveltogetherinmorocco.com\/producto\/5-day-desert-tour-from-marrakech-to-fes\/","og_locale":"es_ES","og_type":"article","og_title":"Tour de 5 d\u00edas por el desierto desde Marrakech hasta Fez - travel together in morocco","og_description":"Descripci\u00f3n general: Emprende una aventura inolvidable de 5 d\u00edas por el desierto desde Marrakech hasta Fez, recorriendo los paisajes m\u00e1s ic\u00f3nicos de Marruecos. Cruza las majestuosas Monta\u00f1as del Alto Atlas, explora kasbahs centenarias e inm\u00e9rgete en la cultura de los pueblos bereberes situados en valles verdes. Este enriquecedor itinerario te lleva a trav\u00e9s de las [&hellip;]","og_url":"https:\/\/www.traveltogetherinmorocco.com\/producto\/5-day-desert-tour-from-marrakech-to-fes\/","og_site_name":"travel together in morocco","article_publisher":"https:\/\/www.facebook.com\/azizindesert?rdid=AM85IAprjCTIUGCP&share_url=httpswww.facebook.comshare16PbxaT6ga","article_modified_time":"2025-06-19T21:37:15+00:00","og_image":[{"width":2560,"height":1798,"url":"https:\/\/www.traveltogetherinmorocco.com\/wp-content\/uploads\/2025\/05\/5-6-scaled.webp","type":"image\/webp"}],"twitter_card":"summary_large_image","twitter_misc":{"Tiempo de lectura":"1 minuto"},"schema":{"@context":"https:\/\/schema.org","@graph":[{"@type":"WebPage","@id":"https:\/\/www.traveltogetherinmorocco.com\/producto\/5-day-desert-tour-from-marrakech-to-fes\/","url":"https:\/\/www.traveltogetherinmorocco.com\/producto\/5-day-desert-tour-from-marrakech-to-fes\/","name":"Tour de 5 d\u00edas por el desierto desde Marrakech hasta Fez - travel together in morocco","isPartOf":{"@id":"https:\/\/www.traveltogetherinmorocco.com\/#website"},"primaryImageOfPage":{"@id":"https:\/\/www.traveltogetherinmorocco.com\/producto\/5-day-desert-tour-from-marrakech-to-fes\/#primaryimage"},"image":{"@id":"https:\/\/www.traveltogetherinmorocco.com\/producto\/5-day-desert-tour-from-marrakech-to-fes\/#primaryimage"},"thumbnailUrl":"https:\/\/www.traveltogetherinmorocco.com\/wp-content\/uploads\/2025\/05\/5-6-scaled.webp","datePublished":"2025-06-18T14:08:33+00:00","dateModified":"2025-06-19T21:37:15+00:00","breadcrumb":{"@id":"https:\/\/www.traveltogetherinmorocco.com\/producto\/5-day-desert-tour-from-marrakech-to-fes\/#breadcrumb"},"inLanguage":"es","potentialAction":[{"@type":"ReadAction","target":["https:\/\/www.traveltogetherinmorocco.com\/producto\/5-day-desert-tour-from-marrakech-to-fes\/"]}]},{"@type":"ImageObject","inLanguage":"es","@id":"https:\/\/www.traveltogetherinmorocco.com\/producto\/5-day-desert-tour-from-marrakech-to-fes\/#primaryimage","url":"https:\/\/www.traveltogetherinmorocco.com\/wp-content\/uploads\/2025\/05\/5-6-scaled.webp","contentUrl":"https:\/\/www.traveltogetherinmorocco.com\/wp-content\/uploads\/2025\/05\/5-6-scaled.webp","width":2560,"height":1798},{"@type":"BreadcrumbList","@id":"https:\/\/www.traveltogetherinmorocco.com\/producto\/5-day-desert-tour-from-marrakech-to-fes\/#breadcrumb","itemListElement":[{"@type":"ListItem","position":1,"name":"Home","item":"https:\/\/www.traveltogetherinmorocco.com\/es\/"},{"@type":"ListItem","position":2,"name":"Products","item":"https:\/\/www.traveltogetherinmorocco.com\/shop\/"},{"@type":"ListItem","position":3,"name":"Tour de 5 d\u00edas por el desierto desde Marrakech hasta Fez"}]},{"@type":"WebSite","@id":"https:\/\/www.traveltogetherinmorocco.com\/#website","url":"https:\/\/www.traveltogetherinmorocco.com\/","name":"travel together in morocco","description":"Authentic Tours Across Morocco, Together with Local Experts","publisher":{"@id":"https:\/\/www.traveltogetherinmorocco.com\/#organization"},"potentialAction":[{"@type":"SearchAction","target":{"@type":"EntryPoint","urlTemplate":"https:\/\/www.traveltogetherinmorocco.com\/?s={search_term_string}"},"query-input":{"@type":"PropertyValueSpecification","valueRequired":true,"valueName":"search_term_string"}}],"inLanguage":"es"},{"@type":"Organization","@id":"https:\/\/www.traveltogetherinmorocco.com\/#organization","name":"travel together in morocco","url":"https:\/\/www.traveltogetherinmorocco.com\/","logo":{"@type":"ImageObject","inLanguage":"es","@id":"https:\/\/www.traveltogetherinmorocco.com\/#\/schema\/logo\/image\/","url":"https:\/\/www.traveltogetherinmorocco.com\/wp-content\/uploads\/2025\/06\/cropped-favicon.png","contentUrl":"https:\/\/www.traveltogetherinmorocco.com\/wp-content\/uploads\/2025\/06\/cropped-favicon.png","width":512,"height":512,"caption":"travel together in morocco"},"image":{"@id":"https:\/\/www.traveltogetherinmorocco.com\/#\/schema\/logo\/image\/"},"sameAs":["https:\/\/www.facebook.com\/azizindesert?rdid=AM85IAprjCTIUGCP&share_url=httpswww.facebook.comshare16PbxaT6ga","https:\/\/www.instagram.com\/travel_together_in_morocco\/"]}]}},"_links":{"self":[{"href":"https:\/\/www.traveltogetherinmorocco.com\/es\/wp-json\/wp\/v2\/product\/10987","targetHints":{"allow":["GET"]}}],"collection":[{"href":"https:\/\/www.traveltogetherinmorocco.com\/es\/wp-json\/wp\/v2\/product"}],"about":[{"href":"https:\/\/www.traveltogetherinmorocco.com\/es\/wp-json\/wp\/v2\/types\/product"}],"replies":[{"embeddable":true,"href":"https:\/\/www.traveltogetherinmorocco.com\/es\/wp-json\/wp\/v2\/comments?post=10987"}],"wp:featuredmedia":[{"embeddable":true,"href":"https:\/\/www.traveltogetherinmorocco.com\/es\/wp-json\/wp\/v2\/media\/2614"}],"wp:attachment":[{"href":"https:\/\/www.traveltogetherinmorocco.com\/es\/wp-json\/wp\/v2\/media?parent=10987"}],"wp:term":[{"taxonomy":"product_brand","embeddable":true,"href":"https:\/\/www.traveltogetherinmorocco.com\/es\/wp-json\/wp\/v2\/product_brand?post=10987"},{"taxonomy":"product_cat","embeddable":true,"href":"https:\/\/www.traveltogetherinmorocco.com\/es\/wp-json\/wp\/v2\/product_cat?post=10987"},{"taxonomy":"product_tag","embeddable":true,"href":"https:\/\/www.traveltogetherinmorocco.com\/es\/wp-json\/wp\/v2\/product_tag?post=10987"}],"curies":[{"name":"wp","href":"https:\/\/api.w.org\/{rel}","templated":true}]}}