{"id":10989,"date":"2025-06-18T13:54:43","date_gmt":"2025-06-18T13:54:43","guid":{"rendered":"https:\/\/www.traveltogetherinmorocco.com\/product\/4-day-morocco-desert-adventure-tangier-to-marrakech\/"},"modified":"2025-06-19T21:52:13","modified_gmt":"2025-06-19T21:52:13","slug":"aventura-de-4-dias-por-el-desierto-de-marruecos-de-tanger-a-marrakech","status":"publish","type":"product","link":"https:\/\/www.traveltogetherinmorocco.com\/es\/producto\/aventura-de-4-dias-por-el-desierto-de-marruecos-de-tanger-a-marrakech\/","title":{"rendered":"Aventura de 4 d\u00edas por el desierto de Marruecos: de T\u00e1nger a Marrakech"},"content":{"rendered":"<h2>Descripci\u00f3n general:<\/h2>\n<p data-start=\"64\" data-end=\"634\">Emprende un <strong data-start=\"76\" data-end=\"120\">inolvidable tour de 4 d\u00edas por Marruecos<\/strong>, desde <strong data-start=\"128\" data-end=\"154\">T\u00e1nger hasta Marrakech<\/strong>, descubriendo el <strong data-start=\"172\" data-end=\"189\">alma del pa\u00eds<\/strong> a trav\u00e9s de sus <strong data-start=\"206\" data-end=\"228\">vibrantes ciudades<\/strong>, <strong data-start=\"230\" data-end=\"250\">antiguas medinas<\/strong> y los <strong data-start=\"257\" data-end=\"290\">paisajes dorados del desierto<\/strong>. Tu viaje comienza en <strong data-start=\"313\" data-end=\"323\">T\u00e1nger<\/strong>, donde explorar\u00e1s la <strong data-start=\"345\" data-end=\"381\">fascinante historia de la ciudad<\/strong> y degustar\u00e1s la <strong data-start=\"398\" data-end=\"432\">deliciosa gastronom\u00eda marroqu\u00ed<\/strong>. Viaja hacia el sur hasta el <strong data-start=\"462\" data-end=\"485\">Desierto del Sahara<\/strong>, donde un <strong data-start=\"496\" data-end=\"516\">paseo en camello<\/strong> por las majestuosas dunas y una <strong data-start=\"549\" data-end=\"607\">noche bajo las estrellas en un campamento del desierto<\/strong> crear\u00e1n recuerdos m\u00e1gicos.<\/p>\n<p data-start=\"636\" data-end=\"1037\">En <strong data-start=\"639\" data-end=\"646\">Fez<\/strong>, pi\u00e9rdete en el encanto de la <strong data-start=\"677\" data-end=\"747\">medina medieval declarada Patrimonio de la Humanidad por la UNESCO<\/strong> y sus <strong data-start=\"754\" data-end=\"772\">animados souks<\/strong>. Tu aventura concluye en la <strong data-start=\"801\" data-end=\"833\">colorida ciudad de Marrakech<\/strong>, donde la <strong data-start=\"844\" data-end=\"857\">tradici\u00f3n<\/strong> se mezcla con la <strong data-start=\"875\" data-end=\"891\">vida moderna<\/strong> en sus palacios, mezquitas y <strong data-start=\"921\" data-end=\"942\">mercados ic\u00f3nicos<\/strong>. Este tour ofrece el equilibrio perfecto entre <strong data-start=\"990\" data-end=\"1001\">cultura<\/strong>, <strong data-start=\"1003\" data-end=\"1015\">aventura<\/strong> y <strong data-start=\"1018\" data-end=\"1036\">conexi\u00f3n local<\/strong>.<\/p>\n<h2 data-start=\"139\" data-end=\"422\">Aspectos destacados del tour:<\/h2>\n<ul>\n<li data-start=\"66\" data-end=\"141\">Bienvenida por <strong data-start=\"81\" data-end=\"112\">gu\u00edas profesionales locales<\/strong> de Morocco Tourism Company<\/li>\n<li data-start=\"144\" data-end=\"214\">Exploraci\u00f3n guiada de <strong data-start=\"166\" data-end=\"176\">T\u00e1nger<\/strong>, incluyendo la hist\u00f3rica <strong data-start=\"202\" data-end=\"212\">Kasbah<\/strong><\/li>\n<li data-start=\"217\" data-end=\"279\">Experiencias de <strong data-start=\"233\" data-end=\"262\">comida marroqu\u00ed aut\u00e9ntica<\/strong> en cada ciudad<\/li>\n<li data-start=\"282\" data-end=\"356\">Conducci\u00f3n esc\u00e9nica a trav\u00e9s de los <strong data-start=\"318\" data-end=\"354\">paisajes cambiantes de Marruecos<\/strong><\/li>\n<li data-start=\"359\" data-end=\"421\">Paseo en <strong data-start=\"368\" data-end=\"419\">camello por el desierto del Sahara al atardecer<\/strong><\/li>\n<li data-start=\"424\" data-end=\"494\">Noche en un <strong data-start=\"436\" data-end=\"492\">campamento de lujo en el desierto bajo las estrellas<\/strong><\/li>\n<li data-start=\"497\" data-end=\"563\">M\u00fasica <strong data-start=\"504\" data-end=\"523\">bereber en vivo<\/strong> y ambiente de <strong data-start=\"538\" data-end=\"561\">fogata en las dunas<\/strong><\/li>\n<li data-start=\"566\" data-end=\"636\">Tour a pie por la <strong data-start=\"584\" data-end=\"601\">Medina de Fez<\/strong>, Patrimonio Mundial de la UNESCO<\/li>\n<li data-start=\"639\" data-end=\"714\">Descubrimiento de los <strong data-start=\"661\" data-end=\"679\">animados souks<\/strong> y <strong data-start=\"682\" data-end=\"705\">tiendas artesanales<\/strong> de Fez<\/li>\n<li data-start=\"717\" data-end=\"803\">Visita a la <strong data-start=\"729\" data-end=\"751\">Mezquita Koutoubia<\/strong> y la ic\u00f3nica plaza <strong data-start=\"771\" data-end=\"788\">Jemaa el-Fnaa<\/strong> en Marrakech<\/li>\n<li data-start=\"806\" data-end=\"901\">Experiencias culturales inmersivas que mezclan la <strong data-start=\"856\" data-end=\"877\">antigua tradici\u00f3n<\/strong> con la <strong data-start=\"885\" data-end=\"901\">vida moderna<\/strong><\/li>\n<\/ul>\n","protected":false},"excerpt":{"rendered":"<p>Descripci\u00f3n general: Emprende un inolvidable tour de 4 d\u00edas por Marruecos, desde T\u00e1nger hasta Marrakech, descubriendo el alma del pa\u00eds a trav\u00e9s de sus vibrantes ciudades, antiguas medinas y los paisajes dorados del desierto. Tu viaje comienza en T\u00e1nger, donde explorar\u00e1s la fascinante historia de la ciudad y degustar\u00e1s la deliciosa gastronom\u00eda marroqu\u00ed. Viaja hacia [&hellip;]<\/p>\n","protected":false},"featured_media":2779,"comment_status":"open","ping_status":"closed","template":"","meta":[],"product_brand":[],"product_cat":[215,216],"product_tag":[],"class_list":{"0":"post-10989","1":"product","2":"type-product","3":"status-publish","4":"has-post-thumbnail","6":"product_cat-morocco-desert-tours-es","7":"product_cat-tangier-es","9":"first","10":"instock","11":"shipping-taxable","12":"product-type-ovabrw_car_rental"},"yoast_head":"<!-- This site is optimized with the Yoast SEO plugin v27.4 - https:\/\/yoast.com\/product\/yoast-seo-wordpress\/ -->\n<title>Aventura de 4 d\u00edas por el desierto de Marruecos: de T\u00e1nger a Marrakech - travel together in morocco<\/title>\n<meta name=\"robots\" content=\"index, follow, max-snippet:-1, max-image-preview:large, max-video-preview:-1\" \/>\n<link rel=\"canonical\" href=\"https:\/\/www.traveltogetherinmorocco.com\/producto\/4-day-morocco-desert-adventure-tangier-to-marrakech\/\" \/>\n<meta property=\"og:locale\" content=\"es_ES\" \/>\n<meta property=\"og:type\" content=\"article\" \/>\n<meta property=\"og:title\" content=\"Aventura de 4 d\u00edas por el desierto de Marruecos: de T\u00e1nger a Marrakech - travel together in morocco\" \/>\n<meta property=\"og:description\" content=\"Descripci\u00f3n general: Emprende un inolvidable tour de 4 d\u00edas por Marruecos, desde T\u00e1nger hasta Marrakech, descubriendo el alma del pa\u00eds a trav\u00e9s de sus vibrantes ciudades, antiguas medinas y los paisajes dorados del desierto. Tu viaje comienza en T\u00e1nger, donde explorar\u00e1s la fascinante historia de la ciudad y degustar\u00e1s la deliciosa gastronom\u00eda marroqu\u00ed. Viaja hacia [&hellip;]\" \/>\n<meta property=\"og:url\" content=\"https:\/\/www.traveltogetherinmorocco.com\/producto\/4-day-morocco-desert-adventure-tangier-to-marrakech\/\" \/>\n<meta property=\"og:site_name\" content=\"travel together in morocco\" \/>\n<meta property=\"article:publisher\" content=\"https:\/\/www.facebook.com\/azizindesert?rdid=AM85IAprjCTIUGCP&amp;share_url=httpswww.facebook.comshare16PbxaT6ga\" \/>\n<meta property=\"article:modified_time\" content=\"2025-06-19T21:52:13+00:00\" \/>\n<meta property=\"og:image\" content=\"https:\/\/www.traveltogetherinmorocco.com\/wp-content\/uploads\/2025\/05\/10-17-scaled.webp\" \/>\n\t<meta property=\"og:image:width\" content=\"2560\" \/>\n\t<meta property=\"og:image:height\" content=\"1798\" \/>\n\t<meta property=\"og:image:type\" content=\"image\/webp\" \/>\n<meta name=\"twitter:card\" content=\"summary_large_image\" \/>\n<meta name=\"twitter:label1\" content=\"Tiempo de lectura\" \/>\n\t<meta name=\"twitter:data1\" content=\"1 minuto\" \/>\n<script type=\"application\/ld+json\" class=\"yoast-schema-graph\">{\"@context\":\"https:\\\/\\\/schema.org\",\"@graph\":[{\"@type\":\"WebPage\",\"@id\":\"https:\\\/\\\/www.traveltogetherinmorocco.com\\\/producto\\\/4-day-morocco-desert-adventure-tangier-to-marrakech\\\/\",\"url\":\"https:\\\/\\\/www.traveltogetherinmorocco.com\\\/producto\\\/4-day-morocco-desert-adventure-tangier-to-marrakech\\\/\",\"name\":\"Aventura de 4 d\u00edas por el desierto de Marruecos: de T\u00e1nger a Marrakech - travel together in morocco\",\"isPartOf\":{\"@id\":\"https:\\\/\\\/www.traveltogetherinmorocco.com\\\/#website\"},\"primaryImageOfPage\":{\"@id\":\"https:\\\/\\\/www.traveltogetherinmorocco.com\\\/producto\\\/4-day-morocco-desert-adventure-tangier-to-marrakech\\\/#primaryimage\"},\"image\":{\"@id\":\"https:\\\/\\\/www.traveltogetherinmorocco.com\\\/producto\\\/4-day-morocco-desert-adventure-tangier-to-marrakech\\\/#primaryimage\"},\"thumbnailUrl\":\"https:\\\/\\\/www.traveltogetherinmorocco.com\\\/wp-content\\\/uploads\\\/2025\\\/05\\\/10-17-scaled.webp\",\"datePublished\":\"2025-06-18T13:54:43+00:00\",\"dateModified\":\"2025-06-19T21:52:13+00:00\",\"breadcrumb\":{\"@id\":\"https:\\\/\\\/www.traveltogetherinmorocco.com\\\/producto\\\/4-day-morocco-desert-adventure-tangier-to-marrakech\\\/#breadcrumb\"},\"inLanguage\":\"es\",\"potentialAction\":[{\"@type\":\"ReadAction\",\"target\":[\"https:\\\/\\\/www.traveltogetherinmorocco.com\\\/producto\\\/4-day-morocco-desert-adventure-tangier-to-marrakech\\\/\"]}]},{\"@type\":\"ImageObject\",\"inLanguage\":\"es\",\"@id\":\"https:\\\/\\\/www.traveltogetherinmorocco.com\\\/producto\\\/4-day-morocco-desert-adventure-tangier-to-marrakech\\\/#primaryimage\",\"url\":\"https:\\\/\\\/www.traveltogetherinmorocco.com\\\/wp-content\\\/uploads\\\/2025\\\/05\\\/10-17-scaled.webp\",\"contentUrl\":\"https:\\\/\\\/www.traveltogetherinmorocco.com\\\/wp-content\\\/uploads\\\/2025\\\/05\\\/10-17-scaled.webp\",\"width\":2560,\"height\":1798},{\"@type\":\"BreadcrumbList\",\"@id\":\"https:\\\/\\\/www.traveltogetherinmorocco.com\\\/producto\\\/4-day-morocco-desert-adventure-tangier-to-marrakech\\\/#breadcrumb\",\"itemListElement\":[{\"@type\":\"ListItem\",\"position\":1,\"name\":\"Home\",\"item\":\"https:\\\/\\\/www.traveltogetherinmorocco.com\\\/es\\\/\"},{\"@type\":\"ListItem\",\"position\":2,\"name\":\"Products\",\"item\":\"https:\\\/\\\/www.traveltogetherinmorocco.com\\\/shop\\\/\"},{\"@type\":\"ListItem\",\"position\":3,\"name\":\"Aventura de 4 d\u00edas por el desierto de Marruecos: de T\u00e1nger a Marrakech\"}]},{\"@type\":\"WebSite\",\"@id\":\"https:\\\/\\\/www.traveltogetherinmorocco.com\\\/#website\",\"url\":\"https:\\\/\\\/www.traveltogetherinmorocco.com\\\/\",\"name\":\"travel together in morocco\",\"description\":\"Authentic Tours Across Morocco, Together with Local Experts\",\"publisher\":{\"@id\":\"https:\\\/\\\/www.traveltogetherinmorocco.com\\\/#organization\"},\"potentialAction\":[{\"@type\":\"SearchAction\",\"target\":{\"@type\":\"EntryPoint\",\"urlTemplate\":\"https:\\\/\\\/www.traveltogetherinmorocco.com\\\/?s={search_term_string}\"},\"query-input\":{\"@type\":\"PropertyValueSpecification\",\"valueRequired\":true,\"valueName\":\"search_term_string\"}}],\"inLanguage\":\"es\"},{\"@type\":\"Organization\",\"@id\":\"https:\\\/\\\/www.traveltogetherinmorocco.com\\\/#organization\",\"name\":\"travel together in morocco\",\"url\":\"https:\\\/\\\/www.traveltogetherinmorocco.com\\\/\",\"logo\":{\"@type\":\"ImageObject\",\"inLanguage\":\"es\",\"@id\":\"https:\\\/\\\/www.traveltogetherinmorocco.com\\\/#\\\/schema\\\/logo\\\/image\\\/\",\"url\":\"https:\\\/\\\/www.traveltogetherinmorocco.com\\\/wp-content\\\/uploads\\\/2025\\\/06\\\/cropped-favicon.png\",\"contentUrl\":\"https:\\\/\\\/www.traveltogetherinmorocco.com\\\/wp-content\\\/uploads\\\/2025\\\/06\\\/cropped-favicon.png\",\"width\":512,\"height\":512,\"caption\":\"travel together in morocco\"},\"image\":{\"@id\":\"https:\\\/\\\/www.traveltogetherinmorocco.com\\\/#\\\/schema\\\/logo\\\/image\\\/\"},\"sameAs\":[\"https:\\\/\\\/www.facebook.com\\\/azizindesert?rdid=AM85IAprjCTIUGCP&share_url=httpswww.facebook.comshare16PbxaT6ga\",\"https:\\\/\\\/www.instagram.com\\\/travel_together_in_morocco\\\/\"]}]}<\/script>\n<!-- \/ Yoast SEO plugin. -->","yoast_head_json":{"title":"Aventura de 4 d\u00edas por el desierto de Marruecos: de T\u00e1nger a Marrakech - travel together in morocco","robots":{"index":"index","follow":"follow","max-snippet":"max-snippet:-1","max-image-preview":"max-image-preview:large","max-video-preview":"max-video-preview:-1"},"canonical":"https:\/\/www.traveltogetherinmorocco.com\/producto\/4-day-morocco-desert-adventure-tangier-to-marrakech\/","og_locale":"es_ES","og_type":"article","og_title":"Aventura de 4 d\u00edas por el desierto de Marruecos: de T\u00e1nger a Marrakech - travel together in morocco","og_description":"Descripci\u00f3n general: Emprende un inolvidable tour de 4 d\u00edas por Marruecos, desde T\u00e1nger hasta Marrakech, descubriendo el alma del pa\u00eds a trav\u00e9s de sus vibrantes ciudades, antiguas medinas y los paisajes dorados del desierto. Tu viaje comienza en T\u00e1nger, donde explorar\u00e1s la fascinante historia de la ciudad y degustar\u00e1s la deliciosa gastronom\u00eda marroqu\u00ed. Viaja hacia [&hellip;]","og_url":"https:\/\/www.traveltogetherinmorocco.com\/producto\/4-day-morocco-desert-adventure-tangier-to-marrakech\/","og_site_name":"travel together in morocco","article_publisher":"https:\/\/www.facebook.com\/azizindesert?rdid=AM85IAprjCTIUGCP&share_url=httpswww.facebook.comshare16PbxaT6ga","article_modified_time":"2025-06-19T21:52:13+00:00","og_image":[{"width":2560,"height":1798,"url":"https:\/\/www.traveltogetherinmorocco.com\/wp-content\/uploads\/2025\/05\/10-17-scaled.webp","type":"image\/webp"}],"twitter_card":"summary_large_image","twitter_misc":{"Tiempo de lectura":"1 minuto"},"schema":{"@context":"https:\/\/schema.org","@graph":[{"@type":"WebPage","@id":"https:\/\/www.traveltogetherinmorocco.com\/producto\/4-day-morocco-desert-adventure-tangier-to-marrakech\/","url":"https:\/\/www.traveltogetherinmorocco.com\/producto\/4-day-morocco-desert-adventure-tangier-to-marrakech\/","name":"Aventura de 4 d\u00edas por el desierto de Marruecos: de T\u00e1nger a Marrakech - travel together in morocco","isPartOf":{"@id":"https:\/\/www.traveltogetherinmorocco.com\/#website"},"primaryImageOfPage":{"@id":"https:\/\/www.traveltogetherinmorocco.com\/producto\/4-day-morocco-desert-adventure-tangier-to-marrakech\/#primaryimage"},"image":{"@id":"https:\/\/www.traveltogetherinmorocco.com\/producto\/4-day-morocco-desert-adventure-tangier-to-marrakech\/#primaryimage"},"thumbnailUrl":"https:\/\/www.traveltogetherinmorocco.com\/wp-content\/uploads\/2025\/05\/10-17-scaled.webp","datePublished":"2025-06-18T13:54:43+00:00","dateModified":"2025-06-19T21:52:13+00:00","breadcrumb":{"@id":"https:\/\/www.traveltogetherinmorocco.com\/producto\/4-day-morocco-desert-adventure-tangier-to-marrakech\/#breadcrumb"},"inLanguage":"es","potentialAction":[{"@type":"ReadAction","target":["https:\/\/www.traveltogetherinmorocco.com\/producto\/4-day-morocco-desert-adventure-tangier-to-marrakech\/"]}]},{"@type":"ImageObject","inLanguage":"es","@id":"https:\/\/www.traveltogetherinmorocco.com\/producto\/4-day-morocco-desert-adventure-tangier-to-marrakech\/#primaryimage","url":"https:\/\/www.traveltogetherinmorocco.com\/wp-content\/uploads\/2025\/05\/10-17-scaled.webp","contentUrl":"https:\/\/www.traveltogetherinmorocco.com\/wp-content\/uploads\/2025\/05\/10-17-scaled.webp","width":2560,"height":1798},{"@type":"BreadcrumbList","@id":"https:\/\/www.traveltogetherinmorocco.com\/producto\/4-day-morocco-desert-adventure-tangier-to-marrakech\/#breadcrumb","itemListElement":[{"@type":"ListItem","position":1,"name":"Home","item":"https:\/\/www.traveltogetherinmorocco.com\/es\/"},{"@type":"ListItem","position":2,"name":"Products","item":"https:\/\/www.traveltogetherinmorocco.com\/shop\/"},{"@type":"ListItem","position":3,"name":"Aventura de 4 d\u00edas por el desierto de Marruecos: de T\u00e1nger a Marrakech"}]},{"@type":"WebSite","@id":"https:\/\/www.traveltogetherinmorocco.com\/#website","url":"https:\/\/www.traveltogetherinmorocco.com\/","name":"travel together in morocco","description":"Authentic Tours Across Morocco, Together with Local Experts","publisher":{"@id":"https:\/\/www.traveltogetherinmorocco.com\/#organization"},"potentialAction":[{"@type":"SearchAction","target":{"@type":"EntryPoint","urlTemplate":"https:\/\/www.traveltogetherinmorocco.com\/?s={search_term_string}"},"query-input":{"@type":"PropertyValueSpecification","valueRequired":true,"valueName":"search_term_string"}}],"inLanguage":"es"},{"@type":"Organization","@id":"https:\/\/www.traveltogetherinmorocco.com\/#organization","name":"travel together in morocco","url":"https:\/\/www.traveltogetherinmorocco.com\/","logo":{"@type":"ImageObject","inLanguage":"es","@id":"https:\/\/www.traveltogetherinmorocco.com\/#\/schema\/logo\/image\/","url":"https:\/\/www.traveltogetherinmorocco.com\/wp-content\/uploads\/2025\/06\/cropped-favicon.png","contentUrl":"https:\/\/www.traveltogetherinmorocco.com\/wp-content\/uploads\/2025\/06\/cropped-favicon.png","width":512,"height":512,"caption":"travel together in morocco"},"image":{"@id":"https:\/\/www.traveltogetherinmorocco.com\/#\/schema\/logo\/image\/"},"sameAs":["https:\/\/www.facebook.com\/azizindesert?rdid=AM85IAprjCTIUGCP&share_url=httpswww.facebook.comshare16PbxaT6ga","https:\/\/www.instagram.com\/travel_together_in_morocco\/"]}]}},"_links":{"self":[{"href":"https:\/\/www.traveltogetherinmorocco.com\/es\/wp-json\/wp\/v2\/product\/10989","targetHints":{"allow":["GET"]}}],"collection":[{"href":"https:\/\/www.traveltogetherinmorocco.com\/es\/wp-json\/wp\/v2\/product"}],"about":[{"href":"https:\/\/www.traveltogetherinmorocco.com\/es\/wp-json\/wp\/v2\/types\/product"}],"replies":[{"embeddable":true,"href":"https:\/\/www.traveltogetherinmorocco.com\/es\/wp-json\/wp\/v2\/comments?post=10989"}],"wp:featuredmedia":[{"embeddable":true,"href":"https:\/\/www.traveltogetherinmorocco.com\/es\/wp-json\/wp\/v2\/media\/2779"}],"wp:attachment":[{"href":"https:\/\/www.traveltogetherinmorocco.com\/es\/wp-json\/wp\/v2\/media?parent=10989"}],"wp:term":[{"taxonomy":"product_brand","embeddable":true,"href":"https:\/\/www.traveltogetherinmorocco.com\/es\/wp-json\/wp\/v2\/product_brand?post=10989"},{"taxonomy":"product_cat","embeddable":true,"href":"https:\/\/www.traveltogetherinmorocco.com\/es\/wp-json\/wp\/v2\/product_cat?post=10989"},{"taxonomy":"product_tag","embeddable":true,"href":"https:\/\/www.traveltogetherinmorocco.com\/es\/wp-json\/wp\/v2\/product_tag?post=10989"}],"curies":[{"name":"wp","href":"https:\/\/api.w.org\/{rel}","templated":true}]}}