{"id":10991,"date":"2025-06-18T13:44:13","date_gmt":"2025-06-18T13:44:13","guid":{"rendered":"https:\/\/www.traveltogetherinmorocco.com\/product\/4-day-from-fes-to-marrakech-through-the-desert\/"},"modified":"2025-06-19T21:59:23","modified_gmt":"2025-06-19T21:59:23","slug":"4-dias-de-fez-a-marrakech-a-traves-del-desierto","status":"publish","type":"product","link":"https:\/\/www.traveltogetherinmorocco.com\/es\/producto\/4-dias-de-fez-a-marrakech-a-traves-del-desierto\/","title":{"rendered":"4 d\u00edas de Fez a Marrakech a trav\u00e9s del desierto"},"content":{"rendered":"<h2>Descripci\u00f3n general:<\/h2>\n<p data-start=\"64\" data-end=\"352\">Emprende un emocionante tour de <strong data-start=\"96\" data-end=\"106\">4 d\u00edas<\/strong> desde <strong data-start=\"113\" data-end=\"136\">Fez hasta Marrakech<\/strong> y vive la impresionante experiencia de las <strong data-start=\"180\" data-end=\"203\">dunas de Erg Chebbi<\/strong>. Este viaje guiado cruza el <strong data-start=\"232\" data-end=\"264\">desierto del Sahara marroqu\u00ed<\/strong>, mostrando la extraordinaria <strong data-start=\"294\" data-end=\"351\">diversidad cultural y geogr\u00e1fica del sur de Marruecos<\/strong>.<\/p>\n<p data-start=\"354\" data-end=\"653\">Viaja a trav\u00e9s de las <strong data-start=\"376\" data-end=\"404\">Monta\u00f1as del Atlas Medio<\/strong> y el pintoresco <strong data-start=\"421\" data-end=\"438\">Valle del Ziz<\/strong> rumbo a Merzouga. En el segundo d\u00eda, conoce a una <strong data-start=\"489\" data-end=\"514\">familia bereber local<\/strong> en el desierto, monta un <strong data-start=\"540\" data-end=\"551\">camello<\/strong> sobre las impresionantes dunas de Erg Chebbi y pasa la noche en un <strong data-start=\"619\" data-end=\"652\">campamento bajo las estrellas<\/strong>.<\/p>\n<p data-start=\"655\" data-end=\"1017\">El tercer d\u00eda explora las dram\u00e1ticas <strong data-start=\"692\" data-end=\"727\">Gargantas del Todra y del Dades<\/strong>, maravill\u00e1ndote con sus impresionantes formaciones rocosas. El \u00faltimo d\u00eda recorre la legendaria <strong data-start=\"824\" data-end=\"854\">\u201cRuta de las 1000 Kasbahs\u201d<\/strong> hasta la ic\u00f3nica <strong data-start=\"872\" data-end=\"900\">Kasbah de Ait Ben Haddou<\/strong>. Cruza las <strong data-start=\"912\" data-end=\"939\">Monta\u00f1as del Alto Atlas<\/strong> antes de llegar a Marrakech, completando un viaje inolvidable de cuatro d\u00edas.<\/p>\n<p data-start=\"1019\" data-end=\"1176\">Este viaje \u00fanico te permite descubrir lo mejor del <strong data-start=\"1070\" data-end=\"1102\">desierto del Sahara marroqu\u00ed<\/strong> mientras te sumerges en su <strong data-start=\"1130\" data-end=\"1147\">cultura \u00fanica<\/strong> y <strong data-start=\"1150\" data-end=\"1175\">vibrantes tradiciones<\/strong>.<\/p>\n<h2 data-start=\"139\" data-end=\"422\">Aspectos destacados del tour:<\/h2>\n<ul>\n<li data-start=\"80\" data-end=\"151\">Observa los <strong data-start=\"92\" data-end=\"113\">monos de Berber\u00eda<\/strong> en el <strong data-start=\"120\" data-end=\"149\">bosque de cedros de Azrou<\/strong><\/li>\n<li data-start=\"154\" data-end=\"223\">Admira el <strong data-start=\"164\" data-end=\"221\">impresionante atardecer sobre las dunas de Erg Chebbi<\/strong><\/li>\n<li data-start=\"226\" data-end=\"291\">Visita y pasa tiempo con una <strong data-start=\"255\" data-end=\"289\">familia bereber en el desierto<\/strong><\/li>\n<li data-start=\"294\" data-end=\"357\">Disfruta de un <strong data-start=\"309\" data-end=\"355\">inolvidable paseo en camello por el Sahara<\/strong><\/li>\n<li data-start=\"360\" data-end=\"433\">Duerme bajo las <strong data-start=\"376\" data-end=\"431\">estrellas en un campamento tradicional del desierto<\/strong><\/li>\n<li data-start=\"436\" data-end=\"518\">Camina entre las <strong data-start=\"453\" data-end=\"516\">impresionantes formaciones rocosas de la Garganta del Todra<\/strong><\/li>\n<li data-start=\"521\" data-end=\"596\">Explora las <strong data-start=\"533\" data-end=\"594\">antiguas murallas y patios de la Kasbah de Ait Ben Haddou<\/strong><\/li>\n<li data-start=\"599\" data-end=\"669\">Contempla las <strong data-start=\"613\" data-end=\"669\">espectaculares vistas de las Monta\u00f1as del Alto Atlas<\/strong><\/li>\n<\/ul>\n","protected":false},"excerpt":{"rendered":"<p>Descripci\u00f3n general: Emprende un emocionante tour de 4 d\u00edas desde Fez hasta Marrakech y vive la impresionante experiencia de las dunas de Erg Chebbi. Este viaje guiado cruza el desierto del Sahara marroqu\u00ed, mostrando la extraordinaria diversidad cultural y geogr\u00e1fica del sur de Marruecos. Viaja a trav\u00e9s de las Monta\u00f1as del Atlas Medio y el [&hellip;]<\/p>\n","protected":false},"featured_media":2610,"comment_status":"open","ping_status":"closed","template":"","meta":[],"product_brand":[],"product_cat":[220,215],"product_tag":[],"class_list":{"0":"post-10991","1":"product","2":"type-product","3":"status-publish","4":"has-post-thumbnail","6":"product_cat-fes-es","7":"product_cat-morocco-desert-tours-es","9":"first","10":"instock","11":"shipping-taxable","12":"product-type-ovabrw_car_rental"},"yoast_head":"<!-- This site is optimized with the Yoast SEO plugin v27.4 - https:\/\/yoast.com\/product\/yoast-seo-wordpress\/ -->\n<title>4 d\u00edas de Fez a Marrakech a trav\u00e9s del desierto - travel together in morocco<\/title>\n<meta name=\"robots\" content=\"index, follow, max-snippet:-1, max-image-preview:large, max-video-preview:-1\" \/>\n<link rel=\"canonical\" href=\"https:\/\/www.traveltogetherinmorocco.com\/producto\/4-day-from-fes-to-marrakech-through-the-desert\/\" \/>\n<meta property=\"og:locale\" content=\"es_ES\" \/>\n<meta property=\"og:type\" content=\"article\" \/>\n<meta property=\"og:title\" content=\"4 d\u00edas de Fez a Marrakech a trav\u00e9s del desierto - travel together in morocco\" \/>\n<meta property=\"og:description\" content=\"Descripci\u00f3n general: Emprende un emocionante tour de 4 d\u00edas desde Fez hasta Marrakech y vive la impresionante experiencia de las dunas de Erg Chebbi. Este viaje guiado cruza el desierto del Sahara marroqu\u00ed, mostrando la extraordinaria diversidad cultural y geogr\u00e1fica del sur de Marruecos. Viaja a trav\u00e9s de las Monta\u00f1as del Atlas Medio y el [&hellip;]\" \/>\n<meta property=\"og:url\" content=\"https:\/\/www.traveltogetherinmorocco.com\/producto\/4-day-from-fes-to-marrakech-through-the-desert\/\" \/>\n<meta property=\"og:site_name\" content=\"travel together in morocco\" \/>\n<meta property=\"article:publisher\" content=\"https:\/\/www.facebook.com\/azizindesert?rdid=AM85IAprjCTIUGCP&amp;share_url=httpswww.facebook.comshare16PbxaT6ga\" \/>\n<meta property=\"article:modified_time\" content=\"2025-06-19T21:59:23+00:00\" \/>\n<meta property=\"og:image\" content=\"https:\/\/www.traveltogetherinmorocco.com\/wp-content\/uploads\/2025\/05\/1-7-scaled.webp\" \/>\n\t<meta property=\"og:image:width\" content=\"2560\" \/>\n\t<meta property=\"og:image:height\" content=\"1798\" \/>\n\t<meta property=\"og:image:type\" content=\"image\/webp\" \/>\n<meta name=\"twitter:card\" content=\"summary_large_image\" \/>\n<meta name=\"twitter:label1\" content=\"Tiempo de lectura\" \/>\n\t<meta name=\"twitter:data1\" content=\"1 minuto\" \/>\n<script type=\"application\/ld+json\" class=\"yoast-schema-graph\">{\"@context\":\"https:\\\/\\\/schema.org\",\"@graph\":[{\"@type\":\"WebPage\",\"@id\":\"https:\\\/\\\/www.traveltogetherinmorocco.com\\\/producto\\\/4-day-from-fes-to-marrakech-through-the-desert\\\/\",\"url\":\"https:\\\/\\\/www.traveltogetherinmorocco.com\\\/producto\\\/4-day-from-fes-to-marrakech-through-the-desert\\\/\",\"name\":\"4 d\u00edas de Fez a Marrakech a trav\u00e9s del desierto - travel together in morocco\",\"isPartOf\":{\"@id\":\"https:\\\/\\\/www.traveltogetherinmorocco.com\\\/#website\"},\"primaryImageOfPage\":{\"@id\":\"https:\\\/\\\/www.traveltogetherinmorocco.com\\\/producto\\\/4-day-from-fes-to-marrakech-through-the-desert\\\/#primaryimage\"},\"image\":{\"@id\":\"https:\\\/\\\/www.traveltogetherinmorocco.com\\\/producto\\\/4-day-from-fes-to-marrakech-through-the-desert\\\/#primaryimage\"},\"thumbnailUrl\":\"https:\\\/\\\/www.traveltogetherinmorocco.com\\\/wp-content\\\/uploads\\\/2025\\\/05\\\/1-7-scaled.webp\",\"datePublished\":\"2025-06-18T13:44:13+00:00\",\"dateModified\":\"2025-06-19T21:59:23+00:00\",\"breadcrumb\":{\"@id\":\"https:\\\/\\\/www.traveltogetherinmorocco.com\\\/producto\\\/4-day-from-fes-to-marrakech-through-the-desert\\\/#breadcrumb\"},\"inLanguage\":\"es\",\"potentialAction\":[{\"@type\":\"ReadAction\",\"target\":[\"https:\\\/\\\/www.traveltogetherinmorocco.com\\\/producto\\\/4-day-from-fes-to-marrakech-through-the-desert\\\/\"]}]},{\"@type\":\"ImageObject\",\"inLanguage\":\"es\",\"@id\":\"https:\\\/\\\/www.traveltogetherinmorocco.com\\\/producto\\\/4-day-from-fes-to-marrakech-through-the-desert\\\/#primaryimage\",\"url\":\"https:\\\/\\\/www.traveltogetherinmorocco.com\\\/wp-content\\\/uploads\\\/2025\\\/05\\\/1-7-scaled.webp\",\"contentUrl\":\"https:\\\/\\\/www.traveltogetherinmorocco.com\\\/wp-content\\\/uploads\\\/2025\\\/05\\\/1-7-scaled.webp\",\"width\":2560,\"height\":1798},{\"@type\":\"BreadcrumbList\",\"@id\":\"https:\\\/\\\/www.traveltogetherinmorocco.com\\\/producto\\\/4-day-from-fes-to-marrakech-through-the-desert\\\/#breadcrumb\",\"itemListElement\":[{\"@type\":\"ListItem\",\"position\":1,\"name\":\"Home\",\"item\":\"https:\\\/\\\/www.traveltogetherinmorocco.com\\\/es\\\/\"},{\"@type\":\"ListItem\",\"position\":2,\"name\":\"Products\",\"item\":\"https:\\\/\\\/www.traveltogetherinmorocco.com\\\/shop\\\/\"},{\"@type\":\"ListItem\",\"position\":3,\"name\":\"4 d\u00edas de Fez a Marrakech a trav\u00e9s del desierto\"}]},{\"@type\":\"WebSite\",\"@id\":\"https:\\\/\\\/www.traveltogetherinmorocco.com\\\/#website\",\"url\":\"https:\\\/\\\/www.traveltogetherinmorocco.com\\\/\",\"name\":\"travel together in morocco\",\"description\":\"Authentic Tours Across Morocco, Together with Local Experts\",\"publisher\":{\"@id\":\"https:\\\/\\\/www.traveltogetherinmorocco.com\\\/#organization\"},\"potentialAction\":[{\"@type\":\"SearchAction\",\"target\":{\"@type\":\"EntryPoint\",\"urlTemplate\":\"https:\\\/\\\/www.traveltogetherinmorocco.com\\\/?s={search_term_string}\"},\"query-input\":{\"@type\":\"PropertyValueSpecification\",\"valueRequired\":true,\"valueName\":\"search_term_string\"}}],\"inLanguage\":\"es\"},{\"@type\":\"Organization\",\"@id\":\"https:\\\/\\\/www.traveltogetherinmorocco.com\\\/#organization\",\"name\":\"travel together in morocco\",\"url\":\"https:\\\/\\\/www.traveltogetherinmorocco.com\\\/\",\"logo\":{\"@type\":\"ImageObject\",\"inLanguage\":\"es\",\"@id\":\"https:\\\/\\\/www.traveltogetherinmorocco.com\\\/#\\\/schema\\\/logo\\\/image\\\/\",\"url\":\"https:\\\/\\\/www.traveltogetherinmorocco.com\\\/wp-content\\\/uploads\\\/2025\\\/06\\\/cropped-favicon.png\",\"contentUrl\":\"https:\\\/\\\/www.traveltogetherinmorocco.com\\\/wp-content\\\/uploads\\\/2025\\\/06\\\/cropped-favicon.png\",\"width\":512,\"height\":512,\"caption\":\"travel together in morocco\"},\"image\":{\"@id\":\"https:\\\/\\\/www.traveltogetherinmorocco.com\\\/#\\\/schema\\\/logo\\\/image\\\/\"},\"sameAs\":[\"https:\\\/\\\/www.facebook.com\\\/azizindesert?rdid=AM85IAprjCTIUGCP&share_url=httpswww.facebook.comshare16PbxaT6ga\",\"https:\\\/\\\/www.instagram.com\\\/travel_together_in_morocco\\\/\"]}]}<\/script>\n<!-- \/ Yoast SEO plugin. -->","yoast_head_json":{"title":"4 d\u00edas de Fez a Marrakech a trav\u00e9s del desierto - travel together in morocco","robots":{"index":"index","follow":"follow","max-snippet":"max-snippet:-1","max-image-preview":"max-image-preview:large","max-video-preview":"max-video-preview:-1"},"canonical":"https:\/\/www.traveltogetherinmorocco.com\/producto\/4-day-from-fes-to-marrakech-through-the-desert\/","og_locale":"es_ES","og_type":"article","og_title":"4 d\u00edas de Fez a Marrakech a trav\u00e9s del desierto - travel together in morocco","og_description":"Descripci\u00f3n general: Emprende un emocionante tour de 4 d\u00edas desde Fez hasta Marrakech y vive la impresionante experiencia de las dunas de Erg Chebbi. Este viaje guiado cruza el desierto del Sahara marroqu\u00ed, mostrando la extraordinaria diversidad cultural y geogr\u00e1fica del sur de Marruecos. Viaja a trav\u00e9s de las Monta\u00f1as del Atlas Medio y el [&hellip;]","og_url":"https:\/\/www.traveltogetherinmorocco.com\/producto\/4-day-from-fes-to-marrakech-through-the-desert\/","og_site_name":"travel together in morocco","article_publisher":"https:\/\/www.facebook.com\/azizindesert?rdid=AM85IAprjCTIUGCP&share_url=httpswww.facebook.comshare16PbxaT6ga","article_modified_time":"2025-06-19T21:59:23+00:00","og_image":[{"width":2560,"height":1798,"url":"https:\/\/www.traveltogetherinmorocco.com\/wp-content\/uploads\/2025\/05\/1-7-scaled.webp","type":"image\/webp"}],"twitter_card":"summary_large_image","twitter_misc":{"Tiempo de lectura":"1 minuto"},"schema":{"@context":"https:\/\/schema.org","@graph":[{"@type":"WebPage","@id":"https:\/\/www.traveltogetherinmorocco.com\/producto\/4-day-from-fes-to-marrakech-through-the-desert\/","url":"https:\/\/www.traveltogetherinmorocco.com\/producto\/4-day-from-fes-to-marrakech-through-the-desert\/","name":"4 d\u00edas de Fez a Marrakech a trav\u00e9s del desierto - travel together in morocco","isPartOf":{"@id":"https:\/\/www.traveltogetherinmorocco.com\/#website"},"primaryImageOfPage":{"@id":"https:\/\/www.traveltogetherinmorocco.com\/producto\/4-day-from-fes-to-marrakech-through-the-desert\/#primaryimage"},"image":{"@id":"https:\/\/www.traveltogetherinmorocco.com\/producto\/4-day-from-fes-to-marrakech-through-the-desert\/#primaryimage"},"thumbnailUrl":"https:\/\/www.traveltogetherinmorocco.com\/wp-content\/uploads\/2025\/05\/1-7-scaled.webp","datePublished":"2025-06-18T13:44:13+00:00","dateModified":"2025-06-19T21:59:23+00:00","breadcrumb":{"@id":"https:\/\/www.traveltogetherinmorocco.com\/producto\/4-day-from-fes-to-marrakech-through-the-desert\/#breadcrumb"},"inLanguage":"es","potentialAction":[{"@type":"ReadAction","target":["https:\/\/www.traveltogetherinmorocco.com\/producto\/4-day-from-fes-to-marrakech-through-the-desert\/"]}]},{"@type":"ImageObject","inLanguage":"es","@id":"https:\/\/www.traveltogetherinmorocco.com\/producto\/4-day-from-fes-to-marrakech-through-the-desert\/#primaryimage","url":"https:\/\/www.traveltogetherinmorocco.com\/wp-content\/uploads\/2025\/05\/1-7-scaled.webp","contentUrl":"https:\/\/www.traveltogetherinmorocco.com\/wp-content\/uploads\/2025\/05\/1-7-scaled.webp","width":2560,"height":1798},{"@type":"BreadcrumbList","@id":"https:\/\/www.traveltogetherinmorocco.com\/producto\/4-day-from-fes-to-marrakech-through-the-desert\/#breadcrumb","itemListElement":[{"@type":"ListItem","position":1,"name":"Home","item":"https:\/\/www.traveltogetherinmorocco.com\/es\/"},{"@type":"ListItem","position":2,"name":"Products","item":"https:\/\/www.traveltogetherinmorocco.com\/shop\/"},{"@type":"ListItem","position":3,"name":"4 d\u00edas de Fez a Marrakech a trav\u00e9s del desierto"}]},{"@type":"WebSite","@id":"https:\/\/www.traveltogetherinmorocco.com\/#website","url":"https:\/\/www.traveltogetherinmorocco.com\/","name":"travel together in morocco","description":"Authentic Tours Across Morocco, Together with Local Experts","publisher":{"@id":"https:\/\/www.traveltogetherinmorocco.com\/#organization"},"potentialAction":[{"@type":"SearchAction","target":{"@type":"EntryPoint","urlTemplate":"https:\/\/www.traveltogetherinmorocco.com\/?s={search_term_string}"},"query-input":{"@type":"PropertyValueSpecification","valueRequired":true,"valueName":"search_term_string"}}],"inLanguage":"es"},{"@type":"Organization","@id":"https:\/\/www.traveltogetherinmorocco.com\/#organization","name":"travel together in morocco","url":"https:\/\/www.traveltogetherinmorocco.com\/","logo":{"@type":"ImageObject","inLanguage":"es","@id":"https:\/\/www.traveltogetherinmorocco.com\/#\/schema\/logo\/image\/","url":"https:\/\/www.traveltogetherinmorocco.com\/wp-content\/uploads\/2025\/06\/cropped-favicon.png","contentUrl":"https:\/\/www.traveltogetherinmorocco.com\/wp-content\/uploads\/2025\/06\/cropped-favicon.png","width":512,"height":512,"caption":"travel together in morocco"},"image":{"@id":"https:\/\/www.traveltogetherinmorocco.com\/#\/schema\/logo\/image\/"},"sameAs":["https:\/\/www.facebook.com\/azizindesert?rdid=AM85IAprjCTIUGCP&share_url=httpswww.facebook.comshare16PbxaT6ga","https:\/\/www.instagram.com\/travel_together_in_morocco\/"]}]}},"_links":{"self":[{"href":"https:\/\/www.traveltogetherinmorocco.com\/es\/wp-json\/wp\/v2\/product\/10991","targetHints":{"allow":["GET"]}}],"collection":[{"href":"https:\/\/www.traveltogetherinmorocco.com\/es\/wp-json\/wp\/v2\/product"}],"about":[{"href":"https:\/\/www.traveltogetherinmorocco.com\/es\/wp-json\/wp\/v2\/types\/product"}],"replies":[{"embeddable":true,"href":"https:\/\/www.traveltogetherinmorocco.com\/es\/wp-json\/wp\/v2\/comments?post=10991"}],"wp:featuredmedia":[{"embeddable":true,"href":"https:\/\/www.traveltogetherinmorocco.com\/es\/wp-json\/wp\/v2\/media\/2610"}],"wp:attachment":[{"href":"https:\/\/www.traveltogetherinmorocco.com\/es\/wp-json\/wp\/v2\/media?parent=10991"}],"wp:term":[{"taxonomy":"product_brand","embeddable":true,"href":"https:\/\/www.traveltogetherinmorocco.com\/es\/wp-json\/wp\/v2\/product_brand?post=10991"},{"taxonomy":"product_cat","embeddable":true,"href":"https:\/\/www.traveltogetherinmorocco.com\/es\/wp-json\/wp\/v2\/product_cat?post=10991"},{"taxonomy":"product_tag","embeddable":true,"href":"https:\/\/www.traveltogetherinmorocco.com\/es\/wp-json\/wp\/v2\/product_tag?post=10991"}],"curies":[{"name":"wp","href":"https:\/\/api.w.org\/{rel}","templated":true}]}}