{"id":10993,"date":"2025-06-18T13:31:49","date_gmt":"2025-06-18T13:31:49","guid":{"rendered":"https:\/\/www.traveltogetherinmorocco.com\/product\/4-day-desert-tour-from-marrakech-to-merzouga\/"},"modified":"2025-06-19T22:06:14","modified_gmt":"2025-06-19T22:06:14","slug":"tour-de-4-dias-por-el-desierto-desde-marrakech-hasta-merzouga","status":"publish","type":"product","link":"https:\/\/www.traveltogetherinmorocco.com\/es\/producto\/tour-de-4-dias-por-el-desierto-desde-marrakech-hasta-merzouga\/","title":{"rendered":"Tour de 4 d\u00edas por el desierto desde Marrakech hasta Merzouga"},"content":{"rendered":"<h2>Descripci\u00f3n general:<\/h2>\n<p data-start=\"64\" data-end=\"391\">Emprende un <strong data-start=\"76\" data-end=\"111\">viaje de 4 d\u00edas por el desierto<\/strong> desde <strong data-start=\"118\" data-end=\"146\">Marrakech hasta Merzouga<\/strong>, que combina <strong data-start=\"160\" data-end=\"172\">aventura<\/strong>, <strong data-start=\"174\" data-end=\"185\">cultura<\/strong> y <strong data-start=\"188\" data-end=\"207\">belleza natural<\/strong>. Cruza las majestuosas <strong data-start=\"231\" data-end=\"258\">Monta\u00f1as del Alto Atlas<\/strong>, explora la <strong data-start=\"271\" data-end=\"315\">cinematogr\u00e1fica kasbah de Ait Ben Haddou<\/strong> y recorre <strong data-start=\"326\" data-end=\"346\">valles esc\u00e9nicos<\/strong> junto a <strong data-start=\"355\" data-end=\"390\">pueblos bereberes tradicionales<\/strong>.<\/p>\n<p data-start=\"393\" data-end=\"746\">Vive la emoci\u00f3n de un <strong data-start=\"415\" data-end=\"435\">paseo en camello<\/strong> por las vastas <strong data-start=\"451\" data-end=\"474\">dunas de Erg Chebbi<\/strong> y pasa una noche m\u00e1gica en un <strong data-start=\"505\" data-end=\"545\">campamento en el desierto del Sahara<\/strong> bajo un <strong data-start=\"554\" data-end=\"574\">cielo estrellado<\/strong>. Este tour inmersivo ofrece una <strong data-start=\"607\" data-end=\"650\">mirada inolvidable al alma de Marruecos<\/strong>, ideal para viajeros que buscan <strong data-start=\"683\" data-end=\"701\">descubrimiento<\/strong>, <strong data-start=\"703\" data-end=\"717\">relajaci\u00f3n<\/strong> y <strong data-start=\"720\" data-end=\"745\">encuentros aut\u00e9nticos<\/strong>.<\/p>\n<h2 data-start=\"139\" data-end=\"422\">Aspectos destacados del tour:<\/h2>\n<ul>\n<li data-start=\"1435\" data-end=\"1563\"><strong data-start=\"78\" data-end=\"117\">Trekking en camello por Erg Chebbi:<\/strong> Recorre las <strong data-start=\"130\" data-end=\"147\">dunas doradas<\/strong> a lomos de un camello y disfruta de la <strong data-start=\"187\" data-end=\"229\">serena belleza del desierto del Sahara<\/strong>.<\/li>\n<li data-start=\"1435\" data-end=\"1563\"><strong data-start=\"233\" data-end=\"287\" data-is-only-node=\"\">Experiencia en campamento del desierto del Sahara:<\/strong> Duerme en un <strong data-start=\"301\" data-end=\"327\">campamento tradicional<\/strong>, disfruta de la <strong data-start=\"344\" data-end=\"377\">m\u00fasica bereber junto al fuego<\/strong> y contempla un <strong data-start=\"393\" data-end=\"413\">cielo estrellado<\/strong>.<\/li>\n<li data-start=\"1435\" data-end=\"1563\"><strong data-start=\"417\" data-end=\"464\">Conducci\u00f3n por las Monta\u00f1as del Alto Atlas:<\/strong> Admira los <strong data-start=\"476\" data-end=\"510\">paisajes monta\u00f1osos dram\u00e1ticos<\/strong> y los <strong data-start=\"517\" data-end=\"542\">pueblos tradicionales<\/strong> durante tu viaje por la ruta m\u00e1s esc\u00e9nica de Marruecos.<\/li>\n<li data-start=\"1435\" data-end=\"1563\"><strong data-start=\"601\" data-end=\"642\">Visita a la Kasbah de Ait Ben Haddou:<\/strong> Explora este famoso sitio <strong data-start=\"669\" data-end=\"696\">patrimonio de la UNESCO<\/strong>, conocido por su <strong data-start=\"714\" data-end=\"738\">arquitectura antigua<\/strong> y su <strong data-start=\"744\" data-end=\"772\">historia cinematogr\u00e1fica<\/strong>.<\/li>\n<li data-start=\"1435\" data-end=\"1563\"><strong data-start=\"776\" data-end=\"808\">Gargantas del Dades y Todra:<\/strong> Descubre los <strong data-start=\"822\" data-end=\"865\">ca\u00f1ones m\u00e1s impresionantes de Marruecos<\/strong>, con sus <strong data-start=\"875\" data-end=\"901\">acantilados dram\u00e1ticos<\/strong>, <strong data-start=\"903\" data-end=\"917\">palmerales<\/strong> y el <strong data-start=\"923\" data-end=\"940\">encanto local<\/strong>.<\/li>\n<li data-start=\"1435\" data-end=\"1563\"><strong data-start=\"944\" data-end=\"970\">Encuentros culturales:<\/strong> Conoce a las <strong data-start=\"984\" data-end=\"1017\">comunidades bereberes locales<\/strong>, disfruta de <strong data-start=\"1031\" data-end=\"1064\">aut\u00e9nticas comidas marroqu\u00edes<\/strong> y aprende sobre las <strong data-start=\"1085\" data-end=\"1126\">tradiciones de la vida en el desierto<\/strong>.<\/li>\n<\/ul>\n","protected":false},"excerpt":{"rendered":"<p>Descripci\u00f3n general: Emprende un viaje de 4 d\u00edas por el desierto desde Marrakech hasta Merzouga, que combina aventura, cultura y belleza natural. Cruza las majestuosas Monta\u00f1as del Alto Atlas, explora la cinematogr\u00e1fica kasbah de Ait Ben Haddou y recorre valles esc\u00e9nicos junto a pueblos bereberes tradicionales. Vive la emoci\u00f3n de un paseo en camello por [&hellip;]<\/p>\n","protected":false},"featured_media":2816,"comment_status":"open","ping_status":"closed","template":"","meta":[],"product_brand":[],"product_cat":[218,215],"product_tag":[],"class_list":{"0":"post-10993","1":"product","2":"type-product","3":"status-publish","4":"has-post-thumbnail","6":"product_cat-marrakech-es","7":"product_cat-morocco-desert-tours-es","9":"first","10":"instock","11":"shipping-taxable","12":"product-type-ovabrw_car_rental"},"yoast_head":"<!-- This site is optimized with the Yoast SEO plugin v27.4 - https:\/\/yoast.com\/product\/yoast-seo-wordpress\/ -->\n<title>Tour de 4 d\u00edas por el desierto desde Marrakech hasta Merzouga - travel together in morocco<\/title>\n<meta name=\"robots\" content=\"index, follow, max-snippet:-1, max-image-preview:large, max-video-preview:-1\" \/>\n<link rel=\"canonical\" href=\"https:\/\/www.traveltogetherinmorocco.com\/producto\/4-day-desert-tour-from-marrakech-to-merzouga\/\" \/>\n<meta property=\"og:locale\" content=\"es_ES\" \/>\n<meta property=\"og:type\" content=\"article\" \/>\n<meta property=\"og:title\" content=\"Tour de 4 d\u00edas por el desierto desde Marrakech hasta Merzouga - travel together in morocco\" \/>\n<meta property=\"og:description\" content=\"Descripci\u00f3n general: Emprende un viaje de 4 d\u00edas por el desierto desde Marrakech hasta Merzouga, que combina aventura, cultura y belleza natural. Cruza las majestuosas Monta\u00f1as del Alto Atlas, explora la cinematogr\u00e1fica kasbah de Ait Ben Haddou y recorre valles esc\u00e9nicos junto a pueblos bereberes tradicionales. Vive la emoci\u00f3n de un paseo en camello por [&hellip;]\" \/>\n<meta property=\"og:url\" content=\"https:\/\/www.traveltogetherinmorocco.com\/producto\/4-day-desert-tour-from-marrakech-to-merzouga\/\" \/>\n<meta property=\"og:site_name\" content=\"travel together in morocco\" \/>\n<meta property=\"article:publisher\" content=\"https:\/\/www.facebook.com\/azizindesert?rdid=AM85IAprjCTIUGCP&amp;share_url=httpswww.facebook.comshare16PbxaT6ga\" \/>\n<meta property=\"article:modified_time\" content=\"2025-06-19T22:06:14+00:00\" \/>\n<meta property=\"og:image\" content=\"https:\/\/www.traveltogetherinmorocco.com\/wp-content\/uploads\/2025\/05\/6-23-scaled.webp\" \/>\n\t<meta property=\"og:image:width\" content=\"2560\" \/>\n\t<meta property=\"og:image:height\" content=\"1798\" \/>\n\t<meta property=\"og:image:type\" content=\"image\/webp\" \/>\n<meta name=\"twitter:card\" content=\"summary_large_image\" \/>\n<meta name=\"twitter:label1\" content=\"Tiempo de lectura\" \/>\n\t<meta name=\"twitter:data1\" content=\"1 minuto\" \/>\n<script type=\"application\/ld+json\" class=\"yoast-schema-graph\">{\"@context\":\"https:\\\/\\\/schema.org\",\"@graph\":[{\"@type\":\"WebPage\",\"@id\":\"https:\\\/\\\/www.traveltogetherinmorocco.com\\\/producto\\\/4-day-desert-tour-from-marrakech-to-merzouga\\\/\",\"url\":\"https:\\\/\\\/www.traveltogetherinmorocco.com\\\/producto\\\/4-day-desert-tour-from-marrakech-to-merzouga\\\/\",\"name\":\"Tour de 4 d\u00edas por el desierto desde Marrakech hasta Merzouga - travel together in morocco\",\"isPartOf\":{\"@id\":\"https:\\\/\\\/www.traveltogetherinmorocco.com\\\/#website\"},\"primaryImageOfPage\":{\"@id\":\"https:\\\/\\\/www.traveltogetherinmorocco.com\\\/producto\\\/4-day-desert-tour-from-marrakech-to-merzouga\\\/#primaryimage\"},\"image\":{\"@id\":\"https:\\\/\\\/www.traveltogetherinmorocco.com\\\/producto\\\/4-day-desert-tour-from-marrakech-to-merzouga\\\/#primaryimage\"},\"thumbnailUrl\":\"https:\\\/\\\/www.traveltogetherinmorocco.com\\\/wp-content\\\/uploads\\\/2025\\\/05\\\/6-23-scaled.webp\",\"datePublished\":\"2025-06-18T13:31:49+00:00\",\"dateModified\":\"2025-06-19T22:06:14+00:00\",\"breadcrumb\":{\"@id\":\"https:\\\/\\\/www.traveltogetherinmorocco.com\\\/producto\\\/4-day-desert-tour-from-marrakech-to-merzouga\\\/#breadcrumb\"},\"inLanguage\":\"es\",\"potentialAction\":[{\"@type\":\"ReadAction\",\"target\":[\"https:\\\/\\\/www.traveltogetherinmorocco.com\\\/producto\\\/4-day-desert-tour-from-marrakech-to-merzouga\\\/\"]}]},{\"@type\":\"ImageObject\",\"inLanguage\":\"es\",\"@id\":\"https:\\\/\\\/www.traveltogetherinmorocco.com\\\/producto\\\/4-day-desert-tour-from-marrakech-to-merzouga\\\/#primaryimage\",\"url\":\"https:\\\/\\\/www.traveltogetherinmorocco.com\\\/wp-content\\\/uploads\\\/2025\\\/05\\\/6-23-scaled.webp\",\"contentUrl\":\"https:\\\/\\\/www.traveltogetherinmorocco.com\\\/wp-content\\\/uploads\\\/2025\\\/05\\\/6-23-scaled.webp\",\"width\":2560,\"height\":1798},{\"@type\":\"BreadcrumbList\",\"@id\":\"https:\\\/\\\/www.traveltogetherinmorocco.com\\\/producto\\\/4-day-desert-tour-from-marrakech-to-merzouga\\\/#breadcrumb\",\"itemListElement\":[{\"@type\":\"ListItem\",\"position\":1,\"name\":\"Home\",\"item\":\"https:\\\/\\\/www.traveltogetherinmorocco.com\\\/es\\\/\"},{\"@type\":\"ListItem\",\"position\":2,\"name\":\"Products\",\"item\":\"https:\\\/\\\/www.traveltogetherinmorocco.com\\\/shop\\\/\"},{\"@type\":\"ListItem\",\"position\":3,\"name\":\"Tour de 4 d\u00edas por el desierto desde Marrakech hasta Merzouga\"}]},{\"@type\":\"WebSite\",\"@id\":\"https:\\\/\\\/www.traveltogetherinmorocco.com\\\/#website\",\"url\":\"https:\\\/\\\/www.traveltogetherinmorocco.com\\\/\",\"name\":\"travel together in morocco\",\"description\":\"Authentic Tours Across Morocco, Together with Local Experts\",\"publisher\":{\"@id\":\"https:\\\/\\\/www.traveltogetherinmorocco.com\\\/#organization\"},\"potentialAction\":[{\"@type\":\"SearchAction\",\"target\":{\"@type\":\"EntryPoint\",\"urlTemplate\":\"https:\\\/\\\/www.traveltogetherinmorocco.com\\\/?s={search_term_string}\"},\"query-input\":{\"@type\":\"PropertyValueSpecification\",\"valueRequired\":true,\"valueName\":\"search_term_string\"}}],\"inLanguage\":\"es\"},{\"@type\":\"Organization\",\"@id\":\"https:\\\/\\\/www.traveltogetherinmorocco.com\\\/#organization\",\"name\":\"travel together in morocco\",\"url\":\"https:\\\/\\\/www.traveltogetherinmorocco.com\\\/\",\"logo\":{\"@type\":\"ImageObject\",\"inLanguage\":\"es\",\"@id\":\"https:\\\/\\\/www.traveltogetherinmorocco.com\\\/#\\\/schema\\\/logo\\\/image\\\/\",\"url\":\"https:\\\/\\\/www.traveltogetherinmorocco.com\\\/wp-content\\\/uploads\\\/2025\\\/06\\\/cropped-favicon.png\",\"contentUrl\":\"https:\\\/\\\/www.traveltogetherinmorocco.com\\\/wp-content\\\/uploads\\\/2025\\\/06\\\/cropped-favicon.png\",\"width\":512,\"height\":512,\"caption\":\"travel together in morocco\"},\"image\":{\"@id\":\"https:\\\/\\\/www.traveltogetherinmorocco.com\\\/#\\\/schema\\\/logo\\\/image\\\/\"},\"sameAs\":[\"https:\\\/\\\/www.facebook.com\\\/azizindesert?rdid=AM85IAprjCTIUGCP&share_url=httpswww.facebook.comshare16PbxaT6ga\",\"https:\\\/\\\/www.instagram.com\\\/travel_together_in_morocco\\\/\"]}]}<\/script>\n<!-- \/ Yoast SEO plugin. -->","yoast_head_json":{"title":"Tour de 4 d\u00edas por el desierto desde Marrakech hasta Merzouga - travel together in morocco","robots":{"index":"index","follow":"follow","max-snippet":"max-snippet:-1","max-image-preview":"max-image-preview:large","max-video-preview":"max-video-preview:-1"},"canonical":"https:\/\/www.traveltogetherinmorocco.com\/producto\/4-day-desert-tour-from-marrakech-to-merzouga\/","og_locale":"es_ES","og_type":"article","og_title":"Tour de 4 d\u00edas por el desierto desde Marrakech hasta Merzouga - travel together in morocco","og_description":"Descripci\u00f3n general: Emprende un viaje de 4 d\u00edas por el desierto desde Marrakech hasta Merzouga, que combina aventura, cultura y belleza natural. Cruza las majestuosas Monta\u00f1as del Alto Atlas, explora la cinematogr\u00e1fica kasbah de Ait Ben Haddou y recorre valles esc\u00e9nicos junto a pueblos bereberes tradicionales. Vive la emoci\u00f3n de un paseo en camello por [&hellip;]","og_url":"https:\/\/www.traveltogetherinmorocco.com\/producto\/4-day-desert-tour-from-marrakech-to-merzouga\/","og_site_name":"travel together in morocco","article_publisher":"https:\/\/www.facebook.com\/azizindesert?rdid=AM85IAprjCTIUGCP&share_url=httpswww.facebook.comshare16PbxaT6ga","article_modified_time":"2025-06-19T22:06:14+00:00","og_image":[{"width":2560,"height":1798,"url":"https:\/\/www.traveltogetherinmorocco.com\/wp-content\/uploads\/2025\/05\/6-23-scaled.webp","type":"image\/webp"}],"twitter_card":"summary_large_image","twitter_misc":{"Tiempo de lectura":"1 minuto"},"schema":{"@context":"https:\/\/schema.org","@graph":[{"@type":"WebPage","@id":"https:\/\/www.traveltogetherinmorocco.com\/producto\/4-day-desert-tour-from-marrakech-to-merzouga\/","url":"https:\/\/www.traveltogetherinmorocco.com\/producto\/4-day-desert-tour-from-marrakech-to-merzouga\/","name":"Tour de 4 d\u00edas por el desierto desde Marrakech hasta Merzouga - travel together in morocco","isPartOf":{"@id":"https:\/\/www.traveltogetherinmorocco.com\/#website"},"primaryImageOfPage":{"@id":"https:\/\/www.traveltogetherinmorocco.com\/producto\/4-day-desert-tour-from-marrakech-to-merzouga\/#primaryimage"},"image":{"@id":"https:\/\/www.traveltogetherinmorocco.com\/producto\/4-day-desert-tour-from-marrakech-to-merzouga\/#primaryimage"},"thumbnailUrl":"https:\/\/www.traveltogetherinmorocco.com\/wp-content\/uploads\/2025\/05\/6-23-scaled.webp","datePublished":"2025-06-18T13:31:49+00:00","dateModified":"2025-06-19T22:06:14+00:00","breadcrumb":{"@id":"https:\/\/www.traveltogetherinmorocco.com\/producto\/4-day-desert-tour-from-marrakech-to-merzouga\/#breadcrumb"},"inLanguage":"es","potentialAction":[{"@type":"ReadAction","target":["https:\/\/www.traveltogetherinmorocco.com\/producto\/4-day-desert-tour-from-marrakech-to-merzouga\/"]}]},{"@type":"ImageObject","inLanguage":"es","@id":"https:\/\/www.traveltogetherinmorocco.com\/producto\/4-day-desert-tour-from-marrakech-to-merzouga\/#primaryimage","url":"https:\/\/www.traveltogetherinmorocco.com\/wp-content\/uploads\/2025\/05\/6-23-scaled.webp","contentUrl":"https:\/\/www.traveltogetherinmorocco.com\/wp-content\/uploads\/2025\/05\/6-23-scaled.webp","width":2560,"height":1798},{"@type":"BreadcrumbList","@id":"https:\/\/www.traveltogetherinmorocco.com\/producto\/4-day-desert-tour-from-marrakech-to-merzouga\/#breadcrumb","itemListElement":[{"@type":"ListItem","position":1,"name":"Home","item":"https:\/\/www.traveltogetherinmorocco.com\/es\/"},{"@type":"ListItem","position":2,"name":"Products","item":"https:\/\/www.traveltogetherinmorocco.com\/shop\/"},{"@type":"ListItem","position":3,"name":"Tour de 4 d\u00edas por el desierto desde Marrakech hasta Merzouga"}]},{"@type":"WebSite","@id":"https:\/\/www.traveltogetherinmorocco.com\/#website","url":"https:\/\/www.traveltogetherinmorocco.com\/","name":"travel together in morocco","description":"Authentic Tours Across Morocco, Together with Local Experts","publisher":{"@id":"https:\/\/www.traveltogetherinmorocco.com\/#organization"},"potentialAction":[{"@type":"SearchAction","target":{"@type":"EntryPoint","urlTemplate":"https:\/\/www.traveltogetherinmorocco.com\/?s={search_term_string}"},"query-input":{"@type":"PropertyValueSpecification","valueRequired":true,"valueName":"search_term_string"}}],"inLanguage":"es"},{"@type":"Organization","@id":"https:\/\/www.traveltogetherinmorocco.com\/#organization","name":"travel together in morocco","url":"https:\/\/www.traveltogetherinmorocco.com\/","logo":{"@type":"ImageObject","inLanguage":"es","@id":"https:\/\/www.traveltogetherinmorocco.com\/#\/schema\/logo\/image\/","url":"https:\/\/www.traveltogetherinmorocco.com\/wp-content\/uploads\/2025\/06\/cropped-favicon.png","contentUrl":"https:\/\/www.traveltogetherinmorocco.com\/wp-content\/uploads\/2025\/06\/cropped-favicon.png","width":512,"height":512,"caption":"travel together in morocco"},"image":{"@id":"https:\/\/www.traveltogetherinmorocco.com\/#\/schema\/logo\/image\/"},"sameAs":["https:\/\/www.facebook.com\/azizindesert?rdid=AM85IAprjCTIUGCP&share_url=httpswww.facebook.comshare16PbxaT6ga","https:\/\/www.instagram.com\/travel_together_in_morocco\/"]}]}},"_links":{"self":[{"href":"https:\/\/www.traveltogetherinmorocco.com\/es\/wp-json\/wp\/v2\/product\/10993","targetHints":{"allow":["GET"]}}],"collection":[{"href":"https:\/\/www.traveltogetherinmorocco.com\/es\/wp-json\/wp\/v2\/product"}],"about":[{"href":"https:\/\/www.traveltogetherinmorocco.com\/es\/wp-json\/wp\/v2\/types\/product"}],"replies":[{"embeddable":true,"href":"https:\/\/www.traveltogetherinmorocco.com\/es\/wp-json\/wp\/v2\/comments?post=10993"}],"wp:featuredmedia":[{"embeddable":true,"href":"https:\/\/www.traveltogetherinmorocco.com\/es\/wp-json\/wp\/v2\/media\/2816"}],"wp:attachment":[{"href":"https:\/\/www.traveltogetherinmorocco.com\/es\/wp-json\/wp\/v2\/media?parent=10993"}],"wp:term":[{"taxonomy":"product_brand","embeddable":true,"href":"https:\/\/www.traveltogetherinmorocco.com\/es\/wp-json\/wp\/v2\/product_brand?post=10993"},{"taxonomy":"product_cat","embeddable":true,"href":"https:\/\/www.traveltogetherinmorocco.com\/es\/wp-json\/wp\/v2\/product_cat?post=10993"},{"taxonomy":"product_tag","embeddable":true,"href":"https:\/\/www.traveltogetherinmorocco.com\/es\/wp-json\/wp\/v2\/product_tag?post=10993"}],"curies":[{"name":"wp","href":"https:\/\/api.w.org\/{rel}","templated":true}]}}