{"id":10995,"date":"2025-06-18T13:18:36","date_gmt":"2025-06-18T13:18:36","guid":{"rendered":"https:\/\/www.traveltogetherinmorocco.com\/product\/4-day-desert-tour-from-marrakech-to-fes\/"},"modified":"2025-06-19T22:12:50","modified_gmt":"2025-06-19T22:12:50","slug":"tour-de-4-dias-por-el-desierto-desde-marrakech-hasta-fez","status":"publish","type":"product","link":"https:\/\/www.traveltogetherinmorocco.com\/es\/producto\/tour-de-4-dias-por-el-desierto-desde-marrakech-hasta-fez\/","title":{"rendered":"Tour de 4 d\u00edas por el desierto desde Marrakech hasta Fez"},"content":{"rendered":"<h2>Descripci\u00f3n general:<\/h2>\n<p data-start=\"70\" data-end=\"437\">Emb\u00e1rcate en un <strong data-start=\"86\" data-end=\"132\">inolvidable tour de 4 d\u00edas por el desierto<\/strong> desde <strong data-start=\"139\" data-end=\"162\">Marrakech hasta Fez<\/strong>, la elecci\u00f3n ideal para viajeros que buscan una experiencia marroqu\u00ed <strong data-start=\"232\" data-end=\"256\">corta pero inmersiva<\/strong>. Este itinerario cuidadosamente dise\u00f1ado te lleva al coraz\u00f3n de Marruecos, mostrando lo mejor de sus <strong data-start=\"358\" data-end=\"381\">ciudades imperiales<\/strong>, <strong data-start=\"383\" data-end=\"410\">paisajes impresionantes<\/strong> y su <strong data-start=\"416\" data-end=\"436\">riqueza cultural<\/strong>.<\/p>\n<p data-start=\"439\" data-end=\"1052\">Tu viaje comienza en la vibrante <strong data-start=\"472\" data-end=\"485\">Marrakech<\/strong> y termina en la hist\u00f3rica ciudad de <strong data-start=\"522\" data-end=\"529\">Fez<\/strong>, pasando por las majestuosas <strong data-start=\"559\" data-end=\"586\">Monta\u00f1as del Alto Atlas<\/strong>, la <strong data-start=\"591\" data-end=\"616\">Kasbah Ait Ben Haddou<\/strong>, declarada Patrimonio de la Humanidad por la UNESCO, la cinematogr\u00e1fica ciudad de <strong data-start=\"699\" data-end=\"713\">Ouarzazate<\/strong> y el impresionante <strong data-start=\"733\" data-end=\"756\">Desierto del Sahara<\/strong>. Disfruta de un m\u00e1gico paseo en <strong data-start=\"789\" data-end=\"800\">camello<\/strong> por las dunas doradas de <strong data-start=\"826\" data-end=\"840\">Erg Chebbi<\/strong>, y contempla tanto el <strong data-start=\"863\" data-end=\"875\">amanecer<\/strong> como el <strong data-start=\"884\" data-end=\"897\">atardecer<\/strong> sobre las arenas. Pasa una noche bajo las estrellas en un <strong data-start=\"956\" data-end=\"994\">campamento tradicional en Merzouga<\/strong>, con m\u00fasica y gastronom\u00eda bereber alrededor de la fogata.<\/p>\n<p data-start=\"1054\" data-end=\"1365\">Esta aventura de 4 d\u00edas y 3 noches incluye visitas a <strong data-start=\"1107\" data-end=\"1127\">valles esc\u00e9nicos<\/strong>, <strong data-start=\"1129\" data-end=\"1153\">palmerales frondosos<\/strong>, <strong data-start=\"1155\" data-end=\"1179\">gargantas dram\u00e1ticas<\/strong> y <strong data-start=\"1182\" data-end=\"1214\">aut\u00e9nticos pueblos bereberes<\/strong>. Ofrecemos opciones est\u00e1ndar, de lujo y privadas, as\u00ed como tours compartidos en grupos peque\u00f1os desde Marrakech a Fez a trav\u00e9s del Sahara en Merzouga.<\/p>\n<h2 data-start=\"139\" data-end=\"422\">Aspectos destacados del tour:<\/h2>\n<hr data-start=\"59\" data-end=\"62\" \/>\n<ul>\n<li data-start=\"66\" data-end=\"128\">Vistas <strong data-start=\"73\" data-end=\"91\">espectaculares<\/strong> de las <strong data-start=\"99\" data-end=\"126\">Monta\u00f1as del Alto Atlas<\/strong><\/li>\n<li data-start=\"131\" data-end=\"230\">Visita el <strong data-start=\"141\" data-end=\"201\">sitio declarado Patrimonio de la Humanidad por la UNESCO<\/strong>: <strong data-start=\"203\" data-end=\"228\">Kasbah Ait Ben Haddou<\/strong><\/li>\n<li data-start=\"233\" data-end=\"306\">Explora los <strong data-start=\"245\" data-end=\"279\">estudios de cine de Ouarzazate<\/strong> y la <strong data-start=\"285\" data-end=\"304\">Kasbah Taourirt<\/strong><\/li>\n<li data-start=\"309\" data-end=\"366\">Descubre las <strong data-start=\"322\" data-end=\"364\">dram\u00e1ticas Gargantas del Dades y Todra<\/strong><\/li>\n<li data-start=\"369\" data-end=\"430\">Paseo en <strong data-start=\"378\" data-end=\"428\">camello por las dunas del Sahara en Erg Chebbi<\/strong><\/li>\n<li data-start=\"433\" data-end=\"498\">Observa un <strong data-start=\"444\" data-end=\"496\">atardecer y amanecer inolvidables en el desierto<\/strong><\/li>\n<li data-start=\"501\" data-end=\"580\">Pasa una noche m\u00e1gica en un <strong data-start=\"529\" data-end=\"578\">campamento bereber en el desierto de Merzouga<\/strong><\/li>\n<li data-start=\"583\" data-end=\"662\">Disfruta de una cena tradicional con <strong data-start=\"620\" data-end=\"660\">m\u00fasica en vivo de tambores bereberes<\/strong><\/li>\n<li data-start=\"665\" data-end=\"738\">Observa a los <strong data-start=\"679\" data-end=\"700\">monos de Berber\u00eda<\/strong> en el <strong data-start=\"707\" data-end=\"736\">bosque de cedros de Azrou<\/strong><\/li>\n<li data-start=\"741\" data-end=\"801\">Visita <strong data-start=\"748\" data-end=\"758\">Ifrane<\/strong>, conocida como la <strong data-start=\"777\" data-end=\"801\">\u201cSuiza de Marruecos\u201d<\/strong><\/li>\n<\/ul>\n","protected":false},"excerpt":{"rendered":"<p>Descripci\u00f3n general: Emb\u00e1rcate en un inolvidable tour de 4 d\u00edas por el desierto desde Marrakech hasta Fez, la elecci\u00f3n ideal para viajeros que buscan una experiencia marroqu\u00ed corta pero inmersiva. Este itinerario cuidadosamente dise\u00f1ado te lleva al coraz\u00f3n de Marruecos, mostrando lo mejor de sus ciudades imperiales, paisajes impresionantes y su riqueza cultural. Tu viaje [&hellip;]<\/p>\n","protected":false},"featured_media":2596,"comment_status":"open","ping_status":"closed","template":"","meta":[],"product_brand":[],"product_cat":[218,215],"product_tag":[],"class_list":{"0":"post-10995","1":"product","2":"type-product","3":"status-publish","4":"has-post-thumbnail","6":"product_cat-marrakech-es","7":"product_cat-morocco-desert-tours-es","9":"first","10":"instock","11":"shipping-taxable","12":"product-type-ovabrw_car_rental"},"yoast_head":"<!-- This site is optimized with the Yoast SEO plugin v27.4 - https:\/\/yoast.com\/product\/yoast-seo-wordpress\/ -->\n<title>Tour de 4 d\u00edas por el desierto desde Marrakech hasta Fez - travel together in morocco<\/title>\n<meta name=\"robots\" content=\"index, follow, max-snippet:-1, max-image-preview:large, max-video-preview:-1\" \/>\n<link rel=\"canonical\" href=\"https:\/\/www.traveltogetherinmorocco.com\/producto\/4-day-desert-tour-from-marrakech-to-fes\/\" \/>\n<meta property=\"og:locale\" content=\"es_ES\" \/>\n<meta property=\"og:type\" content=\"article\" \/>\n<meta property=\"og:title\" content=\"Tour de 4 d\u00edas por el desierto desde Marrakech hasta Fez - travel together in morocco\" \/>\n<meta property=\"og:description\" content=\"Descripci\u00f3n general: Emb\u00e1rcate en un inolvidable tour de 4 d\u00edas por el desierto desde Marrakech hasta Fez, la elecci\u00f3n ideal para viajeros que buscan una experiencia marroqu\u00ed corta pero inmersiva. Este itinerario cuidadosamente dise\u00f1ado te lleva al coraz\u00f3n de Marruecos, mostrando lo mejor de sus ciudades imperiales, paisajes impresionantes y su riqueza cultural. Tu viaje [&hellip;]\" \/>\n<meta property=\"og:url\" content=\"https:\/\/www.traveltogetherinmorocco.com\/producto\/4-day-desert-tour-from-marrakech-to-fes\/\" \/>\n<meta property=\"og:site_name\" content=\"travel together in morocco\" \/>\n<meta property=\"article:publisher\" content=\"https:\/\/www.facebook.com\/azizindesert?rdid=AM85IAprjCTIUGCP&amp;share_url=httpswww.facebook.comshare16PbxaT6ga\" \/>\n<meta property=\"article:modified_time\" content=\"2025-06-19T22:12:50+00:00\" \/>\n<meta property=\"og:image\" content=\"https:\/\/www.traveltogetherinmorocco.com\/wp-content\/uploads\/2025\/05\/7-2-scaled.webp\" \/>\n\t<meta property=\"og:image:width\" content=\"2560\" \/>\n\t<meta property=\"og:image:height\" content=\"1798\" \/>\n\t<meta property=\"og:image:type\" content=\"image\/webp\" \/>\n<meta name=\"twitter:card\" content=\"summary_large_image\" \/>\n<meta name=\"twitter:label1\" content=\"Tiempo de lectura\" \/>\n\t<meta name=\"twitter:data1\" content=\"2 minutos\" \/>\n<script type=\"application\/ld+json\" class=\"yoast-schema-graph\">{\"@context\":\"https:\\\/\\\/schema.org\",\"@graph\":[{\"@type\":\"WebPage\",\"@id\":\"https:\\\/\\\/www.traveltogetherinmorocco.com\\\/producto\\\/4-day-desert-tour-from-marrakech-to-fes\\\/\",\"url\":\"https:\\\/\\\/www.traveltogetherinmorocco.com\\\/producto\\\/4-day-desert-tour-from-marrakech-to-fes\\\/\",\"name\":\"Tour de 4 d\u00edas por el desierto desde Marrakech hasta Fez - travel together in morocco\",\"isPartOf\":{\"@id\":\"https:\\\/\\\/www.traveltogetherinmorocco.com\\\/#website\"},\"primaryImageOfPage\":{\"@id\":\"https:\\\/\\\/www.traveltogetherinmorocco.com\\\/producto\\\/4-day-desert-tour-from-marrakech-to-fes\\\/#primaryimage\"},\"image\":{\"@id\":\"https:\\\/\\\/www.traveltogetherinmorocco.com\\\/producto\\\/4-day-desert-tour-from-marrakech-to-fes\\\/#primaryimage\"},\"thumbnailUrl\":\"https:\\\/\\\/www.traveltogetherinmorocco.com\\\/wp-content\\\/uploads\\\/2025\\\/05\\\/7-2-scaled.webp\",\"datePublished\":\"2025-06-18T13:18:36+00:00\",\"dateModified\":\"2025-06-19T22:12:50+00:00\",\"breadcrumb\":{\"@id\":\"https:\\\/\\\/www.traveltogetherinmorocco.com\\\/producto\\\/4-day-desert-tour-from-marrakech-to-fes\\\/#breadcrumb\"},\"inLanguage\":\"es\",\"potentialAction\":[{\"@type\":\"ReadAction\",\"target\":[\"https:\\\/\\\/www.traveltogetherinmorocco.com\\\/producto\\\/4-day-desert-tour-from-marrakech-to-fes\\\/\"]}]},{\"@type\":\"ImageObject\",\"inLanguage\":\"es\",\"@id\":\"https:\\\/\\\/www.traveltogetherinmorocco.com\\\/producto\\\/4-day-desert-tour-from-marrakech-to-fes\\\/#primaryimage\",\"url\":\"https:\\\/\\\/www.traveltogetherinmorocco.com\\\/wp-content\\\/uploads\\\/2025\\\/05\\\/7-2-scaled.webp\",\"contentUrl\":\"https:\\\/\\\/www.traveltogetherinmorocco.com\\\/wp-content\\\/uploads\\\/2025\\\/05\\\/7-2-scaled.webp\",\"width\":2560,\"height\":1798},{\"@type\":\"BreadcrumbList\",\"@id\":\"https:\\\/\\\/www.traveltogetherinmorocco.com\\\/producto\\\/4-day-desert-tour-from-marrakech-to-fes\\\/#breadcrumb\",\"itemListElement\":[{\"@type\":\"ListItem\",\"position\":1,\"name\":\"Home\",\"item\":\"https:\\\/\\\/www.traveltogetherinmorocco.com\\\/es\\\/\"},{\"@type\":\"ListItem\",\"position\":2,\"name\":\"Products\",\"item\":\"https:\\\/\\\/www.traveltogetherinmorocco.com\\\/shop\\\/\"},{\"@type\":\"ListItem\",\"position\":3,\"name\":\"Tour de 4 d\u00edas por el desierto desde Marrakech hasta Fez\"}]},{\"@type\":\"WebSite\",\"@id\":\"https:\\\/\\\/www.traveltogetherinmorocco.com\\\/#website\",\"url\":\"https:\\\/\\\/www.traveltogetherinmorocco.com\\\/\",\"name\":\"travel together in morocco\",\"description\":\"Authentic Tours Across Morocco, Together with Local Experts\",\"publisher\":{\"@id\":\"https:\\\/\\\/www.traveltogetherinmorocco.com\\\/#organization\"},\"potentialAction\":[{\"@type\":\"SearchAction\",\"target\":{\"@type\":\"EntryPoint\",\"urlTemplate\":\"https:\\\/\\\/www.traveltogetherinmorocco.com\\\/?s={search_term_string}\"},\"query-input\":{\"@type\":\"PropertyValueSpecification\",\"valueRequired\":true,\"valueName\":\"search_term_string\"}}],\"inLanguage\":\"es\"},{\"@type\":\"Organization\",\"@id\":\"https:\\\/\\\/www.traveltogetherinmorocco.com\\\/#organization\",\"name\":\"travel together in morocco\",\"url\":\"https:\\\/\\\/www.traveltogetherinmorocco.com\\\/\",\"logo\":{\"@type\":\"ImageObject\",\"inLanguage\":\"es\",\"@id\":\"https:\\\/\\\/www.traveltogetherinmorocco.com\\\/#\\\/schema\\\/logo\\\/image\\\/\",\"url\":\"https:\\\/\\\/www.traveltogetherinmorocco.com\\\/wp-content\\\/uploads\\\/2025\\\/06\\\/cropped-favicon.png\",\"contentUrl\":\"https:\\\/\\\/www.traveltogetherinmorocco.com\\\/wp-content\\\/uploads\\\/2025\\\/06\\\/cropped-favicon.png\",\"width\":512,\"height\":512,\"caption\":\"travel together in morocco\"},\"image\":{\"@id\":\"https:\\\/\\\/www.traveltogetherinmorocco.com\\\/#\\\/schema\\\/logo\\\/image\\\/\"},\"sameAs\":[\"https:\\\/\\\/www.facebook.com\\\/azizindesert?rdid=AM85IAprjCTIUGCP&share_url=httpswww.facebook.comshare16PbxaT6ga\",\"https:\\\/\\\/www.instagram.com\\\/travel_together_in_morocco\\\/\"]}]}<\/script>\n<!-- \/ Yoast SEO plugin. -->","yoast_head_json":{"title":"Tour de 4 d\u00edas por el desierto desde Marrakech hasta Fez - travel together in morocco","robots":{"index":"index","follow":"follow","max-snippet":"max-snippet:-1","max-image-preview":"max-image-preview:large","max-video-preview":"max-video-preview:-1"},"canonical":"https:\/\/www.traveltogetherinmorocco.com\/producto\/4-day-desert-tour-from-marrakech-to-fes\/","og_locale":"es_ES","og_type":"article","og_title":"Tour de 4 d\u00edas por el desierto desde Marrakech hasta Fez - travel together in morocco","og_description":"Descripci\u00f3n general: Emb\u00e1rcate en un inolvidable tour de 4 d\u00edas por el desierto desde Marrakech hasta Fez, la elecci\u00f3n ideal para viajeros que buscan una experiencia marroqu\u00ed corta pero inmersiva. Este itinerario cuidadosamente dise\u00f1ado te lleva al coraz\u00f3n de Marruecos, mostrando lo mejor de sus ciudades imperiales, paisajes impresionantes y su riqueza cultural. Tu viaje [&hellip;]","og_url":"https:\/\/www.traveltogetherinmorocco.com\/producto\/4-day-desert-tour-from-marrakech-to-fes\/","og_site_name":"travel together in morocco","article_publisher":"https:\/\/www.facebook.com\/azizindesert?rdid=AM85IAprjCTIUGCP&share_url=httpswww.facebook.comshare16PbxaT6ga","article_modified_time":"2025-06-19T22:12:50+00:00","og_image":[{"width":2560,"height":1798,"url":"https:\/\/www.traveltogetherinmorocco.com\/wp-content\/uploads\/2025\/05\/7-2-scaled.webp","type":"image\/webp"}],"twitter_card":"summary_large_image","twitter_misc":{"Tiempo de lectura":"2 minutos"},"schema":{"@context":"https:\/\/schema.org","@graph":[{"@type":"WebPage","@id":"https:\/\/www.traveltogetherinmorocco.com\/producto\/4-day-desert-tour-from-marrakech-to-fes\/","url":"https:\/\/www.traveltogetherinmorocco.com\/producto\/4-day-desert-tour-from-marrakech-to-fes\/","name":"Tour de 4 d\u00edas por el desierto desde Marrakech hasta Fez - travel together in morocco","isPartOf":{"@id":"https:\/\/www.traveltogetherinmorocco.com\/#website"},"primaryImageOfPage":{"@id":"https:\/\/www.traveltogetherinmorocco.com\/producto\/4-day-desert-tour-from-marrakech-to-fes\/#primaryimage"},"image":{"@id":"https:\/\/www.traveltogetherinmorocco.com\/producto\/4-day-desert-tour-from-marrakech-to-fes\/#primaryimage"},"thumbnailUrl":"https:\/\/www.traveltogetherinmorocco.com\/wp-content\/uploads\/2025\/05\/7-2-scaled.webp","datePublished":"2025-06-18T13:18:36+00:00","dateModified":"2025-06-19T22:12:50+00:00","breadcrumb":{"@id":"https:\/\/www.traveltogetherinmorocco.com\/producto\/4-day-desert-tour-from-marrakech-to-fes\/#breadcrumb"},"inLanguage":"es","potentialAction":[{"@type":"ReadAction","target":["https:\/\/www.traveltogetherinmorocco.com\/producto\/4-day-desert-tour-from-marrakech-to-fes\/"]}]},{"@type":"ImageObject","inLanguage":"es","@id":"https:\/\/www.traveltogetherinmorocco.com\/producto\/4-day-desert-tour-from-marrakech-to-fes\/#primaryimage","url":"https:\/\/www.traveltogetherinmorocco.com\/wp-content\/uploads\/2025\/05\/7-2-scaled.webp","contentUrl":"https:\/\/www.traveltogetherinmorocco.com\/wp-content\/uploads\/2025\/05\/7-2-scaled.webp","width":2560,"height":1798},{"@type":"BreadcrumbList","@id":"https:\/\/www.traveltogetherinmorocco.com\/producto\/4-day-desert-tour-from-marrakech-to-fes\/#breadcrumb","itemListElement":[{"@type":"ListItem","position":1,"name":"Home","item":"https:\/\/www.traveltogetherinmorocco.com\/es\/"},{"@type":"ListItem","position":2,"name":"Products","item":"https:\/\/www.traveltogetherinmorocco.com\/shop\/"},{"@type":"ListItem","position":3,"name":"Tour de 4 d\u00edas por el desierto desde Marrakech hasta Fez"}]},{"@type":"WebSite","@id":"https:\/\/www.traveltogetherinmorocco.com\/#website","url":"https:\/\/www.traveltogetherinmorocco.com\/","name":"travel together in morocco","description":"Authentic Tours Across Morocco, Together with Local Experts","publisher":{"@id":"https:\/\/www.traveltogetherinmorocco.com\/#organization"},"potentialAction":[{"@type":"SearchAction","target":{"@type":"EntryPoint","urlTemplate":"https:\/\/www.traveltogetherinmorocco.com\/?s={search_term_string}"},"query-input":{"@type":"PropertyValueSpecification","valueRequired":true,"valueName":"search_term_string"}}],"inLanguage":"es"},{"@type":"Organization","@id":"https:\/\/www.traveltogetherinmorocco.com\/#organization","name":"travel together in morocco","url":"https:\/\/www.traveltogetherinmorocco.com\/","logo":{"@type":"ImageObject","inLanguage":"es","@id":"https:\/\/www.traveltogetherinmorocco.com\/#\/schema\/logo\/image\/","url":"https:\/\/www.traveltogetherinmorocco.com\/wp-content\/uploads\/2025\/06\/cropped-favicon.png","contentUrl":"https:\/\/www.traveltogetherinmorocco.com\/wp-content\/uploads\/2025\/06\/cropped-favicon.png","width":512,"height":512,"caption":"travel together in morocco"},"image":{"@id":"https:\/\/www.traveltogetherinmorocco.com\/#\/schema\/logo\/image\/"},"sameAs":["https:\/\/www.facebook.com\/azizindesert?rdid=AM85IAprjCTIUGCP&share_url=httpswww.facebook.comshare16PbxaT6ga","https:\/\/www.instagram.com\/travel_together_in_morocco\/"]}]}},"_links":{"self":[{"href":"https:\/\/www.traveltogetherinmorocco.com\/es\/wp-json\/wp\/v2\/product\/10995","targetHints":{"allow":["GET"]}}],"collection":[{"href":"https:\/\/www.traveltogetherinmorocco.com\/es\/wp-json\/wp\/v2\/product"}],"about":[{"href":"https:\/\/www.traveltogetherinmorocco.com\/es\/wp-json\/wp\/v2\/types\/product"}],"replies":[{"embeddable":true,"href":"https:\/\/www.traveltogetherinmorocco.com\/es\/wp-json\/wp\/v2\/comments?post=10995"}],"wp:featuredmedia":[{"embeddable":true,"href":"https:\/\/www.traveltogetherinmorocco.com\/es\/wp-json\/wp\/v2\/media\/2596"}],"wp:attachment":[{"href":"https:\/\/www.traveltogetherinmorocco.com\/es\/wp-json\/wp\/v2\/media?parent=10995"}],"wp:term":[{"taxonomy":"product_brand","embeddable":true,"href":"https:\/\/www.traveltogetherinmorocco.com\/es\/wp-json\/wp\/v2\/product_brand?post=10995"},{"taxonomy":"product_cat","embeddable":true,"href":"https:\/\/www.traveltogetherinmorocco.com\/es\/wp-json\/wp\/v2\/product_cat?post=10995"},{"taxonomy":"product_tag","embeddable":true,"href":"https:\/\/www.traveltogetherinmorocco.com\/es\/wp-json\/wp\/v2\/product_tag?post=10995"}],"curies":[{"name":"wp","href":"https:\/\/api.w.org\/{rel}","templated":true}]}}