{"id":10997,"date":"2025-06-18T13:04:36","date_gmt":"2025-06-18T13:04:36","guid":{"rendered":"https:\/\/www.traveltogetherinmorocco.com\/product\/3-day-desert-tour-from-marrakech-to-merzouga\/"},"modified":"2025-06-19T22:18:13","modified_gmt":"2025-06-19T22:18:13","slug":"tour-de-3-dias-por-el-desierto-desde-marrakech-hasta-merzouga","status":"publish","type":"product","link":"https:\/\/www.traveltogetherinmorocco.com\/es\/producto\/tour-de-3-dias-por-el-desierto-desde-marrakech-hasta-merzouga\/","title":{"rendered":"Tour de 3 d\u00edas por el desierto desde Marrakech hasta Merzouga"},"content":{"rendered":"<h2>Descripci\u00f3n general:<\/h2>\n<p data-start=\"70\" data-end=\"346\">Emprende un <strong data-start=\"82\" data-end=\"115\">impresionante viaje de 3 d\u00edas<\/strong> desde <strong data-start=\"122\" data-end=\"150\">Marrakech hasta Merzouga<\/strong> y descubre la <strong data-start=\"165\" data-end=\"195\">magia del sur de Marruecos<\/strong>. Este tour inmersivo por el desierto te llevar\u00e1 a trav\u00e9s de las majestuosas <strong data-start=\"272\" data-end=\"299\">Monta\u00f1as del Alto Atlas<\/strong>, <strong data-start=\"301\" data-end=\"322\">oasis exuberantes<\/strong> y antiguas <strong data-start=\"334\" data-end=\"345\">kasbahs<\/strong>.<\/p>\n<p data-start=\"348\" data-end=\"688\">Monta en <strong data-start=\"357\" data-end=\"368\">camello<\/strong> cruzando las <strong data-start=\"382\" data-end=\"413\">dunas doradas de Erg Chebbi<\/strong> y pasa una <strong data-start=\"425\" data-end=\"494\">noche m\u00e1gica en un campamento tradicional del desierto del Sahara<\/strong>. Disfruta de un <strong data-start=\"511\" data-end=\"563\">cielo estrellado libre de contaminaci\u00f3n lum\u00ednica<\/strong>, marav\u00edllate con <strong data-start=\"581\" data-end=\"609\">atardeceres inolvidables<\/strong> y experimenta la <strong data-start=\"627\" data-end=\"661\">aut\u00e9ntica hospitalidad bereber<\/strong> durante todo el recorrido.<\/p>\n<h2 data-start=\"139\" data-end=\"422\">Aspectos destacados del tour:<\/h2>\n<ul>\n<li data-start=\"66\" data-end=\"149\">Conduce por las <strong data-start=\"82\" data-end=\"119\">esc\u00e9nicas Monta\u00f1as del Alto Atlas<\/strong> y el paso <strong data-start=\"130\" data-end=\"147\">Tizi n&#8217;Tichka<\/strong><\/li>\n<li data-start=\"152\" data-end=\"264\">Explora <strong data-start=\"160\" data-end=\"174\">Ouarzazate<\/strong>, conocido como el <strong data-start=\"193\" data-end=\"219\">Hollywood de Marruecos<\/strong>, y visita sus famosos <strong data-start=\"242\" data-end=\"262\">estudios de cine<\/strong><\/li>\n<li data-start=\"267\" data-end=\"362\">Descubre la <strong data-start=\"279\" data-end=\"304\">Kasbah Ait Ben Haddou<\/strong>, declarada <strong data-start=\"316\" data-end=\"360\">Patrimonio de la Humanidad por la UNESCO<\/strong><\/li>\n<li data-start=\"365\" data-end=\"447\">Disfruta de un <strong data-start=\"380\" data-end=\"413\">paseo en camello al atardecer<\/strong> por las dunas de <strong data-start=\"431\" data-end=\"445\">Erg Chebbi<\/strong><\/li>\n<li data-start=\"450\" data-end=\"556\">Pasa la noche en un <strong data-start=\"470\" data-end=\"511\">campamento en el desierto de Merzouga<\/strong> con <strong data-start=\"516\" data-end=\"554\">m\u00fasica, fogata y gastronom\u00eda local<\/strong><\/li>\n<li data-start=\"559\" data-end=\"647\">Madruga para un <strong data-start=\"575\" data-end=\"607\">paseo en camello al amanecer<\/strong> y contempla las vistas del <strong data-start=\"635\" data-end=\"645\">Sahara<\/strong><\/li>\n<li data-start=\"650\" data-end=\"731\">Visita las <strong data-start=\"661\" data-end=\"684\">Gargantas del Todra<\/strong> y marav\u00edllate con sus <strong data-start=\"707\" data-end=\"729\">dram\u00e1ticos ca\u00f1ones<\/strong><\/li>\n<li data-start=\"734\" data-end=\"821\">Pasa la noche en el <strong data-start=\"754\" data-end=\"773\">Valle del Dades<\/strong>, rodeado de <strong data-start=\"786\" data-end=\"821\">formaciones rocosas pintorescas<\/strong><\/li>\n<\/ul>\n","protected":false},"excerpt":{"rendered":"<p>Descripci\u00f3n general: Emprende un impresionante viaje de 3 d\u00edas desde Marrakech hasta Merzouga y descubre la magia del sur de Marruecos. Este tour inmersivo por el desierto te llevar\u00e1 a trav\u00e9s de las majestuosas Monta\u00f1as del Alto Atlas, oasis exuberantes y antiguas kasbahs. Monta en camello cruzando las dunas doradas de Erg Chebbi y pasa [&hellip;]<\/p>\n","protected":false},"featured_media":2780,"comment_status":"open","ping_status":"closed","template":"","meta":[],"product_brand":[],"product_cat":[218,215],"product_tag":[],"class_list":{"0":"post-10997","1":"product","2":"type-product","3":"status-publish","4":"has-post-thumbnail","6":"product_cat-marrakech-es","7":"product_cat-morocco-desert-tours-es","9":"first","10":"instock","11":"shipping-taxable","12":"product-type-ovabrw_car_rental"},"yoast_head":"<!-- This site is optimized with the Yoast SEO plugin v27.4 - https:\/\/yoast.com\/product\/yoast-seo-wordpress\/ -->\n<title>Tour de 3 d\u00edas por el desierto desde Marrakech hasta Merzouga - travel together in morocco<\/title>\n<meta name=\"robots\" content=\"index, follow, max-snippet:-1, max-image-preview:large, max-video-preview:-1\" \/>\n<link rel=\"canonical\" href=\"https:\/\/www.traveltogetherinmorocco.com\/producto\/3-day-desert-tour-from-marrakech-to-merzouga\/\" \/>\n<meta property=\"og:locale\" content=\"es_ES\" \/>\n<meta property=\"og:type\" content=\"article\" \/>\n<meta property=\"og:title\" content=\"Tour de 3 d\u00edas por el desierto desde Marrakech hasta Merzouga - travel together in morocco\" \/>\n<meta property=\"og:description\" content=\"Descripci\u00f3n general: Emprende un impresionante viaje de 3 d\u00edas desde Marrakech hasta Merzouga y descubre la magia del sur de Marruecos. Este tour inmersivo por el desierto te llevar\u00e1 a trav\u00e9s de las majestuosas Monta\u00f1as del Alto Atlas, oasis exuberantes y antiguas kasbahs. Monta en camello cruzando las dunas doradas de Erg Chebbi y pasa [&hellip;]\" \/>\n<meta property=\"og:url\" content=\"https:\/\/www.traveltogetherinmorocco.com\/producto\/3-day-desert-tour-from-marrakech-to-merzouga\/\" \/>\n<meta property=\"og:site_name\" content=\"travel together in morocco\" \/>\n<meta property=\"article:publisher\" content=\"https:\/\/www.facebook.com\/azizindesert?rdid=AM85IAprjCTIUGCP&amp;share_url=httpswww.facebook.comshare16PbxaT6ga\" \/>\n<meta property=\"article:modified_time\" content=\"2025-06-19T22:18:13+00:00\" \/>\n<meta property=\"og:image\" content=\"https:\/\/www.traveltogetherinmorocco.com\/wp-content\/uploads\/2025\/05\/11-6-scaled.webp\" \/>\n\t<meta property=\"og:image:width\" content=\"2560\" \/>\n\t<meta property=\"og:image:height\" content=\"1798\" \/>\n\t<meta property=\"og:image:type\" content=\"image\/webp\" \/>\n<meta name=\"twitter:card\" content=\"summary_large_image\" \/>\n<meta name=\"twitter:label1\" content=\"Tiempo de lectura\" \/>\n\t<meta name=\"twitter:data1\" content=\"1 minuto\" \/>\n<script type=\"application\/ld+json\" class=\"yoast-schema-graph\">{\"@context\":\"https:\\\/\\\/schema.org\",\"@graph\":[{\"@type\":\"WebPage\",\"@id\":\"https:\\\/\\\/www.traveltogetherinmorocco.com\\\/producto\\\/3-day-desert-tour-from-marrakech-to-merzouga\\\/\",\"url\":\"https:\\\/\\\/www.traveltogetherinmorocco.com\\\/producto\\\/3-day-desert-tour-from-marrakech-to-merzouga\\\/\",\"name\":\"Tour de 3 d\u00edas por el desierto desde Marrakech hasta Merzouga - travel together in morocco\",\"isPartOf\":{\"@id\":\"https:\\\/\\\/www.traveltogetherinmorocco.com\\\/#website\"},\"primaryImageOfPage\":{\"@id\":\"https:\\\/\\\/www.traveltogetherinmorocco.com\\\/producto\\\/3-day-desert-tour-from-marrakech-to-merzouga\\\/#primaryimage\"},\"image\":{\"@id\":\"https:\\\/\\\/www.traveltogetherinmorocco.com\\\/producto\\\/3-day-desert-tour-from-marrakech-to-merzouga\\\/#primaryimage\"},\"thumbnailUrl\":\"https:\\\/\\\/www.traveltogetherinmorocco.com\\\/wp-content\\\/uploads\\\/2025\\\/05\\\/11-6-scaled.webp\",\"datePublished\":\"2025-06-18T13:04:36+00:00\",\"dateModified\":\"2025-06-19T22:18:13+00:00\",\"breadcrumb\":{\"@id\":\"https:\\\/\\\/www.traveltogetherinmorocco.com\\\/producto\\\/3-day-desert-tour-from-marrakech-to-merzouga\\\/#breadcrumb\"},\"inLanguage\":\"es\",\"potentialAction\":[{\"@type\":\"ReadAction\",\"target\":[\"https:\\\/\\\/www.traveltogetherinmorocco.com\\\/producto\\\/3-day-desert-tour-from-marrakech-to-merzouga\\\/\"]}]},{\"@type\":\"ImageObject\",\"inLanguage\":\"es\",\"@id\":\"https:\\\/\\\/www.traveltogetherinmorocco.com\\\/producto\\\/3-day-desert-tour-from-marrakech-to-merzouga\\\/#primaryimage\",\"url\":\"https:\\\/\\\/www.traveltogetherinmorocco.com\\\/wp-content\\\/uploads\\\/2025\\\/05\\\/11-6-scaled.webp\",\"contentUrl\":\"https:\\\/\\\/www.traveltogetherinmorocco.com\\\/wp-content\\\/uploads\\\/2025\\\/05\\\/11-6-scaled.webp\",\"width\":2560,\"height\":1798},{\"@type\":\"BreadcrumbList\",\"@id\":\"https:\\\/\\\/www.traveltogetherinmorocco.com\\\/producto\\\/3-day-desert-tour-from-marrakech-to-merzouga\\\/#breadcrumb\",\"itemListElement\":[{\"@type\":\"ListItem\",\"position\":1,\"name\":\"Home\",\"item\":\"https:\\\/\\\/www.traveltogetherinmorocco.com\\\/es\\\/\"},{\"@type\":\"ListItem\",\"position\":2,\"name\":\"Products\",\"item\":\"https:\\\/\\\/www.traveltogetherinmorocco.com\\\/shop\\\/\"},{\"@type\":\"ListItem\",\"position\":3,\"name\":\"Tour de 3 d\u00edas por el desierto desde Marrakech hasta Merzouga\"}]},{\"@type\":\"WebSite\",\"@id\":\"https:\\\/\\\/www.traveltogetherinmorocco.com\\\/#website\",\"url\":\"https:\\\/\\\/www.traveltogetherinmorocco.com\\\/\",\"name\":\"travel together in morocco\",\"description\":\"Authentic Tours Across Morocco, Together with Local Experts\",\"publisher\":{\"@id\":\"https:\\\/\\\/www.traveltogetherinmorocco.com\\\/#organization\"},\"potentialAction\":[{\"@type\":\"SearchAction\",\"target\":{\"@type\":\"EntryPoint\",\"urlTemplate\":\"https:\\\/\\\/www.traveltogetherinmorocco.com\\\/?s={search_term_string}\"},\"query-input\":{\"@type\":\"PropertyValueSpecification\",\"valueRequired\":true,\"valueName\":\"search_term_string\"}}],\"inLanguage\":\"es\"},{\"@type\":\"Organization\",\"@id\":\"https:\\\/\\\/www.traveltogetherinmorocco.com\\\/#organization\",\"name\":\"travel together in morocco\",\"url\":\"https:\\\/\\\/www.traveltogetherinmorocco.com\\\/\",\"logo\":{\"@type\":\"ImageObject\",\"inLanguage\":\"es\",\"@id\":\"https:\\\/\\\/www.traveltogetherinmorocco.com\\\/#\\\/schema\\\/logo\\\/image\\\/\",\"url\":\"https:\\\/\\\/www.traveltogetherinmorocco.com\\\/wp-content\\\/uploads\\\/2025\\\/06\\\/cropped-favicon.png\",\"contentUrl\":\"https:\\\/\\\/www.traveltogetherinmorocco.com\\\/wp-content\\\/uploads\\\/2025\\\/06\\\/cropped-favicon.png\",\"width\":512,\"height\":512,\"caption\":\"travel together in morocco\"},\"image\":{\"@id\":\"https:\\\/\\\/www.traveltogetherinmorocco.com\\\/#\\\/schema\\\/logo\\\/image\\\/\"},\"sameAs\":[\"https:\\\/\\\/www.facebook.com\\\/azizindesert?rdid=AM85IAprjCTIUGCP&share_url=httpswww.facebook.comshare16PbxaT6ga\",\"https:\\\/\\\/www.instagram.com\\\/travel_together_in_morocco\\\/\"]}]}<\/script>\n<!-- \/ Yoast SEO plugin. -->","yoast_head_json":{"title":"Tour de 3 d\u00edas por el desierto desde Marrakech hasta Merzouga - travel together in morocco","robots":{"index":"index","follow":"follow","max-snippet":"max-snippet:-1","max-image-preview":"max-image-preview:large","max-video-preview":"max-video-preview:-1"},"canonical":"https:\/\/www.traveltogetherinmorocco.com\/producto\/3-day-desert-tour-from-marrakech-to-merzouga\/","og_locale":"es_ES","og_type":"article","og_title":"Tour de 3 d\u00edas por el desierto desde Marrakech hasta Merzouga - travel together in morocco","og_description":"Descripci\u00f3n general: Emprende un impresionante viaje de 3 d\u00edas desde Marrakech hasta Merzouga y descubre la magia del sur de Marruecos. Este tour inmersivo por el desierto te llevar\u00e1 a trav\u00e9s de las majestuosas Monta\u00f1as del Alto Atlas, oasis exuberantes y antiguas kasbahs. Monta en camello cruzando las dunas doradas de Erg Chebbi y pasa [&hellip;]","og_url":"https:\/\/www.traveltogetherinmorocco.com\/producto\/3-day-desert-tour-from-marrakech-to-merzouga\/","og_site_name":"travel together in morocco","article_publisher":"https:\/\/www.facebook.com\/azizindesert?rdid=AM85IAprjCTIUGCP&share_url=httpswww.facebook.comshare16PbxaT6ga","article_modified_time":"2025-06-19T22:18:13+00:00","og_image":[{"width":2560,"height":1798,"url":"https:\/\/www.traveltogetherinmorocco.com\/wp-content\/uploads\/2025\/05\/11-6-scaled.webp","type":"image\/webp"}],"twitter_card":"summary_large_image","twitter_misc":{"Tiempo de lectura":"1 minuto"},"schema":{"@context":"https:\/\/schema.org","@graph":[{"@type":"WebPage","@id":"https:\/\/www.traveltogetherinmorocco.com\/producto\/3-day-desert-tour-from-marrakech-to-merzouga\/","url":"https:\/\/www.traveltogetherinmorocco.com\/producto\/3-day-desert-tour-from-marrakech-to-merzouga\/","name":"Tour de 3 d\u00edas por el desierto desde Marrakech hasta Merzouga - travel together in morocco","isPartOf":{"@id":"https:\/\/www.traveltogetherinmorocco.com\/#website"},"primaryImageOfPage":{"@id":"https:\/\/www.traveltogetherinmorocco.com\/producto\/3-day-desert-tour-from-marrakech-to-merzouga\/#primaryimage"},"image":{"@id":"https:\/\/www.traveltogetherinmorocco.com\/producto\/3-day-desert-tour-from-marrakech-to-merzouga\/#primaryimage"},"thumbnailUrl":"https:\/\/www.traveltogetherinmorocco.com\/wp-content\/uploads\/2025\/05\/11-6-scaled.webp","datePublished":"2025-06-18T13:04:36+00:00","dateModified":"2025-06-19T22:18:13+00:00","breadcrumb":{"@id":"https:\/\/www.traveltogetherinmorocco.com\/producto\/3-day-desert-tour-from-marrakech-to-merzouga\/#breadcrumb"},"inLanguage":"es","potentialAction":[{"@type":"ReadAction","target":["https:\/\/www.traveltogetherinmorocco.com\/producto\/3-day-desert-tour-from-marrakech-to-merzouga\/"]}]},{"@type":"ImageObject","inLanguage":"es","@id":"https:\/\/www.traveltogetherinmorocco.com\/producto\/3-day-desert-tour-from-marrakech-to-merzouga\/#primaryimage","url":"https:\/\/www.traveltogetherinmorocco.com\/wp-content\/uploads\/2025\/05\/11-6-scaled.webp","contentUrl":"https:\/\/www.traveltogetherinmorocco.com\/wp-content\/uploads\/2025\/05\/11-6-scaled.webp","width":2560,"height":1798},{"@type":"BreadcrumbList","@id":"https:\/\/www.traveltogetherinmorocco.com\/producto\/3-day-desert-tour-from-marrakech-to-merzouga\/#breadcrumb","itemListElement":[{"@type":"ListItem","position":1,"name":"Home","item":"https:\/\/www.traveltogetherinmorocco.com\/es\/"},{"@type":"ListItem","position":2,"name":"Products","item":"https:\/\/www.traveltogetherinmorocco.com\/shop\/"},{"@type":"ListItem","position":3,"name":"Tour de 3 d\u00edas por el desierto desde Marrakech hasta Merzouga"}]},{"@type":"WebSite","@id":"https:\/\/www.traveltogetherinmorocco.com\/#website","url":"https:\/\/www.traveltogetherinmorocco.com\/","name":"travel together in morocco","description":"Authentic Tours Across Morocco, Together with Local Experts","publisher":{"@id":"https:\/\/www.traveltogetherinmorocco.com\/#organization"},"potentialAction":[{"@type":"SearchAction","target":{"@type":"EntryPoint","urlTemplate":"https:\/\/www.traveltogetherinmorocco.com\/?s={search_term_string}"},"query-input":{"@type":"PropertyValueSpecification","valueRequired":true,"valueName":"search_term_string"}}],"inLanguage":"es"},{"@type":"Organization","@id":"https:\/\/www.traveltogetherinmorocco.com\/#organization","name":"travel together in morocco","url":"https:\/\/www.traveltogetherinmorocco.com\/","logo":{"@type":"ImageObject","inLanguage":"es","@id":"https:\/\/www.traveltogetherinmorocco.com\/#\/schema\/logo\/image\/","url":"https:\/\/www.traveltogetherinmorocco.com\/wp-content\/uploads\/2025\/06\/cropped-favicon.png","contentUrl":"https:\/\/www.traveltogetherinmorocco.com\/wp-content\/uploads\/2025\/06\/cropped-favicon.png","width":512,"height":512,"caption":"travel together in morocco"},"image":{"@id":"https:\/\/www.traveltogetherinmorocco.com\/#\/schema\/logo\/image\/"},"sameAs":["https:\/\/www.facebook.com\/azizindesert?rdid=AM85IAprjCTIUGCP&share_url=httpswww.facebook.comshare16PbxaT6ga","https:\/\/www.instagram.com\/travel_together_in_morocco\/"]}]}},"_links":{"self":[{"href":"https:\/\/www.traveltogetherinmorocco.com\/es\/wp-json\/wp\/v2\/product\/10997","targetHints":{"allow":["GET"]}}],"collection":[{"href":"https:\/\/www.traveltogetherinmorocco.com\/es\/wp-json\/wp\/v2\/product"}],"about":[{"href":"https:\/\/www.traveltogetherinmorocco.com\/es\/wp-json\/wp\/v2\/types\/product"}],"replies":[{"embeddable":true,"href":"https:\/\/www.traveltogetherinmorocco.com\/es\/wp-json\/wp\/v2\/comments?post=10997"}],"wp:featuredmedia":[{"embeddable":true,"href":"https:\/\/www.traveltogetherinmorocco.com\/es\/wp-json\/wp\/v2\/media\/2780"}],"wp:attachment":[{"href":"https:\/\/www.traveltogetherinmorocco.com\/es\/wp-json\/wp\/v2\/media?parent=10997"}],"wp:term":[{"taxonomy":"product_brand","embeddable":true,"href":"https:\/\/www.traveltogetherinmorocco.com\/es\/wp-json\/wp\/v2\/product_brand?post=10997"},{"taxonomy":"product_cat","embeddable":true,"href":"https:\/\/www.traveltogetherinmorocco.com\/es\/wp-json\/wp\/v2\/product_cat?post=10997"},{"taxonomy":"product_tag","embeddable":true,"href":"https:\/\/www.traveltogetherinmorocco.com\/es\/wp-json\/wp\/v2\/product_tag?post=10997"}],"curies":[{"name":"wp","href":"https:\/\/api.w.org\/{rel}","templated":true}]}}