{"id":10999,"date":"2025-06-18T12:52:14","date_gmt":"2025-06-18T12:52:14","guid":{"rendered":"https:\/\/www.traveltogetherinmorocco.com\/product\/3-day-desert-tour-from-marrakech-to-fes\/"},"modified":"2025-06-19T22:24:28","modified_gmt":"2025-06-19T22:24:28","slug":"tour-de-3-dias-por-el-desierto-desde-marrakech-hasta-fez","status":"publish","type":"product","link":"https:\/\/www.traveltogetherinmorocco.com\/es\/producto\/tour-de-3-dias-por-el-desierto-desde-marrakech-hasta-fez\/","title":{"rendered":"Tour de 3 d\u00edas por el desierto desde Marrakech hasta Fez"},"content":{"rendered":"<h2>Descripci\u00f3n general:<\/h2>\n<p data-start=\"64\" data-end=\"444\">Emprende una <strong data-start=\"77\" data-end=\"127\">inolvidable aventura de 3 d\u00edas por el desierto<\/strong> desde <strong data-start=\"134\" data-end=\"157\">Marrakech hasta Fez<\/strong> y descubre lo mejor de Marruecos en poco tiempo. Viaja a trav\u00e9s de las impresionantes <strong data-start=\"244\" data-end=\"271\">Monta\u00f1as del Alto Atlas<\/strong>, visita la <strong data-start=\"283\" data-end=\"308\">Kasbah Ait Ben Haddou<\/strong>, declarada <strong data-start=\"320\" data-end=\"364\">Patrimonio de la Humanidad por la UNESCO<\/strong>, y explora antiguos <strong data-start=\"385\" data-end=\"406\">pueblos bereberes<\/strong> llenos de <strong data-start=\"417\" data-end=\"428\">cultura<\/strong> e <strong data-start=\"431\" data-end=\"443\">historia<\/strong>.<\/p>\n<p data-start=\"446\" data-end=\"908\">Monta en <strong data-start=\"455\" data-end=\"466\">camello<\/strong> por las majestuosas <strong data-start=\"487\" data-end=\"510\">dunas de Erg Chebbi<\/strong> y contempla la magia del <strong data-start=\"536\" data-end=\"572\">desierto del Sahara al atardecer<\/strong>. Pasa la noche en un <strong data-start=\"594\" data-end=\"633\">campamento tradicional del desierto<\/strong> bajo un <strong data-start=\"642\" data-end=\"662\">cielo estrellado<\/strong>. Este tour en <strong data-start=\"677\" data-end=\"694\">grupo peque\u00f1o<\/strong> ofrece la mezcla perfecta de <strong data-start=\"724\" data-end=\"751\">paisajes espectaculares<\/strong>, <strong data-start=\"753\" data-end=\"778\">monumentos culturales<\/strong> y <strong data-start=\"781\" data-end=\"819\">experiencias aut\u00e9nticas marroqu\u00edes<\/strong> \u2014 ideal para viajeros que buscan una escapada al desierto <strong data-start=\"878\" data-end=\"891\">memorable<\/strong> y <strong data-start=\"894\" data-end=\"907\">eficiente<\/strong>.<\/p>\n<h2 data-start=\"139\" data-end=\"422\">Aspectos destacados del tour:<\/h2>\n<ul>\n<li><strong data-start=\"64\" data-end=\"88\">Aventura en camello:<\/strong> Recorre las ic\u00f3nicas <strong data-start=\"110\" data-end=\"130\">dunas del Sahara<\/strong> en un tradicional paseo en camello, una forma inolvidable de explorar la vasta <strong data-start=\"210\" data-end=\"243\">belleza del desierto marroqu\u00ed<\/strong>.<\/li>\n<li><strong data-start=\"247\" data-end=\"277\" data-is-only-node=\"\">Dormir bajo las estrellas:<\/strong> Pasa una noche m\u00e1gica en un <strong data-start=\"306\" data-end=\"335\">campamento en el desierto<\/strong>, contemplando un cielo lleno de estrellas en el coraz\u00f3n del Sahara \u2014 pura <strong data-start=\"410\" data-end=\"438\">tranquilidad y maravilla<\/strong>.<\/li>\n<li><strong data-start=\"442\" data-end=\"480\">Monta\u00f1as esc\u00e9nicas del Alto Atlas:<\/strong> Conduce por la impresionante cadena del <strong data-start=\"521\" data-end=\"535\">Alto Atlas<\/strong>, donde las carreteras serpenteantes y los picos cubiertos de nieve revelan los diversos <strong data-start=\"624\" data-end=\"649\">paisajes de Marruecos<\/strong>.<\/li>\n<li><strong data-start=\"653\" data-end=\"680\">Explora Ait Ben Haddou:<\/strong> Camina por las antiguas calles de barro de <strong data-start=\"724\" data-end=\"742\">Ait Ben Haddou<\/strong>, una kasbah declarada <strong data-start=\"765\" data-end=\"809\">Patrimonio de la Humanidad por la UNESCO<\/strong> y escenario de muchas pel\u00edculas y series famosas.<\/li>\n<li><strong data-start=\"862\" data-end=\"897\">De Marrakech a la vida bereber:<\/strong> Experimenta los vibrantes <strong data-start=\"924\" data-end=\"946\">souks de Marrakech<\/strong> y descubre los tranquilos ritmos de los <strong data-start=\"987\" data-end=\"1008\">pueblos bereberes<\/strong> situados a lo largo de tu ruta.<\/li>\n<\/ul>\n","protected":false},"excerpt":{"rendered":"<p>Descripci\u00f3n general: Emprende una inolvidable aventura de 3 d\u00edas por el desierto desde Marrakech hasta Fez y descubre lo mejor de Marruecos en poco tiempo. Viaja a trav\u00e9s de las impresionantes Monta\u00f1as del Alto Atlas, visita la Kasbah Ait Ben Haddou, declarada Patrimonio de la Humanidad por la UNESCO, y explora antiguos pueblos bereberes llenos [&hellip;]<\/p>\n","protected":false},"featured_media":11000,"comment_status":"open","ping_status":"closed","template":"","meta":[],"product_brand":[],"product_cat":[218,215],"product_tag":[],"class_list":{"0":"post-10999","1":"product","2":"type-product","3":"status-publish","4":"has-post-thumbnail","6":"product_cat-marrakech-es","7":"product_cat-morocco-desert-tours-es","9":"first","10":"instock","11":"shipping-taxable","12":"product-type-ovabrw_car_rental"},"yoast_head":"<!-- This site is optimized with the Yoast SEO plugin v27.4 - https:\/\/yoast.com\/product\/yoast-seo-wordpress\/ -->\n<title>Tour de 3 d\u00edas por el desierto desde Marrakech hasta Fez - travel together in morocco<\/title>\n<meta name=\"robots\" content=\"index, follow, max-snippet:-1, max-image-preview:large, max-video-preview:-1\" \/>\n<link rel=\"canonical\" href=\"https:\/\/www.traveltogetherinmorocco.com\/producto\/3-day-desert-tour-from-marrakech-to-fes\/\" \/>\n<meta property=\"og:locale\" content=\"es_ES\" \/>\n<meta property=\"og:type\" content=\"article\" \/>\n<meta property=\"og:title\" content=\"Tour de 3 d\u00edas por el desierto desde Marrakech hasta Fez - travel together in morocco\" \/>\n<meta property=\"og:description\" content=\"Descripci\u00f3n general: Emprende una inolvidable aventura de 3 d\u00edas por el desierto desde Marrakech hasta Fez y descubre lo mejor de Marruecos en poco tiempo. Viaja a trav\u00e9s de las impresionantes Monta\u00f1as del Alto Atlas, visita la Kasbah Ait Ben Haddou, declarada Patrimonio de la Humanidad por la UNESCO, y explora antiguos pueblos bereberes llenos [&hellip;]\" \/>\n<meta property=\"og:url\" content=\"https:\/\/www.traveltogetherinmorocco.com\/producto\/3-day-desert-tour-from-marrakech-to-fes\/\" \/>\n<meta property=\"og:site_name\" content=\"travel together in morocco\" \/>\n<meta property=\"article:publisher\" content=\"https:\/\/www.facebook.com\/azizindesert?rdid=AM85IAprjCTIUGCP&amp;share_url=httpswww.facebook.comshare16PbxaT6ga\" \/>\n<meta property=\"article:modified_time\" content=\"2025-06-19T22:24:28+00:00\" \/>\n<meta property=\"og:image\" content=\"https:\/\/www.traveltogetherinmorocco.com\/wp-content\/uploads\/2025\/06\/3-7.webp\" \/>\n\t<meta property=\"og:image:width\" content=\"1988\" \/>\n\t<meta property=\"og:image:height\" content=\"1988\" \/>\n\t<meta property=\"og:image:type\" content=\"image\/webp\" \/>\n<meta name=\"twitter:card\" content=\"summary_large_image\" \/>\n<meta name=\"twitter:label1\" content=\"Tiempo de lectura\" \/>\n\t<meta name=\"twitter:data1\" content=\"1 minuto\" \/>\n<script type=\"application\/ld+json\" class=\"yoast-schema-graph\">{\"@context\":\"https:\\\/\\\/schema.org\",\"@graph\":[{\"@type\":\"WebPage\",\"@id\":\"https:\\\/\\\/www.traveltogetherinmorocco.com\\\/producto\\\/3-day-desert-tour-from-marrakech-to-fes\\\/\",\"url\":\"https:\\\/\\\/www.traveltogetherinmorocco.com\\\/producto\\\/3-day-desert-tour-from-marrakech-to-fes\\\/\",\"name\":\"Tour de 3 d\u00edas por el desierto desde Marrakech hasta Fez - travel together in morocco\",\"isPartOf\":{\"@id\":\"https:\\\/\\\/www.traveltogetherinmorocco.com\\\/#website\"},\"primaryImageOfPage\":{\"@id\":\"https:\\\/\\\/www.traveltogetherinmorocco.com\\\/producto\\\/3-day-desert-tour-from-marrakech-to-fes\\\/#primaryimage\"},\"image\":{\"@id\":\"https:\\\/\\\/www.traveltogetherinmorocco.com\\\/producto\\\/3-day-desert-tour-from-marrakech-to-fes\\\/#primaryimage\"},\"thumbnailUrl\":\"https:\\\/\\\/www.traveltogetherinmorocco.com\\\/wp-content\\\/uploads\\\/2025\\\/06\\\/3-7.webp\",\"datePublished\":\"2025-06-18T12:52:14+00:00\",\"dateModified\":\"2025-06-19T22:24:28+00:00\",\"breadcrumb\":{\"@id\":\"https:\\\/\\\/www.traveltogetherinmorocco.com\\\/producto\\\/3-day-desert-tour-from-marrakech-to-fes\\\/#breadcrumb\"},\"inLanguage\":\"es\",\"potentialAction\":[{\"@type\":\"ReadAction\",\"target\":[\"https:\\\/\\\/www.traveltogetherinmorocco.com\\\/producto\\\/3-day-desert-tour-from-marrakech-to-fes\\\/\"]}]},{\"@type\":\"ImageObject\",\"inLanguage\":\"es\",\"@id\":\"https:\\\/\\\/www.traveltogetherinmorocco.com\\\/producto\\\/3-day-desert-tour-from-marrakech-to-fes\\\/#primaryimage\",\"url\":\"https:\\\/\\\/www.traveltogetherinmorocco.com\\\/wp-content\\\/uploads\\\/2025\\\/06\\\/3-7.webp\",\"contentUrl\":\"https:\\\/\\\/www.traveltogetherinmorocco.com\\\/wp-content\\\/uploads\\\/2025\\\/06\\\/3-7.webp\",\"width\":1988,\"height\":1988},{\"@type\":\"BreadcrumbList\",\"@id\":\"https:\\\/\\\/www.traveltogetherinmorocco.com\\\/producto\\\/3-day-desert-tour-from-marrakech-to-fes\\\/#breadcrumb\",\"itemListElement\":[{\"@type\":\"ListItem\",\"position\":1,\"name\":\"Home\",\"item\":\"https:\\\/\\\/www.traveltogetherinmorocco.com\\\/es\\\/\"},{\"@type\":\"ListItem\",\"position\":2,\"name\":\"Products\",\"item\":\"https:\\\/\\\/www.traveltogetherinmorocco.com\\\/shop\\\/\"},{\"@type\":\"ListItem\",\"position\":3,\"name\":\"Tour de 3 d\u00edas por el desierto desde Marrakech hasta Fez\"}]},{\"@type\":\"WebSite\",\"@id\":\"https:\\\/\\\/www.traveltogetherinmorocco.com\\\/#website\",\"url\":\"https:\\\/\\\/www.traveltogetherinmorocco.com\\\/\",\"name\":\"travel together in morocco\",\"description\":\"Authentic Tours Across Morocco, Together with Local Experts\",\"publisher\":{\"@id\":\"https:\\\/\\\/www.traveltogetherinmorocco.com\\\/#organization\"},\"potentialAction\":[{\"@type\":\"SearchAction\",\"target\":{\"@type\":\"EntryPoint\",\"urlTemplate\":\"https:\\\/\\\/www.traveltogetherinmorocco.com\\\/?s={search_term_string}\"},\"query-input\":{\"@type\":\"PropertyValueSpecification\",\"valueRequired\":true,\"valueName\":\"search_term_string\"}}],\"inLanguage\":\"es\"},{\"@type\":\"Organization\",\"@id\":\"https:\\\/\\\/www.traveltogetherinmorocco.com\\\/#organization\",\"name\":\"travel together in morocco\",\"url\":\"https:\\\/\\\/www.traveltogetherinmorocco.com\\\/\",\"logo\":{\"@type\":\"ImageObject\",\"inLanguage\":\"es\",\"@id\":\"https:\\\/\\\/www.traveltogetherinmorocco.com\\\/#\\\/schema\\\/logo\\\/image\\\/\",\"url\":\"https:\\\/\\\/www.traveltogetherinmorocco.com\\\/wp-content\\\/uploads\\\/2025\\\/06\\\/cropped-favicon.png\",\"contentUrl\":\"https:\\\/\\\/www.traveltogetherinmorocco.com\\\/wp-content\\\/uploads\\\/2025\\\/06\\\/cropped-favicon.png\",\"width\":512,\"height\":512,\"caption\":\"travel together in morocco\"},\"image\":{\"@id\":\"https:\\\/\\\/www.traveltogetherinmorocco.com\\\/#\\\/schema\\\/logo\\\/image\\\/\"},\"sameAs\":[\"https:\\\/\\\/www.facebook.com\\\/azizindesert?rdid=AM85IAprjCTIUGCP&share_url=httpswww.facebook.comshare16PbxaT6ga\",\"https:\\\/\\\/www.instagram.com\\\/travel_together_in_morocco\\\/\"]}]}<\/script>\n<!-- \/ Yoast SEO plugin. -->","yoast_head_json":{"title":"Tour de 3 d\u00edas por el desierto desde Marrakech hasta Fez - travel together in morocco","robots":{"index":"index","follow":"follow","max-snippet":"max-snippet:-1","max-image-preview":"max-image-preview:large","max-video-preview":"max-video-preview:-1"},"canonical":"https:\/\/www.traveltogetherinmorocco.com\/producto\/3-day-desert-tour-from-marrakech-to-fes\/","og_locale":"es_ES","og_type":"article","og_title":"Tour de 3 d\u00edas por el desierto desde Marrakech hasta Fez - travel together in morocco","og_description":"Descripci\u00f3n general: Emprende una inolvidable aventura de 3 d\u00edas por el desierto desde Marrakech hasta Fez y descubre lo mejor de Marruecos en poco tiempo. Viaja a trav\u00e9s de las impresionantes Monta\u00f1as del Alto Atlas, visita la Kasbah Ait Ben Haddou, declarada Patrimonio de la Humanidad por la UNESCO, y explora antiguos pueblos bereberes llenos [&hellip;]","og_url":"https:\/\/www.traveltogetherinmorocco.com\/producto\/3-day-desert-tour-from-marrakech-to-fes\/","og_site_name":"travel together in morocco","article_publisher":"https:\/\/www.facebook.com\/azizindesert?rdid=AM85IAprjCTIUGCP&share_url=httpswww.facebook.comshare16PbxaT6ga","article_modified_time":"2025-06-19T22:24:28+00:00","og_image":[{"width":1988,"height":1988,"url":"https:\/\/www.traveltogetherinmorocco.com\/wp-content\/uploads\/2025\/06\/3-7.webp","type":"image\/webp"}],"twitter_card":"summary_large_image","twitter_misc":{"Tiempo de lectura":"1 minuto"},"schema":{"@context":"https:\/\/schema.org","@graph":[{"@type":"WebPage","@id":"https:\/\/www.traveltogetherinmorocco.com\/producto\/3-day-desert-tour-from-marrakech-to-fes\/","url":"https:\/\/www.traveltogetherinmorocco.com\/producto\/3-day-desert-tour-from-marrakech-to-fes\/","name":"Tour de 3 d\u00edas por el desierto desde Marrakech hasta Fez - travel together in morocco","isPartOf":{"@id":"https:\/\/www.traveltogetherinmorocco.com\/#website"},"primaryImageOfPage":{"@id":"https:\/\/www.traveltogetherinmorocco.com\/producto\/3-day-desert-tour-from-marrakech-to-fes\/#primaryimage"},"image":{"@id":"https:\/\/www.traveltogetherinmorocco.com\/producto\/3-day-desert-tour-from-marrakech-to-fes\/#primaryimage"},"thumbnailUrl":"https:\/\/www.traveltogetherinmorocco.com\/wp-content\/uploads\/2025\/06\/3-7.webp","datePublished":"2025-06-18T12:52:14+00:00","dateModified":"2025-06-19T22:24:28+00:00","breadcrumb":{"@id":"https:\/\/www.traveltogetherinmorocco.com\/producto\/3-day-desert-tour-from-marrakech-to-fes\/#breadcrumb"},"inLanguage":"es","potentialAction":[{"@type":"ReadAction","target":["https:\/\/www.traveltogetherinmorocco.com\/producto\/3-day-desert-tour-from-marrakech-to-fes\/"]}]},{"@type":"ImageObject","inLanguage":"es","@id":"https:\/\/www.traveltogetherinmorocco.com\/producto\/3-day-desert-tour-from-marrakech-to-fes\/#primaryimage","url":"https:\/\/www.traveltogetherinmorocco.com\/wp-content\/uploads\/2025\/06\/3-7.webp","contentUrl":"https:\/\/www.traveltogetherinmorocco.com\/wp-content\/uploads\/2025\/06\/3-7.webp","width":1988,"height":1988},{"@type":"BreadcrumbList","@id":"https:\/\/www.traveltogetherinmorocco.com\/producto\/3-day-desert-tour-from-marrakech-to-fes\/#breadcrumb","itemListElement":[{"@type":"ListItem","position":1,"name":"Home","item":"https:\/\/www.traveltogetherinmorocco.com\/es\/"},{"@type":"ListItem","position":2,"name":"Products","item":"https:\/\/www.traveltogetherinmorocco.com\/shop\/"},{"@type":"ListItem","position":3,"name":"Tour de 3 d\u00edas por el desierto desde Marrakech hasta Fez"}]},{"@type":"WebSite","@id":"https:\/\/www.traveltogetherinmorocco.com\/#website","url":"https:\/\/www.traveltogetherinmorocco.com\/","name":"travel together in morocco","description":"Authentic Tours Across Morocco, Together with Local Experts","publisher":{"@id":"https:\/\/www.traveltogetherinmorocco.com\/#organization"},"potentialAction":[{"@type":"SearchAction","target":{"@type":"EntryPoint","urlTemplate":"https:\/\/www.traveltogetherinmorocco.com\/?s={search_term_string}"},"query-input":{"@type":"PropertyValueSpecification","valueRequired":true,"valueName":"search_term_string"}}],"inLanguage":"es"},{"@type":"Organization","@id":"https:\/\/www.traveltogetherinmorocco.com\/#organization","name":"travel together in morocco","url":"https:\/\/www.traveltogetherinmorocco.com\/","logo":{"@type":"ImageObject","inLanguage":"es","@id":"https:\/\/www.traveltogetherinmorocco.com\/#\/schema\/logo\/image\/","url":"https:\/\/www.traveltogetherinmorocco.com\/wp-content\/uploads\/2025\/06\/cropped-favicon.png","contentUrl":"https:\/\/www.traveltogetherinmorocco.com\/wp-content\/uploads\/2025\/06\/cropped-favicon.png","width":512,"height":512,"caption":"travel together in morocco"},"image":{"@id":"https:\/\/www.traveltogetherinmorocco.com\/#\/schema\/logo\/image\/"},"sameAs":["https:\/\/www.facebook.com\/azizindesert?rdid=AM85IAprjCTIUGCP&share_url=httpswww.facebook.comshare16PbxaT6ga","https:\/\/www.instagram.com\/travel_together_in_morocco\/"]}]}},"_links":{"self":[{"href":"https:\/\/www.traveltogetherinmorocco.com\/es\/wp-json\/wp\/v2\/product\/10999","targetHints":{"allow":["GET"]}}],"collection":[{"href":"https:\/\/www.traveltogetherinmorocco.com\/es\/wp-json\/wp\/v2\/product"}],"about":[{"href":"https:\/\/www.traveltogetherinmorocco.com\/es\/wp-json\/wp\/v2\/types\/product"}],"replies":[{"embeddable":true,"href":"https:\/\/www.traveltogetherinmorocco.com\/es\/wp-json\/wp\/v2\/comments?post=10999"}],"wp:featuredmedia":[{"embeddable":true,"href":"https:\/\/www.traveltogetherinmorocco.com\/es\/wp-json\/wp\/v2\/media\/11000"}],"wp:attachment":[{"href":"https:\/\/www.traveltogetherinmorocco.com\/es\/wp-json\/wp\/v2\/media?parent=10999"}],"wp:term":[{"taxonomy":"product_brand","embeddable":true,"href":"https:\/\/www.traveltogetherinmorocco.com\/es\/wp-json\/wp\/v2\/product_brand?post=10999"},{"taxonomy":"product_cat","embeddable":true,"href":"https:\/\/www.traveltogetherinmorocco.com\/es\/wp-json\/wp\/v2\/product_cat?post=10999"},{"taxonomy":"product_tag","embeddable":true,"href":"https:\/\/www.traveltogetherinmorocco.com\/es\/wp-json\/wp\/v2\/product_tag?post=10999"}],"curies":[{"name":"wp","href":"https:\/\/api.w.org\/{rel}","templated":true}]}}