{"id":11002,"date":"2025-06-18T12:39:00","date_gmt":"2025-06-18T12:39:00","guid":{"rendered":"https:\/\/www.traveltogetherinmorocco.com\/product\/3-day-desert-tour-from-fes-to-marrakech\/"},"modified":"2025-06-19T22:34:28","modified_gmt":"2025-06-19T22:34:28","slug":"tour-de-3-dias-por-el-desierto-desde-fez-hasta-marrakech","status":"publish","type":"product","link":"https:\/\/www.traveltogetherinmorocco.com\/es\/producto\/tour-de-3-dias-por-el-desierto-desde-fez-hasta-marrakech\/","title":{"rendered":"Tour de 3 d\u00edas por el desierto desde Fez hasta Marrakech"},"content":{"rendered":"<h2>Descripci\u00f3n general:<\/h2>\n<p data-start=\"64\" data-end=\"400\">Experimenta la <strong data-start=\"79\" data-end=\"108\">magia del Sahara marroqu\u00ed<\/strong> en este inolvidable <strong data-start=\"129\" data-end=\"173\">tour de 3 d\u00edas desde Fez hasta Marrakech<\/strong>. Viaja a trav\u00e9s de las <strong data-start=\"197\" data-end=\"235\">esc\u00e9nicas Monta\u00f1as del Medio Atlas<\/strong>, conoce a las <strong data-start=\"250\" data-end=\"283\">comunidades bereberes locales<\/strong> y sum\u00e9rgete en la <strong data-start=\"302\" data-end=\"323\">vida del desierto<\/strong> mientras recorres las <strong data-start=\"346\" data-end=\"377\">dunas doradas de Erg Chebbi<\/strong> a lomos de un camello.<\/p>\n<p data-start=\"402\" data-end=\"701\">Disfruta de una <strong data-start=\"418\" data-end=\"456\">noche tranquila bajo las estrellas<\/strong> en un <strong data-start=\"463\" data-end=\"497\">campamento de lujo en Merzouga<\/strong>, lejos del ruido de la vida moderna. Esta escapada al desierto ofrece m\u00e1s que paisajes impresionantes: es una inmersi\u00f3n profunda en las <strong data-start=\"634\" data-end=\"658\">maravillas naturales<\/strong> y los <strong data-start=\"665\" data-end=\"700\">tesoros culturales de Marruecos<\/strong>.<\/p>\n<p data-start=\"703\" data-end=\"978\">Desde la observaci\u00f3n de los <strong data-start=\"731\" data-end=\"788\">macacos de Berber\u00eda en los bosques de cedros de Azrou<\/strong> hasta la exploraci\u00f3n de <strong data-start=\"813\" data-end=\"833\">antiguas kasbahs<\/strong> y <strong data-start=\"836\" data-end=\"860\">dram\u00e1ticas gargantas<\/strong>, tu aventura termina en Marrakech, habiendo cruzado dos cordilleras monta\u00f1osas y acumulado momentos <strong data-start=\"961\" data-end=\"977\">inolvidables<\/strong>.<\/p>\n<h2 data-start=\"139\" data-end=\"422\">Aspectos destacados del tour:<\/h2>\n<ul>\n<li data-start=\"66\" data-end=\"122\">Conduce por las <strong data-start=\"82\" data-end=\"120\">esc\u00e9nicas Monta\u00f1as del Medio Atlas<\/strong><\/li>\n<li data-start=\"125\" data-end=\"208\">Observa a los <strong data-start=\"139\" data-end=\"162\">macacos de Berber\u00eda<\/strong> en los <strong data-start=\"170\" data-end=\"206\">bosques de cedros cerca de Azrou<\/strong><\/li>\n<li data-start=\"211\" data-end=\"292\">Disfruta de una aventura de <strong data-start=\"239\" data-end=\"290\">trekking en camello por las dunas de Erg Chebbi<\/strong><\/li>\n<li data-start=\"295\" data-end=\"358\">S\u00e9 testigo de un <strong data-start=\"312\" data-end=\"356\">m\u00e1gico atardecer y amanecer en el Sahara<\/strong><\/li>\n<li data-start=\"361\" data-end=\"432\">Pasa la noche en un <strong data-start=\"381\" data-end=\"430\">campamento de lujo en el desierto de Merzouga<\/strong><\/li>\n<li data-start=\"435\" data-end=\"510\">Camina bajo los acantilados de las impresionantes <strong data-start=\"485\" data-end=\"508\">Gargantas del Todra<\/strong><\/li>\n<li data-start=\"513\" data-end=\"591\">Visita la ic\u00f3nica <strong data-start=\"531\" data-end=\"556\">Kasbah Ait Ben Haddou<\/strong>, Patrimonio Mundial de la UNESCO<\/li>\n<li data-start=\"594\" data-end=\"683\">Cruza las <strong data-start=\"604\" data-end=\"631\">Monta\u00f1as del Alto Atlas<\/strong> a trav\u00e9s del impresionante <strong data-start=\"659\" data-end=\"683\">Puerto Tizi n\u2019Tichka<\/strong><\/li>\n<\/ul>\n","protected":false},"excerpt":{"rendered":"<p>Descripci\u00f3n general: Experimenta la magia del Sahara marroqu\u00ed en este inolvidable tour de 3 d\u00edas desde Fez hasta Marrakech. Viaja a trav\u00e9s de las esc\u00e9nicas Monta\u00f1as del Medio Atlas, conoce a las comunidades bereberes locales y sum\u00e9rgete en la vida del desierto mientras recorres las dunas doradas de Erg Chebbi a lomos de un camello. [&hellip;]<\/p>\n","protected":false},"featured_media":2587,"comment_status":"open","ping_status":"closed","template":"","meta":[],"product_brand":[],"product_cat":[220,215],"product_tag":[],"class_list":{"0":"post-11002","1":"product","2":"type-product","3":"status-publish","4":"has-post-thumbnail","6":"product_cat-fes-es","7":"product_cat-morocco-desert-tours-es","9":"first","10":"instock","11":"shipping-taxable","12":"product-type-ovabrw_car_rental"},"yoast_head":"<!-- This site is optimized with the Yoast SEO plugin v27.4 - https:\/\/yoast.com\/product\/yoast-seo-wordpress\/ -->\n<title>Tour de 3 d\u00edas por el desierto desde Fez hasta Marrakech - travel together in morocco<\/title>\n<meta name=\"robots\" content=\"index, follow, max-snippet:-1, max-image-preview:large, max-video-preview:-1\" \/>\n<link rel=\"canonical\" href=\"https:\/\/www.traveltogetherinmorocco.com\/producto\/3-day-desert-tour-from-fes-to-marrakech\/\" \/>\n<meta property=\"og:locale\" content=\"es_ES\" \/>\n<meta property=\"og:type\" content=\"article\" \/>\n<meta property=\"og:title\" content=\"Tour de 3 d\u00edas por el desierto desde Fez hasta Marrakech - travel together in morocco\" \/>\n<meta property=\"og:description\" content=\"Descripci\u00f3n general: Experimenta la magia del Sahara marroqu\u00ed en este inolvidable tour de 3 d\u00edas desde Fez hasta Marrakech. Viaja a trav\u00e9s de las esc\u00e9nicas Monta\u00f1as del Medio Atlas, conoce a las comunidades bereberes locales y sum\u00e9rgete en la vida del desierto mientras recorres las dunas doradas de Erg Chebbi a lomos de un camello. [&hellip;]\" \/>\n<meta property=\"og:url\" content=\"https:\/\/www.traveltogetherinmorocco.com\/producto\/3-day-desert-tour-from-fes-to-marrakech\/\" \/>\n<meta property=\"og:site_name\" content=\"travel together in morocco\" \/>\n<meta property=\"article:publisher\" content=\"https:\/\/www.facebook.com\/azizindesert?rdid=AM85IAprjCTIUGCP&amp;share_url=httpswww.facebook.comshare16PbxaT6ga\" \/>\n<meta property=\"article:modified_time\" content=\"2025-06-19T22:34:28+00:00\" \/>\n<meta property=\"og:image\" content=\"https:\/\/www.traveltogetherinmorocco.com\/wp-content\/uploads\/2025\/05\/8-scaled.webp\" \/>\n\t<meta property=\"og:image:width\" content=\"2560\" \/>\n\t<meta property=\"og:image:height\" content=\"1798\" \/>\n\t<meta property=\"og:image:type\" content=\"image\/webp\" \/>\n<meta name=\"twitter:card\" content=\"summary_large_image\" \/>\n<meta name=\"twitter:label1\" content=\"Tiempo de lectura\" \/>\n\t<meta name=\"twitter:data1\" content=\"1 minuto\" \/>\n<script type=\"application\/ld+json\" class=\"yoast-schema-graph\">{\"@context\":\"https:\\\/\\\/schema.org\",\"@graph\":[{\"@type\":\"WebPage\",\"@id\":\"https:\\\/\\\/www.traveltogetherinmorocco.com\\\/producto\\\/3-day-desert-tour-from-fes-to-marrakech\\\/\",\"url\":\"https:\\\/\\\/www.traveltogetherinmorocco.com\\\/producto\\\/3-day-desert-tour-from-fes-to-marrakech\\\/\",\"name\":\"Tour de 3 d\u00edas por el desierto desde Fez hasta Marrakech - travel together in morocco\",\"isPartOf\":{\"@id\":\"https:\\\/\\\/www.traveltogetherinmorocco.com\\\/#website\"},\"primaryImageOfPage\":{\"@id\":\"https:\\\/\\\/www.traveltogetherinmorocco.com\\\/producto\\\/3-day-desert-tour-from-fes-to-marrakech\\\/#primaryimage\"},\"image\":{\"@id\":\"https:\\\/\\\/www.traveltogetherinmorocco.com\\\/producto\\\/3-day-desert-tour-from-fes-to-marrakech\\\/#primaryimage\"},\"thumbnailUrl\":\"https:\\\/\\\/www.traveltogetherinmorocco.com\\\/wp-content\\\/uploads\\\/2025\\\/05\\\/8-scaled.webp\",\"datePublished\":\"2025-06-18T12:39:00+00:00\",\"dateModified\":\"2025-06-19T22:34:28+00:00\",\"breadcrumb\":{\"@id\":\"https:\\\/\\\/www.traveltogetherinmorocco.com\\\/producto\\\/3-day-desert-tour-from-fes-to-marrakech\\\/#breadcrumb\"},\"inLanguage\":\"es\",\"potentialAction\":[{\"@type\":\"ReadAction\",\"target\":[\"https:\\\/\\\/www.traveltogetherinmorocco.com\\\/producto\\\/3-day-desert-tour-from-fes-to-marrakech\\\/\"]}]},{\"@type\":\"ImageObject\",\"inLanguage\":\"es\",\"@id\":\"https:\\\/\\\/www.traveltogetherinmorocco.com\\\/producto\\\/3-day-desert-tour-from-fes-to-marrakech\\\/#primaryimage\",\"url\":\"https:\\\/\\\/www.traveltogetherinmorocco.com\\\/wp-content\\\/uploads\\\/2025\\\/05\\\/8-scaled.webp\",\"contentUrl\":\"https:\\\/\\\/www.traveltogetherinmorocco.com\\\/wp-content\\\/uploads\\\/2025\\\/05\\\/8-scaled.webp\",\"width\":2560,\"height\":1798},{\"@type\":\"BreadcrumbList\",\"@id\":\"https:\\\/\\\/www.traveltogetherinmorocco.com\\\/producto\\\/3-day-desert-tour-from-fes-to-marrakech\\\/#breadcrumb\",\"itemListElement\":[{\"@type\":\"ListItem\",\"position\":1,\"name\":\"Home\",\"item\":\"https:\\\/\\\/www.traveltogetherinmorocco.com\\\/es\\\/\"},{\"@type\":\"ListItem\",\"position\":2,\"name\":\"Products\",\"item\":\"https:\\\/\\\/www.traveltogetherinmorocco.com\\\/shop\\\/\"},{\"@type\":\"ListItem\",\"position\":3,\"name\":\"Tour de 3 d\u00edas por el desierto desde Fez hasta Marrakech\"}]},{\"@type\":\"WebSite\",\"@id\":\"https:\\\/\\\/www.traveltogetherinmorocco.com\\\/#website\",\"url\":\"https:\\\/\\\/www.traveltogetherinmorocco.com\\\/\",\"name\":\"travel together in morocco\",\"description\":\"Authentic Tours Across Morocco, Together with Local Experts\",\"publisher\":{\"@id\":\"https:\\\/\\\/www.traveltogetherinmorocco.com\\\/#organization\"},\"potentialAction\":[{\"@type\":\"SearchAction\",\"target\":{\"@type\":\"EntryPoint\",\"urlTemplate\":\"https:\\\/\\\/www.traveltogetherinmorocco.com\\\/?s={search_term_string}\"},\"query-input\":{\"@type\":\"PropertyValueSpecification\",\"valueRequired\":true,\"valueName\":\"search_term_string\"}}],\"inLanguage\":\"es\"},{\"@type\":\"Organization\",\"@id\":\"https:\\\/\\\/www.traveltogetherinmorocco.com\\\/#organization\",\"name\":\"travel together in morocco\",\"url\":\"https:\\\/\\\/www.traveltogetherinmorocco.com\\\/\",\"logo\":{\"@type\":\"ImageObject\",\"inLanguage\":\"es\",\"@id\":\"https:\\\/\\\/www.traveltogetherinmorocco.com\\\/#\\\/schema\\\/logo\\\/image\\\/\",\"url\":\"https:\\\/\\\/www.traveltogetherinmorocco.com\\\/wp-content\\\/uploads\\\/2025\\\/06\\\/cropped-favicon.png\",\"contentUrl\":\"https:\\\/\\\/www.traveltogetherinmorocco.com\\\/wp-content\\\/uploads\\\/2025\\\/06\\\/cropped-favicon.png\",\"width\":512,\"height\":512,\"caption\":\"travel together in morocco\"},\"image\":{\"@id\":\"https:\\\/\\\/www.traveltogetherinmorocco.com\\\/#\\\/schema\\\/logo\\\/image\\\/\"},\"sameAs\":[\"https:\\\/\\\/www.facebook.com\\\/azizindesert?rdid=AM85IAprjCTIUGCP&share_url=httpswww.facebook.comshare16PbxaT6ga\",\"https:\\\/\\\/www.instagram.com\\\/travel_together_in_morocco\\\/\"]}]}<\/script>\n<!-- \/ Yoast SEO plugin. -->","yoast_head_json":{"title":"Tour de 3 d\u00edas por el desierto desde Fez hasta Marrakech - travel together in morocco","robots":{"index":"index","follow":"follow","max-snippet":"max-snippet:-1","max-image-preview":"max-image-preview:large","max-video-preview":"max-video-preview:-1"},"canonical":"https:\/\/www.traveltogetherinmorocco.com\/producto\/3-day-desert-tour-from-fes-to-marrakech\/","og_locale":"es_ES","og_type":"article","og_title":"Tour de 3 d\u00edas por el desierto desde Fez hasta Marrakech - travel together in morocco","og_description":"Descripci\u00f3n general: Experimenta la magia del Sahara marroqu\u00ed en este inolvidable tour de 3 d\u00edas desde Fez hasta Marrakech. Viaja a trav\u00e9s de las esc\u00e9nicas Monta\u00f1as del Medio Atlas, conoce a las comunidades bereberes locales y sum\u00e9rgete en la vida del desierto mientras recorres las dunas doradas de Erg Chebbi a lomos de un camello. [&hellip;]","og_url":"https:\/\/www.traveltogetherinmorocco.com\/producto\/3-day-desert-tour-from-fes-to-marrakech\/","og_site_name":"travel together in morocco","article_publisher":"https:\/\/www.facebook.com\/azizindesert?rdid=AM85IAprjCTIUGCP&share_url=httpswww.facebook.comshare16PbxaT6ga","article_modified_time":"2025-06-19T22:34:28+00:00","og_image":[{"width":2560,"height":1798,"url":"https:\/\/www.traveltogetherinmorocco.com\/wp-content\/uploads\/2025\/05\/8-scaled.webp","type":"image\/webp"}],"twitter_card":"summary_large_image","twitter_misc":{"Tiempo de lectura":"1 minuto"},"schema":{"@context":"https:\/\/schema.org","@graph":[{"@type":"WebPage","@id":"https:\/\/www.traveltogetherinmorocco.com\/producto\/3-day-desert-tour-from-fes-to-marrakech\/","url":"https:\/\/www.traveltogetherinmorocco.com\/producto\/3-day-desert-tour-from-fes-to-marrakech\/","name":"Tour de 3 d\u00edas por el desierto desde Fez hasta Marrakech - travel together in morocco","isPartOf":{"@id":"https:\/\/www.traveltogetherinmorocco.com\/#website"},"primaryImageOfPage":{"@id":"https:\/\/www.traveltogetherinmorocco.com\/producto\/3-day-desert-tour-from-fes-to-marrakech\/#primaryimage"},"image":{"@id":"https:\/\/www.traveltogetherinmorocco.com\/producto\/3-day-desert-tour-from-fes-to-marrakech\/#primaryimage"},"thumbnailUrl":"https:\/\/www.traveltogetherinmorocco.com\/wp-content\/uploads\/2025\/05\/8-scaled.webp","datePublished":"2025-06-18T12:39:00+00:00","dateModified":"2025-06-19T22:34:28+00:00","breadcrumb":{"@id":"https:\/\/www.traveltogetherinmorocco.com\/producto\/3-day-desert-tour-from-fes-to-marrakech\/#breadcrumb"},"inLanguage":"es","potentialAction":[{"@type":"ReadAction","target":["https:\/\/www.traveltogetherinmorocco.com\/producto\/3-day-desert-tour-from-fes-to-marrakech\/"]}]},{"@type":"ImageObject","inLanguage":"es","@id":"https:\/\/www.traveltogetherinmorocco.com\/producto\/3-day-desert-tour-from-fes-to-marrakech\/#primaryimage","url":"https:\/\/www.traveltogetherinmorocco.com\/wp-content\/uploads\/2025\/05\/8-scaled.webp","contentUrl":"https:\/\/www.traveltogetherinmorocco.com\/wp-content\/uploads\/2025\/05\/8-scaled.webp","width":2560,"height":1798},{"@type":"BreadcrumbList","@id":"https:\/\/www.traveltogetherinmorocco.com\/producto\/3-day-desert-tour-from-fes-to-marrakech\/#breadcrumb","itemListElement":[{"@type":"ListItem","position":1,"name":"Home","item":"https:\/\/www.traveltogetherinmorocco.com\/es\/"},{"@type":"ListItem","position":2,"name":"Products","item":"https:\/\/www.traveltogetherinmorocco.com\/shop\/"},{"@type":"ListItem","position":3,"name":"Tour de 3 d\u00edas por el desierto desde Fez hasta Marrakech"}]},{"@type":"WebSite","@id":"https:\/\/www.traveltogetherinmorocco.com\/#website","url":"https:\/\/www.traveltogetherinmorocco.com\/","name":"travel together in morocco","description":"Authentic Tours Across Morocco, Together with Local Experts","publisher":{"@id":"https:\/\/www.traveltogetherinmorocco.com\/#organization"},"potentialAction":[{"@type":"SearchAction","target":{"@type":"EntryPoint","urlTemplate":"https:\/\/www.traveltogetherinmorocco.com\/?s={search_term_string}"},"query-input":{"@type":"PropertyValueSpecification","valueRequired":true,"valueName":"search_term_string"}}],"inLanguage":"es"},{"@type":"Organization","@id":"https:\/\/www.traveltogetherinmorocco.com\/#organization","name":"travel together in morocco","url":"https:\/\/www.traveltogetherinmorocco.com\/","logo":{"@type":"ImageObject","inLanguage":"es","@id":"https:\/\/www.traveltogetherinmorocco.com\/#\/schema\/logo\/image\/","url":"https:\/\/www.traveltogetherinmorocco.com\/wp-content\/uploads\/2025\/06\/cropped-favicon.png","contentUrl":"https:\/\/www.traveltogetherinmorocco.com\/wp-content\/uploads\/2025\/06\/cropped-favicon.png","width":512,"height":512,"caption":"travel together in morocco"},"image":{"@id":"https:\/\/www.traveltogetherinmorocco.com\/#\/schema\/logo\/image\/"},"sameAs":["https:\/\/www.facebook.com\/azizindesert?rdid=AM85IAprjCTIUGCP&share_url=httpswww.facebook.comshare16PbxaT6ga","https:\/\/www.instagram.com\/travel_together_in_morocco\/"]}]}},"_links":{"self":[{"href":"https:\/\/www.traveltogetherinmorocco.com\/es\/wp-json\/wp\/v2\/product\/11002","targetHints":{"allow":["GET"]}}],"collection":[{"href":"https:\/\/www.traveltogetherinmorocco.com\/es\/wp-json\/wp\/v2\/product"}],"about":[{"href":"https:\/\/www.traveltogetherinmorocco.com\/es\/wp-json\/wp\/v2\/types\/product"}],"replies":[{"embeddable":true,"href":"https:\/\/www.traveltogetherinmorocco.com\/es\/wp-json\/wp\/v2\/comments?post=11002"}],"wp:featuredmedia":[{"embeddable":true,"href":"https:\/\/www.traveltogetherinmorocco.com\/es\/wp-json\/wp\/v2\/media\/2587"}],"wp:attachment":[{"href":"https:\/\/www.traveltogetherinmorocco.com\/es\/wp-json\/wp\/v2\/media?parent=11002"}],"wp:term":[{"taxonomy":"product_brand","embeddable":true,"href":"https:\/\/www.traveltogetherinmorocco.com\/es\/wp-json\/wp\/v2\/product_brand?post=11002"},{"taxonomy":"product_cat","embeddable":true,"href":"https:\/\/www.traveltogetherinmorocco.com\/es\/wp-json\/wp\/v2\/product_cat?post=11002"},{"taxonomy":"product_tag","embeddable":true,"href":"https:\/\/www.traveltogetherinmorocco.com\/es\/wp-json\/wp\/v2\/product_tag?post=11002"}],"curies":[{"name":"wp","href":"https:\/\/api.w.org\/{rel}","templated":true}]}}