{"id":11004,"date":"2025-06-18T12:26:00","date_gmt":"2025-06-18T12:26:00","guid":{"rendered":"https:\/\/www.traveltogetherinmorocco.com\/product\/2-day-sahara-desert-tour-from-fes\/"},"modified":"2025-06-20T12:30:56","modified_gmt":"2025-06-20T12:30:56","slug":"tour-de-2-dias-al-desierto-del-sahara-desde-fez","status":"publish","type":"product","link":"https:\/\/www.traveltogetherinmorocco.com\/es\/producto\/tour-de-2-dias-al-desierto-del-sahara-desde-fez\/","title":{"rendered":"Tour de 2 d\u00edas al desierto del Sahara desde Fez"},"content":{"rendered":"<h2>Descripci\u00f3n general:<\/h2>\n<p data-start=\"64\" data-end=\"289\"><strong data-start=\"65\" data-end=\"110\">Tienes poco tiempo pero ganas de aventura<\/strong>? \u00danete a <strong data-start=\"120\" data-end=\"147\">Morocco Tourism Company<\/strong> en un <strong data-start=\"154\" data-end=\"206\">inolvidable tour de 2 d\u00edas al desierto desde Fez<\/strong> y descubre la <strong data-start=\"221\" data-end=\"241\">magia del Sahara<\/strong> en una experiencia compacta pero enriquecedora.<\/p>\n<p data-start=\"291\" data-end=\"720\">Viaja por las <strong data-start=\"305\" data-end=\"343\">esc\u00e9nicas Monta\u00f1as del Medio Atlas<\/strong>, observa a los <strong data-start=\"359\" data-end=\"403\">monos de Berber\u00eda en el bosque de cedros<\/strong> y admira las <strong data-start=\"417\" data-end=\"460\">vistas espectaculares del Valle del Ziz<\/strong>. Monta en <strong data-start=\"471\" data-end=\"482\">camello<\/strong> por las impresionantes <strong data-start=\"506\" data-end=\"529\">dunas de Erg Chebbi<\/strong> y pasa una <strong data-start=\"541\" data-end=\"609\">noche bajo las estrellas en un campamento de lujo en el desierto<\/strong> \u2014 una escapada verdaderamente inolvidable hacia la <strong data-start=\"661\" data-end=\"693\">belleza natural de Marruecos<\/strong> y la <strong data-start=\"699\" data-end=\"718\">cultura bereber<\/strong>.<\/p>\n<h2 data-start=\"139\" data-end=\"422\">Aspectos destacados del tour:<\/h2>\n<ul>\n<li data-start=\"66\" data-end=\"124\">Conducci\u00f3n esc\u00e9nica por las <strong data-start=\"94\" data-end=\"122\">Monta\u00f1as del Medio Atlas<\/strong><\/li>\n<li data-start=\"127\" data-end=\"202\">Avistamiento de <strong data-start=\"143\" data-end=\"164\">monos de Berber\u00eda<\/strong> en el <strong data-start=\"171\" data-end=\"200\">bosque de cedros de Azrou<\/strong><\/li>\n<li data-start=\"205\" data-end=\"264\">Disfrutar de <strong data-start=\"218\" data-end=\"240\">vistas panor\u00e1micas<\/strong> del <strong data-start=\"245\" data-end=\"262\">Valle del Ziz<\/strong><\/li>\n<li data-start=\"267\" data-end=\"324\">Ruta en <strong data-start=\"275\" data-end=\"322\">camello por las dunas doradas de Erg Chebbi<\/strong><\/li>\n<li data-start=\"327\" data-end=\"386\"><strong data-start=\"327\" data-end=\"364\">Espectacular atardecer y amanecer<\/strong> sobre el <strong data-start=\"374\" data-end=\"384\">Sahara<\/strong><\/li>\n<li data-start=\"389\" data-end=\"468\">Dormir bajo un <strong data-start=\"404\" data-end=\"424\">cielo estrellado<\/strong> en un <strong data-start=\"431\" data-end=\"468\">campamento de lujo en el desierto<\/strong><\/li>\n<\/ul>\n","protected":false},"excerpt":{"rendered":"<p>Descripci\u00f3n general: Tienes poco tiempo pero ganas de aventura? \u00danete a Morocco Tourism Company en un inolvidable tour de 2 d\u00edas al desierto desde Fez y descubre la magia del Sahara en una experiencia compacta pero enriquecedora. Viaja por las esc\u00e9nicas Monta\u00f1as del Medio Atlas, observa a los monos de Berber\u00eda en el bosque de [&hellip;]<\/p>\n","protected":false},"featured_media":2777,"comment_status":"open","ping_status":"closed","template":"","meta":[],"product_brand":[],"product_cat":[220,215],"product_tag":[],"class_list":{"0":"post-11004","1":"product","2":"type-product","3":"status-publish","4":"has-post-thumbnail","6":"product_cat-fes-es","7":"product_cat-morocco-desert-tours-es","9":"first","10":"instock","11":"shipping-taxable","12":"product-type-ovabrw_car_rental"},"yoast_head":"<!-- This site is optimized with the Yoast SEO plugin v27.4 - https:\/\/yoast.com\/product\/yoast-seo-wordpress\/ -->\n<title>Tour de 2 d\u00edas al desierto del Sahara desde Fez - travel together in morocco<\/title>\n<meta name=\"robots\" content=\"index, follow, max-snippet:-1, max-image-preview:large, max-video-preview:-1\" \/>\n<link rel=\"canonical\" href=\"https:\/\/www.traveltogetherinmorocco.com\/producto\/2-day-sahara-desert-tour-from-fes\/\" \/>\n<meta property=\"og:locale\" content=\"es_ES\" \/>\n<meta property=\"og:type\" content=\"article\" \/>\n<meta property=\"og:title\" content=\"Tour de 2 d\u00edas al desierto del Sahara desde Fez - travel together in morocco\" \/>\n<meta property=\"og:description\" content=\"Descripci\u00f3n general: Tienes poco tiempo pero ganas de aventura? \u00danete a Morocco Tourism Company en un inolvidable tour de 2 d\u00edas al desierto desde Fez y descubre la magia del Sahara en una experiencia compacta pero enriquecedora. Viaja por las esc\u00e9nicas Monta\u00f1as del Medio Atlas, observa a los monos de Berber\u00eda en el bosque de [&hellip;]\" \/>\n<meta property=\"og:url\" content=\"https:\/\/www.traveltogetherinmorocco.com\/producto\/2-day-sahara-desert-tour-from-fes\/\" \/>\n<meta property=\"og:site_name\" content=\"travel together in morocco\" \/>\n<meta property=\"article:publisher\" content=\"https:\/\/www.facebook.com\/azizindesert?rdid=AM85IAprjCTIUGCP&amp;share_url=httpswww.facebook.comshare16PbxaT6ga\" \/>\n<meta property=\"article:modified_time\" content=\"2025-06-20T12:30:56+00:00\" \/>\n<meta property=\"og:image\" content=\"https:\/\/www.traveltogetherinmorocco.com\/wp-content\/uploads\/2025\/05\/8-17-scaled.webp\" \/>\n\t<meta property=\"og:image:width\" content=\"2560\" \/>\n\t<meta property=\"og:image:height\" content=\"1798\" \/>\n\t<meta property=\"og:image:type\" content=\"image\/webp\" \/>\n<meta name=\"twitter:card\" content=\"summary_large_image\" \/>\n<meta name=\"twitter:label1\" content=\"Tiempo de lectura\" \/>\n\t<meta name=\"twitter:data1\" content=\"1 minuto\" \/>\n<script type=\"application\/ld+json\" class=\"yoast-schema-graph\">{\"@context\":\"https:\\\/\\\/schema.org\",\"@graph\":[{\"@type\":\"WebPage\",\"@id\":\"https:\\\/\\\/www.traveltogetherinmorocco.com\\\/producto\\\/2-day-sahara-desert-tour-from-fes\\\/\",\"url\":\"https:\\\/\\\/www.traveltogetherinmorocco.com\\\/producto\\\/2-day-sahara-desert-tour-from-fes\\\/\",\"name\":\"Tour de 2 d\u00edas al desierto del Sahara desde Fez - travel together in morocco\",\"isPartOf\":{\"@id\":\"https:\\\/\\\/www.traveltogetherinmorocco.com\\\/#website\"},\"primaryImageOfPage\":{\"@id\":\"https:\\\/\\\/www.traveltogetherinmorocco.com\\\/producto\\\/2-day-sahara-desert-tour-from-fes\\\/#primaryimage\"},\"image\":{\"@id\":\"https:\\\/\\\/www.traveltogetherinmorocco.com\\\/producto\\\/2-day-sahara-desert-tour-from-fes\\\/#primaryimage\"},\"thumbnailUrl\":\"https:\\\/\\\/www.traveltogetherinmorocco.com\\\/wp-content\\\/uploads\\\/2025\\\/05\\\/8-17-scaled.webp\",\"datePublished\":\"2025-06-18T12:26:00+00:00\",\"dateModified\":\"2025-06-20T12:30:56+00:00\",\"breadcrumb\":{\"@id\":\"https:\\\/\\\/www.traveltogetherinmorocco.com\\\/producto\\\/2-day-sahara-desert-tour-from-fes\\\/#breadcrumb\"},\"inLanguage\":\"es\",\"potentialAction\":[{\"@type\":\"ReadAction\",\"target\":[\"https:\\\/\\\/www.traveltogetherinmorocco.com\\\/producto\\\/2-day-sahara-desert-tour-from-fes\\\/\"]}]},{\"@type\":\"ImageObject\",\"inLanguage\":\"es\",\"@id\":\"https:\\\/\\\/www.traveltogetherinmorocco.com\\\/producto\\\/2-day-sahara-desert-tour-from-fes\\\/#primaryimage\",\"url\":\"https:\\\/\\\/www.traveltogetherinmorocco.com\\\/wp-content\\\/uploads\\\/2025\\\/05\\\/8-17-scaled.webp\",\"contentUrl\":\"https:\\\/\\\/www.traveltogetherinmorocco.com\\\/wp-content\\\/uploads\\\/2025\\\/05\\\/8-17-scaled.webp\",\"width\":2560,\"height\":1798},{\"@type\":\"BreadcrumbList\",\"@id\":\"https:\\\/\\\/www.traveltogetherinmorocco.com\\\/producto\\\/2-day-sahara-desert-tour-from-fes\\\/#breadcrumb\",\"itemListElement\":[{\"@type\":\"ListItem\",\"position\":1,\"name\":\"Home\",\"item\":\"https:\\\/\\\/www.traveltogetherinmorocco.com\\\/es\\\/\"},{\"@type\":\"ListItem\",\"position\":2,\"name\":\"Products\",\"item\":\"https:\\\/\\\/www.traveltogetherinmorocco.com\\\/shop\\\/\"},{\"@type\":\"ListItem\",\"position\":3,\"name\":\"Tour de 2 d\u00edas al desierto del Sahara desde Fez\"}]},{\"@type\":\"WebSite\",\"@id\":\"https:\\\/\\\/www.traveltogetherinmorocco.com\\\/#website\",\"url\":\"https:\\\/\\\/www.traveltogetherinmorocco.com\\\/\",\"name\":\"travel together in morocco\",\"description\":\"Authentic Tours Across Morocco, Together with Local Experts\",\"publisher\":{\"@id\":\"https:\\\/\\\/www.traveltogetherinmorocco.com\\\/#organization\"},\"potentialAction\":[{\"@type\":\"SearchAction\",\"target\":{\"@type\":\"EntryPoint\",\"urlTemplate\":\"https:\\\/\\\/www.traveltogetherinmorocco.com\\\/?s={search_term_string}\"},\"query-input\":{\"@type\":\"PropertyValueSpecification\",\"valueRequired\":true,\"valueName\":\"search_term_string\"}}],\"inLanguage\":\"es\"},{\"@type\":\"Organization\",\"@id\":\"https:\\\/\\\/www.traveltogetherinmorocco.com\\\/#organization\",\"name\":\"travel together in morocco\",\"url\":\"https:\\\/\\\/www.traveltogetherinmorocco.com\\\/\",\"logo\":{\"@type\":\"ImageObject\",\"inLanguage\":\"es\",\"@id\":\"https:\\\/\\\/www.traveltogetherinmorocco.com\\\/#\\\/schema\\\/logo\\\/image\\\/\",\"url\":\"https:\\\/\\\/www.traveltogetherinmorocco.com\\\/wp-content\\\/uploads\\\/2025\\\/06\\\/cropped-favicon.png\",\"contentUrl\":\"https:\\\/\\\/www.traveltogetherinmorocco.com\\\/wp-content\\\/uploads\\\/2025\\\/06\\\/cropped-favicon.png\",\"width\":512,\"height\":512,\"caption\":\"travel together in morocco\"},\"image\":{\"@id\":\"https:\\\/\\\/www.traveltogetherinmorocco.com\\\/#\\\/schema\\\/logo\\\/image\\\/\"},\"sameAs\":[\"https:\\\/\\\/www.facebook.com\\\/azizindesert?rdid=AM85IAprjCTIUGCP&share_url=httpswww.facebook.comshare16PbxaT6ga\",\"https:\\\/\\\/www.instagram.com\\\/travel_together_in_morocco\\\/\"]}]}<\/script>\n<!-- \/ Yoast SEO plugin. -->","yoast_head_json":{"title":"Tour de 2 d\u00edas al desierto del Sahara desde Fez - travel together in morocco","robots":{"index":"index","follow":"follow","max-snippet":"max-snippet:-1","max-image-preview":"max-image-preview:large","max-video-preview":"max-video-preview:-1"},"canonical":"https:\/\/www.traveltogetherinmorocco.com\/producto\/2-day-sahara-desert-tour-from-fes\/","og_locale":"es_ES","og_type":"article","og_title":"Tour de 2 d\u00edas al desierto del Sahara desde Fez - travel together in morocco","og_description":"Descripci\u00f3n general: Tienes poco tiempo pero ganas de aventura? \u00danete a Morocco Tourism Company en un inolvidable tour de 2 d\u00edas al desierto desde Fez y descubre la magia del Sahara en una experiencia compacta pero enriquecedora. Viaja por las esc\u00e9nicas Monta\u00f1as del Medio Atlas, observa a los monos de Berber\u00eda en el bosque de [&hellip;]","og_url":"https:\/\/www.traveltogetherinmorocco.com\/producto\/2-day-sahara-desert-tour-from-fes\/","og_site_name":"travel together in morocco","article_publisher":"https:\/\/www.facebook.com\/azizindesert?rdid=AM85IAprjCTIUGCP&share_url=httpswww.facebook.comshare16PbxaT6ga","article_modified_time":"2025-06-20T12:30:56+00:00","og_image":[{"width":2560,"height":1798,"url":"https:\/\/www.traveltogetherinmorocco.com\/wp-content\/uploads\/2025\/05\/8-17-scaled.webp","type":"image\/webp"}],"twitter_card":"summary_large_image","twitter_misc":{"Tiempo de lectura":"1 minuto"},"schema":{"@context":"https:\/\/schema.org","@graph":[{"@type":"WebPage","@id":"https:\/\/www.traveltogetherinmorocco.com\/producto\/2-day-sahara-desert-tour-from-fes\/","url":"https:\/\/www.traveltogetherinmorocco.com\/producto\/2-day-sahara-desert-tour-from-fes\/","name":"Tour de 2 d\u00edas al desierto del Sahara desde Fez - travel together in morocco","isPartOf":{"@id":"https:\/\/www.traveltogetherinmorocco.com\/#website"},"primaryImageOfPage":{"@id":"https:\/\/www.traveltogetherinmorocco.com\/producto\/2-day-sahara-desert-tour-from-fes\/#primaryimage"},"image":{"@id":"https:\/\/www.traveltogetherinmorocco.com\/producto\/2-day-sahara-desert-tour-from-fes\/#primaryimage"},"thumbnailUrl":"https:\/\/www.traveltogetherinmorocco.com\/wp-content\/uploads\/2025\/05\/8-17-scaled.webp","datePublished":"2025-06-18T12:26:00+00:00","dateModified":"2025-06-20T12:30:56+00:00","breadcrumb":{"@id":"https:\/\/www.traveltogetherinmorocco.com\/producto\/2-day-sahara-desert-tour-from-fes\/#breadcrumb"},"inLanguage":"es","potentialAction":[{"@type":"ReadAction","target":["https:\/\/www.traveltogetherinmorocco.com\/producto\/2-day-sahara-desert-tour-from-fes\/"]}]},{"@type":"ImageObject","inLanguage":"es","@id":"https:\/\/www.traveltogetherinmorocco.com\/producto\/2-day-sahara-desert-tour-from-fes\/#primaryimage","url":"https:\/\/www.traveltogetherinmorocco.com\/wp-content\/uploads\/2025\/05\/8-17-scaled.webp","contentUrl":"https:\/\/www.traveltogetherinmorocco.com\/wp-content\/uploads\/2025\/05\/8-17-scaled.webp","width":2560,"height":1798},{"@type":"BreadcrumbList","@id":"https:\/\/www.traveltogetherinmorocco.com\/producto\/2-day-sahara-desert-tour-from-fes\/#breadcrumb","itemListElement":[{"@type":"ListItem","position":1,"name":"Home","item":"https:\/\/www.traveltogetherinmorocco.com\/es\/"},{"@type":"ListItem","position":2,"name":"Products","item":"https:\/\/www.traveltogetherinmorocco.com\/shop\/"},{"@type":"ListItem","position":3,"name":"Tour de 2 d\u00edas al desierto del Sahara desde Fez"}]},{"@type":"WebSite","@id":"https:\/\/www.traveltogetherinmorocco.com\/#website","url":"https:\/\/www.traveltogetherinmorocco.com\/","name":"travel together in morocco","description":"Authentic Tours Across Morocco, Together with Local Experts","publisher":{"@id":"https:\/\/www.traveltogetherinmorocco.com\/#organization"},"potentialAction":[{"@type":"SearchAction","target":{"@type":"EntryPoint","urlTemplate":"https:\/\/www.traveltogetherinmorocco.com\/?s={search_term_string}"},"query-input":{"@type":"PropertyValueSpecification","valueRequired":true,"valueName":"search_term_string"}}],"inLanguage":"es"},{"@type":"Organization","@id":"https:\/\/www.traveltogetherinmorocco.com\/#organization","name":"travel together in morocco","url":"https:\/\/www.traveltogetherinmorocco.com\/","logo":{"@type":"ImageObject","inLanguage":"es","@id":"https:\/\/www.traveltogetherinmorocco.com\/#\/schema\/logo\/image\/","url":"https:\/\/www.traveltogetherinmorocco.com\/wp-content\/uploads\/2025\/06\/cropped-favicon.png","contentUrl":"https:\/\/www.traveltogetherinmorocco.com\/wp-content\/uploads\/2025\/06\/cropped-favicon.png","width":512,"height":512,"caption":"travel together in morocco"},"image":{"@id":"https:\/\/www.traveltogetherinmorocco.com\/#\/schema\/logo\/image\/"},"sameAs":["https:\/\/www.facebook.com\/azizindesert?rdid=AM85IAprjCTIUGCP&share_url=httpswww.facebook.comshare16PbxaT6ga","https:\/\/www.instagram.com\/travel_together_in_morocco\/"]}]}},"_links":{"self":[{"href":"https:\/\/www.traveltogetherinmorocco.com\/es\/wp-json\/wp\/v2\/product\/11004","targetHints":{"allow":["GET"]}}],"collection":[{"href":"https:\/\/www.traveltogetherinmorocco.com\/es\/wp-json\/wp\/v2\/product"}],"about":[{"href":"https:\/\/www.traveltogetherinmorocco.com\/es\/wp-json\/wp\/v2\/types\/product"}],"replies":[{"embeddable":true,"href":"https:\/\/www.traveltogetherinmorocco.com\/es\/wp-json\/wp\/v2\/comments?post=11004"}],"wp:featuredmedia":[{"embeddable":true,"href":"https:\/\/www.traveltogetherinmorocco.com\/es\/wp-json\/wp\/v2\/media\/2777"}],"wp:attachment":[{"href":"https:\/\/www.traveltogetherinmorocco.com\/es\/wp-json\/wp\/v2\/media?parent=11004"}],"wp:term":[{"taxonomy":"product_brand","embeddable":true,"href":"https:\/\/www.traveltogetherinmorocco.com\/es\/wp-json\/wp\/v2\/product_brand?post=11004"},{"taxonomy":"product_cat","embeddable":true,"href":"https:\/\/www.traveltogetherinmorocco.com\/es\/wp-json\/wp\/v2\/product_cat?post=11004"},{"taxonomy":"product_tag","embeddable":true,"href":"https:\/\/www.traveltogetherinmorocco.com\/es\/wp-json\/wp\/v2\/product_tag?post=11004"}],"curies":[{"name":"wp","href":"https:\/\/api.w.org\/{rel}","templated":true}]}}