{"id":11009,"date":"2025-06-18T12:00:51","date_gmt":"2025-06-18T12:00:51","guid":{"rendered":"https:\/\/www.traveltogetherinmorocco.com\/product\/14-day-grand-morocco-tour-departing-from-casablanca\/"},"modified":"2025-06-20T12:39:55","modified_gmt":"2025-06-20T12:39:55","slug":"gran-tour-de-marruecos-de-14-dias-con-salida-desde-casablanca","status":"publish","type":"product","link":"https:\/\/www.traveltogetherinmorocco.com\/es\/producto\/gran-tour-de-marruecos-de-14-dias-con-salida-desde-casablanca\/","title":{"rendered":"Gran tour de Marruecos de 14 d\u00edas con salida desde Casablanca"},"content":{"rendered":"<h2>Descripci\u00f3n general:<\/h2>\n<p data-start=\"64\" data-end=\"446\">Emb\u00e1rcate en una <strong data-start=\"81\" data-end=\"118\">inolvidable aventura de 2 semanas<\/strong> con nuestro cuidadosamente dise\u00f1ado <strong data-start=\"155\" data-end=\"193\">Itinerario de Marruecos en 14 d\u00edas<\/strong>. Este viaje inmersivo revela los <strong data-start=\"227\" data-end=\"251\">pueblos encantadores<\/strong> y los <strong data-start=\"258\" data-end=\"285\">paisajes impresionantes<\/strong> que hacen de Marruecos un destino verdaderamente m\u00e1gico. Desde tu llegada, quedar\u00e1s cautivado por sus <strong data-start=\"388\" data-end=\"410\">ciudades vibrantes<\/strong> y su <strong data-start=\"416\" data-end=\"445\">escenario natural diverso<\/strong>.<\/p>\n<p data-start=\"448\" data-end=\"759\">Pasea por los <strong data-start=\"462\" data-end=\"511\">encantadores callejones azules de Chefchaouen<\/strong>, donde cada rinc\u00f3n cuenta historias de <strong data-start=\"551\" data-end=\"568\">rica herencia<\/strong> y <strong data-start=\"571\" data-end=\"592\">belleza atemporal<\/strong>. Pi\u00e9rdete en los <strong data-start=\"610\" data-end=\"641\">mercados bulliciosos de Fez<\/strong>, explorando los <strong data-start=\"658\" data-end=\"702\">estrechos pasadizos de su antigua medina<\/strong> mientras saboreas los <strong data-start=\"725\" data-end=\"758\">deliciosos sabores marroqu\u00edes<\/strong>.<\/p>\n<p data-start=\"761\" data-end=\"1206\">Tu aventura contin\u00faa en lo profundo del <strong data-start=\"801\" data-end=\"824\">desierto del Sahara<\/strong>, donde los <strong data-start=\"836\" data-end=\"866\">atardeceres impresionantes<\/strong> y un <strong data-start=\"872\" data-end=\"892\">cielo estrellado<\/strong> crean recuerdos eternos. Disfruta de un <strong data-start=\"933\" data-end=\"977\">paseo en camello sobre las dunas doradas<\/strong>, abrazando la <strong data-start=\"992\" data-end=\"1026\">inmensidad serena del desierto<\/strong>. Cada d\u00eda de estas 2 semanas en Marruecos revela un nuevo cap\u00edtulo de <strong data-start=\"1097\" data-end=\"1124\">descubrimiento cultural<\/strong>, desde las <strong data-start=\"1136\" data-end=\"1167\">r\u00fasticas Monta\u00f1as del Atlas<\/strong> hasta <strong data-start=\"1174\" data-end=\"1205\">tranquilos pueblos costeros<\/strong>.<\/p>\n<p data-start=\"1208\" data-end=\"1565\">Vive la mezcla perfecta entre <strong data-start=\"1238\" data-end=\"1266\">tradici\u00f3n y vida moderna<\/strong> en <strong data-start=\"1270\" data-end=\"1283\">Marrakech<\/strong>, mientras descubres <strong data-start=\"1304\" data-end=\"1323\">tesoros ocultos<\/strong>, te mezclas con los <strong data-start=\"1344\" data-end=\"1377\">locales en los animados zocos<\/strong>, y exploras <strong data-start=\"1390\" data-end=\"1411\">palacios antiguos<\/strong>. Este <strong data-start=\"1418\" data-end=\"1447\">itinerario de dos semanas<\/strong> ofrece un rico tapiz de <strong data-start=\"1472\" data-end=\"1517\">paisajes, sonidos y momentos inolvidables<\/strong> que muestran el <strong data-start=\"1534\" data-end=\"1564\">encanto \u00fanico de Marruecos<\/strong>.<\/p>\n<h2 data-start=\"139\" data-end=\"422\">Aspectos destacados del tour:<\/h2>\n<ul>\n<li data-start=\"1436\" data-end=\"1515\"><span class=\"_fadeIn_m1hgl_8\">Marvel <\/span><span class=\"_fadeIn_m1hgl_8\">at <\/span><span class=\"_fadeIn_m1hgl_8\">the <\/span><span class=\"_fadeIn_m1hgl_8\">architectural <\/span><span class=\"_fadeIn_m1hgl_8\">masterpiece <\/span><span class=\"_fadeIn_m1hgl_8\">of <\/span><span class=\"_fadeIn_m1hgl_8\">the <\/span><span class=\"_fadeIn_m1hgl_8\">Hassan <\/span><span class=\"_fadeIn_m1hgl_8\">II <\/span><span class=\"_fadeIn_m1hgl_8\">Mosque <\/span><span class=\"_fadeIn_m1hgl_8\">in <\/span><span class=\"_fadeIn_m1hgl_8\">Casablanca<\/span><\/li>\n<li data-start=\"1518\" data-end=\"1571\"><span class=\"_fadeIn_m1hgl_8\">Discover <\/span><span class=\"_fadeIn_m1hgl_8\">the <\/span><span class=\"_fadeIn_m1hgl_8\">scenic <\/span><span class=\"_fadeIn_m1hgl_8\">allure <\/span><span class=\"_fadeIn_m1hgl_8\">of <\/span><span class=\"_fadeIn_m1hgl_8\">Mediterranean <\/span><span class=\"_fadeIn_m1hgl_8\">beaches<\/span><\/li>\n<li data-start=\"1574\" data-end=\"1627\"><span class=\"_fadeIn_m1hgl_8\">Explore <\/span><span class=\"_fadeIn_m1hgl_8\">the <\/span><span class=\"_fadeIn_m1hgl_8\">captivating <\/span><span class=\"_fadeIn_m1hgl_8\">blue <\/span><span class=\"_fadeIn_m1hgl_8\">streets <\/span><span class=\"_fadeIn_m1hgl_8\">of <\/span><span class=\"_fadeIn_m1hgl_8\">Chefchaouen<\/span><\/li>\n<li data-start=\"1630\" data-end=\"1697\"><span class=\"_fadeIn_m1hgl_8\">Walk <\/span><span class=\"_fadeIn_m1hgl_8\">through <\/span><span class=\"_fadeIn_m1hgl_8\">the <\/span><span class=\"_fadeIn_m1hgl_8\">ancient <\/span><span class=\"_fadeIn_m1hgl_8\">ruins <\/span><span class=\"_fadeIn_m1hgl_8\">of <\/span><span class=\"_fadeIn_m1hgl_8\">Volubilis <\/span><span class=\"_fadeIn_m1hgl_8\">and <\/span><span class=\"_fadeIn_m1hgl_8\">step <\/span><span class=\"_fadeIn_m1hgl_8\">back <\/span><span class=\"_fadeIn_m1hgl_8\">in <\/span><span class=\"_fadeIn_m1hgl_8\">time<\/span><\/li>\n<li data-start=\"1700\" data-end=\"1756\"><span class=\"_fadeIn_m1hgl_8\">Navigate <\/span><span class=\"_fadeIn_m1hgl_8\">the <\/span><span class=\"_fadeIn_m1hgl_8\">intricate <\/span><span class=\"_fadeIn_m1hgl_8\">and <\/span><span class=\"_fadeIn_m1hgl_8\">vibrant <\/span><span class=\"_fadeIn_m1hgl_8\">lanes <\/span><span class=\"_fadeIn_m1hgl_8\">of <\/span><span class=\"_fadeIn_m1hgl_8\">Fes <\/span><span class=\"_fadeIn_m1hgl_8\">Medina<\/span><\/li>\n<li data-start=\"1759\" data-end=\"1825\"><span class=\"_fadeIn_m1hgl_8\">Experience <\/span><span class=\"_fadeIn_m1hgl_8\">a <\/span><span class=\"_fadeIn_m1hgl_8\">memorable <\/span><span class=\"_fadeIn_m1hgl_8\">camel <\/span><span class=\"_fadeIn_m1hgl_8\">ride <\/span><span class=\"_fadeIn_m1hgl_8\">across <\/span><span class=\"_fadeIn_m1hgl_8\">the <\/span><span class=\"_fadeIn_m1hgl_8\">Sahara <\/span><span class=\"_fadeIn_m1hgl_8\">Desert <\/span><span class=\"_fadeIn_m1hgl_8\">dunes<\/span><\/li>\n<li data-start=\"1828\" data-end=\"1893\"><span class=\"_fadeIn_m1hgl_8\">Spend <\/span><span class=\"_fadeIn_m1hgl_8\">a <\/span><span class=\"_fadeIn_m1hgl_8\">magical <\/span><span class=\"_fadeIn_m1hgl_8\">night <\/span><span class=\"_fadeIn_m1hgl_8\">sleeping <\/span><span class=\"_fadeIn_m1hgl_8\">under <\/span><span class=\"_fadeIn_m1hgl_8\">the <\/span><span class=\"_fadeIn_m1hgl_8\">stars <\/span><span class=\"_fadeIn_m1hgl_8\">in <\/span><span class=\"_fadeIn_m1hgl_8\">a <\/span><span class=\"_fadeIn_m1hgl_8\">desert <\/span><span class=\"_fadeIn_m1hgl_8\">camp<\/span><\/li>\n<li data-start=\"1896\" data-end=\"1960\"><span class=\"_fadeIn_m1hgl_8\">Wander <\/span><span class=\"_fadeIn_m1hgl_8\">the <\/span><span class=\"_fadeIn_m1hgl_8\">stunning <\/span><span class=\"_fadeIn_m1hgl_8\">Todra <\/span><span class=\"_fadeIn_m1hgl_8\">Canyon <\/span><span class=\"_fadeIn_m1hgl_8\">surrounded <\/span><span class=\"_fadeIn_m1hgl_8\">by <\/span><span class=\"_fadeIn_m1hgl_8\">dramatic <\/span><span class=\"_fadeIn_m1hgl_8\">cliffs<\/span><\/li>\n<li data-start=\"1963\" data-end=\"2029\"><span class=\"_fadeIn_m1hgl_8\">Take <\/span><span class=\"_fadeIn_m1hgl_8\">in <\/span><span class=\"_fadeIn_m1hgl_8\">the <\/span><span class=\"_fadeIn_m1hgl_8\">expansive <\/span><span class=\"_fadeIn_m1hgl_8\">views <\/span><span class=\"_fadeIn_m1hgl_8\">of <\/span><span class=\"_fadeIn_m1hgl_8\">the <\/span><span class=\"_fadeIn_m1hgl_8\">majestic <\/span><span class=\"_fadeIn_m1hgl_8\">High <\/span><span class=\"_fadeIn_m1hgl_8\">Atlas <\/span><span class=\"_fadeIn_m1hgl_8\">Mountains<\/span><\/li>\n<li data-start=\"2032\" data-end=\"2112\"><span class=\"_fadeIn_m1hgl_8\">Immerse <\/span><span class=\"_fadeIn_m1hgl_8\">yourself <\/span><span class=\"_fadeIn_m1hgl_8\">in <\/span><span class=\"_fadeIn_m1hgl_8\">the <\/span><span class=\"_fadeIn_m1hgl_8\">colorful <\/span><span class=\"_fadeIn_m1hgl_8\">atmosphere <\/span><span class=\"_fadeIn_m1hgl_8\">of <\/span><span class=\"_fadeIn_m1hgl_8\">Marrakech\u2019s <\/span><span class=\"_fadeIn_m1hgl_8\">markets <\/span><span class=\"_fadeIn_m1hgl_8\">and <\/span><span class=\"_fadeIn_m1hgl_8\">streets<\/span><\/li>\n<li data-start=\"2115\" data-end=\"2181\"><span class=\"_fadeIn_m1hgl_8\">Enjoy <\/span><span class=\"_fadeIn_m1hgl_8\">the <\/span><span class=\"_fadeIn_m1hgl_8\">coastal <\/span><span class=\"_fadeIn_m1hgl_8\">charm <\/span><span class=\"_fadeIn_m1hgl_8\">and <\/span><span class=\"_fadeIn_m1hgl_8\">relaxed <\/span><span class=\"_fadeIn_m1hgl_8\">vibe <\/span><span class=\"_fadeIn_m1hgl_8\">of <\/span><span class=\"_fadeIn_m1hgl_8\">Essaouira <\/span><span class=\"_fadeIn_m1hgl_8\">by <\/span><span class=\"_fadeIn_m1hgl_8\">the <\/span><span class=\"_fadeIn_m1hgl_8\">sea<\/span><\/li>\n<\/ul>\n","protected":false},"excerpt":{"rendered":"<p>Descripci\u00f3n general: Emb\u00e1rcate en una inolvidable aventura de 2 semanas con nuestro cuidadosamente dise\u00f1ado Itinerario de Marruecos en 14 d\u00edas. Este viaje inmersivo revela los pueblos encantadores y los paisajes impresionantes que hacen de Marruecos un destino verdaderamente m\u00e1gico. Desde tu llegada, quedar\u00e1s cautivado por sus ciudades vibrantes y su escenario natural diverso. Pasea por [&hellip;]<\/p>\n","protected":false},"featured_media":2810,"comment_status":"open","ping_status":"closed","template":"","meta":[],"product_brand":[],"product_cat":[213,214,215],"product_tag":[],"class_list":{"0":"post-11009","1":"product","2":"type-product","3":"status-publish","4":"has-post-thumbnail","6":"product_cat-casablanca-es","7":"product_cat-luxury-tours-es","8":"product_cat-morocco-desert-tours-es","10":"first","11":"instock","12":"shipping-taxable","13":"product-type-ovabrw_car_rental"},"yoast_head":"<!-- This site is optimized with the Yoast SEO plugin v27.4 - https:\/\/yoast.com\/product\/yoast-seo-wordpress\/ -->\n<title>Gran tour de Marruecos de 14 d\u00edas con salida desde Casablanca - travel together in morocco<\/title>\n<meta name=\"robots\" content=\"index, follow, max-snippet:-1, max-image-preview:large, max-video-preview:-1\" \/>\n<link rel=\"canonical\" href=\"https:\/\/www.traveltogetherinmorocco.com\/producto\/14-day-grand-morocco-tour-departing-from-casablanca\/\" \/>\n<meta property=\"og:locale\" content=\"es_ES\" \/>\n<meta property=\"og:type\" content=\"article\" \/>\n<meta property=\"og:title\" content=\"Gran tour de Marruecos de 14 d\u00edas con salida desde Casablanca - travel together in morocco\" \/>\n<meta property=\"og:description\" content=\"Descripci\u00f3n general: Emb\u00e1rcate en una inolvidable aventura de 2 semanas con nuestro cuidadosamente dise\u00f1ado Itinerario de Marruecos en 14 d\u00edas. Este viaje inmersivo revela los pueblos encantadores y los paisajes impresionantes que hacen de Marruecos un destino verdaderamente m\u00e1gico. Desde tu llegada, quedar\u00e1s cautivado por sus ciudades vibrantes y su escenario natural diverso. Pasea por [&hellip;]\" \/>\n<meta property=\"og:url\" content=\"https:\/\/www.traveltogetherinmorocco.com\/producto\/14-day-grand-morocco-tour-departing-from-casablanca\/\" \/>\n<meta property=\"og:site_name\" content=\"travel together in morocco\" \/>\n<meta property=\"article:publisher\" content=\"https:\/\/www.facebook.com\/azizindesert?rdid=AM85IAprjCTIUGCP&amp;share_url=httpswww.facebook.comshare16PbxaT6ga\" \/>\n<meta property=\"article:modified_time\" content=\"2025-06-20T12:39:55+00:00\" \/>\n<meta property=\"og:image\" content=\"https:\/\/www.traveltogetherinmorocco.com\/wp-content\/uploads\/2025\/05\/14-2-scaled.webp\" \/>\n\t<meta property=\"og:image:width\" content=\"2560\" \/>\n\t<meta property=\"og:image:height\" content=\"1798\" \/>\n\t<meta property=\"og:image:type\" content=\"image\/webp\" \/>\n<meta name=\"twitter:card\" content=\"summary_large_image\" \/>\n<meta name=\"twitter:label1\" content=\"Tiempo de lectura\" \/>\n\t<meta name=\"twitter:data1\" content=\"2 minutos\" \/>\n<script type=\"application\/ld+json\" class=\"yoast-schema-graph\">{\"@context\":\"https:\\\/\\\/schema.org\",\"@graph\":[{\"@type\":\"WebPage\",\"@id\":\"https:\\\/\\\/www.traveltogetherinmorocco.com\\\/producto\\\/14-day-grand-morocco-tour-departing-from-casablanca\\\/\",\"url\":\"https:\\\/\\\/www.traveltogetherinmorocco.com\\\/producto\\\/14-day-grand-morocco-tour-departing-from-casablanca\\\/\",\"name\":\"Gran tour de Marruecos de 14 d\u00edas con salida desde Casablanca - travel together in morocco\",\"isPartOf\":{\"@id\":\"https:\\\/\\\/www.traveltogetherinmorocco.com\\\/#website\"},\"primaryImageOfPage\":{\"@id\":\"https:\\\/\\\/www.traveltogetherinmorocco.com\\\/producto\\\/14-day-grand-morocco-tour-departing-from-casablanca\\\/#primaryimage\"},\"image\":{\"@id\":\"https:\\\/\\\/www.traveltogetherinmorocco.com\\\/producto\\\/14-day-grand-morocco-tour-departing-from-casablanca\\\/#primaryimage\"},\"thumbnailUrl\":\"https:\\\/\\\/www.traveltogetherinmorocco.com\\\/wp-content\\\/uploads\\\/2025\\\/05\\\/14-2-scaled.webp\",\"datePublished\":\"2025-06-18T12:00:51+00:00\",\"dateModified\":\"2025-06-20T12:39:55+00:00\",\"breadcrumb\":{\"@id\":\"https:\\\/\\\/www.traveltogetherinmorocco.com\\\/producto\\\/14-day-grand-morocco-tour-departing-from-casablanca\\\/#breadcrumb\"},\"inLanguage\":\"es\",\"potentialAction\":[{\"@type\":\"ReadAction\",\"target\":[\"https:\\\/\\\/www.traveltogetherinmorocco.com\\\/producto\\\/14-day-grand-morocco-tour-departing-from-casablanca\\\/\"]}]},{\"@type\":\"ImageObject\",\"inLanguage\":\"es\",\"@id\":\"https:\\\/\\\/www.traveltogetherinmorocco.com\\\/producto\\\/14-day-grand-morocco-tour-departing-from-casablanca\\\/#primaryimage\",\"url\":\"https:\\\/\\\/www.traveltogetherinmorocco.com\\\/wp-content\\\/uploads\\\/2025\\\/05\\\/14-2-scaled.webp\",\"contentUrl\":\"https:\\\/\\\/www.traveltogetherinmorocco.com\\\/wp-content\\\/uploads\\\/2025\\\/05\\\/14-2-scaled.webp\",\"width\":2560,\"height\":1798},{\"@type\":\"BreadcrumbList\",\"@id\":\"https:\\\/\\\/www.traveltogetherinmorocco.com\\\/producto\\\/14-day-grand-morocco-tour-departing-from-casablanca\\\/#breadcrumb\",\"itemListElement\":[{\"@type\":\"ListItem\",\"position\":1,\"name\":\"Home\",\"item\":\"https:\\\/\\\/www.traveltogetherinmorocco.com\\\/es\\\/\"},{\"@type\":\"ListItem\",\"position\":2,\"name\":\"Products\",\"item\":\"https:\\\/\\\/www.traveltogetherinmorocco.com\\\/shop\\\/\"},{\"@type\":\"ListItem\",\"position\":3,\"name\":\"Gran tour de Marruecos de 14 d\u00edas con salida desde Casablanca\"}]},{\"@type\":\"WebSite\",\"@id\":\"https:\\\/\\\/www.traveltogetherinmorocco.com\\\/#website\",\"url\":\"https:\\\/\\\/www.traveltogetherinmorocco.com\\\/\",\"name\":\"travel together in morocco\",\"description\":\"Authentic Tours Across Morocco, Together with Local Experts\",\"publisher\":{\"@id\":\"https:\\\/\\\/www.traveltogetherinmorocco.com\\\/#organization\"},\"potentialAction\":[{\"@type\":\"SearchAction\",\"target\":{\"@type\":\"EntryPoint\",\"urlTemplate\":\"https:\\\/\\\/www.traveltogetherinmorocco.com\\\/?s={search_term_string}\"},\"query-input\":{\"@type\":\"PropertyValueSpecification\",\"valueRequired\":true,\"valueName\":\"search_term_string\"}}],\"inLanguage\":\"es\"},{\"@type\":\"Organization\",\"@id\":\"https:\\\/\\\/www.traveltogetherinmorocco.com\\\/#organization\",\"name\":\"travel together in morocco\",\"url\":\"https:\\\/\\\/www.traveltogetherinmorocco.com\\\/\",\"logo\":{\"@type\":\"ImageObject\",\"inLanguage\":\"es\",\"@id\":\"https:\\\/\\\/www.traveltogetherinmorocco.com\\\/#\\\/schema\\\/logo\\\/image\\\/\",\"url\":\"https:\\\/\\\/www.traveltogetherinmorocco.com\\\/wp-content\\\/uploads\\\/2025\\\/06\\\/cropped-favicon.png\",\"contentUrl\":\"https:\\\/\\\/www.traveltogetherinmorocco.com\\\/wp-content\\\/uploads\\\/2025\\\/06\\\/cropped-favicon.png\",\"width\":512,\"height\":512,\"caption\":\"travel together in morocco\"},\"image\":{\"@id\":\"https:\\\/\\\/www.traveltogetherinmorocco.com\\\/#\\\/schema\\\/logo\\\/image\\\/\"},\"sameAs\":[\"https:\\\/\\\/www.facebook.com\\\/azizindesert?rdid=AM85IAprjCTIUGCP&share_url=httpswww.facebook.comshare16PbxaT6ga\",\"https:\\\/\\\/www.instagram.com\\\/travel_together_in_morocco\\\/\"]}]}<\/script>\n<!-- \/ Yoast SEO plugin. -->","yoast_head_json":{"title":"Gran tour de Marruecos de 14 d\u00edas con salida desde Casablanca - travel together in morocco","robots":{"index":"index","follow":"follow","max-snippet":"max-snippet:-1","max-image-preview":"max-image-preview:large","max-video-preview":"max-video-preview:-1"},"canonical":"https:\/\/www.traveltogetherinmorocco.com\/producto\/14-day-grand-morocco-tour-departing-from-casablanca\/","og_locale":"es_ES","og_type":"article","og_title":"Gran tour de Marruecos de 14 d\u00edas con salida desde Casablanca - travel together in morocco","og_description":"Descripci\u00f3n general: Emb\u00e1rcate en una inolvidable aventura de 2 semanas con nuestro cuidadosamente dise\u00f1ado Itinerario de Marruecos en 14 d\u00edas. Este viaje inmersivo revela los pueblos encantadores y los paisajes impresionantes que hacen de Marruecos un destino verdaderamente m\u00e1gico. Desde tu llegada, quedar\u00e1s cautivado por sus ciudades vibrantes y su escenario natural diverso. Pasea por [&hellip;]","og_url":"https:\/\/www.traveltogetherinmorocco.com\/producto\/14-day-grand-morocco-tour-departing-from-casablanca\/","og_site_name":"travel together in morocco","article_publisher":"https:\/\/www.facebook.com\/azizindesert?rdid=AM85IAprjCTIUGCP&share_url=httpswww.facebook.comshare16PbxaT6ga","article_modified_time":"2025-06-20T12:39:55+00:00","og_image":[{"width":2560,"height":1798,"url":"https:\/\/www.traveltogetherinmorocco.com\/wp-content\/uploads\/2025\/05\/14-2-scaled.webp","type":"image\/webp"}],"twitter_card":"summary_large_image","twitter_misc":{"Tiempo de lectura":"2 minutos"},"schema":{"@context":"https:\/\/schema.org","@graph":[{"@type":"WebPage","@id":"https:\/\/www.traveltogetherinmorocco.com\/producto\/14-day-grand-morocco-tour-departing-from-casablanca\/","url":"https:\/\/www.traveltogetherinmorocco.com\/producto\/14-day-grand-morocco-tour-departing-from-casablanca\/","name":"Gran tour de Marruecos de 14 d\u00edas con salida desde Casablanca - travel together in morocco","isPartOf":{"@id":"https:\/\/www.traveltogetherinmorocco.com\/#website"},"primaryImageOfPage":{"@id":"https:\/\/www.traveltogetherinmorocco.com\/producto\/14-day-grand-morocco-tour-departing-from-casablanca\/#primaryimage"},"image":{"@id":"https:\/\/www.traveltogetherinmorocco.com\/producto\/14-day-grand-morocco-tour-departing-from-casablanca\/#primaryimage"},"thumbnailUrl":"https:\/\/www.traveltogetherinmorocco.com\/wp-content\/uploads\/2025\/05\/14-2-scaled.webp","datePublished":"2025-06-18T12:00:51+00:00","dateModified":"2025-06-20T12:39:55+00:00","breadcrumb":{"@id":"https:\/\/www.traveltogetherinmorocco.com\/producto\/14-day-grand-morocco-tour-departing-from-casablanca\/#breadcrumb"},"inLanguage":"es","potentialAction":[{"@type":"ReadAction","target":["https:\/\/www.traveltogetherinmorocco.com\/producto\/14-day-grand-morocco-tour-departing-from-casablanca\/"]}]},{"@type":"ImageObject","inLanguage":"es","@id":"https:\/\/www.traveltogetherinmorocco.com\/producto\/14-day-grand-morocco-tour-departing-from-casablanca\/#primaryimage","url":"https:\/\/www.traveltogetherinmorocco.com\/wp-content\/uploads\/2025\/05\/14-2-scaled.webp","contentUrl":"https:\/\/www.traveltogetherinmorocco.com\/wp-content\/uploads\/2025\/05\/14-2-scaled.webp","width":2560,"height":1798},{"@type":"BreadcrumbList","@id":"https:\/\/www.traveltogetherinmorocco.com\/producto\/14-day-grand-morocco-tour-departing-from-casablanca\/#breadcrumb","itemListElement":[{"@type":"ListItem","position":1,"name":"Home","item":"https:\/\/www.traveltogetherinmorocco.com\/es\/"},{"@type":"ListItem","position":2,"name":"Products","item":"https:\/\/www.traveltogetherinmorocco.com\/shop\/"},{"@type":"ListItem","position":3,"name":"Gran tour de Marruecos de 14 d\u00edas con salida desde Casablanca"}]},{"@type":"WebSite","@id":"https:\/\/www.traveltogetherinmorocco.com\/#website","url":"https:\/\/www.traveltogetherinmorocco.com\/","name":"travel together in morocco","description":"Authentic Tours Across Morocco, Together with Local Experts","publisher":{"@id":"https:\/\/www.traveltogetherinmorocco.com\/#organization"},"potentialAction":[{"@type":"SearchAction","target":{"@type":"EntryPoint","urlTemplate":"https:\/\/www.traveltogetherinmorocco.com\/?s={search_term_string}"},"query-input":{"@type":"PropertyValueSpecification","valueRequired":true,"valueName":"search_term_string"}}],"inLanguage":"es"},{"@type":"Organization","@id":"https:\/\/www.traveltogetherinmorocco.com\/#organization","name":"travel together in morocco","url":"https:\/\/www.traveltogetherinmorocco.com\/","logo":{"@type":"ImageObject","inLanguage":"es","@id":"https:\/\/www.traveltogetherinmorocco.com\/#\/schema\/logo\/image\/","url":"https:\/\/www.traveltogetherinmorocco.com\/wp-content\/uploads\/2025\/06\/cropped-favicon.png","contentUrl":"https:\/\/www.traveltogetherinmorocco.com\/wp-content\/uploads\/2025\/06\/cropped-favicon.png","width":512,"height":512,"caption":"travel together in morocco"},"image":{"@id":"https:\/\/www.traveltogetherinmorocco.com\/#\/schema\/logo\/image\/"},"sameAs":["https:\/\/www.facebook.com\/azizindesert?rdid=AM85IAprjCTIUGCP&share_url=httpswww.facebook.comshare16PbxaT6ga","https:\/\/www.instagram.com\/travel_together_in_morocco\/"]}]}},"_links":{"self":[{"href":"https:\/\/www.traveltogetherinmorocco.com\/es\/wp-json\/wp\/v2\/product\/11009","targetHints":{"allow":["GET"]}}],"collection":[{"href":"https:\/\/www.traveltogetherinmorocco.com\/es\/wp-json\/wp\/v2\/product"}],"about":[{"href":"https:\/\/www.traveltogetherinmorocco.com\/es\/wp-json\/wp\/v2\/types\/product"}],"replies":[{"embeddable":true,"href":"https:\/\/www.traveltogetherinmorocco.com\/es\/wp-json\/wp\/v2\/comments?post=11009"}],"wp:featuredmedia":[{"embeddable":true,"href":"https:\/\/www.traveltogetherinmorocco.com\/es\/wp-json\/wp\/v2\/media\/2810"}],"wp:attachment":[{"href":"https:\/\/www.traveltogetherinmorocco.com\/es\/wp-json\/wp\/v2\/media?parent=11009"}],"wp:term":[{"taxonomy":"product_brand","embeddable":true,"href":"https:\/\/www.traveltogetherinmorocco.com\/es\/wp-json\/wp\/v2\/product_brand?post=11009"},{"taxonomy":"product_cat","embeddable":true,"href":"https:\/\/www.traveltogetherinmorocco.com\/es\/wp-json\/wp\/v2\/product_cat?post=11009"},{"taxonomy":"product_tag","embeddable":true,"href":"https:\/\/www.traveltogetherinmorocco.com\/es\/wp-json\/wp\/v2\/product_tag?post=11009"}],"curies":[{"name":"wp","href":"https:\/\/api.w.org\/{rel}","templated":true}]}}