{"id":11011,"date":"2025-06-18T11:40:12","date_gmt":"2025-06-18T11:40:12","guid":{"rendered":"https:\/\/www.traveltogetherinmorocco.com\/product\/12-day-morocco-tour-from-casablanca-via-chefchaouen\/"},"modified":"2025-06-20T12:48:43","modified_gmt":"2025-06-20T12:48:43","slug":"tour-de-12-dias-por-marruecos-desde-casablanca-via-chefchaouen","status":"publish","type":"product","link":"https:\/\/www.traveltogetherinmorocco.com\/es\/producto\/tour-de-12-dias-por-marruecos-desde-casablanca-via-chefchaouen\/","title":{"rendered":"Tour de 12 d\u00edas por Marruecos desde Casablanca v\u00eda Chefchaouen"},"content":{"rendered":"<h2>Descripci\u00f3n general:<\/h2>\n<p data-start=\"64\" data-end=\"375\">Emb\u00e1rcate en un <strong data-start=\"80\" data-end=\"131\">inolvidable itinerario de 12 d\u00edas por Marruecos<\/strong> que revela el rico tapiz de este pa\u00eds encantador. Saborea los <strong data-start=\"194\" data-end=\"214\">sabores diversos<\/strong> y la <strong data-start=\"220\" data-end=\"241\">herencia cultural<\/strong> de Marruecos mientras viajas desde los impresionantes <strong data-start=\"296\" data-end=\"332\">callejones azules de Chefchaouen<\/strong> hasta los bulliciosos <strong data-start=\"355\" data-end=\"374\">mercados de Fez<\/strong>.<\/p>\n<p data-start=\"377\" data-end=\"681\">Explora el majestuoso <strong data-start=\"399\" data-end=\"422\">desierto del Sahara<\/strong> con <strong data-start=\"427\" data-end=\"461\">paseos inolvidables en camello<\/strong>, <strong data-start=\"463\" data-end=\"483\">dunas imponentes<\/strong> y <strong data-start=\"486\" data-end=\"516\">atardeceres impresionantes<\/strong> que permanecer\u00e1n contigo para siempre. Cada d\u00eda atraviesa paisajes variados \u2014 desde las imponentes <strong data-start=\"616\" data-end=\"638\">Monta\u00f1as del Atlas<\/strong> hasta los tranquilos <strong data-start=\"660\" data-end=\"680\">pueblos costeros<\/strong>.<\/p>\n<p data-start=\"683\" data-end=\"1129\">Descubre la vibrante fusi\u00f3n de <strong data-start=\"714\" data-end=\"755\">tradici\u00f3n y vida moderna en Marrakech<\/strong>, paseando por sus <strong data-start=\"774\" data-end=\"792\">animados zocos<\/strong>, <strong data-start=\"794\" data-end=\"815\">antiguos palacios<\/strong> y tesoros escondidos mientras te conectas con los locales. Disfruta de vistas panor\u00e1micas, experimenta la <strong data-start=\"922\" data-end=\"947\">hospitalidad marroqu\u00ed<\/strong> y marav\u00edllate con las <strong data-start=\"970\" data-end=\"1000\">maravillas arquitect\u00f3nicas<\/strong>. Este tour de 12 d\u00edas promete una rica mezcla de <strong data-start=\"1050\" data-end=\"1077\">descubrimiento cultural<\/strong>, <strong data-start=\"1079\" data-end=\"1098\">belleza natural<\/strong> y recuerdos para toda la vida.<\/p>\n<h2 data-start=\"139\" data-end=\"422\">Aspectos destacados del tour:<\/h2>\n<ul>\n<li data-start=\"64\" data-end=\"183\">Admira la <strong data-start=\"74\" data-end=\"105\">obra maestra arquitect\u00f3nica<\/strong> de la <strong data-start=\"112\" data-end=\"134\">Mezquita Hassan II<\/strong> en Casablanca, un s\u00edmbolo del <strong data-start=\"165\" data-end=\"182\">arte marroqu\u00ed<\/strong>.<\/li>\n<li data-start=\"185\" data-end=\"293\">Rel\u00e1jate y explora las <strong data-start=\"208\" data-end=\"242\">encantadoras playas atl\u00e1nticas<\/strong>, donde las <strong data-start=\"254\" data-end=\"292\">olas cuentan historias atemporales<\/strong>.<\/li>\n<li data-start=\"295\" data-end=\"417\">Pasea por las <strong data-start=\"309\" data-end=\"359\">calles tranquilas y fotog\u00e9nicas de Chefchaouen<\/strong>, una ciudad conocida por sus <strong data-start=\"389\" data-end=\"416\">ic\u00f3nicas paredes azules<\/strong>.<\/li>\n<li data-start=\"419\" data-end=\"519\">Retrocede en el tiempo entre las <strong data-start=\"452\" data-end=\"484\">antiguas ruinas de Volubilis<\/strong>, llenas de <strong data-start=\"496\" data-end=\"518\">historia y encanto<\/strong>.<\/li>\n<li data-start=\"521\" data-end=\"640\">Pi\u00e9rdete en los <strong data-start=\"537\" data-end=\"584\">laber\u00ednticos callejones de la medina de Fez<\/strong>, el coraz\u00f3n de la <strong data-start=\"603\" data-end=\"639\">diversidad cultural de Marruecos<\/strong>.<\/li>\n<li data-start=\"642\" data-end=\"755\">Vive un <strong data-start=\"650\" data-end=\"677\">m\u00e1gico paseo en camello<\/strong> por el <strong data-start=\"685\" data-end=\"708\">desierto del Sahara<\/strong> y pasa una noche bajo un <strong data-start=\"734\" data-end=\"754\">cielo estrellado<\/strong>.<\/li>\n<li data-start=\"757\" data-end=\"847\">Visita una <strong data-start=\"768\" data-end=\"804\">familia tradicional del desierto<\/strong> y conoce su <strong data-start=\"817\" data-end=\"846\">resistente estilo de vida<\/strong>.<\/li>\n<li data-start=\"849\" data-end=\"956\">Recorre el espectacular <strong data-start=\"873\" data-end=\"892\">Ca\u00f1\u00f3n del Todra<\/strong>, una maravilla natural de <strong data-start=\"919\" data-end=\"955\">acantilados imponentes y belleza<\/strong>.<\/li>\n<li data-start=\"958\" data-end=\"1079\">Marav\u00edllate con las impresionantes <strong data-start=\"993\" data-end=\"1034\">vistas de las Monta\u00f1as del Alto Atlas<\/strong>, un majestuoso tel\u00f3n de fondo para tu viaje.<\/li>\n<li data-start=\"1081\" data-end=\"1182\">Sum\u00e9rgete en la <strong data-start=\"1097\" data-end=\"1132\">vibrante atm\u00f3sfera de Marrakech<\/strong>, donde pasado y presente se mezclan sin esfuerzo.<\/li>\n<li data-start=\"1184\" data-end=\"1287\">Descubre la encantadora ciudad costera de <strong data-start=\"1226\" data-end=\"1239\">Essaouira<\/strong>, con sus <strong data-start=\"1249\" data-end=\"1286\">olas r\u00edtmicas y ambiente relajado<\/strong>.<\/li>\n<\/ul>\n","protected":false},"excerpt":{"rendered":"<p>Descripci\u00f3n general: Emb\u00e1rcate en un inolvidable itinerario de 12 d\u00edas por Marruecos que revela el rico tapiz de este pa\u00eds encantador. Saborea los sabores diversos y la herencia cultural de Marruecos mientras viajas desde los impresionantes callejones azules de Chefchaouen hasta los bulliciosos mercados de Fez. Explora el majestuoso desierto del Sahara con paseos inolvidables [&hellip;]<\/p>\n","protected":false},"featured_media":11012,"comment_status":"open","ping_status":"closed","template":"","meta":[],"product_brand":[],"product_cat":[213,214,215],"product_tag":[],"class_list":{"0":"post-11011","1":"product","2":"type-product","3":"status-publish","4":"has-post-thumbnail","6":"product_cat-casablanca-es","7":"product_cat-luxury-tours-es","8":"product_cat-morocco-desert-tours-es","10":"first","11":"instock","12":"shipping-taxable","13":"product-type-ovabrw_car_rental"},"yoast_head":"<!-- This site is optimized with the Yoast SEO plugin v27.4 - https:\/\/yoast.com\/product\/yoast-seo-wordpress\/ -->\n<title>Tour de 12 d\u00edas por Marruecos desde Casablanca v\u00eda Chefchaouen - travel together in morocco<\/title>\n<meta name=\"robots\" content=\"index, follow, max-snippet:-1, max-image-preview:large, max-video-preview:-1\" \/>\n<link rel=\"canonical\" href=\"https:\/\/www.traveltogetherinmorocco.com\/producto\/12-day-morocco-tour-from-casablanca-via-chefchaouen\/\" \/>\n<meta property=\"og:locale\" content=\"es_ES\" \/>\n<meta property=\"og:type\" content=\"article\" \/>\n<meta property=\"og:title\" content=\"Tour de 12 d\u00edas por Marruecos desde Casablanca v\u00eda Chefchaouen - travel together in morocco\" \/>\n<meta property=\"og:description\" content=\"Descripci\u00f3n general: Emb\u00e1rcate en un inolvidable itinerario de 12 d\u00edas por Marruecos que revela el rico tapiz de este pa\u00eds encantador. Saborea los sabores diversos y la herencia cultural de Marruecos mientras viajas desde los impresionantes callejones azules de Chefchaouen hasta los bulliciosos mercados de Fez. Explora el majestuoso desierto del Sahara con paseos inolvidables [&hellip;]\" \/>\n<meta property=\"og:url\" content=\"https:\/\/www.traveltogetherinmorocco.com\/producto\/12-day-morocco-tour-from-casablanca-via-chefchaouen\/\" \/>\n<meta property=\"og:site_name\" content=\"travel together in morocco\" \/>\n<meta property=\"article:publisher\" content=\"https:\/\/www.facebook.com\/azizindesert?rdid=AM85IAprjCTIUGCP&amp;share_url=httpswww.facebook.comshare16PbxaT6ga\" \/>\n<meta property=\"article:modified_time\" content=\"2025-06-20T12:48:43+00:00\" \/>\n<meta property=\"og:image\" content=\"https:\/\/www.traveltogetherinmorocco.com\/wp-content\/uploads\/2025\/06\/7-3.webp\" \/>\n\t<meta property=\"og:image:width\" content=\"1988\" \/>\n\t<meta property=\"og:image:height\" content=\"1988\" \/>\n\t<meta property=\"og:image:type\" content=\"image\/webp\" \/>\n<meta name=\"twitter:card\" content=\"summary_large_image\" \/>\n<meta name=\"twitter:label1\" content=\"Tiempo de lectura\" \/>\n\t<meta name=\"twitter:data1\" content=\"2 minutos\" \/>\n<script type=\"application\/ld+json\" class=\"yoast-schema-graph\">{\"@context\":\"https:\\\/\\\/schema.org\",\"@graph\":[{\"@type\":\"WebPage\",\"@id\":\"https:\\\/\\\/www.traveltogetherinmorocco.com\\\/producto\\\/12-day-morocco-tour-from-casablanca-via-chefchaouen\\\/\",\"url\":\"https:\\\/\\\/www.traveltogetherinmorocco.com\\\/producto\\\/12-day-morocco-tour-from-casablanca-via-chefchaouen\\\/\",\"name\":\"Tour de 12 d\u00edas por Marruecos desde Casablanca v\u00eda Chefchaouen - travel together in morocco\",\"isPartOf\":{\"@id\":\"https:\\\/\\\/www.traveltogetherinmorocco.com\\\/#website\"},\"primaryImageOfPage\":{\"@id\":\"https:\\\/\\\/www.traveltogetherinmorocco.com\\\/producto\\\/12-day-morocco-tour-from-casablanca-via-chefchaouen\\\/#primaryimage\"},\"image\":{\"@id\":\"https:\\\/\\\/www.traveltogetherinmorocco.com\\\/producto\\\/12-day-morocco-tour-from-casablanca-via-chefchaouen\\\/#primaryimage\"},\"thumbnailUrl\":\"https:\\\/\\\/www.traveltogetherinmorocco.com\\\/wp-content\\\/uploads\\\/2025\\\/06\\\/7-3.webp\",\"datePublished\":\"2025-06-18T11:40:12+00:00\",\"dateModified\":\"2025-06-20T12:48:43+00:00\",\"breadcrumb\":{\"@id\":\"https:\\\/\\\/www.traveltogetherinmorocco.com\\\/producto\\\/12-day-morocco-tour-from-casablanca-via-chefchaouen\\\/#breadcrumb\"},\"inLanguage\":\"es\",\"potentialAction\":[{\"@type\":\"ReadAction\",\"target\":[\"https:\\\/\\\/www.traveltogetherinmorocco.com\\\/producto\\\/12-day-morocco-tour-from-casablanca-via-chefchaouen\\\/\"]}]},{\"@type\":\"ImageObject\",\"inLanguage\":\"es\",\"@id\":\"https:\\\/\\\/www.traveltogetherinmorocco.com\\\/producto\\\/12-day-morocco-tour-from-casablanca-via-chefchaouen\\\/#primaryimage\",\"url\":\"https:\\\/\\\/www.traveltogetherinmorocco.com\\\/wp-content\\\/uploads\\\/2025\\\/06\\\/7-3.webp\",\"contentUrl\":\"https:\\\/\\\/www.traveltogetherinmorocco.com\\\/wp-content\\\/uploads\\\/2025\\\/06\\\/7-3.webp\",\"width\":1988,\"height\":1988},{\"@type\":\"BreadcrumbList\",\"@id\":\"https:\\\/\\\/www.traveltogetherinmorocco.com\\\/producto\\\/12-day-morocco-tour-from-casablanca-via-chefchaouen\\\/#breadcrumb\",\"itemListElement\":[{\"@type\":\"ListItem\",\"position\":1,\"name\":\"Home\",\"item\":\"https:\\\/\\\/www.traveltogetherinmorocco.com\\\/es\\\/\"},{\"@type\":\"ListItem\",\"position\":2,\"name\":\"Products\",\"item\":\"https:\\\/\\\/www.traveltogetherinmorocco.com\\\/shop\\\/\"},{\"@type\":\"ListItem\",\"position\":3,\"name\":\"Tour de 12 d\u00edas por Marruecos desde Casablanca v\u00eda Chefchaouen\"}]},{\"@type\":\"WebSite\",\"@id\":\"https:\\\/\\\/www.traveltogetherinmorocco.com\\\/#website\",\"url\":\"https:\\\/\\\/www.traveltogetherinmorocco.com\\\/\",\"name\":\"travel together in morocco\",\"description\":\"Authentic Tours Across Morocco, Together with Local Experts\",\"publisher\":{\"@id\":\"https:\\\/\\\/www.traveltogetherinmorocco.com\\\/#organization\"},\"potentialAction\":[{\"@type\":\"SearchAction\",\"target\":{\"@type\":\"EntryPoint\",\"urlTemplate\":\"https:\\\/\\\/www.traveltogetherinmorocco.com\\\/?s={search_term_string}\"},\"query-input\":{\"@type\":\"PropertyValueSpecification\",\"valueRequired\":true,\"valueName\":\"search_term_string\"}}],\"inLanguage\":\"es\"},{\"@type\":\"Organization\",\"@id\":\"https:\\\/\\\/www.traveltogetherinmorocco.com\\\/#organization\",\"name\":\"travel together in morocco\",\"url\":\"https:\\\/\\\/www.traveltogetherinmorocco.com\\\/\",\"logo\":{\"@type\":\"ImageObject\",\"inLanguage\":\"es\",\"@id\":\"https:\\\/\\\/www.traveltogetherinmorocco.com\\\/#\\\/schema\\\/logo\\\/image\\\/\",\"url\":\"https:\\\/\\\/www.traveltogetherinmorocco.com\\\/wp-content\\\/uploads\\\/2025\\\/06\\\/cropped-favicon.png\",\"contentUrl\":\"https:\\\/\\\/www.traveltogetherinmorocco.com\\\/wp-content\\\/uploads\\\/2025\\\/06\\\/cropped-favicon.png\",\"width\":512,\"height\":512,\"caption\":\"travel together in morocco\"},\"image\":{\"@id\":\"https:\\\/\\\/www.traveltogetherinmorocco.com\\\/#\\\/schema\\\/logo\\\/image\\\/\"},\"sameAs\":[\"https:\\\/\\\/www.facebook.com\\\/azizindesert?rdid=AM85IAprjCTIUGCP&share_url=httpswww.facebook.comshare16PbxaT6ga\",\"https:\\\/\\\/www.instagram.com\\\/travel_together_in_morocco\\\/\"]}]}<\/script>\n<!-- \/ Yoast SEO plugin. -->","yoast_head_json":{"title":"Tour de 12 d\u00edas por Marruecos desde Casablanca v\u00eda Chefchaouen - travel together in morocco","robots":{"index":"index","follow":"follow","max-snippet":"max-snippet:-1","max-image-preview":"max-image-preview:large","max-video-preview":"max-video-preview:-1"},"canonical":"https:\/\/www.traveltogetherinmorocco.com\/producto\/12-day-morocco-tour-from-casablanca-via-chefchaouen\/","og_locale":"es_ES","og_type":"article","og_title":"Tour de 12 d\u00edas por Marruecos desde Casablanca v\u00eda Chefchaouen - travel together in morocco","og_description":"Descripci\u00f3n general: Emb\u00e1rcate en un inolvidable itinerario de 12 d\u00edas por Marruecos que revela el rico tapiz de este pa\u00eds encantador. Saborea los sabores diversos y la herencia cultural de Marruecos mientras viajas desde los impresionantes callejones azules de Chefchaouen hasta los bulliciosos mercados de Fez. Explora el majestuoso desierto del Sahara con paseos inolvidables [&hellip;]","og_url":"https:\/\/www.traveltogetherinmorocco.com\/producto\/12-day-morocco-tour-from-casablanca-via-chefchaouen\/","og_site_name":"travel together in morocco","article_publisher":"https:\/\/www.facebook.com\/azizindesert?rdid=AM85IAprjCTIUGCP&share_url=httpswww.facebook.comshare16PbxaT6ga","article_modified_time":"2025-06-20T12:48:43+00:00","og_image":[{"width":1988,"height":1988,"url":"https:\/\/www.traveltogetherinmorocco.com\/wp-content\/uploads\/2025\/06\/7-3.webp","type":"image\/webp"}],"twitter_card":"summary_large_image","twitter_misc":{"Tiempo de lectura":"2 minutos"},"schema":{"@context":"https:\/\/schema.org","@graph":[{"@type":"WebPage","@id":"https:\/\/www.traveltogetherinmorocco.com\/producto\/12-day-morocco-tour-from-casablanca-via-chefchaouen\/","url":"https:\/\/www.traveltogetherinmorocco.com\/producto\/12-day-morocco-tour-from-casablanca-via-chefchaouen\/","name":"Tour de 12 d\u00edas por Marruecos desde Casablanca v\u00eda Chefchaouen - travel together in morocco","isPartOf":{"@id":"https:\/\/www.traveltogetherinmorocco.com\/#website"},"primaryImageOfPage":{"@id":"https:\/\/www.traveltogetherinmorocco.com\/producto\/12-day-morocco-tour-from-casablanca-via-chefchaouen\/#primaryimage"},"image":{"@id":"https:\/\/www.traveltogetherinmorocco.com\/producto\/12-day-morocco-tour-from-casablanca-via-chefchaouen\/#primaryimage"},"thumbnailUrl":"https:\/\/www.traveltogetherinmorocco.com\/wp-content\/uploads\/2025\/06\/7-3.webp","datePublished":"2025-06-18T11:40:12+00:00","dateModified":"2025-06-20T12:48:43+00:00","breadcrumb":{"@id":"https:\/\/www.traveltogetherinmorocco.com\/producto\/12-day-morocco-tour-from-casablanca-via-chefchaouen\/#breadcrumb"},"inLanguage":"es","potentialAction":[{"@type":"ReadAction","target":["https:\/\/www.traveltogetherinmorocco.com\/producto\/12-day-morocco-tour-from-casablanca-via-chefchaouen\/"]}]},{"@type":"ImageObject","inLanguage":"es","@id":"https:\/\/www.traveltogetherinmorocco.com\/producto\/12-day-morocco-tour-from-casablanca-via-chefchaouen\/#primaryimage","url":"https:\/\/www.traveltogetherinmorocco.com\/wp-content\/uploads\/2025\/06\/7-3.webp","contentUrl":"https:\/\/www.traveltogetherinmorocco.com\/wp-content\/uploads\/2025\/06\/7-3.webp","width":1988,"height":1988},{"@type":"BreadcrumbList","@id":"https:\/\/www.traveltogetherinmorocco.com\/producto\/12-day-morocco-tour-from-casablanca-via-chefchaouen\/#breadcrumb","itemListElement":[{"@type":"ListItem","position":1,"name":"Home","item":"https:\/\/www.traveltogetherinmorocco.com\/es\/"},{"@type":"ListItem","position":2,"name":"Products","item":"https:\/\/www.traveltogetherinmorocco.com\/shop\/"},{"@type":"ListItem","position":3,"name":"Tour de 12 d\u00edas por Marruecos desde Casablanca v\u00eda Chefchaouen"}]},{"@type":"WebSite","@id":"https:\/\/www.traveltogetherinmorocco.com\/#website","url":"https:\/\/www.traveltogetherinmorocco.com\/","name":"travel together in morocco","description":"Authentic Tours Across Morocco, Together with Local Experts","publisher":{"@id":"https:\/\/www.traveltogetherinmorocco.com\/#organization"},"potentialAction":[{"@type":"SearchAction","target":{"@type":"EntryPoint","urlTemplate":"https:\/\/www.traveltogetherinmorocco.com\/?s={search_term_string}"},"query-input":{"@type":"PropertyValueSpecification","valueRequired":true,"valueName":"search_term_string"}}],"inLanguage":"es"},{"@type":"Organization","@id":"https:\/\/www.traveltogetherinmorocco.com\/#organization","name":"travel together in morocco","url":"https:\/\/www.traveltogetherinmorocco.com\/","logo":{"@type":"ImageObject","inLanguage":"es","@id":"https:\/\/www.traveltogetherinmorocco.com\/#\/schema\/logo\/image\/","url":"https:\/\/www.traveltogetherinmorocco.com\/wp-content\/uploads\/2025\/06\/cropped-favicon.png","contentUrl":"https:\/\/www.traveltogetherinmorocco.com\/wp-content\/uploads\/2025\/06\/cropped-favicon.png","width":512,"height":512,"caption":"travel together in morocco"},"image":{"@id":"https:\/\/www.traveltogetherinmorocco.com\/#\/schema\/logo\/image\/"},"sameAs":["https:\/\/www.facebook.com\/azizindesert?rdid=AM85IAprjCTIUGCP&share_url=httpswww.facebook.comshare16PbxaT6ga","https:\/\/www.instagram.com\/travel_together_in_morocco\/"]}]}},"_links":{"self":[{"href":"https:\/\/www.traveltogetherinmorocco.com\/es\/wp-json\/wp\/v2\/product\/11011","targetHints":{"allow":["GET"]}}],"collection":[{"href":"https:\/\/www.traveltogetherinmorocco.com\/es\/wp-json\/wp\/v2\/product"}],"about":[{"href":"https:\/\/www.traveltogetherinmorocco.com\/es\/wp-json\/wp\/v2\/types\/product"}],"replies":[{"embeddable":true,"href":"https:\/\/www.traveltogetherinmorocco.com\/es\/wp-json\/wp\/v2\/comments?post=11011"}],"wp:featuredmedia":[{"embeddable":true,"href":"https:\/\/www.traveltogetherinmorocco.com\/es\/wp-json\/wp\/v2\/media\/11012"}],"wp:attachment":[{"href":"https:\/\/www.traveltogetherinmorocco.com\/es\/wp-json\/wp\/v2\/media?parent=11011"}],"wp:term":[{"taxonomy":"product_brand","embeddable":true,"href":"https:\/\/www.traveltogetherinmorocco.com\/es\/wp-json\/wp\/v2\/product_brand?post=11011"},{"taxonomy":"product_cat","embeddable":true,"href":"https:\/\/www.traveltogetherinmorocco.com\/es\/wp-json\/wp\/v2\/product_cat?post=11011"},{"taxonomy":"product_tag","embeddable":true,"href":"https:\/\/www.traveltogetherinmorocco.com\/es\/wp-json\/wp\/v2\/product_tag?post=11011"}],"curies":[{"name":"wp","href":"https:\/\/api.w.org\/{rel}","templated":true}]}}