{"id":11014,"date":"2025-06-18T11:24:37","date_gmt":"2025-06-18T11:24:37","guid":{"rendered":"https:\/\/www.traveltogetherinmorocco.com\/product\/12-day-morocco-desert-from-casablanca-to-merzouga\/"},"modified":"2025-06-20T12:56:48","modified_gmt":"2025-06-20T12:56:48","slug":"tour-de-12-dias-por-el-desierto-de-marruecos-desde-casablanca-hasta-merzouga","status":"publish","type":"product","link":"https:\/\/www.traveltogetherinmorocco.com\/es\/producto\/tour-de-12-dias-por-el-desierto-de-marruecos-desde-casablanca-hasta-merzouga\/","title":{"rendered":"Tour de 12 d\u00edas por el desierto de Marruecos desde Casablanca hasta Merzouga"},"content":{"rendered":"<h2>Descripci\u00f3n general:<\/h2>\n<p data-start=\"64\" data-end=\"533\">Experimenta lo mejor de Marruecos en este viaje de <strong data-start=\"115\" data-end=\"184\">12 d\u00edas desde Casablanca hasta el desierto del Sahara en Merzouga<\/strong>. Este tour inmersivo te lleva por las <strong data-start=\"223\" data-end=\"252\">ciudades m\u00e1s cautivadoras<\/strong>, <strong data-start=\"254\" data-end=\"277\">paisajes monta\u00f1osos<\/strong>, <strong data-start=\"279\" data-end=\"298\">ruinas antiguas<\/strong> y <strong data-start=\"301\" data-end=\"327\">dunas doradas de arena<\/strong>. Desde la <strong data-start=\"338\" data-end=\"357\">costa atl\u00e1ntica<\/strong> hasta las <strong data-start=\"368\" data-end=\"395\">Monta\u00f1as del Alto Atlas<\/strong> y adentr\u00e1ndote en el <strong data-start=\"417\" data-end=\"427\">Sahara<\/strong>, descubre la <strong data-start=\"441\" data-end=\"464\">diversidad cultural<\/strong>, la <strong data-start=\"469\" data-end=\"490\">riqueza hist\u00f3rica<\/strong> y la <strong data-start=\"496\" data-end=\"519\">c\u00e1lida hospitalidad<\/strong> de Marruecos.<\/p>\n<p data-start=\"535\" data-end=\"708\">Disfruta de <strong data-start=\"547\" data-end=\"580\">visitas guiadas a las medinas<\/strong>, saborea la <strong data-start=\"593\" data-end=\"624\">cocina tradicional marroqu\u00ed<\/strong> y pasa <strong data-start=\"632\" data-end=\"682\">noches m\u00e1gicas bajo las estrellas del desierto<\/strong> en un campamento bereber.<\/p>\n<h2 data-start=\"139\" data-end=\"422\">Aspectos destacados del tour:<\/h2>\n<ul>\n<li data-start=\"739\" data-end=\"799\">Visita la majestuosa <strong data-start=\"760\" data-end=\"796\">Mezquita Hassan II en Casablanca<\/strong>.<\/li>\n<li data-start=\"802\" data-end=\"876\">Explora las pintorescas <strong data-start=\"826\" data-end=\"873\">calles azules de Chefchaouen, la Perla Azul<\/strong>.<\/li>\n<li data-start=\"879\" data-end=\"943\">Descubre las bien conservadas <strong data-start=\"909\" data-end=\"940\">ruinas romanas de Volubilis<\/strong>.<\/li>\n<li data-start=\"946\" data-end=\"1039\">Sum\u00e9rgete en la rica cultura de <strong data-start=\"978\" data-end=\"985\">Fez<\/strong>, hogar de la <strong data-start=\"999\" data-end=\"1036\">universidad m\u00e1s antigua del mundo<\/strong>.<\/li>\n<li data-start=\"1042\" data-end=\"1121\">Cruza las esc\u00e9nicas <strong data-start=\"1062\" data-end=\"1090\">Monta\u00f1as del Medio Atlas<\/strong> y sus <strong data-start=\"1097\" data-end=\"1118\">bosques de cedros<\/strong>.<\/li>\n<li data-start=\"1124\" data-end=\"1187\">Monta en camello por las <strong data-start=\"1149\" data-end=\"1184\">dunas de Erg Chebbi en Merzouga<\/strong>.<\/li>\n<li data-start=\"1190\" data-end=\"1289\">Disfruta de una noche en un tradicional <strong data-start=\"1230\" data-end=\"1267\">campamento bereber en el desierto<\/strong> bajo las estrellas.<\/li>\n<li data-start=\"1292\" data-end=\"1359\">Camina por los imponentes <strong data-start=\"1318\" data-end=\"1356\">ca\u00f1ones de las Gargantas del Todra<\/strong>.<\/li>\n<li data-start=\"1362\" data-end=\"1438\">Viaja a trav\u00e9s del <strong data-start=\"1381\" data-end=\"1400\">Valle del Dades<\/strong> y sus <strong data-start=\"1407\" data-end=\"1435\">oasis llenos de palmeras<\/strong>.<\/li>\n<li data-start=\"1441\" data-end=\"1533\">Explora el antiguo <strong data-start=\"1460\" data-end=\"1486\">ksar de Ait Ben Haddou<\/strong>, declarado Patrimonio Mundial por la UNESCO.<\/li>\n<li data-start=\"1536\" data-end=\"1617\">Concluye tu tour en <strong data-start=\"1556\" data-end=\"1569\">Marrakech<\/strong>, explorando sus <strong data-start=\"1586\" data-end=\"1616\">zocos, palacios y jardines<\/strong>.<\/li>\n<\/ul>\n","protected":false},"excerpt":{"rendered":"<p>Descripci\u00f3n general: Experimenta lo mejor de Marruecos en este viaje de 12 d\u00edas desde Casablanca hasta el desierto del Sahara en Merzouga. Este tour inmersivo te lleva por las ciudades m\u00e1s cautivadoras, paisajes monta\u00f1osos, ruinas antiguas y dunas doradas de arena. Desde la costa atl\u00e1ntica hasta las Monta\u00f1as del Alto Atlas y adentr\u00e1ndote en el [&hellip;]<\/p>\n","protected":false},"featured_media":11015,"comment_status":"open","ping_status":"closed","template":"","meta":[],"product_brand":[],"product_cat":[213,214,215],"product_tag":[],"class_list":{"0":"post-11014","1":"product","2":"type-product","3":"status-publish","4":"has-post-thumbnail","6":"product_cat-casablanca-es","7":"product_cat-luxury-tours-es","8":"product_cat-morocco-desert-tours-es","10":"first","11":"instock","12":"shipping-taxable","13":"product-type-ovabrw_car_rental"},"yoast_head":"<!-- This site is optimized with the Yoast SEO plugin v27.4 - https:\/\/yoast.com\/product\/yoast-seo-wordpress\/ -->\n<title>Tour de 12 d\u00edas por el desierto de Marruecos desde Casablanca hasta Merzouga - travel together in morocco<\/title>\n<meta name=\"robots\" content=\"index, follow, max-snippet:-1, max-image-preview:large, max-video-preview:-1\" \/>\n<link rel=\"canonical\" href=\"https:\/\/www.traveltogetherinmorocco.com\/producto\/12-day-morocco-desert-from-casablanca-to-merzouga\/\" \/>\n<meta property=\"og:locale\" content=\"es_ES\" \/>\n<meta property=\"og:type\" content=\"article\" \/>\n<meta property=\"og:title\" content=\"Tour de 12 d\u00edas por el desierto de Marruecos desde Casablanca hasta Merzouga - travel together in morocco\" \/>\n<meta property=\"og:description\" content=\"Descripci\u00f3n general: Experimenta lo mejor de Marruecos en este viaje de 12 d\u00edas desde Casablanca hasta el desierto del Sahara en Merzouga. Este tour inmersivo te lleva por las ciudades m\u00e1s cautivadoras, paisajes monta\u00f1osos, ruinas antiguas y dunas doradas de arena. Desde la costa atl\u00e1ntica hasta las Monta\u00f1as del Alto Atlas y adentr\u00e1ndote en el [&hellip;]\" \/>\n<meta property=\"og:url\" content=\"https:\/\/www.traveltogetherinmorocco.com\/producto\/12-day-morocco-desert-from-casablanca-to-merzouga\/\" \/>\n<meta property=\"og:site_name\" content=\"travel together in morocco\" \/>\n<meta property=\"article:publisher\" content=\"https:\/\/www.facebook.com\/azizindesert?rdid=AM85IAprjCTIUGCP&amp;share_url=httpswww.facebook.comshare16PbxaT6ga\" \/>\n<meta property=\"article:modified_time\" content=\"2025-06-20T12:56:48+00:00\" \/>\n<meta property=\"og:image\" content=\"https:\/\/www.traveltogetherinmorocco.com\/wp-content\/uploads\/2025\/06\/4-4.webp\" \/>\n\t<meta property=\"og:image:width\" content=\"1988\" \/>\n\t<meta property=\"og:image:height\" content=\"1988\" \/>\n\t<meta property=\"og:image:type\" content=\"image\/webp\" \/>\n<meta name=\"twitter:card\" content=\"summary_large_image\" \/>\n<meta name=\"twitter:label1\" content=\"Tiempo de lectura\" \/>\n\t<meta name=\"twitter:data1\" content=\"1 minuto\" \/>\n<script type=\"application\/ld+json\" class=\"yoast-schema-graph\">{\"@context\":\"https:\\\/\\\/schema.org\",\"@graph\":[{\"@type\":\"WebPage\",\"@id\":\"https:\\\/\\\/www.traveltogetherinmorocco.com\\\/producto\\\/12-day-morocco-desert-from-casablanca-to-merzouga\\\/\",\"url\":\"https:\\\/\\\/www.traveltogetherinmorocco.com\\\/producto\\\/12-day-morocco-desert-from-casablanca-to-merzouga\\\/\",\"name\":\"Tour de 12 d\u00edas por el desierto de Marruecos desde Casablanca hasta Merzouga - travel together in morocco\",\"isPartOf\":{\"@id\":\"https:\\\/\\\/www.traveltogetherinmorocco.com\\\/#website\"},\"primaryImageOfPage\":{\"@id\":\"https:\\\/\\\/www.traveltogetherinmorocco.com\\\/producto\\\/12-day-morocco-desert-from-casablanca-to-merzouga\\\/#primaryimage\"},\"image\":{\"@id\":\"https:\\\/\\\/www.traveltogetherinmorocco.com\\\/producto\\\/12-day-morocco-desert-from-casablanca-to-merzouga\\\/#primaryimage\"},\"thumbnailUrl\":\"https:\\\/\\\/www.traveltogetherinmorocco.com\\\/wp-content\\\/uploads\\\/2025\\\/06\\\/4-4.webp\",\"datePublished\":\"2025-06-18T11:24:37+00:00\",\"dateModified\":\"2025-06-20T12:56:48+00:00\",\"breadcrumb\":{\"@id\":\"https:\\\/\\\/www.traveltogetherinmorocco.com\\\/producto\\\/12-day-morocco-desert-from-casablanca-to-merzouga\\\/#breadcrumb\"},\"inLanguage\":\"es\",\"potentialAction\":[{\"@type\":\"ReadAction\",\"target\":[\"https:\\\/\\\/www.traveltogetherinmorocco.com\\\/producto\\\/12-day-morocco-desert-from-casablanca-to-merzouga\\\/\"]}]},{\"@type\":\"ImageObject\",\"inLanguage\":\"es\",\"@id\":\"https:\\\/\\\/www.traveltogetherinmorocco.com\\\/producto\\\/12-day-morocco-desert-from-casablanca-to-merzouga\\\/#primaryimage\",\"url\":\"https:\\\/\\\/www.traveltogetherinmorocco.com\\\/wp-content\\\/uploads\\\/2025\\\/06\\\/4-4.webp\",\"contentUrl\":\"https:\\\/\\\/www.traveltogetherinmorocco.com\\\/wp-content\\\/uploads\\\/2025\\\/06\\\/4-4.webp\",\"width\":1988,\"height\":1988},{\"@type\":\"BreadcrumbList\",\"@id\":\"https:\\\/\\\/www.traveltogetherinmorocco.com\\\/producto\\\/12-day-morocco-desert-from-casablanca-to-merzouga\\\/#breadcrumb\",\"itemListElement\":[{\"@type\":\"ListItem\",\"position\":1,\"name\":\"Home\",\"item\":\"https:\\\/\\\/www.traveltogetherinmorocco.com\\\/es\\\/\"},{\"@type\":\"ListItem\",\"position\":2,\"name\":\"Products\",\"item\":\"https:\\\/\\\/www.traveltogetherinmorocco.com\\\/shop\\\/\"},{\"@type\":\"ListItem\",\"position\":3,\"name\":\"Tour de 12 d\u00edas por el desierto de Marruecos desde Casablanca hasta Merzouga\"}]},{\"@type\":\"WebSite\",\"@id\":\"https:\\\/\\\/www.traveltogetherinmorocco.com\\\/#website\",\"url\":\"https:\\\/\\\/www.traveltogetherinmorocco.com\\\/\",\"name\":\"travel together in morocco\",\"description\":\"Authentic Tours Across Morocco, Together with Local Experts\",\"publisher\":{\"@id\":\"https:\\\/\\\/www.traveltogetherinmorocco.com\\\/#organization\"},\"potentialAction\":[{\"@type\":\"SearchAction\",\"target\":{\"@type\":\"EntryPoint\",\"urlTemplate\":\"https:\\\/\\\/www.traveltogetherinmorocco.com\\\/?s={search_term_string}\"},\"query-input\":{\"@type\":\"PropertyValueSpecification\",\"valueRequired\":true,\"valueName\":\"search_term_string\"}}],\"inLanguage\":\"es\"},{\"@type\":\"Organization\",\"@id\":\"https:\\\/\\\/www.traveltogetherinmorocco.com\\\/#organization\",\"name\":\"travel together in morocco\",\"url\":\"https:\\\/\\\/www.traveltogetherinmorocco.com\\\/\",\"logo\":{\"@type\":\"ImageObject\",\"inLanguage\":\"es\",\"@id\":\"https:\\\/\\\/www.traveltogetherinmorocco.com\\\/#\\\/schema\\\/logo\\\/image\\\/\",\"url\":\"https:\\\/\\\/www.traveltogetherinmorocco.com\\\/wp-content\\\/uploads\\\/2025\\\/06\\\/cropped-favicon.png\",\"contentUrl\":\"https:\\\/\\\/www.traveltogetherinmorocco.com\\\/wp-content\\\/uploads\\\/2025\\\/06\\\/cropped-favicon.png\",\"width\":512,\"height\":512,\"caption\":\"travel together in morocco\"},\"image\":{\"@id\":\"https:\\\/\\\/www.traveltogetherinmorocco.com\\\/#\\\/schema\\\/logo\\\/image\\\/\"},\"sameAs\":[\"https:\\\/\\\/www.facebook.com\\\/azizindesert?rdid=AM85IAprjCTIUGCP&share_url=httpswww.facebook.comshare16PbxaT6ga\",\"https:\\\/\\\/www.instagram.com\\\/travel_together_in_morocco\\\/\"]}]}<\/script>\n<!-- \/ Yoast SEO plugin. -->","yoast_head_json":{"title":"Tour de 12 d\u00edas por el desierto de Marruecos desde Casablanca hasta Merzouga - travel together in morocco","robots":{"index":"index","follow":"follow","max-snippet":"max-snippet:-1","max-image-preview":"max-image-preview:large","max-video-preview":"max-video-preview:-1"},"canonical":"https:\/\/www.traveltogetherinmorocco.com\/producto\/12-day-morocco-desert-from-casablanca-to-merzouga\/","og_locale":"es_ES","og_type":"article","og_title":"Tour de 12 d\u00edas por el desierto de Marruecos desde Casablanca hasta Merzouga - travel together in morocco","og_description":"Descripci\u00f3n general: Experimenta lo mejor de Marruecos en este viaje de 12 d\u00edas desde Casablanca hasta el desierto del Sahara en Merzouga. Este tour inmersivo te lleva por las ciudades m\u00e1s cautivadoras, paisajes monta\u00f1osos, ruinas antiguas y dunas doradas de arena. Desde la costa atl\u00e1ntica hasta las Monta\u00f1as del Alto Atlas y adentr\u00e1ndote en el [&hellip;]","og_url":"https:\/\/www.traveltogetherinmorocco.com\/producto\/12-day-morocco-desert-from-casablanca-to-merzouga\/","og_site_name":"travel together in morocco","article_publisher":"https:\/\/www.facebook.com\/azizindesert?rdid=AM85IAprjCTIUGCP&share_url=httpswww.facebook.comshare16PbxaT6ga","article_modified_time":"2025-06-20T12:56:48+00:00","og_image":[{"width":1988,"height":1988,"url":"https:\/\/www.traveltogetherinmorocco.com\/wp-content\/uploads\/2025\/06\/4-4.webp","type":"image\/webp"}],"twitter_card":"summary_large_image","twitter_misc":{"Tiempo de lectura":"1 minuto"},"schema":{"@context":"https:\/\/schema.org","@graph":[{"@type":"WebPage","@id":"https:\/\/www.traveltogetherinmorocco.com\/producto\/12-day-morocco-desert-from-casablanca-to-merzouga\/","url":"https:\/\/www.traveltogetherinmorocco.com\/producto\/12-day-morocco-desert-from-casablanca-to-merzouga\/","name":"Tour de 12 d\u00edas por el desierto de Marruecos desde Casablanca hasta Merzouga - travel together in morocco","isPartOf":{"@id":"https:\/\/www.traveltogetherinmorocco.com\/#website"},"primaryImageOfPage":{"@id":"https:\/\/www.traveltogetherinmorocco.com\/producto\/12-day-morocco-desert-from-casablanca-to-merzouga\/#primaryimage"},"image":{"@id":"https:\/\/www.traveltogetherinmorocco.com\/producto\/12-day-morocco-desert-from-casablanca-to-merzouga\/#primaryimage"},"thumbnailUrl":"https:\/\/www.traveltogetherinmorocco.com\/wp-content\/uploads\/2025\/06\/4-4.webp","datePublished":"2025-06-18T11:24:37+00:00","dateModified":"2025-06-20T12:56:48+00:00","breadcrumb":{"@id":"https:\/\/www.traveltogetherinmorocco.com\/producto\/12-day-morocco-desert-from-casablanca-to-merzouga\/#breadcrumb"},"inLanguage":"es","potentialAction":[{"@type":"ReadAction","target":["https:\/\/www.traveltogetherinmorocco.com\/producto\/12-day-morocco-desert-from-casablanca-to-merzouga\/"]}]},{"@type":"ImageObject","inLanguage":"es","@id":"https:\/\/www.traveltogetherinmorocco.com\/producto\/12-day-morocco-desert-from-casablanca-to-merzouga\/#primaryimage","url":"https:\/\/www.traveltogetherinmorocco.com\/wp-content\/uploads\/2025\/06\/4-4.webp","contentUrl":"https:\/\/www.traveltogetherinmorocco.com\/wp-content\/uploads\/2025\/06\/4-4.webp","width":1988,"height":1988},{"@type":"BreadcrumbList","@id":"https:\/\/www.traveltogetherinmorocco.com\/producto\/12-day-morocco-desert-from-casablanca-to-merzouga\/#breadcrumb","itemListElement":[{"@type":"ListItem","position":1,"name":"Home","item":"https:\/\/www.traveltogetherinmorocco.com\/es\/"},{"@type":"ListItem","position":2,"name":"Products","item":"https:\/\/www.traveltogetherinmorocco.com\/shop\/"},{"@type":"ListItem","position":3,"name":"Tour de 12 d\u00edas por el desierto de Marruecos desde Casablanca hasta Merzouga"}]},{"@type":"WebSite","@id":"https:\/\/www.traveltogetherinmorocco.com\/#website","url":"https:\/\/www.traveltogetherinmorocco.com\/","name":"travel together in morocco","description":"Authentic Tours Across Morocco, Together with Local Experts","publisher":{"@id":"https:\/\/www.traveltogetherinmorocco.com\/#organization"},"potentialAction":[{"@type":"SearchAction","target":{"@type":"EntryPoint","urlTemplate":"https:\/\/www.traveltogetherinmorocco.com\/?s={search_term_string}"},"query-input":{"@type":"PropertyValueSpecification","valueRequired":true,"valueName":"search_term_string"}}],"inLanguage":"es"},{"@type":"Organization","@id":"https:\/\/www.traveltogetherinmorocco.com\/#organization","name":"travel together in morocco","url":"https:\/\/www.traveltogetherinmorocco.com\/","logo":{"@type":"ImageObject","inLanguage":"es","@id":"https:\/\/www.traveltogetherinmorocco.com\/#\/schema\/logo\/image\/","url":"https:\/\/www.traveltogetherinmorocco.com\/wp-content\/uploads\/2025\/06\/cropped-favicon.png","contentUrl":"https:\/\/www.traveltogetherinmorocco.com\/wp-content\/uploads\/2025\/06\/cropped-favicon.png","width":512,"height":512,"caption":"travel together in morocco"},"image":{"@id":"https:\/\/www.traveltogetherinmorocco.com\/#\/schema\/logo\/image\/"},"sameAs":["https:\/\/www.facebook.com\/azizindesert?rdid=AM85IAprjCTIUGCP&share_url=httpswww.facebook.comshare16PbxaT6ga","https:\/\/www.instagram.com\/travel_together_in_morocco\/"]}]}},"_links":{"self":[{"href":"https:\/\/www.traveltogetherinmorocco.com\/es\/wp-json\/wp\/v2\/product\/11014","targetHints":{"allow":["GET"]}}],"collection":[{"href":"https:\/\/www.traveltogetherinmorocco.com\/es\/wp-json\/wp\/v2\/product"}],"about":[{"href":"https:\/\/www.traveltogetherinmorocco.com\/es\/wp-json\/wp\/v2\/types\/product"}],"replies":[{"embeddable":true,"href":"https:\/\/www.traveltogetherinmorocco.com\/es\/wp-json\/wp\/v2\/comments?post=11014"}],"wp:featuredmedia":[{"embeddable":true,"href":"https:\/\/www.traveltogetherinmorocco.com\/es\/wp-json\/wp\/v2\/media\/11015"}],"wp:attachment":[{"href":"https:\/\/www.traveltogetherinmorocco.com\/es\/wp-json\/wp\/v2\/media?parent=11014"}],"wp:term":[{"taxonomy":"product_brand","embeddable":true,"href":"https:\/\/www.traveltogetherinmorocco.com\/es\/wp-json\/wp\/v2\/product_brand?post=11014"},{"taxonomy":"product_cat","embeddable":true,"href":"https:\/\/www.traveltogetherinmorocco.com\/es\/wp-json\/wp\/v2\/product_cat?post=11014"},{"taxonomy":"product_tag","embeddable":true,"href":"https:\/\/www.traveltogetherinmorocco.com\/es\/wp-json\/wp\/v2\/product_tag?post=11014"}],"curies":[{"name":"wp","href":"https:\/\/api.w.org\/{rel}","templated":true}]}}