{"id":11017,"date":"2025-06-18T11:02:31","date_gmt":"2025-06-18T11:02:31","guid":{"rendered":"https:\/\/www.traveltogetherinmorocco.com\/product\/10-day-morocco-tour-from-casablanca-to-marrakech\/"},"modified":"2025-06-20T13:06:57","modified_gmt":"2025-06-20T13:06:57","slug":"tour-de-10-dias-por-marruecos-desde-casablanca-hasta-marrakech","status":"publish","type":"product","link":"https:\/\/www.traveltogetherinmorocco.com\/es\/producto\/tour-de-10-dias-por-marruecos-desde-casablanca-hasta-marrakech\/","title":{"rendered":"Tour de 10 d\u00edas por Marruecos desde Casablanca hasta Marrakech"},"content":{"rendered":"<h2>Descripci\u00f3n general:<\/h2>\n<p data-start=\"64\" data-end=\"529\">Emb\u00e1rcate en un <strong data-start=\"80\" data-end=\"131\">inolvidable itinerario de 10 d\u00edas por Marruecos<\/strong> que revela el alma de una naci\u00f3n rica en <strong data-start=\"173\" data-end=\"185\">historia<\/strong>, <strong data-start=\"187\" data-end=\"198\">cultura<\/strong> y <strong data-start=\"201\" data-end=\"220\">belleza natural<\/strong>. Desde el encanto cosmopolita de <strong data-start=\"254\" data-end=\"268\">Casablanca<\/strong> hasta los serenos callejones azules de <strong data-start=\"308\" data-end=\"323\">Chefchaouen<\/strong>, desde las vibrantes medinas de <strong data-start=\"356\" data-end=\"363\">Fez<\/strong> hasta la vasta tranquilidad del <strong data-start=\"396\" data-end=\"419\">desierto del Sahara<\/strong>, y finalmente hasta el bullicioso coraz\u00f3n de <strong data-start=\"465\" data-end=\"478\">Marrakech<\/strong>, cada d\u00eda ofrece una nueva y cautivadora aventura.<\/p>\n<p data-start=\"531\" data-end=\"887\">Sum\u00e9rgete en los diversos paisajes de Marruecos \u2014 desde <strong data-start=\"587\" data-end=\"610\">ciudades imperiales<\/strong> y <strong data-start=\"613\" data-end=\"634\">pueblos bereberes<\/strong> hasta <strong data-start=\"641\" data-end=\"661\">dunas ondulantes<\/strong>, <strong data-start=\"663\" data-end=\"683\">antiguas kasbahs<\/strong> y <strong data-start=\"686\" data-end=\"706\">monta\u00f1as nevadas<\/strong>. Participar\u00e1s en <strong data-start=\"724\" data-end=\"747\">tradiciones locales<\/strong>, probar\u00e1s la aut\u00e9ntica <strong data-start=\"771\" data-end=\"790\">cocina marroqu\u00ed<\/strong> y te maravillar\u00e1s con las <strong data-start=\"817\" data-end=\"847\">maravillas arquitect\u00f3nicas<\/strong> que han resistido la prueba del tiempo.<\/p>\n<p data-start=\"889\" data-end=\"1110\">Este viaje completo de 10 d\u00edas ofrece la mezcla perfecta de <strong data-start=\"949\" data-end=\"964\">exploraci\u00f3n<\/strong>, <strong data-start=\"966\" data-end=\"993\">descubrimiento cultural<\/strong> y <strong data-start=\"996\" data-end=\"1010\">relajaci\u00f3n<\/strong>. Es un mosaico colorido de experiencias que llevar\u00e1s contigo mucho despu\u00e9s de que termine el viaje.<\/p>\n<h2 data-start=\"139\" data-end=\"422\">Aspectos destacados del tour:<\/h2>\n<ul>\n<li data-start=\"66\" data-end=\"211\">Visita la <strong data-start=\"76\" data-end=\"112\">Mezquita Hassan II de Casablanca<\/strong>, un s\u00edmbolo de la <strong data-start=\"131\" data-end=\"158\">grandeza arquitect\u00f3nica<\/strong> y el <strong data-start=\"164\" data-end=\"208\">patrimonio isl\u00e1mico moderno de Marruecos<\/strong>.<\/li>\n<li data-start=\"214\" data-end=\"320\">Descubre la capital, <strong data-start=\"235\" data-end=\"244\">Rabat<\/strong>, hogar de la <strong data-start=\"258\" data-end=\"274\">Torre Hassan<\/strong> y la <strong data-start=\"280\" data-end=\"317\">Kasbah de los Udayas junto al mar<\/strong>.<\/li>\n<li data-start=\"323\" data-end=\"428\">Pasea por las <strong data-start=\"337\" data-end=\"371\">calles azuladas de Chefchaouen<\/strong>, una de las ciudades m\u00e1s <strong data-start=\"397\" data-end=\"425\">pintorescas de Marruecos<\/strong>.<\/li>\n<li data-start=\"431\" data-end=\"602\">Explora la <strong data-start=\"442\" data-end=\"468\">medieval Medina de Fez<\/strong>, declarada Patrimonio de la Humanidad por la <strong data-start=\"514\" data-end=\"524\">UNESCO<\/strong>, incluyendo sus famosas <strong data-start=\"549\" data-end=\"564\">curtidur\u00edas<\/strong> y la <strong data-start=\"570\" data-end=\"599\">Universidad Al-Qarawiyyin<\/strong>.<\/li>\n<li data-start=\"605\" data-end=\"718\">Disfruta de un <strong data-start=\"620\" data-end=\"685\">m\u00e1gico paseo en camello sobre las dunas doradas de Erg Chebbi<\/strong> en el <strong data-start=\"692\" data-end=\"715\">desierto del Sahara<\/strong>.<\/li>\n<li data-start=\"721\" data-end=\"866\">Vive una <strong data-start=\"730\" data-end=\"791\">noche encantadora en un campamento de lujo en el desierto<\/strong>, con <strong data-start=\"797\" data-end=\"825\">observaci\u00f3n de estrellas<\/strong>, m\u00fasica tradicional bereber y fogatas.<\/li>\n<li data-start=\"869\" data-end=\"976\">Conoce a una <strong data-start=\"882\" data-end=\"908\">familia bereber n\u00f3mada<\/strong> y aprende sobre el <strong data-start=\"928\" data-end=\"973\">estilo de vida tradicional en el desierto<\/strong>.<\/li>\n<li data-start=\"979\" data-end=\"1091\">Camina por el <strong data-start=\"993\" data-end=\"1022\">dram\u00e1tico Ca\u00f1\u00f3n del Todra<\/strong>, rodeado de imponentes paredes rocosas y naturaleza impresionante.<\/li>\n<li data-start=\"1094\" data-end=\"1226\">Visita la <strong data-start=\"1104\" data-end=\"1148\">cinematogr\u00e1fica Kasbah de Ait Ben Haddou<\/strong>, un sitio de la <strong data-start=\"1165\" data-end=\"1175\">UNESCO<\/strong> y escenario de numerosas pel\u00edculas de Hollywood.<\/li>\n<li data-start=\"1229\" data-end=\"1341\">Conduce por las majestuosas <strong data-start=\"1257\" data-end=\"1284\">Monta\u00f1as del Alto Atlas<\/strong>, disfrutando de vistas panor\u00e1micas y curvas esc\u00e9nicas.<\/li>\n<li data-start=\"1344\" data-end=\"1474\">Termina en <strong data-start=\"1355\" data-end=\"1368\">Marrakech<\/strong>, explorando la vibrante plaza de <strong data-start=\"1402\" data-end=\"1419\">Jemaa el-Fnaa<\/strong>, los coloridos <strong data-start=\"1435\" data-end=\"1444\">zocos<\/strong> y maravillas arquitect\u00f3nicas.<\/li>\n<\/ul>\n","protected":false},"excerpt":{"rendered":"<p>Descripci\u00f3n general: Emb\u00e1rcate en un inolvidable itinerario de 10 d\u00edas por Marruecos que revela el alma de una naci\u00f3n rica en historia, cultura y belleza natural. Desde el encanto cosmopolita de Casablanca hasta los serenos callejones azules de Chefchaouen, desde las vibrantes medinas de Fez hasta la vasta tranquilidad del desierto del Sahara, y finalmente [&hellip;]<\/p>\n","protected":false},"featured_media":11018,"comment_status":"open","ping_status":"closed","template":"","meta":[],"product_brand":[],"product_cat":[213,214,215],"product_tag":[],"class_list":{"0":"post-11017","1":"product","2":"type-product","3":"status-publish","4":"has-post-thumbnail","6":"product_cat-casablanca-es","7":"product_cat-luxury-tours-es","8":"product_cat-morocco-desert-tours-es","10":"first","11":"instock","12":"shipping-taxable","13":"product-type-ovabrw_car_rental"},"yoast_head":"<!-- This site is optimized with the Yoast SEO plugin v27.4 - https:\/\/yoast.com\/product\/yoast-seo-wordpress\/ -->\n<title>Tour de 10 d\u00edas por Marruecos desde Casablanca hasta Marrakech - travel together in morocco<\/title>\n<meta name=\"robots\" content=\"index, follow, max-snippet:-1, max-image-preview:large, max-video-preview:-1\" \/>\n<link rel=\"canonical\" href=\"https:\/\/www.traveltogetherinmorocco.com\/producto\/10-day-morocco-tour-from-casablanca-to-marrakech\/\" \/>\n<meta property=\"og:locale\" content=\"es_ES\" \/>\n<meta property=\"og:type\" content=\"article\" \/>\n<meta property=\"og:title\" content=\"Tour de 10 d\u00edas por Marruecos desde Casablanca hasta Marrakech - travel together in morocco\" \/>\n<meta property=\"og:description\" content=\"Descripci\u00f3n general: Emb\u00e1rcate en un inolvidable itinerario de 10 d\u00edas por Marruecos que revela el alma de una naci\u00f3n rica en historia, cultura y belleza natural. Desde el encanto cosmopolita de Casablanca hasta los serenos callejones azules de Chefchaouen, desde las vibrantes medinas de Fez hasta la vasta tranquilidad del desierto del Sahara, y finalmente [&hellip;]\" \/>\n<meta property=\"og:url\" content=\"https:\/\/www.traveltogetherinmorocco.com\/producto\/10-day-morocco-tour-from-casablanca-to-marrakech\/\" \/>\n<meta property=\"og:site_name\" content=\"travel together in morocco\" \/>\n<meta property=\"article:publisher\" content=\"https:\/\/www.facebook.com\/azizindesert?rdid=AM85IAprjCTIUGCP&amp;share_url=httpswww.facebook.comshare16PbxaT6ga\" \/>\n<meta property=\"article:modified_time\" content=\"2025-06-20T13:06:57+00:00\" \/>\n<meta property=\"og:image\" content=\"https:\/\/www.traveltogetherinmorocco.com\/wp-content\/uploads\/2025\/06\/10-3.webp\" \/>\n\t<meta property=\"og:image:width\" content=\"1988\" \/>\n\t<meta property=\"og:image:height\" content=\"1988\" \/>\n\t<meta property=\"og:image:type\" content=\"image\/webp\" \/>\n<meta name=\"twitter:card\" content=\"summary_large_image\" \/>\n<meta name=\"twitter:label1\" content=\"Tiempo de lectura\" \/>\n\t<meta name=\"twitter:data1\" content=\"2 minutos\" \/>\n<script type=\"application\/ld+json\" class=\"yoast-schema-graph\">{\"@context\":\"https:\\\/\\\/schema.org\",\"@graph\":[{\"@type\":\"WebPage\",\"@id\":\"https:\\\/\\\/www.traveltogetherinmorocco.com\\\/producto\\\/10-day-morocco-tour-from-casablanca-to-marrakech\\\/\",\"url\":\"https:\\\/\\\/www.traveltogetherinmorocco.com\\\/producto\\\/10-day-morocco-tour-from-casablanca-to-marrakech\\\/\",\"name\":\"Tour de 10 d\u00edas por Marruecos desde Casablanca hasta Marrakech - travel together in morocco\",\"isPartOf\":{\"@id\":\"https:\\\/\\\/www.traveltogetherinmorocco.com\\\/#website\"},\"primaryImageOfPage\":{\"@id\":\"https:\\\/\\\/www.traveltogetherinmorocco.com\\\/producto\\\/10-day-morocco-tour-from-casablanca-to-marrakech\\\/#primaryimage\"},\"image\":{\"@id\":\"https:\\\/\\\/www.traveltogetherinmorocco.com\\\/producto\\\/10-day-morocco-tour-from-casablanca-to-marrakech\\\/#primaryimage\"},\"thumbnailUrl\":\"https:\\\/\\\/www.traveltogetherinmorocco.com\\\/wp-content\\\/uploads\\\/2025\\\/06\\\/10-3.webp\",\"datePublished\":\"2025-06-18T11:02:31+00:00\",\"dateModified\":\"2025-06-20T13:06:57+00:00\",\"breadcrumb\":{\"@id\":\"https:\\\/\\\/www.traveltogetherinmorocco.com\\\/producto\\\/10-day-morocco-tour-from-casablanca-to-marrakech\\\/#breadcrumb\"},\"inLanguage\":\"es\",\"potentialAction\":[{\"@type\":\"ReadAction\",\"target\":[\"https:\\\/\\\/www.traveltogetherinmorocco.com\\\/producto\\\/10-day-morocco-tour-from-casablanca-to-marrakech\\\/\"]}]},{\"@type\":\"ImageObject\",\"inLanguage\":\"es\",\"@id\":\"https:\\\/\\\/www.traveltogetherinmorocco.com\\\/producto\\\/10-day-morocco-tour-from-casablanca-to-marrakech\\\/#primaryimage\",\"url\":\"https:\\\/\\\/www.traveltogetherinmorocco.com\\\/wp-content\\\/uploads\\\/2025\\\/06\\\/10-3.webp\",\"contentUrl\":\"https:\\\/\\\/www.traveltogetherinmorocco.com\\\/wp-content\\\/uploads\\\/2025\\\/06\\\/10-3.webp\",\"width\":1988,\"height\":1988},{\"@type\":\"BreadcrumbList\",\"@id\":\"https:\\\/\\\/www.traveltogetherinmorocco.com\\\/producto\\\/10-day-morocco-tour-from-casablanca-to-marrakech\\\/#breadcrumb\",\"itemListElement\":[{\"@type\":\"ListItem\",\"position\":1,\"name\":\"Home\",\"item\":\"https:\\\/\\\/www.traveltogetherinmorocco.com\\\/es\\\/\"},{\"@type\":\"ListItem\",\"position\":2,\"name\":\"Products\",\"item\":\"https:\\\/\\\/www.traveltogetherinmorocco.com\\\/shop\\\/\"},{\"@type\":\"ListItem\",\"position\":3,\"name\":\"Tour de 10 d\u00edas por Marruecos desde Casablanca hasta Marrakech\"}]},{\"@type\":\"WebSite\",\"@id\":\"https:\\\/\\\/www.traveltogetherinmorocco.com\\\/#website\",\"url\":\"https:\\\/\\\/www.traveltogetherinmorocco.com\\\/\",\"name\":\"travel together in morocco\",\"description\":\"Authentic Tours Across Morocco, Together with Local Experts\",\"publisher\":{\"@id\":\"https:\\\/\\\/www.traveltogetherinmorocco.com\\\/#organization\"},\"potentialAction\":[{\"@type\":\"SearchAction\",\"target\":{\"@type\":\"EntryPoint\",\"urlTemplate\":\"https:\\\/\\\/www.traveltogetherinmorocco.com\\\/?s={search_term_string}\"},\"query-input\":{\"@type\":\"PropertyValueSpecification\",\"valueRequired\":true,\"valueName\":\"search_term_string\"}}],\"inLanguage\":\"es\"},{\"@type\":\"Organization\",\"@id\":\"https:\\\/\\\/www.traveltogetherinmorocco.com\\\/#organization\",\"name\":\"travel together in morocco\",\"url\":\"https:\\\/\\\/www.traveltogetherinmorocco.com\\\/\",\"logo\":{\"@type\":\"ImageObject\",\"inLanguage\":\"es\",\"@id\":\"https:\\\/\\\/www.traveltogetherinmorocco.com\\\/#\\\/schema\\\/logo\\\/image\\\/\",\"url\":\"https:\\\/\\\/www.traveltogetherinmorocco.com\\\/wp-content\\\/uploads\\\/2025\\\/06\\\/cropped-favicon.png\",\"contentUrl\":\"https:\\\/\\\/www.traveltogetherinmorocco.com\\\/wp-content\\\/uploads\\\/2025\\\/06\\\/cropped-favicon.png\",\"width\":512,\"height\":512,\"caption\":\"travel together in morocco\"},\"image\":{\"@id\":\"https:\\\/\\\/www.traveltogetherinmorocco.com\\\/#\\\/schema\\\/logo\\\/image\\\/\"},\"sameAs\":[\"https:\\\/\\\/www.facebook.com\\\/azizindesert?rdid=AM85IAprjCTIUGCP&share_url=httpswww.facebook.comshare16PbxaT6ga\",\"https:\\\/\\\/www.instagram.com\\\/travel_together_in_morocco\\\/\"]}]}<\/script>\n<!-- \/ Yoast SEO plugin. -->","yoast_head_json":{"title":"Tour de 10 d\u00edas por Marruecos desde Casablanca hasta Marrakech - travel together in morocco","robots":{"index":"index","follow":"follow","max-snippet":"max-snippet:-1","max-image-preview":"max-image-preview:large","max-video-preview":"max-video-preview:-1"},"canonical":"https:\/\/www.traveltogetherinmorocco.com\/producto\/10-day-morocco-tour-from-casablanca-to-marrakech\/","og_locale":"es_ES","og_type":"article","og_title":"Tour de 10 d\u00edas por Marruecos desde Casablanca hasta Marrakech - travel together in morocco","og_description":"Descripci\u00f3n general: Emb\u00e1rcate en un inolvidable itinerario de 10 d\u00edas por Marruecos que revela el alma de una naci\u00f3n rica en historia, cultura y belleza natural. Desde el encanto cosmopolita de Casablanca hasta los serenos callejones azules de Chefchaouen, desde las vibrantes medinas de Fez hasta la vasta tranquilidad del desierto del Sahara, y finalmente [&hellip;]","og_url":"https:\/\/www.traveltogetherinmorocco.com\/producto\/10-day-morocco-tour-from-casablanca-to-marrakech\/","og_site_name":"travel together in morocco","article_publisher":"https:\/\/www.facebook.com\/azizindesert?rdid=AM85IAprjCTIUGCP&share_url=httpswww.facebook.comshare16PbxaT6ga","article_modified_time":"2025-06-20T13:06:57+00:00","og_image":[{"width":1988,"height":1988,"url":"https:\/\/www.traveltogetherinmorocco.com\/wp-content\/uploads\/2025\/06\/10-3.webp","type":"image\/webp"}],"twitter_card":"summary_large_image","twitter_misc":{"Tiempo de lectura":"2 minutos"},"schema":{"@context":"https:\/\/schema.org","@graph":[{"@type":"WebPage","@id":"https:\/\/www.traveltogetherinmorocco.com\/producto\/10-day-morocco-tour-from-casablanca-to-marrakech\/","url":"https:\/\/www.traveltogetherinmorocco.com\/producto\/10-day-morocco-tour-from-casablanca-to-marrakech\/","name":"Tour de 10 d\u00edas por Marruecos desde Casablanca hasta Marrakech - travel together in morocco","isPartOf":{"@id":"https:\/\/www.traveltogetherinmorocco.com\/#website"},"primaryImageOfPage":{"@id":"https:\/\/www.traveltogetherinmorocco.com\/producto\/10-day-morocco-tour-from-casablanca-to-marrakech\/#primaryimage"},"image":{"@id":"https:\/\/www.traveltogetherinmorocco.com\/producto\/10-day-morocco-tour-from-casablanca-to-marrakech\/#primaryimage"},"thumbnailUrl":"https:\/\/www.traveltogetherinmorocco.com\/wp-content\/uploads\/2025\/06\/10-3.webp","datePublished":"2025-06-18T11:02:31+00:00","dateModified":"2025-06-20T13:06:57+00:00","breadcrumb":{"@id":"https:\/\/www.traveltogetherinmorocco.com\/producto\/10-day-morocco-tour-from-casablanca-to-marrakech\/#breadcrumb"},"inLanguage":"es","potentialAction":[{"@type":"ReadAction","target":["https:\/\/www.traveltogetherinmorocco.com\/producto\/10-day-morocco-tour-from-casablanca-to-marrakech\/"]}]},{"@type":"ImageObject","inLanguage":"es","@id":"https:\/\/www.traveltogetherinmorocco.com\/producto\/10-day-morocco-tour-from-casablanca-to-marrakech\/#primaryimage","url":"https:\/\/www.traveltogetherinmorocco.com\/wp-content\/uploads\/2025\/06\/10-3.webp","contentUrl":"https:\/\/www.traveltogetherinmorocco.com\/wp-content\/uploads\/2025\/06\/10-3.webp","width":1988,"height":1988},{"@type":"BreadcrumbList","@id":"https:\/\/www.traveltogetherinmorocco.com\/producto\/10-day-morocco-tour-from-casablanca-to-marrakech\/#breadcrumb","itemListElement":[{"@type":"ListItem","position":1,"name":"Home","item":"https:\/\/www.traveltogetherinmorocco.com\/es\/"},{"@type":"ListItem","position":2,"name":"Products","item":"https:\/\/www.traveltogetherinmorocco.com\/shop\/"},{"@type":"ListItem","position":3,"name":"Tour de 10 d\u00edas por Marruecos desde Casablanca hasta Marrakech"}]},{"@type":"WebSite","@id":"https:\/\/www.traveltogetherinmorocco.com\/#website","url":"https:\/\/www.traveltogetherinmorocco.com\/","name":"travel together in morocco","description":"Authentic Tours Across Morocco, Together with Local Experts","publisher":{"@id":"https:\/\/www.traveltogetherinmorocco.com\/#organization"},"potentialAction":[{"@type":"SearchAction","target":{"@type":"EntryPoint","urlTemplate":"https:\/\/www.traveltogetherinmorocco.com\/?s={search_term_string}"},"query-input":{"@type":"PropertyValueSpecification","valueRequired":true,"valueName":"search_term_string"}}],"inLanguage":"es"},{"@type":"Organization","@id":"https:\/\/www.traveltogetherinmorocco.com\/#organization","name":"travel together in morocco","url":"https:\/\/www.traveltogetherinmorocco.com\/","logo":{"@type":"ImageObject","inLanguage":"es","@id":"https:\/\/www.traveltogetherinmorocco.com\/#\/schema\/logo\/image\/","url":"https:\/\/www.traveltogetherinmorocco.com\/wp-content\/uploads\/2025\/06\/cropped-favicon.png","contentUrl":"https:\/\/www.traveltogetherinmorocco.com\/wp-content\/uploads\/2025\/06\/cropped-favicon.png","width":512,"height":512,"caption":"travel together in morocco"},"image":{"@id":"https:\/\/www.traveltogetherinmorocco.com\/#\/schema\/logo\/image\/"},"sameAs":["https:\/\/www.facebook.com\/azizindesert?rdid=AM85IAprjCTIUGCP&share_url=httpswww.facebook.comshare16PbxaT6ga","https:\/\/www.instagram.com\/travel_together_in_morocco\/"]}]}},"_links":{"self":[{"href":"https:\/\/www.traveltogetherinmorocco.com\/es\/wp-json\/wp\/v2\/product\/11017","targetHints":{"allow":["GET"]}}],"collection":[{"href":"https:\/\/www.traveltogetherinmorocco.com\/es\/wp-json\/wp\/v2\/product"}],"about":[{"href":"https:\/\/www.traveltogetherinmorocco.com\/es\/wp-json\/wp\/v2\/types\/product"}],"replies":[{"embeddable":true,"href":"https:\/\/www.traveltogetherinmorocco.com\/es\/wp-json\/wp\/v2\/comments?post=11017"}],"wp:featuredmedia":[{"embeddable":true,"href":"https:\/\/www.traveltogetherinmorocco.com\/es\/wp-json\/wp\/v2\/media\/11018"}],"wp:attachment":[{"href":"https:\/\/www.traveltogetherinmorocco.com\/es\/wp-json\/wp\/v2\/media?parent=11017"}],"wp:term":[{"taxonomy":"product_brand","embeddable":true,"href":"https:\/\/www.traveltogetherinmorocco.com\/es\/wp-json\/wp\/v2\/product_brand?post=11017"},{"taxonomy":"product_cat","embeddable":true,"href":"https:\/\/www.traveltogetherinmorocco.com\/es\/wp-json\/wp\/v2\/product_cat?post=11017"},{"taxonomy":"product_tag","embeddable":true,"href":"https:\/\/www.traveltogetherinmorocco.com\/es\/wp-json\/wp\/v2\/product_tag?post=11017"}],"curies":[{"name":"wp","href":"https:\/\/api.w.org\/{rel}","templated":true}]}}