{"id":11712,"date":"2025-06-17T18:01:03","date_gmt":"2025-06-17T18:01:03","guid":{"rendered":"https:\/\/www.traveltogetherinmorocco.com\/day-trips-from-casablanca\/"},"modified":"2025-07-16T18:14:09","modified_gmt":"2025-07-16T18:14:09","slug":"escursioni-da-casablanca","status":"publish","type":"page","link":"https:\/\/www.traveltogetherinmorocco.com\/it\/escursioni-da-casablanca\/","title":{"rendered":"Escursioni da Casablanca"},"content":{"rendered":"\t\t<div data-elementor-type=\"wp-page\" data-elementor-id=\"11712\" class=\"elementor elementor-11712 elementor-9849\">\n\t\t\t\t\t\t<section class=\"elementor-section elementor-top-section elementor-element elementor-element-2779fee elementor-section-boxed elementor-section-height-default elementor-section-height-default\" data-id=\"2779fee\" data-element_type=\"section\" data-e-type=\"section\">\n\t\t\t\t\t\t<div class=\"elementor-container elementor-column-gap-default\">\n\t\t\t\t\t<div class=\"elementor-column elementor-col-100 elementor-top-column elementor-element elementor-element-dce802a\" data-id=\"dce802a\" data-element_type=\"column\" data-e-type=\"column\">\n\t\t\t<div class=\"elementor-widget-wrap elementor-element-populated\">\n\t\t\t\t\t\t<div class=\"elementor-element elementor-element-8f8020d elementor-widget elementor-widget-ovabrw_product_category_ajax\" data-id=\"8f8020d\" data-element_type=\"widget\" data-e-type=\"widget\" data-widget_type=\"ovabrw_product_category_ajax.default\">\n\t\t\t\t<div class=\"elementor-widget-container\">\n\t\t\t\t\t\n<div class=\"ovabrw-category-ajax\">\n\t<ul class=\"ovabrw-category-list\">\n\t\t\t\t\t\t\t\t\t<li class=\"category-item active\" data-term-id=\"234\">\n\t\t\t\t\tCasablanca\t\t\t\t<\/li>\n\t\t\t\t\t\t<\/ul>\n\t<div class=\"ovabrw-category-products\"><\/div>\n\t<!-- Load more -->\n\t<div class=\"wrap-load-more\">\n\t\t<svg class=\"loader\" width=\"50\" height=\"50\">\n\t\t\t<circle cx=\"25\" cy=\"25\" r=\"10\" \/>\n\t\t\t<circle cx=\"25\" cy=\"25\" r=\"20\" \/>\n\t\t<\/svg>\n\t<\/div>\n\t<input\n\t\ttype=\"hidden\"\n\t\tname=\"category-ajax-input\"\n\t\tdata-posts-per-page=\"9\"\n\t\tdata-paged=\"1\"\n\t\tdata-order=\"DESC\"\n\t\tdata-orderby=\"date\"\n\t\tdata-layout=\"grid\"\n\t\tdata-grid_template=\"template_1\"\n\t\tdata-column=\"column3\"\n\t\tdata-thumbnail-type=\"image\"\n\t\tdata-pagination=\"yes\"\n\t\/>\n<\/div>\t\t\t\t<\/div>\n\t\t\t\t<\/div>\n\t\t\t\t\t<\/div>\n\t\t<\/div>\n\t\t\t\t\t<\/div>\n\t\t<\/section>\n\t\t\t\t<section class=\"elementor-section elementor-top-section elementor-element elementor-element-c5535f1 elementor-section-boxed elementor-section-height-default elementor-section-height-default\" data-id=\"c5535f1\" data-element_type=\"section\" data-e-type=\"section\">\n\t\t\t\t\t\t<div class=\"elementor-container elementor-column-gap-default\">\n\t\t\t\t\t<div class=\"elementor-column elementor-col-100 elementor-top-column elementor-element elementor-element-1ee972c\" data-id=\"1ee972c\" data-element_type=\"column\" data-e-type=\"column\">\n\t\t\t<div class=\"elementor-widget-wrap elementor-element-populated\">\n\t\t\t\t\t\t<div class=\"elementor-element elementor-element-eda4ee3 elementor-widget elementor-widget-heading\" data-id=\"eda4ee3\" data-element_type=\"widget\" data-e-type=\"widget\" data-widget_type=\"heading.default\">\n\t\t\t\t<div class=\"elementor-widget-container\">\n\t\t\t\t\t<h2 class=\"elementor-heading-title elementor-size-default\">Gite di un giorno indimenticabili da Casablanca | Meraviglie costiere e culturali<\/h2>\t\t\t\t<\/div>\n\t\t\t\t<\/div>\n\t\t\t\t<div class=\"elementor-element elementor-element-6294ad3 elementor-widget elementor-widget-text-editor\" data-id=\"6294ad3\" data-element_type=\"widget\" data-e-type=\"widget\" data-widget_type=\"text-editor.default\">\n\t\t\t\t<div class=\"elementor-widget-container\">\n\t\t\t\t\t\t\t\t\t<p data-start=\"181\" data-end=\"710\">Fuggi dal trambusto cittadino con <strong style=\"color: #e8b257\" data-start=\"215\" data-end=\"245\">Travel Together in Morocco<\/strong> e scopri le migliori <strong data-start=\"267\" data-end=\"295\">escursioni da Casablanca<\/strong>, la moderna porta del Marocco. Essendo la citt\u00e0 pi\u00f9 grande del paese, <strong data-start=\"366\" data-end=\"380\">Casablanca<\/strong> unisce il fascino costiero all\u2019energia cosmopolita. Passeggia lungo la <strong data-start=\"452\" data-end=\"474\">Corniche Atlantica<\/strong>, esplora l\u2019<strong data-start=\"486\" data-end=\"511\">architettura art d\u00e9co<\/strong> e ammira la maestosa <strong data-start=\"533\" data-end=\"554\">moschea Hassan II<\/strong>, una delle pi\u00f9 grandi al mondo. Casablanca non \u00e8 solo una citt\u00e0 portuale, ma anche il punto di partenza ideale per avventure culturali in tutto il Marocco.<\/p>\n<p data-start=\"712\" data-end=\"1283\">Avventurati in tour guidati giornalieri per scoprire tesori senza tempo appena fuori Casablanca. Visita <strong data-start=\"816\" data-end=\"825\">Rabat<\/strong>, l\u2019elegante capitale, dove ti attendono i <strong data-start=\"868\" data-end=\"889\">giardini andalusi<\/strong>, le <strong data-start=\"894\" data-end=\"904\">kasbah<\/strong> e i <strong data-start=\"909\" data-end=\"926\">palazzi reali<\/strong>. Dirigiti verso l\u2019entroterra a <strong data-start=\"958\" data-end=\"971\">El Jadida<\/strong>, citt\u00e0 fortificata portoghese riconosciuta dall\u2019<strong data-start=\"1020\" data-end=\"1030\">UNESCO<\/strong>, ricca di tranquillit\u00e0 marina e storia. Oppure trascorri la giornata ad <strong data-start=\"1103\" data-end=\"1115\">Azemmour<\/strong>, una medina fluviale tranquilla, famosa per il suo fascino boh\u00e9mien e le gallerie d\u2019arte. Ogni destinazione svela un capitolo unico del patrimonio costiero marocchino.<\/p>\n<p data-start=\"1285\" data-end=\"1799\">Le nostre <strong data-start=\"1295\" data-end=\"1323\">escursioni da Casablanca<\/strong> con <strong data-start=\"1328\" data-end=\"1358\">Travel Together in Morocco<\/strong> sono progettate per offrire <strong data-start=\"1387\" data-end=\"1398\">comfort<\/strong>, profondit\u00e0 e immersione culturale. Viaggia a bordo di veicoli di lusso con guide multilingue che raccontano storie e approfondimenti per dare vita a ogni sito visitato. Grazie a itinerari personalizzati, garantiamo a ogni ospite un viaggio fluido e arricchente. Il servizio di <strong data-start=\"1677\" data-end=\"1687\">pickup<\/strong> direttamente dal tuo <strong data-start=\"1709\" data-end=\"1718\">hotel<\/strong> o <strong data-start=\"1721\" data-end=\"1729\">riad<\/strong> a Casablanca rende la tua fuga semplice e memorabile fin dall\u2019inizio.<\/p>\n<p data-start=\"1801\" data-end=\"2327\">Assapora le delizie dell\u2019<strong data-start=\"1826\" data-end=\"1839\">Atlantico<\/strong> nelle cittadine costiere, dove i <strong data-start=\"1873\" data-end=\"1899\">tagine di pesce fresco<\/strong> e le <strong data-start=\"1905\" data-end=\"1927\">sarde alla griglia<\/strong> sono specialit\u00e0 locali. Passeggia tra i souk artigianali di <strong data-start=\"1988\" data-end=\"1997\">Rabat<\/strong> e <strong data-start=\"2000\" data-end=\"2012\">Azemmour<\/strong>, scoprendo gioielli fatti a mano, prodotti in pelle e opere d\u2019arte locali. Fermati in caff\u00e8 di campagna per gustare t\u00e8 alla menta fresco e dolci marocchini con vista sull\u2019oceano. Ogni esperienza \u00e8 curata con attenzione da <strong data-start=\"2235\" data-end=\"2265\">Travel Together in Morocco<\/strong> per celebrare i sapori autentici e le tradizioni senza tempo.<\/p>\n<p data-start=\"2329\" data-end=\"2799\">Sfrutta al massimo il tuo soggiorno a Casablanca trasformandolo in un punto di partenza per escursioni giornaliere indimenticabili. Che tu cerchi profondit\u00e0 storica, relax sul mare o scoperta artistica, le nostre escursioni da Casablanca mettono a portata di mano la diversit\u00e0 del Marocco. Con <strong data-start=\"2623\" data-end=\"2653\">Travel Together in Morocco<\/strong>, il tuo viaggio va oltre l\u2019ordinario \u2014 offrendo esperienze artigianali su misura per i tuoi sogni e stile di viaggio. <strong data-start=\"2772\" data-end=\"2799\">Contattaci con piacere.<\/strong><\/p>\n<p data-start=\"2355\" data-end=\"2771\"><\/p>\t\t\t\t\t\t\t\t<\/div>\n\t\t\t\t<\/div>\n\t\t\t\t\t<\/div>\n\t\t<\/div>\n\t\t\t\t\t<\/div>\n\t\t<\/section>\n\t\t\t\t<section class=\"elementor-section elementor-top-section elementor-element elementor-element-7f8ac10a elementor-section-full_width elementor-section-height-default elementor-section-height-default\" data-id=\"7f8ac10a\" data-element_type=\"section\" data-e-type=\"section\">\n\t\t\t\t\t\t<div class=\"elementor-container elementor-column-gap-no\">\n\t\t\t\t\t<div class=\"elementor-column elementor-col-100 elementor-top-column elementor-element elementor-element-79f78284\" data-id=\"79f78284\" data-element_type=\"column\" data-e-type=\"column\">\n\t\t\t<div class=\"elementor-widget-wrap elementor-element-populated\">\n\t\t\t\t\t\t<div class=\"elementor-element elementor-element-4d456bf6 elementor-widget elementor-widget-tripgo_elementor_gallery_slide\" data-id=\"4d456bf6\" data-element_type=\"widget\" data-e-type=\"widget\" data-settings=\"{&quot;pause_on_hover&quot;:&quot;yes&quot;,&quot;infinite&quot;:&quot;yes&quot;,&quot;autoplay&quot;:&quot;yes&quot;}\" data-widget_type=\"tripgo_elementor_gallery_slide.default\">\n\t\t\t\t<div class=\"elementor-widget-container\">\n\t\t\t\t\t\n\t\t \t<div class=\"ova-gallery-slide template2\">\n\n\t\t\t\t<div class=\"gallery-slide-carousel owl-carousel owl-theme\" data-options=\"{&quot;items&quot;:5,&quot;slideBy&quot;:1,&quot;margin&quot;:0,&quot;stagePadding&quot;:0,&quot;autoplayHoverPause&quot;:true,&quot;loop&quot;:true,&quot;autoplay&quot;:true,&quot;autoplayTimeout&quot;:3000,&quot;smartSpeed&quot;:500,&quot;dots&quot;:false,&quot;rtl&quot;:false}\">\n\t\t\t\t\t\n\t\t\t\t\t\t<div class=\"gallery-slide-img\">\n\n\t\t\t\t\t\t\t<div class=\"gallery-img\">\n\t\t\t\t\t\t\t\t<img decoding=\"async\" src=\"http:\/\/www.traveltogetherinmorocco.com\/wp-content\/uploads\/2025\/05\/8-22.webp\" alt=\"\">\n\t\t\t\t\t\t\t<\/div>\n\n\t\t\t\t\t\t\t<div class=\"overlay\" data-fancybox=\"accommodation-gallery-slide\" data-src=\"http:\/\/www.traveltogetherinmorocco.com\/wp-content\/uploads\/2025\/05\/8-22.webp\"\n\t\t\t\t\t\t\tdata-caption=\"\"><\/div>\n                            \n                            <div class=\"info-wrapper\">\n                            \t\t                            \t\t\t\t\t\t\t\t\t\t\t<div class=\"view-detail\">\n\t\t\t\t\t\t\t\t\t\t\t<i aria-hidden=\"true\" class=\"icomoon icomoon-arrow-right\"><\/i>\n\t\t\t\t\t\t\t\t\t\t<\/div>\n\t\t\t\t\t\t\t\t\t\t\t\t\t\t\t\t    \n                            \t<div class=\"info\">\n                            \t\t\t\t\t\t\t\t\t\t\t\t\t\t\t\t\t\t\t\t\t\t\t\t\t\t\t\t\t\t\t\t\t\t\t\t\t\t\t\t\t\t\t\t\t\t\t<\/div>\n\n                            <\/div>\t\t\t\n\n\t\t\t\t\t\t<\/div>\n\t\t\t\t\t\n\n\t\t\t\t\t\n\t\t\t\t\t\t<div class=\"gallery-slide-img\">\n\n\t\t\t\t\t\t\t<div class=\"gallery-img\">\n\t\t\t\t\t\t\t\t<img decoding=\"async\" src=\"http:\/\/www.traveltogetherinmorocco.com\/wp-content\/uploads\/2025\/05\/1-11-scaled.webp\" alt=\"\">\n\t\t\t\t\t\t\t<\/div>\n\n\t\t\t\t\t\t\t<div class=\"overlay\" data-fancybox=\"accommodation-gallery-slide\" data-src=\"http:\/\/www.traveltogetherinmorocco.com\/wp-content\/uploads\/2025\/05\/1-11-scaled.webp\"\n\t\t\t\t\t\t\tdata-caption=\"\"><\/div>\n                            \n                            <div class=\"info-wrapper\">\n                            \t\t                            \t\t\t\t\t\t\t\t\t\t\t<div class=\"view-detail\">\n\t\t\t\t\t\t\t\t\t\t\t<i aria-hidden=\"true\" class=\"icomoon icomoon-arrow-right\"><\/i>\n\t\t\t\t\t\t\t\t\t\t<\/div>\n\t\t\t\t\t\t\t\t\t\t\t\t\t\t\t\t    \n                            \t<div class=\"info\">\n                            \t\t\t\t\t\t\t\t\t\t\t\t\t\t\t\t\t\t\t\t\t\t\t\t\t\t\t\t\t\t\t\t\t\t\t\t\t\t\t\t\t\t\t\t\t\t\t<\/div>\n\n                            <\/div>\t\t\t\n\n\t\t\t\t\t\t<\/div>\n\t\t\t\t\t\n\n\t\t\t\t\t\n\t\t\t\t\t\t<div class=\"gallery-slide-img\">\n\n\t\t\t\t\t\t\t<div class=\"gallery-img\">\n\t\t\t\t\t\t\t\t<img decoding=\"async\" src=\"http:\/\/www.traveltogetherinmorocco.com\/wp-content\/uploads\/2025\/05\/3-14-scaled.webp\" alt=\"\">\n\t\t\t\t\t\t\t<\/div>\n\n\t\t\t\t\t\t\t<div class=\"overlay\" data-fancybox=\"accommodation-gallery-slide\" data-src=\"http:\/\/www.traveltogetherinmorocco.com\/wp-content\/uploads\/2025\/05\/3-14-scaled.webp\"\n\t\t\t\t\t\t\tdata-caption=\"\"><\/div>\n                            \n                            <div class=\"info-wrapper\">\n                            \t\t                            \t\t\t\t\t\t\t\t\t\t\t<div class=\"view-detail\">\n\t\t\t\t\t\t\t\t\t\t\t<i aria-hidden=\"true\" class=\"icomoon icomoon-arrow-right\"><\/i>\n\t\t\t\t\t\t\t\t\t\t<\/div>\n\t\t\t\t\t\t\t\t\t\t\t\t\t\t\t\t    \n                            \t<div class=\"info\">\n                            \t\t\t\t\t\t\t\t\t\t\t\t\t\t\t\t\t\t\t\t\t\t\t\t\t\t\t\t\t\t\t\t\t\t\t\t\t\t\t\t\t\t\t\t\t\t\t<\/div>\n\n                            <\/div>\t\t\t\n\n\t\t\t\t\t\t<\/div>\n\t\t\t\t\t\n\n\t\t\t\t\t\n\t\t\t\t\t\t<div class=\"gallery-slide-img\">\n\n\t\t\t\t\t\t\t<div class=\"gallery-img\">\n\t\t\t\t\t\t\t\t<img decoding=\"async\" src=\"http:\/\/www.traveltogetherinmorocco.com\/wp-content\/uploads\/2025\/05\/3-28-scaled.webp\" alt=\"\">\n\t\t\t\t\t\t\t<\/div>\n\n\t\t\t\t\t\t\t<div class=\"overlay\" data-fancybox=\"accommodation-gallery-slide\" data-src=\"http:\/\/www.traveltogetherinmorocco.com\/wp-content\/uploads\/2025\/05\/3-28-scaled.webp\"\n\t\t\t\t\t\t\tdata-caption=\"\"><\/div>\n                            \n                            <div class=\"info-wrapper\">\n                            \t\t                            \t\t\t\t\t\t\t\t\t\t\t<div class=\"view-detail\">\n\t\t\t\t\t\t\t\t\t\t\t<i aria-hidden=\"true\" class=\"icomoon icomoon-arrow-right\"><\/i>\n\t\t\t\t\t\t\t\t\t\t<\/div>\n\t\t\t\t\t\t\t\t\t\t\t\t\t\t\t\t    \n                            \t<div class=\"info\">\n                            \t\t\t\t\t\t\t\t\t\t\t\t\t\t\t\t\t\t\t\t\t\t\t\t\t\t\t\t\t\t\t\t\t\t\t\t\t\t\t\t\t\t\t\t\t\t\t<\/div>\n\n                            <\/div>\t\t\t\n\n\t\t\t\t\t\t<\/div>\n\t\t\t\t\t\n\n\t\t\t\t\t\n\t\t\t\t\t\t<div class=\"gallery-slide-img\">\n\n\t\t\t\t\t\t\t<div class=\"gallery-img\">\n\t\t\t\t\t\t\t\t<img decoding=\"async\" src=\"http:\/\/www.traveltogetherinmorocco.com\/wp-content\/uploads\/2025\/05\/1-12-scaled.webp\" alt=\"\">\n\t\t\t\t\t\t\t<\/div>\n\n\t\t\t\t\t\t\t<div class=\"overlay\" data-fancybox=\"accommodation-gallery-slide\" data-src=\"http:\/\/www.traveltogetherinmorocco.com\/wp-content\/uploads\/2025\/05\/1-12-scaled.webp\"\n\t\t\t\t\t\t\tdata-caption=\"\"><\/div>\n                            \n                            <div class=\"info-wrapper\">\n                            \t\t                            \t\t\t\t\t\t\t\t\t\t\t<div class=\"view-detail\">\n\t\t\t\t\t\t\t\t\t\t\t<i aria-hidden=\"true\" class=\"icomoon icomoon-arrow-right\"><\/i>\n\t\t\t\t\t\t\t\t\t\t<\/div>\n\t\t\t\t\t\t\t\t\t\t\t\t\t\t\t\t    \n                            \t<div class=\"info\">\n                            \t\t\t\t\t\t\t\t\t\t\t\t\t\t\t\t\t\t\t\t\t\t\t\t\t\t\t\t\t\t\t\t\t\t\t\t\t\t\t\t\t\t\t\t\t\t\t<\/div>\n\n                            <\/div>\t\t\t\n\n\t\t\t\t\t\t<\/div>\n\t\t\t\t\t\n\n\t\t\t\t\t\n\t\t\t\t<\/div>\n\n\t\t\t<\/div>\n\n\t\t\t\t\t\t<\/div>\n\t\t\t\t<\/div>\n\t\t\t\t\t<\/div>\n\t\t<\/div>\n\t\t\t\t\t<\/div>\n\t\t<\/section>\n\t\t\t\t<\/div>\n\t\t","protected":false},"excerpt":{"rendered":"<p>Casablanca Gite di un giorno indimenticabili da Casablanca | Meraviglie costiere e culturali Fuggi dal trambusto cittadino con Travel Together in Morocco e scopri le migliori escursioni da Casablanca, la moderna porta del Marocco. Essendo la citt\u00e0 pi\u00f9 grande del paese, Casablanca unisce il fascino costiero all\u2019energia cosmopolita. Passeggia lungo la Corniche Atlantica, esplora l\u2019architettura [&hellip;]<\/p>\n","protected":false},"author":2,"featured_media":0,"parent":0,"menu_order":0,"comment_status":"closed","ping_status":"closed","template":"elementor_header_footer","meta":{"footnotes":""},"class_list":["post-11712","page","type-page","status-publish","hentry"],"yoast_head":"<!-- This site is optimized with the Yoast SEO plugin v27.4 - https:\/\/yoast.com\/product\/yoast-seo-wordpress\/ -->\n<title>Day Trips from Casablanca | Explore Morocco\u2019s Nearby Gems<\/title>\n<meta name=\"description\" content=\"Discover exciting day trips from Casablanca to Rabat, Chefchaouen, El Jadida, and more. Experience Morocco\u2019s culture and landscapes.\" \/>\n<meta name=\"robots\" content=\"index, follow, max-snippet:-1, max-image-preview:large, max-video-preview:-1\" \/>\n<link rel=\"canonical\" href=\"https:\/\/www.traveltogetherinmorocco.com\/it\/escursioni-da-casablanca\/\" \/>\n<meta property=\"og:locale\" content=\"it_IT\" \/>\n<meta property=\"og:type\" content=\"article\" \/>\n<meta property=\"og:title\" content=\"Day Trips from Casablanca | Explore Morocco\u2019s Nearby Gems\" \/>\n<meta property=\"og:description\" content=\"Discover exciting day trips from Casablanca to Rabat, Chefchaouen, El Jadida, and more. Experience Morocco\u2019s culture and landscapes.\" \/>\n<meta property=\"og:url\" content=\"https:\/\/www.traveltogetherinmorocco.com\/it\/escursioni-da-casablanca\/\" \/>\n<meta property=\"og:site_name\" content=\"travel together in morocco\" \/>\n<meta property=\"article:publisher\" content=\"https:\/\/www.facebook.com\/azizindesert?rdid=AM85IAprjCTIUGCP&amp;share_url=httpswww.facebook.comshare16PbxaT6ga\" \/>\n<meta property=\"article:modified_time\" content=\"2025-07-16T18:14:09+00:00\" \/>\n<meta property=\"og:image\" content=\"http:\/\/www.traveltogetherinmorocco.com\/wp-content\/uploads\/2025\/05\/8-22.webp\" \/>\n<meta name=\"twitter:card\" content=\"summary_large_image\" \/>\n<meta name=\"twitter:label1\" content=\"Tempo di lettura stimato\" \/>\n\t<meta name=\"twitter:data1\" content=\"7 minuti\" \/>\n<script type=\"application\/ld+json\" class=\"yoast-schema-graph\">{\"@context\":\"https:\\\/\\\/schema.org\",\"@graph\":[{\"@type\":\"WebPage\",\"@id\":\"https:\\\/\\\/www.traveltogetherinmorocco.com\\\/it\\\/escursioni-da-casablanca\\\/\",\"url\":\"https:\\\/\\\/www.traveltogetherinmorocco.com\\\/it\\\/escursioni-da-casablanca\\\/\",\"name\":\"Day Trips from Casablanca | Explore Morocco\u2019s Nearby Gems\",\"isPartOf\":{\"@id\":\"https:\\\/\\\/www.traveltogetherinmorocco.com\\\/#website\"},\"primaryImageOfPage\":{\"@id\":\"https:\\\/\\\/www.traveltogetherinmorocco.com\\\/it\\\/escursioni-da-casablanca\\\/#primaryimage\"},\"image\":{\"@id\":\"https:\\\/\\\/www.traveltogetherinmorocco.com\\\/it\\\/escursioni-da-casablanca\\\/#primaryimage\"},\"thumbnailUrl\":\"http:\\\/\\\/www.traveltogetherinmorocco.com\\\/wp-content\\\/uploads\\\/2025\\\/05\\\/8-22.webp\",\"datePublished\":\"2025-06-17T18:01:03+00:00\",\"dateModified\":\"2025-07-16T18:14:09+00:00\",\"description\":\"Discover exciting day trips from Casablanca to Rabat, Chefchaouen, El Jadida, and more. Experience Morocco\u2019s culture and landscapes.\",\"breadcrumb\":{\"@id\":\"https:\\\/\\\/www.traveltogetherinmorocco.com\\\/it\\\/escursioni-da-casablanca\\\/#breadcrumb\"},\"inLanguage\":\"it-IT\",\"potentialAction\":[{\"@type\":\"ReadAction\",\"target\":[\"https:\\\/\\\/www.traveltogetherinmorocco.com\\\/it\\\/escursioni-da-casablanca\\\/\"]}]},{\"@type\":\"ImageObject\",\"inLanguage\":\"it-IT\",\"@id\":\"https:\\\/\\\/www.traveltogetherinmorocco.com\\\/it\\\/escursioni-da-casablanca\\\/#primaryimage\",\"url\":\"http:\\\/\\\/www.traveltogetherinmorocco.com\\\/wp-content\\\/uploads\\\/2025\\\/05\\\/8-22.webp\",\"contentUrl\":\"http:\\\/\\\/www.traveltogetherinmorocco.com\\\/wp-content\\\/uploads\\\/2025\\\/05\\\/8-22.webp\"},{\"@type\":\"BreadcrumbList\",\"@id\":\"https:\\\/\\\/www.traveltogetherinmorocco.com\\\/it\\\/escursioni-da-casablanca\\\/#breadcrumb\",\"itemListElement\":[{\"@type\":\"ListItem\",\"position\":1,\"name\":\"Home\",\"item\":\"https:\\\/\\\/www.traveltogetherinmorocco.com\\\/it\\\/\"},{\"@type\":\"ListItem\",\"position\":2,\"name\":\"Escursioni da Casablanca\"}]},{\"@type\":\"WebSite\",\"@id\":\"https:\\\/\\\/www.traveltogetherinmorocco.com\\\/#website\",\"url\":\"https:\\\/\\\/www.traveltogetherinmorocco.com\\\/\",\"name\":\"travel together in morocco\",\"description\":\"Authentic Tours Across Morocco, Together with Local Experts\",\"publisher\":{\"@id\":\"https:\\\/\\\/www.traveltogetherinmorocco.com\\\/#organization\"},\"potentialAction\":[{\"@type\":\"SearchAction\",\"target\":{\"@type\":\"EntryPoint\",\"urlTemplate\":\"https:\\\/\\\/www.traveltogetherinmorocco.com\\\/?s={search_term_string}\"},\"query-input\":{\"@type\":\"PropertyValueSpecification\",\"valueRequired\":true,\"valueName\":\"search_term_string\"}}],\"inLanguage\":\"it-IT\"},{\"@type\":\"Organization\",\"@id\":\"https:\\\/\\\/www.traveltogetherinmorocco.com\\\/#organization\",\"name\":\"travel together in morocco\",\"url\":\"https:\\\/\\\/www.traveltogetherinmorocco.com\\\/\",\"logo\":{\"@type\":\"ImageObject\",\"inLanguage\":\"it-IT\",\"@id\":\"https:\\\/\\\/www.traveltogetherinmorocco.com\\\/#\\\/schema\\\/logo\\\/image\\\/\",\"url\":\"https:\\\/\\\/www.traveltogetherinmorocco.com\\\/wp-content\\\/uploads\\\/2025\\\/06\\\/cropped-favicon.png\",\"contentUrl\":\"https:\\\/\\\/www.traveltogetherinmorocco.com\\\/wp-content\\\/uploads\\\/2025\\\/06\\\/cropped-favicon.png\",\"width\":512,\"height\":512,\"caption\":\"travel together in morocco\"},\"image\":{\"@id\":\"https:\\\/\\\/www.traveltogetherinmorocco.com\\\/#\\\/schema\\\/logo\\\/image\\\/\"},\"sameAs\":[\"https:\\\/\\\/www.facebook.com\\\/azizindesert?rdid=AM85IAprjCTIUGCP&share_url=httpswww.facebook.comshare16PbxaT6ga\",\"https:\\\/\\\/www.instagram.com\\\/travel_together_in_morocco\\\/\"]}]}<\/script>\n<!-- \/ Yoast SEO plugin. -->","yoast_head_json":{"title":"Day Trips from Casablanca | Explore Morocco\u2019s Nearby Gems","description":"Discover exciting day trips from Casablanca to Rabat, Chefchaouen, El Jadida, and more. Experience Morocco\u2019s culture and landscapes.","robots":{"index":"index","follow":"follow","max-snippet":"max-snippet:-1","max-image-preview":"max-image-preview:large","max-video-preview":"max-video-preview:-1"},"canonical":"https:\/\/www.traveltogetherinmorocco.com\/it\/escursioni-da-casablanca\/","og_locale":"it_IT","og_type":"article","og_title":"Day Trips from Casablanca | Explore Morocco\u2019s Nearby Gems","og_description":"Discover exciting day trips from Casablanca to Rabat, Chefchaouen, El Jadida, and more. Experience Morocco\u2019s culture and landscapes.","og_url":"https:\/\/www.traveltogetherinmorocco.com\/it\/escursioni-da-casablanca\/","og_site_name":"travel together in morocco","article_publisher":"https:\/\/www.facebook.com\/azizindesert?rdid=AM85IAprjCTIUGCP&share_url=httpswww.facebook.comshare16PbxaT6ga","article_modified_time":"2025-07-16T18:14:09+00:00","og_image":[{"url":"http:\/\/www.traveltogetherinmorocco.com\/wp-content\/uploads\/2025\/05\/8-22.webp","type":"","width":"","height":""}],"twitter_card":"summary_large_image","twitter_misc":{"Tempo di lettura stimato":"7 minuti"},"schema":{"@context":"https:\/\/schema.org","@graph":[{"@type":"WebPage","@id":"https:\/\/www.traveltogetherinmorocco.com\/it\/escursioni-da-casablanca\/","url":"https:\/\/www.traveltogetherinmorocco.com\/it\/escursioni-da-casablanca\/","name":"Day Trips from Casablanca | Explore Morocco\u2019s Nearby Gems","isPartOf":{"@id":"https:\/\/www.traveltogetherinmorocco.com\/#website"},"primaryImageOfPage":{"@id":"https:\/\/www.traveltogetherinmorocco.com\/it\/escursioni-da-casablanca\/#primaryimage"},"image":{"@id":"https:\/\/www.traveltogetherinmorocco.com\/it\/escursioni-da-casablanca\/#primaryimage"},"thumbnailUrl":"http:\/\/www.traveltogetherinmorocco.com\/wp-content\/uploads\/2025\/05\/8-22.webp","datePublished":"2025-06-17T18:01:03+00:00","dateModified":"2025-07-16T18:14:09+00:00","description":"Discover exciting day trips from Casablanca to Rabat, Chefchaouen, El Jadida, and more. Experience Morocco\u2019s culture and landscapes.","breadcrumb":{"@id":"https:\/\/www.traveltogetherinmorocco.com\/it\/escursioni-da-casablanca\/#breadcrumb"},"inLanguage":"it-IT","potentialAction":[{"@type":"ReadAction","target":["https:\/\/www.traveltogetherinmorocco.com\/it\/escursioni-da-casablanca\/"]}]},{"@type":"ImageObject","inLanguage":"it-IT","@id":"https:\/\/www.traveltogetherinmorocco.com\/it\/escursioni-da-casablanca\/#primaryimage","url":"http:\/\/www.traveltogetherinmorocco.com\/wp-content\/uploads\/2025\/05\/8-22.webp","contentUrl":"http:\/\/www.traveltogetherinmorocco.com\/wp-content\/uploads\/2025\/05\/8-22.webp"},{"@type":"BreadcrumbList","@id":"https:\/\/www.traveltogetherinmorocco.com\/it\/escursioni-da-casablanca\/#breadcrumb","itemListElement":[{"@type":"ListItem","position":1,"name":"Home","item":"https:\/\/www.traveltogetherinmorocco.com\/it\/"},{"@type":"ListItem","position":2,"name":"Escursioni da Casablanca"}]},{"@type":"WebSite","@id":"https:\/\/www.traveltogetherinmorocco.com\/#website","url":"https:\/\/www.traveltogetherinmorocco.com\/","name":"travel together in morocco","description":"Authentic Tours Across Morocco, Together with Local Experts","publisher":{"@id":"https:\/\/www.traveltogetherinmorocco.com\/#organization"},"potentialAction":[{"@type":"SearchAction","target":{"@type":"EntryPoint","urlTemplate":"https:\/\/www.traveltogetherinmorocco.com\/?s={search_term_string}"},"query-input":{"@type":"PropertyValueSpecification","valueRequired":true,"valueName":"search_term_string"}}],"inLanguage":"it-IT"},{"@type":"Organization","@id":"https:\/\/www.traveltogetherinmorocco.com\/#organization","name":"travel together in morocco","url":"https:\/\/www.traveltogetherinmorocco.com\/","logo":{"@type":"ImageObject","inLanguage":"it-IT","@id":"https:\/\/www.traveltogetherinmorocco.com\/#\/schema\/logo\/image\/","url":"https:\/\/www.traveltogetherinmorocco.com\/wp-content\/uploads\/2025\/06\/cropped-favicon.png","contentUrl":"https:\/\/www.traveltogetherinmorocco.com\/wp-content\/uploads\/2025\/06\/cropped-favicon.png","width":512,"height":512,"caption":"travel together in morocco"},"image":{"@id":"https:\/\/www.traveltogetherinmorocco.com\/#\/schema\/logo\/image\/"},"sameAs":["https:\/\/www.facebook.com\/azizindesert?rdid=AM85IAprjCTIUGCP&share_url=httpswww.facebook.comshare16PbxaT6ga","https:\/\/www.instagram.com\/travel_together_in_morocco\/"]}]}},"_links":{"self":[{"href":"https:\/\/www.traveltogetherinmorocco.com\/it\/wp-json\/wp\/v2\/pages\/11712","targetHints":{"allow":["GET"]}}],"collection":[{"href":"https:\/\/www.traveltogetherinmorocco.com\/it\/wp-json\/wp\/v2\/pages"}],"about":[{"href":"https:\/\/www.traveltogetherinmorocco.com\/it\/wp-json\/wp\/v2\/types\/page"}],"author":[{"embeddable":true,"href":"https:\/\/www.traveltogetherinmorocco.com\/it\/wp-json\/wp\/v2\/users\/2"}],"replies":[{"embeddable":true,"href":"https:\/\/www.traveltogetherinmorocco.com\/it\/wp-json\/wp\/v2\/comments?post=11712"}],"version-history":[{"count":7,"href":"https:\/\/www.traveltogetherinmorocco.com\/it\/wp-json\/wp\/v2\/pages\/11712\/revisions"}],"predecessor-version":[{"id":11719,"href":"https:\/\/www.traveltogetherinmorocco.com\/it\/wp-json\/wp\/v2\/pages\/11712\/revisions\/11719"}],"wp:attachment":[{"href":"https:\/\/www.traveltogetherinmorocco.com\/it\/wp-json\/wp\/v2\/media?parent=11712"}],"curies":[{"name":"wp","href":"https:\/\/api.w.org\/{rel}","templated":true}]}}