{"id":11564,"date":"2025-06-18T12:09:34","date_gmt":"2025-06-18T12:09:34","guid":{"rendered":"https:\/\/www.traveltogetherinmorocco.com\/product\/2-day-journey-from-fes-to-marrakech-desert\/"},"modified":"2025-07-15T21:08:23","modified_gmt":"2025-07-15T21:08:23","slug":"viaggio-di-2-giorni-da-fes-al-deserto-di-marrakech","status":"publish","type":"product","link":"https:\/\/www.traveltogetherinmorocco.com\/it\/product\/viaggio-di-2-giorni-da-fes-al-deserto-di-marrakech\/","title":{"rendered":"Viaggio di 2 giorni da Fes al deserto di Marrakech"},"content":{"rendered":"<h2>Panoramica:<\/h2>\n<p>Parti per un indimenticabile tour privato di 2 giorni nel deserto da Fes a Marrakech, con un magico pernottamento tra le dune dorate dell&#8217;Erg Chebbi. Cavalca un cammello attraverso le vaste distese di sabbia e goditi un tramonto rilassante sul Sahara.<\/p>\n<p>Questo tour \u00e8 perfetto per i viaggiatori con poco tempo a disposizione ma desiderosi di vivere la magia del deserto marocchino. Preparati a lunghi viaggi in auto, poich\u00e9 questo itinerario rapido copre un&#8217;ampia area in soli due giorni. Se hai pi\u00f9 tempo, considera il tour di 3 giorni da Fes a Marrakech per goderti un ritmo pi\u00f9 rilassato con ulteriori soste panoramiche.<\/p>\n<h2>Momenti salienti del tour:<\/h2>\n<ul>\n<li>Viaggio panoramico attraverso le montagne del Medio Atlante<\/li>\n<li>Sosta a Ifrane, conosciuta come la &#8220;Svizzera del Marocco&#8221;<\/li>\n<li>Incontro con le bertucce nella foresta di cedri vicino ad Azrou<\/li>\n<li>Panorami mozzafiato sulla valle dello Ziz<\/li>\n<li>Trekking in cammello sulle dune dell&#8217;Erg Chebbi<\/li>\n<li>Assisti a un magico tramonto a Merzouga<\/li>\n<li>Pernottamento in un lussuoso accampamento nel deserto<\/li>\n<li>Ascolta la musica tradizionale berbera attorno al fuoco<\/li>\n<li>Osservazione delle stelle sotto il limpido cielo del deserto<\/li>\n<li>Svegliati con una splendida alba nel Sahara<\/li>\n<\/ul>\n","protected":false},"excerpt":{"rendered":"<p>Panoramica: Parti per un indimenticabile tour privato di 2 giorni nel deserto da Fes a Marrakech, con un magico pernottamento tra le dune dorate dell&#8217;Erg Chebbi. Cavalca un cammello attraverso le vaste distese di sabbia e goditi un tramonto rilassante sul Sahara. Questo tour \u00e8 perfetto per i viaggiatori con poco tempo a disposizione ma [&hellip;]<\/p>\n","protected":false},"featured_media":11565,"comment_status":"open","ping_status":"closed","template":"","meta":[],"product_brand":[],"product_cat":[239,236],"product_tag":[],"class_list":{"0":"post-11564","1":"product","2":"type-product","3":"status-publish","4":"has-post-thumbnail","6":"product_cat-fes-it","7":"product_cat-morocco-desert-tours-it","9":"first","10":"instock","11":"shipping-taxable","12":"product-type-ovabrw_car_rental"},"yoast_head":"<!-- This site is optimized with the Yoast SEO plugin v27.4 - https:\/\/yoast.com\/product\/yoast-seo-wordpress\/ -->\n<title>Viaggio di 2 giorni da Fes al deserto di Marrakech - travel together in morocco<\/title>\n<meta name=\"robots\" content=\"index, follow, max-snippet:-1, max-image-preview:large, max-video-preview:-1\" \/>\n<link rel=\"canonical\" href=\"https:\/\/www.traveltogetherinmorocco.com\/it\/product\/viaggio-di-2-giorni-da-fes-al-deserto-di-marrakech\/\" \/>\n<meta property=\"og:locale\" content=\"it_IT\" \/>\n<meta property=\"og:type\" content=\"article\" \/>\n<meta property=\"og:title\" content=\"Viaggio di 2 giorni da Fes al deserto di Marrakech - travel together in morocco\" \/>\n<meta property=\"og:description\" content=\"Panoramica: Parti per un indimenticabile tour privato di 2 giorni nel deserto da Fes a Marrakech, con un magico pernottamento tra le dune dorate dell&#8217;Erg Chebbi. Cavalca un cammello attraverso le vaste distese di sabbia e goditi un tramonto rilassante sul Sahara. Questo tour \u00e8 perfetto per i viaggiatori con poco tempo a disposizione ma [&hellip;]\" \/>\n<meta property=\"og:url\" content=\"https:\/\/www.traveltogetherinmorocco.com\/it\/product\/viaggio-di-2-giorni-da-fes-al-deserto-di-marrakech\/\" \/>\n<meta property=\"og:site_name\" content=\"travel together in morocco\" \/>\n<meta property=\"article:publisher\" content=\"https:\/\/www.facebook.com\/azizindesert?rdid=AM85IAprjCTIUGCP&amp;share_url=httpswww.facebook.comshare16PbxaT6ga\" \/>\n<meta property=\"article:modified_time\" content=\"2025-07-15T21:08:23+00:00\" \/>\n<meta property=\"og:image\" content=\"http:\/\/www.traveltogetherinmorocco.com\/wp-content\/uploads\/2025\/06\/1-7.webp\" \/>\n\t<meta property=\"og:image:width\" content=\"1988\" \/>\n\t<meta property=\"og:image:height\" content=\"1988\" \/>\n\t<meta property=\"og:image:type\" content=\"image\/webp\" \/>\n<meta name=\"twitter:card\" content=\"summary_large_image\" \/>\n<meta name=\"twitter:label1\" content=\"Tempo di lettura stimato\" \/>\n\t<meta name=\"twitter:data1\" content=\"2 minuti\" \/>\n<script type=\"application\/ld+json\" class=\"yoast-schema-graph\">{\"@context\":\"https:\\\/\\\/schema.org\",\"@graph\":[{\"@type\":\"WebPage\",\"@id\":\"https:\\\/\\\/www.traveltogetherinmorocco.com\\\/it\\\/product\\\/viaggio-di-2-giorni-da-fes-al-deserto-di-marrakech\\\/\",\"url\":\"https:\\\/\\\/www.traveltogetherinmorocco.com\\\/it\\\/product\\\/viaggio-di-2-giorni-da-fes-al-deserto-di-marrakech\\\/\",\"name\":\"Viaggio di 2 giorni da Fes al deserto di Marrakech - travel together in morocco\",\"isPartOf\":{\"@id\":\"https:\\\/\\\/www.traveltogetherinmorocco.com\\\/#website\"},\"primaryImageOfPage\":{\"@id\":\"https:\\\/\\\/www.traveltogetherinmorocco.com\\\/it\\\/product\\\/viaggio-di-2-giorni-da-fes-al-deserto-di-marrakech\\\/#primaryimage\"},\"image\":{\"@id\":\"https:\\\/\\\/www.traveltogetherinmorocco.com\\\/it\\\/product\\\/viaggio-di-2-giorni-da-fes-al-deserto-di-marrakech\\\/#primaryimage\"},\"thumbnailUrl\":\"https:\\\/\\\/www.traveltogetherinmorocco.com\\\/wp-content\\\/uploads\\\/2025\\\/06\\\/1-7.webp\",\"datePublished\":\"2025-06-18T12:09:34+00:00\",\"dateModified\":\"2025-07-15T21:08:23+00:00\",\"breadcrumb\":{\"@id\":\"https:\\\/\\\/www.traveltogetherinmorocco.com\\\/it\\\/product\\\/viaggio-di-2-giorni-da-fes-al-deserto-di-marrakech\\\/#breadcrumb\"},\"inLanguage\":\"it-IT\",\"potentialAction\":[{\"@type\":\"ReadAction\",\"target\":[\"https:\\\/\\\/www.traveltogetherinmorocco.com\\\/it\\\/product\\\/viaggio-di-2-giorni-da-fes-al-deserto-di-marrakech\\\/\"]}]},{\"@type\":\"ImageObject\",\"inLanguage\":\"it-IT\",\"@id\":\"https:\\\/\\\/www.traveltogetherinmorocco.com\\\/it\\\/product\\\/viaggio-di-2-giorni-da-fes-al-deserto-di-marrakech\\\/#primaryimage\",\"url\":\"https:\\\/\\\/www.traveltogetherinmorocco.com\\\/wp-content\\\/uploads\\\/2025\\\/06\\\/1-7.webp\",\"contentUrl\":\"https:\\\/\\\/www.traveltogetherinmorocco.com\\\/wp-content\\\/uploads\\\/2025\\\/06\\\/1-7.webp\",\"width\":1988,\"height\":1988},{\"@type\":\"BreadcrumbList\",\"@id\":\"https:\\\/\\\/www.traveltogetherinmorocco.com\\\/it\\\/product\\\/viaggio-di-2-giorni-da-fes-al-deserto-di-marrakech\\\/#breadcrumb\",\"itemListElement\":[{\"@type\":\"ListItem\",\"position\":1,\"name\":\"Home\",\"item\":\"https:\\\/\\\/www.traveltogetherinmorocco.com\\\/it\\\/\"},{\"@type\":\"ListItem\",\"position\":2,\"name\":\"Products\",\"item\":\"https:\\\/\\\/www.traveltogetherinmorocco.com\\\/shop\\\/\"},{\"@type\":\"ListItem\",\"position\":3,\"name\":\"Viaggio di 2 giorni da Fes al deserto di Marrakech\"}]},{\"@type\":\"WebSite\",\"@id\":\"https:\\\/\\\/www.traveltogetherinmorocco.com\\\/#website\",\"url\":\"https:\\\/\\\/www.traveltogetherinmorocco.com\\\/\",\"name\":\"travel together in morocco\",\"description\":\"Authentic Tours Across Morocco, Together with Local Experts\",\"publisher\":{\"@id\":\"https:\\\/\\\/www.traveltogetherinmorocco.com\\\/#organization\"},\"potentialAction\":[{\"@type\":\"SearchAction\",\"target\":{\"@type\":\"EntryPoint\",\"urlTemplate\":\"https:\\\/\\\/www.traveltogetherinmorocco.com\\\/?s={search_term_string}\"},\"query-input\":{\"@type\":\"PropertyValueSpecification\",\"valueRequired\":true,\"valueName\":\"search_term_string\"}}],\"inLanguage\":\"it-IT\"},{\"@type\":\"Organization\",\"@id\":\"https:\\\/\\\/www.traveltogetherinmorocco.com\\\/#organization\",\"name\":\"travel together in morocco\",\"url\":\"https:\\\/\\\/www.traveltogetherinmorocco.com\\\/\",\"logo\":{\"@type\":\"ImageObject\",\"inLanguage\":\"it-IT\",\"@id\":\"https:\\\/\\\/www.traveltogetherinmorocco.com\\\/#\\\/schema\\\/logo\\\/image\\\/\",\"url\":\"https:\\\/\\\/www.traveltogetherinmorocco.com\\\/wp-content\\\/uploads\\\/2025\\\/06\\\/cropped-favicon.png\",\"contentUrl\":\"https:\\\/\\\/www.traveltogetherinmorocco.com\\\/wp-content\\\/uploads\\\/2025\\\/06\\\/cropped-favicon.png\",\"width\":512,\"height\":512,\"caption\":\"travel together in morocco\"},\"image\":{\"@id\":\"https:\\\/\\\/www.traveltogetherinmorocco.com\\\/#\\\/schema\\\/logo\\\/image\\\/\"},\"sameAs\":[\"https:\\\/\\\/www.facebook.com\\\/azizindesert?rdid=AM85IAprjCTIUGCP&share_url=httpswww.facebook.comshare16PbxaT6ga\",\"https:\\\/\\\/www.instagram.com\\\/travel_together_in_morocco\\\/\"]}]}<\/script>\n<!-- \/ Yoast SEO plugin. -->","yoast_head_json":{"title":"Viaggio di 2 giorni da Fes al deserto di Marrakech - travel together in morocco","robots":{"index":"index","follow":"follow","max-snippet":"max-snippet:-1","max-image-preview":"max-image-preview:large","max-video-preview":"max-video-preview:-1"},"canonical":"https:\/\/www.traveltogetherinmorocco.com\/it\/product\/viaggio-di-2-giorni-da-fes-al-deserto-di-marrakech\/","og_locale":"it_IT","og_type":"article","og_title":"Viaggio di 2 giorni da Fes al deserto di Marrakech - travel together in morocco","og_description":"Panoramica: Parti per un indimenticabile tour privato di 2 giorni nel deserto da Fes a Marrakech, con un magico pernottamento tra le dune dorate dell&#8217;Erg Chebbi. Cavalca un cammello attraverso le vaste distese di sabbia e goditi un tramonto rilassante sul Sahara. Questo tour \u00e8 perfetto per i viaggiatori con poco tempo a disposizione ma [&hellip;]","og_url":"https:\/\/www.traveltogetherinmorocco.com\/it\/product\/viaggio-di-2-giorni-da-fes-al-deserto-di-marrakech\/","og_site_name":"travel together in morocco","article_publisher":"https:\/\/www.facebook.com\/azizindesert?rdid=AM85IAprjCTIUGCP&share_url=httpswww.facebook.comshare16PbxaT6ga","article_modified_time":"2025-07-15T21:08:23+00:00","og_image":[{"width":1988,"height":1988,"url":"http:\/\/www.traveltogetherinmorocco.com\/wp-content\/uploads\/2025\/06\/1-7.webp","type":"image\/webp"}],"twitter_card":"summary_large_image","twitter_misc":{"Tempo di lettura stimato":"2 minuti"},"schema":{"@context":"https:\/\/schema.org","@graph":[{"@type":"WebPage","@id":"https:\/\/www.traveltogetherinmorocco.com\/it\/product\/viaggio-di-2-giorni-da-fes-al-deserto-di-marrakech\/","url":"https:\/\/www.traveltogetherinmorocco.com\/it\/product\/viaggio-di-2-giorni-da-fes-al-deserto-di-marrakech\/","name":"Viaggio di 2 giorni da Fes al deserto di Marrakech - travel together in morocco","isPartOf":{"@id":"https:\/\/www.traveltogetherinmorocco.com\/#website"},"primaryImageOfPage":{"@id":"https:\/\/www.traveltogetherinmorocco.com\/it\/product\/viaggio-di-2-giorni-da-fes-al-deserto-di-marrakech\/#primaryimage"},"image":{"@id":"https:\/\/www.traveltogetherinmorocco.com\/it\/product\/viaggio-di-2-giorni-da-fes-al-deserto-di-marrakech\/#primaryimage"},"thumbnailUrl":"https:\/\/www.traveltogetherinmorocco.com\/wp-content\/uploads\/2025\/06\/1-7.webp","datePublished":"2025-06-18T12:09:34+00:00","dateModified":"2025-07-15T21:08:23+00:00","breadcrumb":{"@id":"https:\/\/www.traveltogetherinmorocco.com\/it\/product\/viaggio-di-2-giorni-da-fes-al-deserto-di-marrakech\/#breadcrumb"},"inLanguage":"it-IT","potentialAction":[{"@type":"ReadAction","target":["https:\/\/www.traveltogetherinmorocco.com\/it\/product\/viaggio-di-2-giorni-da-fes-al-deserto-di-marrakech\/"]}]},{"@type":"ImageObject","inLanguage":"it-IT","@id":"https:\/\/www.traveltogetherinmorocco.com\/it\/product\/viaggio-di-2-giorni-da-fes-al-deserto-di-marrakech\/#primaryimage","url":"https:\/\/www.traveltogetherinmorocco.com\/wp-content\/uploads\/2025\/06\/1-7.webp","contentUrl":"https:\/\/www.traveltogetherinmorocco.com\/wp-content\/uploads\/2025\/06\/1-7.webp","width":1988,"height":1988},{"@type":"BreadcrumbList","@id":"https:\/\/www.traveltogetherinmorocco.com\/it\/product\/viaggio-di-2-giorni-da-fes-al-deserto-di-marrakech\/#breadcrumb","itemListElement":[{"@type":"ListItem","position":1,"name":"Home","item":"https:\/\/www.traveltogetherinmorocco.com\/it\/"},{"@type":"ListItem","position":2,"name":"Products","item":"https:\/\/www.traveltogetherinmorocco.com\/shop\/"},{"@type":"ListItem","position":3,"name":"Viaggio di 2 giorni da Fes al deserto di Marrakech"}]},{"@type":"WebSite","@id":"https:\/\/www.traveltogetherinmorocco.com\/#website","url":"https:\/\/www.traveltogetherinmorocco.com\/","name":"travel together in morocco","description":"Authentic Tours Across Morocco, Together with Local Experts","publisher":{"@id":"https:\/\/www.traveltogetherinmorocco.com\/#organization"},"potentialAction":[{"@type":"SearchAction","target":{"@type":"EntryPoint","urlTemplate":"https:\/\/www.traveltogetherinmorocco.com\/?s={search_term_string}"},"query-input":{"@type":"PropertyValueSpecification","valueRequired":true,"valueName":"search_term_string"}}],"inLanguage":"it-IT"},{"@type":"Organization","@id":"https:\/\/www.traveltogetherinmorocco.com\/#organization","name":"travel together in morocco","url":"https:\/\/www.traveltogetherinmorocco.com\/","logo":{"@type":"ImageObject","inLanguage":"it-IT","@id":"https:\/\/www.traveltogetherinmorocco.com\/#\/schema\/logo\/image\/","url":"https:\/\/www.traveltogetherinmorocco.com\/wp-content\/uploads\/2025\/06\/cropped-favicon.png","contentUrl":"https:\/\/www.traveltogetherinmorocco.com\/wp-content\/uploads\/2025\/06\/cropped-favicon.png","width":512,"height":512,"caption":"travel together in morocco"},"image":{"@id":"https:\/\/www.traveltogetherinmorocco.com\/#\/schema\/logo\/image\/"},"sameAs":["https:\/\/www.facebook.com\/azizindesert?rdid=AM85IAprjCTIUGCP&share_url=httpswww.facebook.comshare16PbxaT6ga","https:\/\/www.instagram.com\/travel_together_in_morocco\/"]}]}},"_links":{"self":[{"href":"https:\/\/www.traveltogetherinmorocco.com\/it\/wp-json\/wp\/v2\/product\/11564","targetHints":{"allow":["GET"]}}],"collection":[{"href":"https:\/\/www.traveltogetherinmorocco.com\/it\/wp-json\/wp\/v2\/product"}],"about":[{"href":"https:\/\/www.traveltogetherinmorocco.com\/it\/wp-json\/wp\/v2\/types\/product"}],"replies":[{"embeddable":true,"href":"https:\/\/www.traveltogetherinmorocco.com\/it\/wp-json\/wp\/v2\/comments?post=11564"}],"wp:featuredmedia":[{"embeddable":true,"href":"https:\/\/www.traveltogetherinmorocco.com\/it\/wp-json\/wp\/v2\/media\/11565"}],"wp:attachment":[{"href":"https:\/\/www.traveltogetherinmorocco.com\/it\/wp-json\/wp\/v2\/media?parent=11564"}],"wp:term":[{"taxonomy":"product_brand","embeddable":true,"href":"https:\/\/www.traveltogetherinmorocco.com\/it\/wp-json\/wp\/v2\/product_brand?post=11564"},{"taxonomy":"product_cat","embeddable":true,"href":"https:\/\/www.traveltogetherinmorocco.com\/it\/wp-json\/wp\/v2\/product_cat?post=11564"},{"taxonomy":"product_tag","embeddable":true,"href":"https:\/\/www.traveltogetherinmorocco.com\/it\/wp-json\/wp\/v2\/product_tag?post=11564"}],"curies":[{"name":"wp","href":"https:\/\/api.w.org\/{rel}","templated":true}]}}